{"id":4654,"date":"2010-08-04T17:33:39","date_gmt":"2010-08-04T14:33:39","guid":{"rendered":"http:\/\/www.kayiprihtim.org\/portal\/?page_id=4654"},"modified":"2016-05-26T06:01:13","modified_gmt":"2016-05-26T03:01:13","slug":"yeralti-gunlukleri-serisi","status":"publish","type":"page","link":"https:\/\/www.kayiprihtim.org\/portal\/kitaplar\/yeralti-gunlukleri-serisi\/","title":{"rendered":"Yeralt\u0131 G\u00fcnl\u00fckleri Serisi"},"content":{"rendered":"<p><strong>A\u00e7l\u0131k Oyunlar\u0131<\/strong> serisinin yazar\u0131 <em><strong>Suzanne Collins<\/strong><\/em>\u2019ten farkl\u0131 bir d\u00fcnya.<\/p>\n<h3>Seride Bulunan Kitaplar<\/h3>\n<ol>\n<li>Gregor ve Gri Kehanet<\/li>\n<li>Gregor ve Felaket Kehaneti<\/li>\n<li>Gregor ve Kan Kehaneti<\/li>\n<li>Gregor ve S\u0131r Kehaneti<\/li>\n<li>Gregor ve Zaman Kehaneti<\/li>\n<\/ol>\n","protected":false},"excerpt":{"rendered":"<p>A\u00e7l\u0131k Oyunlar\u0131 serisinin yazar\u0131 Suzanne Collins\u2019ten farkl\u0131 bir d\u00fcnya. Seride Bulunan Kitaplar Gregor ve Gri Kehanet Gregor ve Felaket Kehaneti Gregor ve Kan Kehaneti Gregor ve S\u0131r Kehaneti Gregor ve Zaman Kehaneti<\/p>\n","protected":false},"author":1,"featured_media":0,"parent":57,"menu_order":0,"comment_status":"open","ping_status":"closed","template":"","meta":{"_acf_changed":false,"footnotes":""},"class_list":["post-4654","page","type-page","status-publish"],"acf":[],"_links":{"self":[{"href":"https:\/\/www.kayiprihtim.org\/portal\/wp-json\/wp\/v2\/pages\/4654","targetHints":{"allow":["GET"]}}],"collection":[{"href":"https:\/\/www.kayiprihtim.org\/portal\/wp-json\/wp\/v2\/pages"}],"about":[{"href":"https:\/\/www.kayiprihtim.org\/portal\/wp-json\/wp\/v2\/types\/page"}],"author":[{"embeddable":true,"href":"https:\/\/www.kayiprihtim.org\/portal\/wp-json\/wp\/v2\/users\/1"}],"replies":[{"embeddable":true,"href":"https:\/\/www.kayiprihtim.org\/portal\/wp-json\/wp\/v2\/comments?post=4654"}],"version-history":[{"count":0,"href":"https:\/\/www.kayiprihtim.org\/portal\/wp-json\/wp\/v2\/pages\/4654\/revisions"}],"up":[{"embeddable":true,"href":"https:\/\/www.kayiprihtim.org\/portal\/wp-json\/wp\/v2\/pages\/57"}],"wp:attachment":[{"href":"https:\/\/www.kayiprihtim.org\/portal\/wp-json\/wp\/v2\/media?parent=4654"}],"curies":[{"name":"wp","href":"https:\/\/api.w.org\/{rel}","templated":true}]}}