{"id":4710,"date":"2010-08-20T18:18:59","date_gmt":"2010-08-20T15:18:59","guid":{"rendered":"http:\/\/www.kayiprihtim.org\/portal\/?page_id=4710"},"modified":"2011-08-03T12:58:58","modified_gmt":"2011-08-03T09:58:58","slug":"muhtesem-yaratiklar","status":"publish","type":"page","link":"https:\/\/www.kayiprihtim.org\/portal\/kitaplar\/muhtesem-yaratiklar\/","title":{"rendered":"Muhte\u015fem Yarat\u0131klar"},"content":{"rendered":"<table style=\"border: thin outset; border-collapse: collapse; height: 30px; width: 470px;\" border=\"0\" cellpadding=\"2\">\n<tbody>\n<tr>\n<td width=\"30%\" bgcolor=\"#330000\"><span style=\"font-family: Verdana; color: #ffffff;\"><strong>MUHTE\u015eEM YARATIKLAR<br \/>\n<\/strong><\/span><\/td>\n<\/tr>\n<\/tbody>\n<\/table>\n<table style=\"border-collapse: collapse; width: 462px; height: 250px;\" border=\"0\" cellspacing=\"0\" cellpadding=\"0\" bordercolor=\"#111111\">\n<tbody>\n<tr>\n<td width=\"58%\" align=\"center\" valign=\"top\">\n<table style=\"border-collapse: collapse; width: 315px; height: 248px;\" border=\"0\" cellspacing=\"2\">\n<tbody>\n<tr>\n<td width=\"100%\" align=\"right\">\n<table style=\"width: 310px; height: 88px;\" border=\"0\" cellspacing=\"0\">\n<tbody>\n<tr bgcolor=\"#d1c4a5\">\n<td width=\"39%\"><strong>Yazar<\/strong><\/td>\n<td width=\"3%\">:<\/td>\n<td width=\"51%\"><span style=\"font-size: x-small;\"><span style=\"color: #181512;\">Kami Garcia, Margareth Stohl<\/span><\/span><span style=\"color: #181512;\"><br \/>\n<\/span><\/td>\n<\/tr>\n<tr bgcolor=\"#e4ddcb\">\n<td><strong>\u00c7eviri<\/strong><\/td>\n<td width=\"3%\">:<\/td>\n<td width=\"51%\">Seden G\u00fcrel<\/td>\n<\/tr>\n<tr bgcolor=\"#d1c4a5\">\n<td width=\"39%\"><strong>Edit\u00f6r<\/strong><strong><br \/>\n<\/strong><\/td>\n<td width=\"3%\">:<\/td>\n<td width=\"51%\">Eren Abaka<\/td>\n<\/tr>\n<tr bgcolor=\"#e4ddcb\">\n<td width=\"39%\"><strong>\u00d6zg\u00fcn Ad\u0131<\/strong><\/td>\n<td width=\"3%\">:<\/td>\n<td width=\"51%\">Beautiful Creators<\/td>\n<\/tr>\n<\/tbody>\n<\/table>\n<\/td>\n<\/tr>\n<tr>\n<td style=\"border-style: solid ridge ridge; border-width: 1px; padding-left: 4px; padding-right: 4px;\" width=\"100%\" bgcolor=\"#c0b18d\"><strong><span style=\"font-size: 9pt; font-family: Tahoma;\">Epsilon Yay\u0131nevi<br \/>\n<\/span><\/strong><\/td>\n<\/tr>\n<tr>\n<td width=\"100%\" align=\"right\">\n<table style=\"width: 310px; height: 88px;\" border=\"0\" cellspacing=\"0\">\n<tbody>\n<tr bgcolor=\"#e4ddcb\">\n<td width=\"39%\"><strong>\u00c7\u0131k\u0131\u015f Tarihi<\/strong><strong><br \/>\n<\/strong><\/td>\n<td width=\"3%\">:<\/td>\n<td width=\"51%\"><span style=\"color: #181512;\">A\u011fustos, 2010<\/span><span style=\"color: #181512;\"><br \/>\n<\/span><\/td>\n<\/tr>\n<tr bgcolor=\"#d1c4a5\">\n<td><strong>Sayfa Say\u0131s\u0131<\/strong><\/td>\n<td width=\"3%\">:<\/td>\n<td width=\"51%\">488<\/td>\n<\/tr>\n<tr bgcolor=\"#e4ddcb\">\n<td width=\"39%\"><strong>Fiyat\u0131<\/strong><\/td>\n<td width=\"3%\">:<\/td>\n<td width=\"51%\">23,00 TL<\/td>\n<\/tr>\n<tr bgcolor=\"#d1c4a5\">\n<td width=\"39%\"><strong>ISBN No<\/strong><\/td>\n<td width=\"3%\">:<\/td>\n<td width=\"51%\">9789944823098<\/td>\n<\/tr>\n<\/tbody>\n<\/table>\n<\/td>\n<\/tr>\n<\/tbody>\n<\/table>\n<\/td>\n<td width=\"39%\" align=\"left\" valign=\"top\">\n<p style=\"text-align: center;\">\n<p><a href=\"https:\/\/www.kayiprihtim.org\/portal\/gorsel\/muhtesem-yaratiklar.jpg\" target=\"_blank\"><img decoding=\"async\" class=\"aligncenter\" src=\"https:\/\/www.kayiprihtim.org\/portal\/gorsel\/muhtesem-yaratiklar.jpg\" border=\"0\" alt=\"\" hspace=\"1\" width=\"140\" height=\"219\"><\/a><\/td>\n<\/tr>\n<\/tbody>\n<\/table>\n<table style=\"border-collapse: collapse; width: 47%;\" border=\"0\" cellpadding=\"0\">\n<tbody>\n<tr>\n<td width=\"54%\">\n<table style=\"border-collapse: collapse; height: 147px; width: 470px;\" border=\"0\" cellspacing=\"0\" cellpadding=\"2\">\n<tbody>\n<tr>\n<td style=\"border-style: solid ridge ridge; border-width: 1px; padding-left: 4px; padding-right: 4px;\" width=\"98%\" bgcolor=\"#c0b18d\"><strong><span style=\"font-size: 9pt; font-family: Tahoma;\">Tan\u0131t\u0131m Yaz\u0131s\u0131<br \/>\n<\/span><\/strong><\/td>\n<\/tr>\n<tr>\n<td width=\"99%\" align=\"left\">\n<table style=\"width: 465px;\" border=\"0\">\n<tbody>\n<tr>\n<td style=\"border-style: outset; border-width: 1px;\" width=\"96%\" bgcolor=\"#d1c4a5\">\n<table style=\"border-collapse: collapse; width: 452px; height: 199px;\" border=\"0\" cellspacing=\"0\" cellpadding=\"5\" bgcolor=\"#d1c4a5\" bordercolor=\"#d1c4a5\">\n<tbody>\n<tr>\n<td width=\"96%\" bgcolor=\"#d1c4a5\">&#8220;Bu roman Alacakaranl\u0131k \u00e7ap\u0131nda olay yaratacak.&#8221;<\/p>\n<p>Ortada bir lanet vard\u0131. Bir k\u0131z vard\u0131. Ve sonunda da bir mezar vard\u0131. Bense bunun fark\u0131nda bile de\u011fildim.<\/p>\n<p>Baz\u0131 a\u015fklar kaderdir&#8230; Di\u011ferleri ise lanetlidir.<\/p>\n<p>Gatlin&#8217;de s\u00fcprizlere yer yoktu. Hi\u00e7li\u011fin ortas\u0131nda bir yerlerde duruyorduk. En az\u0131ndan \u00f6yle oldu\u011funu d\u00fc\u015f\u00fcn\u00fcyorum, daha fazla yan\u0131lmazd\u0131m.<\/p>\n<p>Lena Duchannes, bir G\u00fcney kasabas\u0131 olan Gatlin&#8217;de ya\u015famakta olan kimseye benzemiyordu. Bir yandan g\u00fc\u00e7lerini gizlemeye \u00e7al\u0131\u015f\u0131yor, bir yandan da ailesini nesillerden beri eline ge\u00e7irmi\u015f olan bir lanetle sava\u015f\u0131yordu. Devasa \u00e7al\u0131l\u0131lar, batakl\u0131klar ve G\u00fcney&#8217;in unutulmu\u015f mezarl\u0131klar\u0131 ger\u00e7e\u011fi sonsuza kadar saklamay\u0131 ba\u015faramayacakt\u0131.<\/p>\n<p>Ethan Wate Gatlin&#8217;de kurtulaca\u011f\u0131 g\u00fcn\u00fc iple \u00e7ekiyordu. R\u00fcyalar\u0131nda g\u00f6rd\u00fc\u011f\u00fc o hi\u00e7 tan\u0131mad\u0131\u011f\u0131 k\u0131za a\u015f\u0131k oldu. Lena kasaban\u0131n en eski ve en \u00fcrk\u00fct\u00fcc\u00fc evine ta\u015f\u0131n\u0131nca, Ethan tarif edilemez bir \u015fekilde ona do\u011fru \u00e7ekildi\u011fini hissetti. Aralar\u0131ndaki ba\u011f\u0131 anlamaya kararl\u0131yd\u0131.<\/p>\n<p>Hi\u00e7bir s\u00fcrprizin ya\u015fanmad\u0131\u011f\u0131 Gatlin&#8217;de bir s\u0131r bile her \u015feyi de\u011fi\u015ftirebilirdi.<\/td>\n<\/tr>\n<\/tbody>\n<\/table>\n<\/td>\n<\/tr>\n<\/tbody>\n<\/table>\n<\/td>\n<\/tr>\n<\/tbody>\n<\/table>\n<\/td>\n<\/tr>\n<\/tbody>\n<\/table>\n","protected":false},"excerpt":{"rendered":"<p>MUHTE\u015eEM YARATIKLAR Yazar : Kami Garcia, Margareth Stohl \u00c7eviri : Seden G\u00fcrel Edit\u00f6r : Eren Abaka \u00d6zg\u00fcn Ad\u0131 : Beautiful Creators Epsilon Yay\u0131nevi \u00c7\u0131k\u0131\u015f Tarihi : A\u011fustos, 2010 Sayfa Say\u0131s\u0131 : 488 Fiyat\u0131 : 23,00 TL ISBN No : 9789944823098 Tan\u0131t\u0131m Yaz\u0131s\u0131 &#8220;Bu roman Alacakaranl\u0131k \u00e7ap\u0131nda olay yaratacak.&#8221; Ortada bir lanet vard\u0131. Bir k\u0131z vard\u0131. [&hellip;]<\/p>\n","protected":false},"author":1,"featured_media":0,"parent":57,"menu_order":0,"comment_status":"open","ping_status":"closed","template":"","meta":{"_acf_changed":false,"footnotes":""},"class_list":["post-4710","page","type-page","status-publish"],"acf":[],"_links":{"self":[{"href":"https:\/\/www.kayiprihtim.org\/portal\/wp-json\/wp\/v2\/pages\/4710","targetHints":{"allow":["GET"]}}],"collection":[{"href":"https:\/\/www.kayiprihtim.org\/portal\/wp-json\/wp\/v2\/pages"}],"about":[{"href":"https:\/\/www.kayiprihtim.org\/portal\/wp-json\/wp\/v2\/types\/page"}],"author":[{"embeddable":true,"href":"https:\/\/www.kayiprihtim.org\/portal\/wp-json\/wp\/v2\/users\/1"}],"replies":[{"embeddable":true,"href":"https:\/\/www.kayiprihtim.org\/portal\/wp-json\/wp\/v2\/comments?post=4710"}],"version-history":[{"count":0,"href":"https:\/\/www.kayiprihtim.org\/portal\/wp-json\/wp\/v2\/pages\/4710\/revisions"}],"up":[{"embeddable":true,"href":"https:\/\/www.kayiprihtim.org\/portal\/wp-json\/wp\/v2\/pages\/57"}],"wp:attachment":[{"href":"https:\/\/www.kayiprihtim.org\/portal\/wp-json\/wp\/v2\/media?parent=4710"}],"curies":[{"name":"wp","href":"https:\/\/api.w.org\/{rel}","templated":true}]}}