{"id":4794,"date":"2010-08-26T12:47:16","date_gmt":"2010-08-26T09:47:16","guid":{"rendered":"http:\/\/www.kayiprihtim.org\/portal\/?page_id=4794"},"modified":"2024-01-16T04:06:57","modified_gmt":"2024-01-16T01:06:57","slug":"kane-gunceleri","status":"publish","type":"page","link":"https:\/\/www.kayiprihtim.org\/portal\/kitaplar\/kane-gunceleri\/","title":{"rendered":"Kane G\u00fcnceleri"},"content":{"rendered":"<p>Antik M\u0131s\u0131r tanr\u0131lar\u0131 birer birer uyan\u0131yor! Ak\u0131l almaz bir intikam plan\u0131n\u0131 durdurmak, Carter ve Sadie\u2019ye d\u00fc\u015f\u00fcyor.<\/p>\n<p>\u00c7ok satan <strong><a href=\"https:\/\/kayiprihtim.com\/haber\/percy-jackson-dizisi-yeni-fragman\/\" rel=\"nofollow noopener\" target=\"_blank\">Percy Jackson ve Olimposlular<\/a><\/strong> serisinin yazar\u0131ndan bir M\u0131s\u0131r Mitolojisi efsanesi!<\/p>\n<h3>Seride Bulunan Kitaplar<\/h3>\n<ol>\n<li>K\u0131rm\u0131z\u0131 Piramit<\/li>\n<li>Ate\u015f Taht\u0131<\/li>\n<li>Y\u0131lan\u0131n G\u00f6lgesi<\/li>\n<\/ol>\n<p>Kane Chronicles film oluyor. Konu hakk\u0131nda detaylara <a href=\"https:\/\/kayiprihtim.com\/haberler\/sinema\/kane-chronicles-film-netflix-rick-riordan-uyarlama\/\" target=\"_blank\" rel=\"noopener nofollow\"><strong>buradaki<\/strong><\/a> haberimizden ula\u015fabilirsiniz.<\/p>\n","protected":false},"excerpt":{"rendered":"<p>Antik M\u0131s\u0131r tanr\u0131lar\u0131 birer birer uyan\u0131yor! Ak\u0131l almaz bir intikam plan\u0131n\u0131 durdurmak, Carter ve Sadie\u2019ye d\u00fc\u015f\u00fcyor. \u00c7ok satan Percy Jackson ve Olimposlular serisinin yazar\u0131ndan bir M\u0131s\u0131r Mitolojisi efsanesi! Seride Bulunan Kitaplar K\u0131rm\u0131z\u0131 Piramit Ate\u015f Taht\u0131 Y\u0131lan\u0131n G\u00f6lgesi Kane Chronicles film oluyor. Konu hakk\u0131nda detaylara buradaki haberimizden ula\u015fabilirsiniz.<\/p>\n","protected":false},"author":1,"featured_media":0,"parent":57,"menu_order":0,"comment_status":"open","ping_status":"closed","template":"","meta":{"_acf_changed":false,"footnotes":""},"class_list":["post-4794","page","type-page","status-publish"],"acf":[],"_links":{"self":[{"href":"https:\/\/www.kayiprihtim.org\/portal\/wp-json\/wp\/v2\/pages\/4794","targetHints":{"allow":["GET"]}}],"collection":[{"href":"https:\/\/www.kayiprihtim.org\/portal\/wp-json\/wp\/v2\/pages"}],"about":[{"href":"https:\/\/www.kayiprihtim.org\/portal\/wp-json\/wp\/v2\/types\/page"}],"author":[{"embeddable":true,"href":"https:\/\/www.kayiprihtim.org\/portal\/wp-json\/wp\/v2\/users\/1"}],"replies":[{"embeddable":true,"href":"https:\/\/www.kayiprihtim.org\/portal\/wp-json\/wp\/v2\/comments?post=4794"}],"version-history":[{"count":2,"href":"https:\/\/www.kayiprihtim.org\/portal\/wp-json\/wp\/v2\/pages\/4794\/revisions"}],"predecessor-version":[{"id":60296,"href":"https:\/\/www.kayiprihtim.org\/portal\/wp-json\/wp\/v2\/pages\/4794\/revisions\/60296"}],"up":[{"embeddable":true,"href":"https:\/\/www.kayiprihtim.org\/portal\/wp-json\/wp\/v2\/pages\/57"}],"wp:attachment":[{"href":"https:\/\/www.kayiprihtim.org\/portal\/wp-json\/wp\/v2\/media?parent=4794"}],"curies":[{"name":"wp","href":"https:\/\/api.w.org\/{rel}","templated":true}]}}