{"id":4833,"date":"2010-08-28T15:37:43","date_gmt":"2010-08-28T12:37:43","guid":{"rendered":"http:\/\/www.kayiprihtim.org\/portal\/?page_id=4833"},"modified":"2022-07-26T18:05:30","modified_gmt":"2022-07-26T15:05:30","slug":"on-okumalar","status":"publish","type":"page","link":"https:\/\/www.kayiprihtim.org\/portal\/on-okumalar\/","title":{"rendered":"\u00d6n Okumalar"},"content":{"rendered":"<p style=\"text-align: center;\"><img decoding=\"async\" class=\"aligncenter\" style=\"border: 0pt none;\" src=\"https:\/\/www.kayiprihtim.org\/portal\/images\/onokuma.jpg\" alt=\"\" width=\"467\" height=\"70\" border=\"0\" hspace=\"1\"><\/p>\n<hr size=\"1\" \/>\n<p style=\"text-align: center;\"><a href=\"https:\/\/kayiprihtim.com\/tag\/on-okuma\/\" target=\"_blank\" rel=\"noopener nofollow\"><span style=\"font-size: 14pt; color: #993300;\"><strong>DAHA FAZLA<\/strong><\/span><span style=\"font-size: 14pt; color: #993300;\"><strong> \u00d6N OKUMA<\/strong><\/span><\/a><\/p>\n<p style=\"text-align: center;\"><a href=\"https:\/\/kayiprihtim.com\/tag\/on-okuma\/\" rel=\"nofollow noopener\" target=\"_blank\"><span style=\"font-size: medium; font-family: georgia,palatino;\"><strong>\u00d6N OKUMALAR KATEG<\/strong><strong>OR\u0130S\u0130 \u0130\u00c7\u0130N TIKLAYIN<\/strong><\/span><\/a><\/p>\n<hr size=\"1\" \/>\n<p style=\"text-align: center;\"><a href=\"https:\/\/www.kayiprihtim.org\/portal\/on-okumalar\/agriyan-on-okuma\/\">A\u011fr\u0131yan<\/a><\/p>\n<p style=\"text-align: center;\"><a title=\"Almuric | \u00d6n Okuma\" href=\"https:\/\/www.kayiprihtim.org\/portal\/on-okumalar\/almuric-on-okuma\/\">Almuric <\/a><\/p>\n<p style=\"text-align: center;\"><a title=\"Alper Kamu Cehennem \u00c7i\u00e7e\u011fi | \u00d6n Okuma\" href=\"https:\/\/www.kayiprihtim.org\/portal\/on-okumalar\/alper-kamu-cehennem-cicegi-on-okuma\/\">Alper Kamu Cehennem \u00c7i\u00e7e\u011fi<\/a><\/p>\n<p style=\"text-align: center;\"><a href=\"http:\/\/www.mediafire.com\/view\/8fmtscf55yd1pat\/Anansi_%26Ccedil%3Bocuklar%C4%B1_-_B%26ouml%3Bl%26uuml%3Bm_1.pdf\" target=\"_blank\" rel=\"noopener nofollow\">Anansi \u00c7ocuklar\u0131<\/a><\/p>\n<p style=\"text-align: center;\"><a href=\"http:\/\/www.mediafire.com\/?0t1hqur9rabbu3u\" rel=\"nofollow noopener\" target=\"_blank\">Bilge Adam\u0131n Korkusu<\/a><\/p>\n<p style=\"text-align: center;\">Bitmemi\u015f \u00d6yk\u00fcler<\/p>\n<p style=\"text-align: center;\"><a href=\"http:\/\/www.mediafire.com\/?5h66ol8t22bsftu\" rel=\"nofollow noopener\" target=\"_blank\">Buz ve Ate\u015fin \u015eark\u0131s\u0131 1 &#8211; Taht Oyunlar\u0131<\/a><\/p>\n<p style=\"text-align: center;\"><a href=\"http:\/\/issuu.com\/kayiprihtim\/docs\/krallarin-carpismasi-on-okuma\" rel=\"nofollow noopener\" target=\"_blank\">Buz ve Ate\u015fin \u015eark\u0131s\u0131 2 &#8211; Krallar\u0131n \u00c7arp\u0131\u015fmas\u0131<\/a><\/p>\n<p style=\"text-align: center;\">Buz ve Ate\u015fin \u015eark\u0131s\u0131 3 &#8211; K\u0131l\u0131\u00e7lar\u0131n F\u0131rt\u0131nas\u0131<\/p>\n<p style=\"text-align: center;\">Buz ve Ate\u015fin \u015eark\u0131s\u0131 4 &#8211; Kargalar\u0131n Ziyafeti<\/p>\n<p style=\"text-align: center;\"><a href=\"https:\/\/www.kayiprihtim.org\/portal\/on-okumalar\/the-winds-of-winter-kis-ruzgarlari-on-okuma\/\">Buz ve Ate\u015fin \u015eark\u0131s\u0131 6 &#8211; K\u0131\u015f R\u00fczg\u00e2rlar\u0131 (The Winds of Winter)<\/a><\/p>\n<p style=\"text-align: center;\"><a href=\"https:\/\/www.kayiprihtim.org\/portal\/on-okumalar\/doctor-sleep-okuma-parcasi\/\">Doctor Sleep<\/a><\/p>\n<p style=\"text-align: center;\"><a href=\"https:\/\/www.kayiprihtim.org\/portal\/kitaplar\/iblis-dongusu-serisi\/dovmeli-adam-on-okuma\/\">D\u00f6vmeli Adam<\/a><\/p>\n<p style=\"text-align: center;\">Dracula G\u00fcnl\u00fckleri<\/p>\n<p style=\"text-align: center;\"><a href=\"https:\/\/www.kayiprihtim.org\/portal\/majere-kardesler-on-okuma\/\">Ejderha M\u0131zra\u011f\u0131 &#8211; Majere Karde\u015fler<\/a><\/p>\n<p style=\"text-align: center;\"><a href=\"https:\/\/www.kayiprihtim.org\/portal\/yuceefendi-gokleri-ejderhalari-on-okuma\/\">Ejderha M\u0131zra\u011f\u0131 &#8211; Y\u00fcceefendi G\u00f6kleri Ejderhalar\u0131<\/a><\/p>\n<p style=\"text-align: center;\"><a href=\"https:\/\/www.kayiprihtim.org\/portal\/on-okumalar\/calibanin-savasi-on-okuma\/\">Enginlik Serisi 2 &#8211; Caliban\u2019\u0131n Sava\u015f\u0131 <\/a><\/p>\n<p style=\"text-align: center;\"><a href=\"https:\/\/www.kayiprihtim.org\/portal\/kitaplar\/karanlik-savas-efsanesi\/gece-sahinlerinin-ucusu-on-okuma\/\">Gece \u015eahinlerinin U\u00e7u\u015fu<\/a><\/p>\n<p style=\"text-align: center;\">Gece Yar\u0131s\u0131na On \u00dc\u00e7 G\u00fcn<\/p>\n<p style=\"text-align: center;\"><a href=\"http:\/\/www.mediafire.com\/?204nra57b3f0vyb\" rel=\"nofollow noopener\" target=\"_blank\">Giddar 2 &#8211; Be\u015flerin \u00c7a\u011f\u0131<\/a><\/p>\n<p style=\"text-align: center;\"><a title=\"Hayalet Tugay | \u00d6n Okuma\" href=\"https:\/\/www.kayiprihtim.org\/portal\/on-okumalar\/hayalet-tugay-on-okuma\/\">Hayalet Tugay<\/a><\/p>\n<p style=\"text-align: center;\"><a href=\"https:\/\/www.kayiprihtim.org\/portal\/kitap\/iceriden-olmek\/iceriden-olmek-on-okuma\/\">\u0130\u00e7eriden \u00d6lmek<\/a><\/p>\n<p style=\"text-align: center;\"><a href=\"https:\/\/www.kayiprihtim.org\/portal\/on-okumalar\/karanlik-bir-diyara-dogru-on-okuma\/\">Karanl\u0131k Bir Diyara Do\u011fru<\/a><\/p>\n<p style=\"text-align: center;\"><a href=\"http:\/\/www.mediafire.com\/?03606bia8jyfscr\" rel=\"nofollow noopener\" target=\"_blank\">Kane G\u00fcnceleri 1 &#8211; K\u0131rm\u0131z\u0131 Piramit<\/a><\/p>\n<p style=\"text-align: center;\">Kane G\u00fcnceleri 2 &#8211; Ate\u015f Taht\u0131<\/p>\n<p style=\"text-align: center;\"><a href=\"https:\/\/www.kayiprihtim.org\/portal\/on-okumalar\/a-clash-of-kings-tadimlik\/\">Krallar\u0131n \u00c7arp\u0131\u015fmas\u0131 &#8211; Tad\u0131ml\u0131k B\u00f6l\u00fcmler<\/a><\/p>\n<p style=\"text-align: center;\"><a href=\"https:\/\/www.kayiprihtim.org\/portal\/on-okumalar\/the-way-of-kings-krallarin-yolu-on-okuma\/\">Krallar\u0131n Yolu (The Way of Kings)<\/a><\/p>\n<p style=\"text-align: center;\">Kubbenin Alt\u0131nda<\/p>\n<p style=\"text-align: center;\">Kurtadamlar &#8211; Dresden Dosyalar\u0131 2<\/p>\n<p style=\"text-align: center;\"><a href=\"http:\/\/www.carpediemkitap.com\/getfile\/e0b35223-6bb2-4d49-9f18-4a4b898b09fa\/homepage.aspx\" rel=\"nofollow noopener\" target=\"_blank\">Lahitteki S\u0131r 1 &#8211; Ejder Kral<\/a><\/p>\n<p style=\"text-align: center;\"><a href=\"http:\/\/www.carpediemkitap.com\/getfile\/b4f02a93-3422-4e36-964b-2f721f7ebfdf\/homepage.aspx\" rel=\"nofollow noopener\" target=\"_blank\">Lahitteki S\u0131r 2 &#8211; K\u0131z\u0131l Kule<\/a><\/p>\n<p style=\"text-align: center;\"><a href=\"https:\/\/www.kayiprihtim.org\/portal\/on-okumalar\/leviathan-uyaniyor-on-okuma\/\">Leviathan Uyan\u0131yor<\/a><\/p>\n<p style=\"text-align: center;\"><a href=\"http:\/\/www.mediafire.com\/?rqgi34ceuv6gy9k\" rel=\"nofollow noopener\" target=\"_blank\">Lumatere G\u00fcnl\u00fckleri 1 &#8211; S\u00fcrg\u00fcn Kral<\/a><\/p>\n<p style=\"text-align: center;\">Percy Jackson 4 &#8211; Labirent Sava\u015f\u0131<\/p>\n<p style=\"text-align: center;\"><a href=\"www.kayiprihtim.org\/portal\/biz-bunu-istiyoruz-1\/the-name-of-the-wind-on-okuma\/\">R\u00fczg\u00e2r\u0131n Ad\u0131<\/a><\/p>\n<p style=\"text-align: center;\">Olimpos Kahramanlar\u0131 1 &#8211; Kay\u0131p Kahraman<\/p>\n<p style=\"text-align: center;\">Silah T\u00fcccar\u0131<\/p>\n<p style=\"text-align: center;\"><a title=\"Son Koloni | \u00d6n Okuma\" href=\"https:\/\/www.kayiprihtim.org\/portal\/on-okumalar\/son-koloni-on-okuma\/\">Son Koloni<\/a><\/p>\n<p style=\"text-align: center;\">\u015eimdi ve Daima<\/p>\n<p style=\"text-align: center;\"><a href=\"https:\/\/www.kayiprihtim.org\/portal\/projeler\/biz-bunu-istiyoruz\/biz-bunu-istiyoruz-2\/the-last-wish-on-okuma\/\">The Witcher &#8211; Last Wish<\/a><\/p>\n<p style=\"text-align: center;\"><a href=\"https:\/\/www.kayiprihtim.org\/portal\/projeler\/biz-bunu-istiyoruz\/biz-bunu-istiyoruz-2\/blood-of-elves-on-okuma\/\">The Witcher &#8211; Blood of Elves<\/a><\/p>\n<p style=\"text-align: center;\">Unutulmu\u015f Diyarlar &#8211; Cad\u0131-Kral\u2019\u0131n Yemini <\/p>\n<p style=\"text-align: center;\">Unutulmu\u015f Diyarlar &#8211; Ork Kral<\/p>\n<p style=\"text-align: center;\"><a title=\"Wool (Y\u00fcn) | \u00d6n Okuma\" href=\"https:\/\/www.kayiprihtim.org\/portal\/on-okumalar\/wool-yun-on-okuma\/\">Wool (Y\u00fcn)<\/a><\/p>\n<p style=\"text-align: center;\"><a title=\"Ya\u015fl\u0131 Adam\u0131n Sava\u015f\u0131 | \u00d6n Okuma\" href=\"https:\/\/www.kayiprihtim.org\/portal\/on-okumalar\/yasli-adamin-savasi-on-okuma\/\">Ya\u015fl\u0131 Adam\u0131n Sava\u015f\u0131<\/a><\/p>\n<p style=\"text-align: center;\">Yokyer<\/p>\n<p style=\"text-align: center;\">Y\u00fcr\u00fcyen \u015eato<\/p>\n<p style=\"text-align: center;\"><a href=\"http:\/\/www.mediafire.com\/?ss9v7c3lq4p4y9y\" rel=\"nofollow noopener\" target=\"_blank\">Zaman \u00c7ark\u0131 12 &#8211; F\u0131rt\u0131na Toplan\u0131yor<\/a><\/p>\n<p style=\"text-align: center;\"><a href=\"https:\/\/www.kayiprihtim.org\/portal\/2010\/10\/05\/towers-of-midnight-gece-yarisi-kuleleri-on-okuma\/\">Zaman \u00c7ark\u0131 13 &#8211; Gece Yar\u0131s\u0131 Kuleleri<\/a><\/p>\n<p style=\"text-align: center;\">Zaman \u00c7ark\u0131 14 &#8211; I\u015f\u0131\u011f\u0131n An\u0131s\u0131<\/p>\n<p style=\"text-align: center;\"><a href=\"https:\/\/www.kayiprihtim.org\/portal\/on-okumalar\/zoenin-oykusu-on-okuma\/\">Zoe&#8217;nin \u00d6yk\u00fcs\u00fc<\/a><\/p>\n<hr size=\"1\" \/>\n<p style=\"text-align: center;\"><a href=\"https:\/\/kayiprihtim.com\/tag\/on-okuma\/\" target=\"_blank\" rel=\"noopener nofollow\"><span style=\"font-size: 14pt; color: #993300;\"><strong>DAHA FAZLA \u00d6N OKUMA<\/strong><\/span><\/a><\/p>\n<p style=\"text-align: center;\"><a href=\"https:\/\/kayiprihtim.com\/tag\/on-okuma\/\" rel=\"nofollow noopener\" target=\"_blank\"><span style=\"font-size: medium; font-family: georgia,palatino;\"><strong>\u00d6N OKUMALAR KATEGOR\u0130S\u0130 \u0130\u00c7\u0130N TIKLAYIN<\/strong><\/span><\/a><\/p>\n<hr size=\"1\" \/>\n","protected":false},"excerpt":{"rendered":"<p>DAHA FAZLA \u00d6N OKUMA \u00d6N OKUMALAR KATEGOR\u0130S\u0130 \u0130\u00c7\u0130N TIKLAYIN A\u011fr\u0131yan Almuric Alper Kamu Cehennem \u00c7i\u00e7e\u011fi Anansi \u00c7ocuklar\u0131 Bilge Adam\u0131n Korkusu Bitmemi\u015f \u00d6yk\u00fcler Buz ve Ate\u015fin \u015eark\u0131s\u0131 1 &#8211; Taht Oyunlar\u0131 Buz ve Ate\u015fin \u015eark\u0131s\u0131 2 &#8211; Krallar\u0131n \u00c7arp\u0131\u015fmas\u0131 Buz ve Ate\u015fin \u015eark\u0131s\u0131 3 &#8211; K\u0131l\u0131\u00e7lar\u0131n F\u0131rt\u0131nas\u0131 Buz ve Ate\u015fin \u015eark\u0131s\u0131 4 &#8211; Kargalar\u0131n Ziyafeti Buz [&hellip;]<\/p>\n","protected":false},"author":1,"featured_media":0,"parent":0,"menu_order":0,"comment_status":"closed","ping_status":"closed","template":"","meta":{"_acf_changed":false,"footnotes":""},"class_list":["post-4833","page","type-page","status-publish"],"acf":[],"_links":{"self":[{"href":"https:\/\/www.kayiprihtim.org\/portal\/wp-json\/wp\/v2\/pages\/4833","targetHints":{"allow":["GET"]}}],"collection":[{"href":"https:\/\/www.kayiprihtim.org\/portal\/wp-json\/wp\/v2\/pages"}],"about":[{"href":"https:\/\/www.kayiprihtim.org\/portal\/wp-json\/wp\/v2\/types\/page"}],"author":[{"embeddable":true,"href":"https:\/\/www.kayiprihtim.org\/portal\/wp-json\/wp\/v2\/users\/1"}],"replies":[{"embeddable":true,"href":"https:\/\/www.kayiprihtim.org\/portal\/wp-json\/wp\/v2\/comments?post=4833"}],"version-history":[{"count":16,"href":"https:\/\/www.kayiprihtim.org\/portal\/wp-json\/wp\/v2\/pages\/4833\/revisions"}],"predecessor-version":[{"id":59558,"href":"https:\/\/www.kayiprihtim.org\/portal\/wp-json\/wp\/v2\/pages\/4833\/revisions\/59558"}],"wp:attachment":[{"href":"https:\/\/www.kayiprihtim.org\/portal\/wp-json\/wp\/v2\/media?parent=4833"}],"curies":[{"name":"wp","href":"https:\/\/api.w.org\/{rel}","templated":true}]}}