{"id":4893,"date":"2010-09-01T22:48:09","date_gmt":"2010-09-01T19:48:09","guid":{"rendered":"http:\/\/www.kayiprihtim.org\/portal\/?page_id=4893"},"modified":"2021-06-06T01:59:48","modified_gmt":"2021-06-05T22:59:48","slug":"frp-genel","status":"publish","type":"page","link":"https:\/\/www.kayiprihtim.org\/portal\/frp\/frp-genel\/","title":{"rendered":"FRP Genel"},"content":{"rendered":"<p style=\"text-align: center;\">FRP!<\/p>\n<p style=\"text-align: center;\">Pek \u00e7ok ki\u015fi, bu oyuna girmek ister ancak genellikle \u00e7ok kesin kurallar ve buna benzer \u015feyler oldu\u011funu d\u00fc\u015f\u00fcnd\u00fckleri i\u00e7in kat\u0131lmaktan korkarlar. Ancak biraz bunu yenmelerini sa\u011flamak, biraz da zaten bilenlere ekstra kaynaklar sa\u011flamak i\u00e7in b\u00f6yle bir tak\u0131m yaz\u0131lar yazmaya karar verdim.<\/p>\n<p style=\"text-align: center;\">Frp\u2019nin zarlara dayal\u0131 kurallar\u0131n\u0131 direk anlatmaktan \u00e7ekinece\u011fini \u015fimdiden belirteyim, \u00e7\u00fcnk\u00fcsistemden \u00f6nce evren gelir ve sistem zaten kitaplarda yazmakta. Oyuncuya g\u00fczel bir evren sunulmad\u0131ktan sonra, zarlar\u0131n hi\u00e7bir \u00f6nemi yoktur.<\/p>\n<p style=\"text-align: center;\">Yaz\u0131 kategorilerini a\u015fa\u011f\u0131da evrenlere g\u00f6re ay\u0131rd\u0131m. Elbette pek \u00e7ok evren var ancak \u015fimdilik bu evrenlerde yaz\u0131lar\u0131 tamamlayaca\u011f\u0131m.<\/p>\n<p style=\"text-align: center;\">\u0130yi okumalar<\/p>\n<p style=\"text-align: center;\">\n<p style=\"text-align: center;\"><a href=\"https:\/\/www.kayiprihtim.org\/portal\/frp-nedir\/\">FRP Nedir?<\/a><\/p>\n<p style=\"text-align: center;\">\n<p style=\"text-align: center;\"><a href=\"https:\/\/www.kayiprihtim.org\/portal\/frpye-giris\/\">FRP\u2019ye Giri\u015f<\/a><\/p>\n<p style=\"text-align: center;\">\n<p style=\"text-align: center;\">Oyuncu Olmak<\/p>\n<p style=\"text-align: center;\">\n<p style=\"text-align: center;\"><a href=\"https:\/\/www.kayiprihtim.org\/portal\/dm-olabilmek\/\">DM Olabilmek<\/a><\/p>\n","protected":false},"excerpt":{"rendered":"<p>FRP! Pek \u00e7ok ki\u015fi, bu oyuna girmek ister ancak genellikle \u00e7ok kesin kurallar ve buna benzer \u015feyler oldu\u011funu d\u00fc\u015f\u00fcnd\u00fckleri i\u00e7in kat\u0131lmaktan korkarlar. Ancak biraz bunu yenmelerini sa\u011flamak, biraz da zaten bilenlere ekstra kaynaklar sa\u011flamak i\u00e7in b\u00f6yle bir tak\u0131m yaz\u0131lar yazmaya karar verdim. Frp\u2019nin zarlara dayal\u0131 kurallar\u0131n\u0131 direk anlatmaktan \u00e7ekinece\u011fini \u015fimdiden belirteyim, \u00e7\u00fcnk\u00fcsistemden \u00f6nce evren gelir [&hellip;]<\/p>\n","protected":false},"author":3,"featured_media":0,"parent":4891,"menu_order":0,"comment_status":"open","ping_status":"closed","template":"","meta":{"_acf_changed":false,"footnotes":""},"class_list":["post-4893","page","type-page","status-publish"],"acf":[],"_links":{"self":[{"href":"https:\/\/www.kayiprihtim.org\/portal\/wp-json\/wp\/v2\/pages\/4893","targetHints":{"allow":["GET"]}}],"collection":[{"href":"https:\/\/www.kayiprihtim.org\/portal\/wp-json\/wp\/v2\/pages"}],"about":[{"href":"https:\/\/www.kayiprihtim.org\/portal\/wp-json\/wp\/v2\/types\/page"}],"author":[{"embeddable":true,"href":"https:\/\/www.kayiprihtim.org\/portal\/wp-json\/wp\/v2\/users\/3"}],"replies":[{"embeddable":true,"href":"https:\/\/www.kayiprihtim.org\/portal\/wp-json\/wp\/v2\/comments?post=4893"}],"version-history":[{"count":1,"href":"https:\/\/www.kayiprihtim.org\/portal\/wp-json\/wp\/v2\/pages\/4893\/revisions"}],"predecessor-version":[{"id":59371,"href":"https:\/\/www.kayiprihtim.org\/portal\/wp-json\/wp\/v2\/pages\/4893\/revisions\/59371"}],"up":[{"embeddable":true,"href":"https:\/\/www.kayiprihtim.org\/portal\/wp-json\/wp\/v2\/pages\/4891"}],"wp:attachment":[{"href":"https:\/\/www.kayiprihtim.org\/portal\/wp-json\/wp\/v2\/media?parent=4893"}],"curies":[{"name":"wp","href":"https:\/\/api.w.org\/{rel}","templated":true}]}}