{"id":4901,"date":"2010-09-01T23:03:32","date_gmt":"2010-09-01T20:03:32","guid":{"rendered":"http:\/\/www.kayiprihtim.org\/portal\/?page_id=4901"},"modified":"2011-10-31T17:32:09","modified_gmt":"2011-10-31T15:32:09","slug":"new-world-of-darkness","status":"publish","type":"page","link":"https:\/\/www.kayiprihtim.org\/portal\/frp\/new-world-of-darkness\/","title":{"rendered":"New World of Darkness"},"content":{"rendered":"<h1 style=\"text-align: center;\">nWOD<\/h1>\n<p style=\"text-align: center;\">Karanl\u0131k, Gothic atmosfer ve g\u00fcn\u00fcm\u00fcz d\u00fcnyas\u0131n\u0131 kar\u0131\u015ft\u0131r\u0131n. \u00dczerine korku ve bilinmezlik ekleyin. \u0130\u015fte kar\u015f\u0131n\u0131zda!<\/p>\n<div class=\"seperator\">#<\/div>\n<p style=\"text-align: center;\"><a href=\"https:\/\/www.kayiprihtim.org\/portal\/frp\/new-world-of-darkness\/nwod-kurallari-1-karakter-yaratmak\/\">new World of Darkness Kurallar\u0131 1: Karakter Yaratmak<\/a><\/p>\n<p style=\"text-align: center;\"><a href=\"https:\/\/www.kayiprihtim.org\/portal\/frp\/new-world-of-darkness\/nwod-kurallari-2-karakter-ozellikleri\/\">new World of Darkness Kurallar\u0131 2: Karakter \u00d6zellikleri<\/a><\/p>\n<p style=\"text-align: center;\"><a href=\"https:\/\/www.kayiprihtim.org\/portal\/frp\/new-world-of-darkness\/nwod-kurallari-3-karakter-avantajlari\/\">new World of Darkness Kurallar\u0131 3: Karakter Avantajlar\u0131<\/a><\/p>\n<p style=\"text-align: center;\"><a href=\"https:\/\/www.kayiprihtim.org\/portal\/frp\/new-world-of-darkness\/nwod-kurallari-4-ekipman-esyalar-ve-araclar\/\">new World of Darkness Kurallar\u0131 4: Ekipman, E\u015fyalar ve Ara\u00e7lar<\/a><\/p>\n<p style=\"text-align: center;\"><a href=\"https:\/\/www.kayiprihtim.org\/portal\/frp\/new-world-of-darkness\/geist-the-sin-eaters\/nwod-kurallari-5-dovus-kurallari\/\">new World of Darkness Kurallar\u0131 5: D\u00f6v\u00fc\u015f Kurallar\u0131<\/a><\/p>\n<p style=\"text-align: center;\"><a href=\"https:\/\/www.kayiprihtim.org\/portal\/frp\/new-world-of-darkness\/nwod-kurallari-6-zar-atma-ozetleri\/\">new World of Darkness Kurallar\u0131 6: Zar Atma \u00d6zetleri<\/a><\/p>\n<p style=\"text-align: center;\"><a href=\"https:\/\/www.kayiprihtim.org\/portal\/frp\/new-world-of-darkness\/nwod-kurallari-7-sozluk\/\">new World of Darkness Kurallar\u0131 7: S\u00f6zl\u00fck<\/a><\/p>\n<div class=\"seperator\">#<\/div>\n<p style=\"text-align: center;\">Changeling the Lost<\/p>\n<div class=\"seperator\">#<\/div>\n<p style=\"text-align: center;\">Geist the Sin-Eaters<\/p>\n<div class=\"seperator\">#<\/div>\n<p style=\"text-align: center;\">Hunter the Vigil<\/p>\n<div class=\"seperator\">#<\/div>\n<p style=\"text-align: center;\">Mage the Awakening<\/p>\n<div class=\"seperator\">#<\/div>\n<p style=\"text-align: center;\">Promethean the Created<\/p>\n<div class=\"seperator\">#<\/div>\n<p style=\"text-align: center;\">Vampire The Requiem<\/p>\n<div class=\"seperator\">#<\/div>\n<p style=\"text-align: center;\">Werewolf the Forsaken<\/p>\n","protected":false},"excerpt":{"rendered":"<p>nWOD Karanl\u0131k, Gothic atmosfer ve g\u00fcn\u00fcm\u00fcz d\u00fcnyas\u0131n\u0131 kar\u0131\u015ft\u0131r\u0131n. \u00dczerine korku ve bilinmezlik ekleyin. \u0130\u015fte kar\u015f\u0131n\u0131zda! # new World of Darkness Kurallar\u0131 1: Karakter Yaratmak new World of Darkness Kurallar\u0131 2: Karakter \u00d6zellikleri new World of Darkness Kurallar\u0131 3: Karakter Avantajlar\u0131 new World of Darkness Kurallar\u0131 4: Ekipman, E\u015fyalar ve Ara\u00e7lar new World of Darkness Kurallar\u0131 [&hellip;]<\/p>\n","protected":false},"author":3,"featured_media":0,"parent":4891,"menu_order":0,"comment_status":"open","ping_status":"closed","template":"","meta":{"_acf_changed":false,"footnotes":""},"class_list":["post-4901","page","type-page","status-publish"],"acf":[],"_links":{"self":[{"href":"https:\/\/www.kayiprihtim.org\/portal\/wp-json\/wp\/v2\/pages\/4901","targetHints":{"allow":["GET"]}}],"collection":[{"href":"https:\/\/www.kayiprihtim.org\/portal\/wp-json\/wp\/v2\/pages"}],"about":[{"href":"https:\/\/www.kayiprihtim.org\/portal\/wp-json\/wp\/v2\/types\/page"}],"author":[{"embeddable":true,"href":"https:\/\/www.kayiprihtim.org\/portal\/wp-json\/wp\/v2\/users\/3"}],"replies":[{"embeddable":true,"href":"https:\/\/www.kayiprihtim.org\/portal\/wp-json\/wp\/v2\/comments?post=4901"}],"version-history":[{"count":0,"href":"https:\/\/www.kayiprihtim.org\/portal\/wp-json\/wp\/v2\/pages\/4901\/revisions"}],"up":[{"embeddable":true,"href":"https:\/\/www.kayiprihtim.org\/portal\/wp-json\/wp\/v2\/pages\/4891"}],"wp:attachment":[{"href":"https:\/\/www.kayiprihtim.org\/portal\/wp-json\/wp\/v2\/media?parent=4901"}],"curies":[{"name":"wp","href":"https:\/\/api.w.org\/{rel}","templated":true}]}}