{"id":4909,"date":"2010-09-01T23:13:34","date_gmt":"2010-09-01T20:13:34","guid":{"rendered":"http:\/\/www.kayiprihtim.org\/portal\/?page_id=4909"},"modified":"2022-07-31T23:13:12","modified_gmt":"2022-07-31T20:13:12","slug":"dungeons-and-dragons","status":"publish","type":"page","link":"https:\/\/www.kayiprihtim.org\/portal\/frp\/dungeons-and-dragons\/","title":{"rendered":"Dungeons And Dragons"},"content":{"rendered":"<p style=\"text-align: center;\"><span style=\"color: #800000;\"><strong>FRP denilen oyunun atas\u0131, beklide en e\u011flencelisi ve en fantasti\u011fi!<\/strong><\/span><\/p>\n<div class=\"seperator\">#<\/div>\n<table style=\"width: 467px; height: 50px;\" border=\"1\" align=\"center\">\n<tbody>\n<tr>\n<td style=\"width: 50px;\"><\/td>\n<td style=\"border-color: #e4ddcb; border-style: solid; border-width: 1px;\" valign=\"middle\"><span style=\"color: #000000;\"><span style=\"font-family: arial black,avant garde; font-size: 20px; color: #000000;\">D&amp;D 4th EDITION<\/span><\/span><\/td>\n<\/tr>\n<\/tbody>\n<\/table>\n<hr size=\"1\" \/>\n<table style=\"width: 467px; height: 50px;\" border=\"1\" align=\"center\">\n<tbody>\n<tr>\n<td style=\"border-color: #e4ddcb; border-style: solid; border-width: 1px; text-align: right;\" valign=\"middle\"><a href=\"https:\/\/www.kayiprihtim.org\/portal\/frp\/dungeons-and-dragons\/karakter-yaratma\/\"><span style=\"color: #000000;\"><span style=\"font-family: arial black,avant garde; font-size: 20px; color: #000000;\">KARAKTER YARATIMI<\/span><\/span><\/a><\/td>\n<td style=\"width: 50px;\"><a href=\"https:\/\/www.kayiprihtim.org\/portal\/frp\/dungeons-and-dragons\/karakter-yaratma\/\"><\/a><\/td>\n<\/tr>\n<\/tbody>\n<\/table>\n<hr size=\"1\" \/>\n<table style=\"width: 467px; height: 50px;\" border=\"1\" align=\"center\">\n<tbody>\n<tr>\n<td style=\"width: 50px;\"><\/td>\n<td style=\"border-color: #e4ddcb; border-style: solid; border-width: 1px;\" valign=\"middle\"><span style=\"color: #000000;\"><span style=\"font-family: arial black,avant garde; font-size: 20px; color: #000000;\">IRKLAR <span style=\"font-size: x-small;\">VE<\/span> CLASSLAR <span style=\"font-size: x-small;\">HAKKINDA<\/span> <span style=\"font-size: small;\">KISA KISA<\/span><br \/>\n<\/span><\/span><\/td>\n<\/tr>\n<\/tbody>\n<\/table>\n<hr size=\"1\" \/>\n<table style=\"width: 467px; height: 50px;\" border=\"1\" align=\"center\">\n<tbody>\n<tr>\n<td style=\"border-color: #e4ddcb; border-style: solid; border-width: 1px; text-align: right;\" valign=\"middle\"><span style=\"color: #000000;\"><span style=\"font-family: arial black,avant garde; font-size: 20px; color: #000000;\">YARATIKLAR \u00c7EV\u0130R\u0130S\u0130<\/span><\/span><\/td>\n<td style=\"width: 50px;\"><\/td>\n<\/tr>\n<\/tbody>\n<\/table>\n<hr size=\"1\" \/>\n<table style=\"width: 467px; height: 50px;\" border=\"1\" align=\"center\">\n<tbody>\n<tr>\n<td style=\"width: 50px;\"><\/td>\n<td style=\"border-color: #e4ddcb; border-style: solid; border-width: 1px;\" valign=\"middle\"><span style=\"color: #000000;\"><span style=\"font-family: arial black,avant garde; font-size: 20px; color: #000000;\">FORGOTTEN REALMS 4E<br \/>\n<\/span><\/span><\/td>\n<\/tr>\n<\/tbody>\n<\/table>\n","protected":false},"excerpt":{"rendered":"<p>FRP denilen oyunun atas\u0131, beklide en e\u011flencelisi ve en fantasti\u011fi! # D&amp;D 4th EDITION KARAKTER YARATIMI IRKLAR VE CLASSLAR HAKKINDA KISA KISA YARATIKLAR \u00c7EV\u0130R\u0130S\u0130 FORGOTTEN REALMS 4E<\/p>\n","protected":false},"author":3,"featured_media":0,"parent":4891,"menu_order":0,"comment_status":"open","ping_status":"closed","template":"","meta":{"_acf_changed":false,"footnotes":""},"class_list":["post-4909","page","type-page","status-publish"],"acf":[],"_links":{"self":[{"href":"https:\/\/www.kayiprihtim.org\/portal\/wp-json\/wp\/v2\/pages\/4909","targetHints":{"allow":["GET"]}}],"collection":[{"href":"https:\/\/www.kayiprihtim.org\/portal\/wp-json\/wp\/v2\/pages"}],"about":[{"href":"https:\/\/www.kayiprihtim.org\/portal\/wp-json\/wp\/v2\/types\/page"}],"author":[{"embeddable":true,"href":"https:\/\/www.kayiprihtim.org\/portal\/wp-json\/wp\/v2\/users\/3"}],"replies":[{"embeddable":true,"href":"https:\/\/www.kayiprihtim.org\/portal\/wp-json\/wp\/v2\/comments?post=4909"}],"version-history":[{"count":6,"href":"https:\/\/www.kayiprihtim.org\/portal\/wp-json\/wp\/v2\/pages\/4909\/revisions"}],"predecessor-version":[{"id":59987,"href":"https:\/\/www.kayiprihtim.org\/portal\/wp-json\/wp\/v2\/pages\/4909\/revisions\/59987"}],"up":[{"embeddable":true,"href":"https:\/\/www.kayiprihtim.org\/portal\/wp-json\/wp\/v2\/pages\/4891"}],"wp:attachment":[{"href":"https:\/\/www.kayiprihtim.org\/portal\/wp-json\/wp\/v2\/media?parent=4909"}],"curies":[{"name":"wp","href":"https:\/\/api.w.org\/{rel}","templated":true}]}}