{"id":4918,"date":"2010-09-01T23:25:30","date_gmt":"2010-09-01T20:25:30","guid":{"rendered":"http:\/\/www.kayiprihtim.org\/portal\/?page_id=4918"},"modified":"2012-01-28T12:24:47","modified_gmt":"2012-01-28T10:24:47","slug":"frpye-giris","status":"publish","type":"page","link":"https:\/\/www.kayiprihtim.org\/portal\/frp\/frpye-giris\/","title":{"rendered":"FRP&#8217;ye Giri\u015f"},"content":{"rendered":"<p>Frp (Fantasy Role Playing), belkide \u00e7a\u011f\u0131n en b\u00fcy\u00fck hayalcilerinden biri olan Gary Gynax\u2019\u0131n yaratt\u0131\u011f\u0131 DnD, yani Dungeons and Dragons oyunuyla \u00e7\u0131km\u0131\u015f olan, bir nevi sesli, interaktif ve do\u011fa\u00e7lama tiyatro olarak a\u00e7\u0131klanabilecek bir \u00e7e\u015fit \u2018Hayalci Oyunu\u2019.<\/p>\n<p>Kabaca a\u00e7\u0131klamak gerekirse, bir Oyun Y\u00f6neticisi oyun yarat\u0131r, evreni tasarlar ve bunun \u00fczerinden \u0130ngilizce Player Character (PC) denilen Oyunculara hik\u00e2yeler sunar. Oyuncular hik\u00e2ye boyunca kendi karakterlerini y\u00f6netip Y\u00f6neticinin yaratt\u0131\u011f\u0131 evrende kendi yollar\u0131n\u0131 \u00e7izerler.<\/p>\n<p>Frp\u2019nin en can al\u0131c\u0131 noktas\u0131 budur belki de. Orta D\u00fcnya\u2019daki bir Elf veya ger\u00e7ek D\u00fcnya\u2019daki bir polis olabilirsiniz. Kendi oldu\u011funuz \u015feyden farkl\u0131, daha g\u00fc\u00e7l\u00fc veya daha \u00e7aresiz bir \u015feye b\u00fcr\u00fcnebilmeniz tamamen sizin yaratt\u0131\u011f\u0131n\u0131z karaktere ve evrene ba\u011fl\u0131d\u0131r. Sonu\u00e7 olarak kendinizden farkl\u0131 bir \u015feyi y\u00f6netmeyi, \u00e7o\u011fu zaman bulmacalar \u00e7\u00f6zmeyi \u00f6\u011frenirsiniz.<\/p>\n<p>Y\u00f6netici anlat\u0131r, Oyuncular anlat\u0131lan \u015feyde karakteriyle yol al\u0131rlar.<\/p>\n<p>Mesela Y\u00f6netici, Kurtadamlar\u0131n y\u00f6netti\u011fi bir Alternatif D\u00fcnya yaratabilir. D\u00f6rt oyuncu al\u0131r ve bu d\u00f6rt oyuncu, Y\u00f6neticini yaratt\u0131\u011f\u0131 senaryoya g\u00f6re, Kurtadamlara kar\u015f\u0131 bir ba\u015fkald\u0131r\u0131 sembol\u00fc olacak, direni\u015fin ba\u015f\u0131na ge\u00e7eceklerdir.<\/p>\n<p>Ancak, oyun \u00f6yle garip yollara girer, oyuncular kendilerini \u00f6yle \u00e7\u0131kmazda bulurlar ki karakterlerini y\u00f6netirlerken, sonunda oyunculardan bir tanesi kendini feda etmek zorunda kal\u0131r. Di\u011fer \u00fc\u00e7\u00fc kurtulur ve oyunun sonunda o \u00fc\u00e7 oyuncu direni\u015fin sembol\u00fc haline gelirler.<\/p>\n<p>\u015eimdi burada fark etti\u011finiz bir \u015fey olmal\u0131. Oyun, ger\u00e7ek d\u00fcnyadaki gibi sebepler ve sonu\u00e7lar havas\u0131nda ilerlemektedir genellikle. Tabi \u00e7ok alternatif, karma\u015f\u0131k senaryolar yarat\u0131labilir ancak bir kazanan veya kaybeden yoktur, t\u0131pk\u0131 ger\u00e7ek hayattaki gibi.<\/p>\n<p>Tabi o g\u00f6revi tamamlam\u0131\u015f olabilirsiniz veya ejderhay\u0131 \u00f6ld\u00fcr\u00fcp t\u00fcm evreni kurtarm\u0131\u015f da olabilirsiniz. Ancak bir \u015fey kazand\u0131\u011f\u0131n\u0131z\u0131 g\u00f6stermez bu \u00e7\u00fcnk\u00fc Y\u00f6netici her an \u00e7ok daha zor bir g\u00f6revle kar\u015f\u0131n\u0131za \u00e7\u0131k\u0131p, kazand\u0131\u011f\u0131n\u0131z\u0131 sanman\u0131zla y\u00fckselen egonuzun yerlerde s\u00fcr\u00fcnmesine sebep olabilir.<\/p>\n<p>Fark etti\u011finizi d\u00fc\u015f\u00fcnd\u00fc\u011f\u00fcm bir di\u011fer \u015fey ise, ne s\u00f6ylersem s\u00f6yleyeyim \u201cAncak, Fakat, Hari\u00e7\u201d gibi kelimeleri kullan\u0131yor olu\u015fumdur. \u00c7\u00fcnk\u00fc hem y\u00f6netici hem oyuncu a\u00e7\u0131s\u0131ndan s\u0131n\u0131rlar hayal g\u00fcc\u00fcd\u00fcr ve \u00e7o\u011fu oyun, yukar\u0131da bahsetti\u011fim klasik y\u00f6ntemlerle ilerliyor olsa da, daima daha farkl\u0131 bir oyun \u00e7\u0131kacakt\u0131r.<\/p>\n<p>\u00c7\u00fcnk\u00fc emin olun, oyun y\u00f6neticileri biraz burnunuzu s\u00fcrtt\u00fcr\u00fcp can\u0131n\u0131z\u0131 \u00e7\u0131kartmadan b\u0131rakmazlar.<\/p>\n<p>R\u00fcyalarda kaybolacak, ger\u00e7ekte tutuklanacak ve ejderha taraf\u0131ndan pembele\u015fene kadar k\u0131zart\u0131lacaks\u0131n\u0131z. Ka\u00e7ar\u0131 yok.<\/p>\n<hr \/>\n<table id=\"table20\" style=\"border-collapse: collapse; height: 21px;\" border=\"0\" cellspacing=\"0\" cellpadding=\"2\" width=\"470\">\n<tbody>\n<tr>\n<td style=\"border-style: solid ridge ridge; border-width: 1px; padding-left: 4px; padding-right: 4px;\" width=\"98%\" bgcolor=\"#C0B18D\"><strong><span style=\"font-size: 9pt; font-family: Tahoma;\">Yi\u011fit Levent |\u00a0<span style=\"color: #800000;\">Baal Adramelech<\/span><\/span><br \/>\n<\/strong><\/td>\n<\/tr>\n<\/tbody>\n<\/table>\n","protected":false},"excerpt":{"rendered":"<p>Frp (Fantasy Role Playing), belkide \u00e7a\u011f\u0131n en b\u00fcy\u00fck hayalcilerinden biri olan Gary Gynax\u2019\u0131n yaratt\u0131\u011f\u0131 DnD, yani Dungeons and Dragons oyunuyla \u00e7\u0131km\u0131\u015f olan, bir nevi sesli, interaktif ve do\u011fa\u00e7lama tiyatro olarak a\u00e7\u0131klanabilecek bir \u00e7e\u015fit \u2018Hayalci Oyunu\u2019. Kabaca a\u00e7\u0131klamak gerekirse, bir Oyun Y\u00f6neticisi oyun yarat\u0131r, evreni tasarlar ve bunun \u00fczerinden \u0130ngilizce Player Character (PC) denilen Oyunculara hik\u00e2yeler [&hellip;]<\/p>\n","protected":false},"author":3,"featured_media":0,"parent":4891,"menu_order":0,"comment_status":"open","ping_status":"closed","template":"","meta":{"_acf_changed":false,"footnotes":""},"class_list":["post-4918","page","type-page","status-publish"],"acf":[],"_links":{"self":[{"href":"https:\/\/www.kayiprihtim.org\/portal\/wp-json\/wp\/v2\/pages\/4918","targetHints":{"allow":["GET"]}}],"collection":[{"href":"https:\/\/www.kayiprihtim.org\/portal\/wp-json\/wp\/v2\/pages"}],"about":[{"href":"https:\/\/www.kayiprihtim.org\/portal\/wp-json\/wp\/v2\/types\/page"}],"author":[{"embeddable":true,"href":"https:\/\/www.kayiprihtim.org\/portal\/wp-json\/wp\/v2\/users\/3"}],"replies":[{"embeddable":true,"href":"https:\/\/www.kayiprihtim.org\/portal\/wp-json\/wp\/v2\/comments?post=4918"}],"version-history":[{"count":0,"href":"https:\/\/www.kayiprihtim.org\/portal\/wp-json\/wp\/v2\/pages\/4918\/revisions"}],"up":[{"embeddable":true,"href":"https:\/\/www.kayiprihtim.org\/portal\/wp-json\/wp\/v2\/pages\/4891"}],"wp:attachment":[{"href":"https:\/\/www.kayiprihtim.org\/portal\/wp-json\/wp\/v2\/media?parent=4918"}],"curies":[{"name":"wp","href":"https:\/\/api.w.org\/{rel}","templated":true}]}}