{"id":5281,"date":"2010-10-11T09:05:09","date_gmt":"2010-10-11T06:05:09","guid":{"rendered":"http:\/\/www.kayiprihtim.org\/portal\/"},"modified":"2011-08-22T21:13:26","modified_gmt":"2011-08-22T18:13:26","slug":"beden-hirsizi","status":"publish","type":"page","link":"https:\/\/www.kayiprihtim.org\/portal\/kitaplar\/beden-hirsizi\/","title":{"rendered":"Beden H\u0131rs\u0131z\u0131"},"content":{"rendered":"<table style=\"border: thin outset; border-collapse: collapse; height: 30px; width: 470px;\" border=\"0\" cellpadding=\"2\">\n<tbody>\n<tr>\n<td width=\"30%\" bgcolor=\"#330000\"><span style=\"color: #ffffff;\"><span style=\"font-family: Verdana;\"><strong>BEDEN HIRSIZI<\/strong><\/span><\/span><span style=\"font-family: Verdana; color: #ffffff;\"><strong><br \/>\n<\/strong><\/span><\/td>\n<\/tr>\n<\/tbody>\n<\/table>\n<table style=\"border-collapse: collapse; width: 462px; height: 250px;\" border=\"0\" cellspacing=\"0\" cellpadding=\"0\" bordercolor=\"#111111\">\n<tbody>\n<tr>\n<td width=\"58%\" align=\"center\" valign=\"top\">\n<table style=\"border-collapse: collapse; width: 315px; height: 248px;\" border=\"0\" cellspacing=\"2\">\n<tbody>\n<tr>\n<td width=\"100%\" align=\"right\">\n<table style=\"width: 310px; height: 88px;\" border=\"0\" cellspacing=\"0\">\n<tbody>\n<tr bgcolor=\"#D1C4A5\">\n<td width=\"39%\"><strong>Yazar<\/strong><\/td>\n<td width=\"3%\">:<\/td>\n<td width=\"51%\"><span style=\"color: #993300;\"><strong>Anne Rice <\/strong><\/span><\/td>\n<\/tr>\n<tr bgcolor=\"#E4DDCB\">\n<td><strong>\u00c7eviri<\/strong><\/td>\n<td width=\"3%\">:<\/td>\n<td width=\"51%\">Bahar \u00c7elik<\/td>\n<\/tr>\n<tr bgcolor=\"#D1C4A5\">\n<td width=\"39%\"><strong>\u00d6zg\u00fcn Ad\u0131<\/strong><\/td>\n<td width=\"3%\">:<\/td>\n<td width=\"51%\">The Tale of The Body Thief<\/td>\n<\/tr>\n<tr bgcolor=\"#E4DDCB\">\n<td width=\"39%\"><strong>Edit\u00f6r<\/strong><\/td>\n<td width=\"3%\">:<\/td>\n<td width=\"51%\">Kerem Efendio\u011flu<\/td>\n<\/tr>\n<\/tbody>\n<\/table>\n<\/td>\n<\/tr>\n<tr>\n<td style=\"border-style: solid ridge ridge; border-width: 1px; padding-left: 4px; padding-right: 4px;\" width=\"100%\" bgcolor=\"#C0B18D\"><strong><span style=\"font-size: 9pt; font-family: Tahoma;\">Mart\u0131 Kitabevi<\/span><\/strong><\/td>\n<\/tr>\n<tr>\n<td width=\"100%\" align=\"right\">\n<table style=\"width: 310px; height: 88px;\" border=\"0\" cellspacing=\"0\">\n<tbody>\n<tr bgcolor=\"#E4DDCB\">\n<td width=\"39%\"><strong>\u00c7\u0131k\u0131\u015f Tarihi<\/strong><strong><br \/>\n<\/strong><\/td>\n<td width=\"3%\">:<\/td>\n<td width=\"51%\"><span style=\"color: #181512;\">Ekim, 2010<\/span><span style=\"color: #181512;\"><br \/>\n<\/span><\/td>\n<\/tr>\n<tr bgcolor=\"#D1C4A5\">\n<td><strong>Sayfa Say\u0131s\u0131<\/strong><\/td>\n<td width=\"3%\">:<\/td>\n<td width=\"51%\">595<\/td>\n<\/tr>\n<tr bgcolor=\"#E4DDCB\">\n<td width=\"39%\"><strong>Fiyat\u0131<\/strong><\/td>\n<td width=\"3%\">:<\/td>\n<td width=\"51%\">19,00 TL<\/td>\n<\/tr>\n<tr bgcolor=\"#D1C4A5\">\n<td width=\"39%\"><strong>ISBN No<\/strong><\/td>\n<td width=\"3%\">:<\/td>\n<td width=\"51%\">9786054335527<\/td>\n<\/tr>\n<\/tbody>\n<\/table>\n<\/td>\n<\/tr>\n<\/tbody>\n<\/table>\n<\/td>\n<td width=\"39%\" align=\"left\" valign=\"top\">\n<p style=\"text-align: center;\">\n<p><a href=\"https:\/\/www.kayiprihtim.org\/portal\/gorsel\/beden-hirsizi.jpg\" target=\"_blank\"><img decoding=\"async\" class=\"aligncenter\" src=\"https:\/\/www.kayiprihtim.org\/portal\/gorsel\/beden-hirsizi.jpg\" border=\"0\" alt=\"\" hspace=\"1\" width=\"140\" height=\"219\"><\/a><\/td>\n<\/tr>\n<\/tbody>\n<\/table>\n<table style=\"border-collapse: collapse; width: 47%;\" border=\"0\" cellpadding=\"0\">\n<tbody>\n<tr>\n<td width=\"54%\">\n<table style=\"border-collapse: collapse; height: 147px; width: 470px;\" border=\"0\" cellspacing=\"0\" cellpadding=\"2\">\n<tbody>\n<tr>\n<td style=\"border-style: solid ridge ridge; border-width: 1px; padding-left: 4px; padding-right: 4px;\" width=\"98%\" bgcolor=\"#C0B18D\"><strong><span style=\"font-size: 9pt; font-family: Tahoma;\">Tan\u0131t\u0131m Yaz\u0131s\u0131<br \/>\n<\/span><\/strong><\/td>\n<\/tr>\n<tr>\n<td width=\"99%\" align=\"left\">\n<table style=\"width: 465px;\" border=\"0\">\n<tbody>\n<tr>\n<td style=\"border-style: outset; border-width: 1px;\" width=\"96%\" bgcolor=\"#D1C4A5\">\n<table style=\"border-collapse: collapse; width: 452px; height: 199px;\" border=\"0\" cellspacing=\"0\" cellpadding=\"5\" bgcolor=\"#D1C4A5\" bordercolor=\"#D1C4A5\">\n<tbody>\n<tr>\n<td width=\"96%\" bgcolor=\"#D1C4A5\">&#8220;B\u00fcy\u00fcleyici bir macera. Modern edebiyat\u0131n en \u00fcnl\u00fc anti-kahraman\u0131 Lestat&#8217;\u0131n g\u00f6z\u00fcyle ve Anne Rice&#8217;\u0131n kusursuz kalemiyle b\u00fct\u00fcnle\u015fen bir \u015faheser.&#8221;<br \/>\n<strong>-The San Diego Union- Tribune<\/strong><\/p>\n<p>&#8220;Anne Rice hayran\u0131 olanlar ve olmayanlar bu kitab\u0131 soluksuz okuyacaklar\u0131ndan hi\u00e7 \u015f\u00fcphe duymas\u0131nlar.&#8221;<br \/>\n<strong>-Library Journal-<\/strong><\/p>\n<p>&#8220;Anne Rice her zamanki gibi b\u00fcy\u00fcleyici.&#8221;<br \/>\n<strong>-Seattle Times-<\/strong><\/p>\n<p>&#8220;Romanlar\u0131ma ilham kayna\u011f\u0131 olan ve beni en \u00e7ok etkileyen yazar Anne Rice&#8217;\u0131n kitaplar\u0131na hayran\u0131m.&#8221;<br \/>\n<strong>-Stephenie Meyer-<\/strong><\/p>\n<p>Lestat yaln\u0131zd\u0131r ve ge\u00e7mi\u015ften bu yana inand\u0131\u011f\u0131, g\u00fcvendi\u011fi her \u015feyin yanl\u0131\u015f oldu\u011funu d\u00fc\u015f\u00fcnmektedir. Art\u0131k bunu de\u011fi\u015ftirmek isteyen Lestat tehlikeli bir maceraya at\u0131lacak, \u015f\u00fcphelerinden ar\u0131n\u0131p yaln\u0131zl\u0131\u011fa ebediyen son verecektir&#8230;<\/p>\n<p>\u0130nsanlar gibi olmay\u0131 bir g\u00fcn iki geceli\u011fine de olsa tatmak isteyen Lestat, Raglan James ile anla\u015f\u0131r. Raglan James, Talamasca birli\u011finin eski \u00fcyelerindendir. Bu birli\u011fin gizli g\u00fc\u00e7leri vard\u0131r ve Raglan&#8217;\u0131 bu g\u00fc\u00e7leri suistimal etti\u011fi i\u00e7in karde\u015flikten atm\u0131\u015flard\u0131r. Fakat olanlardan habersiz Lestat, sadece arzusunu ger\u00e7ekle\u015ftirmek i\u00e7in d\u00fc\u015f\u00fcncesizce hareket etmeye ba\u015flam\u0131\u015ft\u0131r bile. Vampir James&#8217;in, \u00f6zel g\u00fc\u00e7lerini ne ama\u00e7la kullanaca\u011f\u0131ndan haberi yoktur.<\/p>\n<hr size=\"1\" \/><strong>Kapak Uygulama<\/strong> : Merve Oral<\/td>\n<\/tr>\n<\/tbody>\n<\/table>\n<\/td>\n<\/tr>\n<\/tbody>\n<\/table>\n<\/td>\n<\/tr>\n<\/tbody>\n<\/table>\n<\/td>\n<\/tr>\n<\/tbody>\n<\/table>\n","protected":false},"excerpt":{"rendered":"<p>BEDEN HIRSIZI Yazar : Anne Rice \u00c7eviri : Bahar \u00c7elik \u00d6zg\u00fcn Ad\u0131 : The Tale of The Body Thief Edit\u00f6r : Kerem Efendio\u011flu Mart\u0131 Kitabevi \u00c7\u0131k\u0131\u015f Tarihi : Ekim, 2010 Sayfa Say\u0131s\u0131 : 595 Fiyat\u0131 : 19,00 TL ISBN No : 9786054335527 Tan\u0131t\u0131m Yaz\u0131s\u0131 &#8220;B\u00fcy\u00fcleyici bir macera. Modern edebiyat\u0131n en \u00fcnl\u00fc anti-kahraman\u0131 Lestat&#8217;\u0131n g\u00f6z\u00fcyle ve [&hellip;]<\/p>\n","protected":false},"author":1,"featured_media":0,"parent":57,"menu_order":0,"comment_status":"open","ping_status":"closed","template":"","meta":{"_acf_changed":false,"footnotes":""},"class_list":["post-5281","page","type-page","status-publish"],"acf":[],"_links":{"self":[{"href":"https:\/\/www.kayiprihtim.org\/portal\/wp-json\/wp\/v2\/pages\/5281","targetHints":{"allow":["GET"]}}],"collection":[{"href":"https:\/\/www.kayiprihtim.org\/portal\/wp-json\/wp\/v2\/pages"}],"about":[{"href":"https:\/\/www.kayiprihtim.org\/portal\/wp-json\/wp\/v2\/types\/page"}],"author":[{"embeddable":true,"href":"https:\/\/www.kayiprihtim.org\/portal\/wp-json\/wp\/v2\/users\/1"}],"replies":[{"embeddable":true,"href":"https:\/\/www.kayiprihtim.org\/portal\/wp-json\/wp\/v2\/comments?post=5281"}],"version-history":[{"count":0,"href":"https:\/\/www.kayiprihtim.org\/portal\/wp-json\/wp\/v2\/pages\/5281\/revisions"}],"up":[{"embeddable":true,"href":"https:\/\/www.kayiprihtim.org\/portal\/wp-json\/wp\/v2\/pages\/57"}],"wp:attachment":[{"href":"https:\/\/www.kayiprihtim.org\/portal\/wp-json\/wp\/v2\/media?parent=5281"}],"curies":[{"name":"wp","href":"https:\/\/api.w.org\/{rel}","templated":true}]}}