{"id":5427,"date":"2010-10-22T17:19:59","date_gmt":"2010-10-22T14:19:59","guid":{"rendered":"http:\/\/www.kayiprihtim.org\/portal\/"},"modified":"2011-12-23T12:39:51","modified_gmt":"2011-12-23T10:39:51","slug":"sigrid-ve-kayip-dunyalar","status":"publish","type":"page","link":"https:\/\/www.kayiprihtim.org\/portal\/kitaplar\/sigrid-ve-kayip-dunyalar\/","title":{"rendered":"Sigrid ve Kay\u0131p D\u00fcnyalar"},"content":{"rendered":"<table style=\"border: thin outset; border-collapse: collapse; height: 30px; width: 470px;\" border=\"0\" cellpadding=\"2\">\n<tbody>\n<tr>\n<td bgcolor=\"#330000\" width=\"30%\"><span style=\"font-family: Verdana; color: #ffffff;\"><strong><a name=\"1\"><\/a>AHTAPOTUN G\u00d6Z\u00dc<\/strong><\/span><\/td>\n<\/tr>\n<\/tbody>\n<\/table>\n<table style=\"border-collapse: collapse; width: 462px; height: 250px;\" border=\"0\" cellspacing=\"0\" cellpadding=\"0\">\n<tbody>\n<tr>\n<td align=\"center\" valign=\"top\" width=\"58%\">\n<table style=\"border-collapse: collapse; width: 315px; height: 248px;\" border=\"0\" cellspacing=\"2\">\n<tbody>\n<tr>\n<td align=\"right\" width=\"100%\">\n<table style=\"width: 310px; height: 88px;\" border=\"0\" cellspacing=\"0\">\n<tbody>\n<tr bgcolor=\"#D1C4A5\">\n<td width=\"39%\"><strong>Yazar<\/strong><\/td>\n<td width=\"3%\">:<\/td>\n<td width=\"51%\"><span style=\"color: #993300;\"><strong>Serge Brussolo<\/strong><\/span><\/td>\n<\/tr>\n<tr bgcolor=\"#E4DDCB\">\n<td><strong>\u00c7eviren<\/strong><\/td>\n<td width=\"3%\">:<\/td>\n<td width=\"51%\">Tuba Bozkurt<\/td>\n<\/tr>\n<tr bgcolor=\"#D1C4A5\">\n<td width=\"39%\"><strong>Redaksiyon<\/strong><\/td>\n<td width=\"3%\">:<\/td>\n<td width=\"51%\">Erg\u00fcl Karakaya<\/td>\n<\/tr>\n<tr bgcolor=\"#E4DDCB\">\n<td width=\"39%\"><strong>\u00d6zg\u00fcn Ad\u0131<\/strong><strong> <\/strong><\/td>\n<td width=\"3%\">:<\/td>\n<td width=\"51%\">Sigrid et Les Mondes Perdus<\/td>\n<\/tr>\n<\/tbody>\n<\/table>\n<\/td>\n<\/tr>\n<tr>\n<td style=\"border-style: solid ridge ridge; border-width: 1px; padding-left: 4px; padding-right: 4px;\" bgcolor=\"#C0B18D\" width=\"100%\"><strong><span style=\"font-size: 9pt; font-family: Tahoma;\">Kelebek Yay\u0131nlar\u0131<\/span><\/strong><strong><\/strong><\/td>\n<\/tr>\n<tr>\n<td align=\"right\" width=\"100%\">\n<table style=\"width: 310px; height: 88px;\" border=\"0\" cellspacing=\"0\">\n<tbody>\n<tr bgcolor=\"#E4DDCB\">\n<td width=\"39%\"><strong>\u00c7\u0131k\u0131\u015f Tarihi<\/strong><\/td>\n<td width=\"3%\">:<\/td>\n<td width=\"51%\">Ekim, 2003<\/td>\n<\/tr>\n<tr bgcolor=\"#D1C4A5\">\n<td><strong>Sayfa Say\u0131s\u0131<\/strong><\/td>\n<td width=\"3%\">:<\/td>\n<td width=\"51%\">296<\/td>\n<\/tr>\n<tr bgcolor=\"#E4DDCB\">\n<td width=\"39%\"><strong>Fiyat\u0131<\/strong><\/td>\n<td width=\"3%\">:<\/td>\n<td width=\"51%\">17,50 TL<\/td>\n<\/tr>\n<tr bgcolor=\"#D1C4A5\">\n<td width=\"39%\"><strong>ISBN No<\/strong><\/td>\n<td width=\"3%\">:<\/td>\n<td width=\"51%\">9789758721283<\/td>\n<\/tr>\n<\/tbody>\n<\/table>\n<\/td>\n<\/tr>\n<\/tbody>\n<\/table>\n<\/td>\n<td align=\"center\" valign=\"middle\" width=\"39%\"><a href=\"https:\/\/www.kayiprihtim.org\/portal\/gorsel\/sigrid\/ahtapotun-gozu.jpg\" target=\"_blank\"><img decoding=\"async\" class=\"aligncenter\" src=\"https:\/\/www.kayiprihtim.org\/portal\/gorsel\/sigrid\/ahtapotun-gozu.jpg\" alt=\"\" width=\"140\" height=\"219\" border=\"0\" hspace=\"1\"><\/a><\/td>\n<\/tr>\n<\/tbody>\n<\/table>\n<table style=\"border-collapse: collapse; width: 47%;\" border=\"0\" cellpadding=\"0\">\n<tbody>\n<tr>\n<td width=\"54%\">\n<table style=\"border-collapse: collapse; height: 147px; width: 470px;\" border=\"0\" cellspacing=\"0\" cellpadding=\"2\">\n<tbody>\n<tr>\n<td style=\"border-style: solid ridge ridge; border-width: 1px; padding-left: 4px; padding-right: 4px;\" bgcolor=\"#C0B18D\" width=\"98%\"><strong><span style=\"font-size: 9pt; font-family: Tahoma;\">Tan\u0131t\u0131m Yaz\u0131s\u0131<br \/>\n<\/span><\/strong><\/td>\n<\/tr>\n<tr>\n<td align=\"left\" width=\"99%\">\n<table style=\"width: 465px;\" border=\"0\">\n<tbody>\n<tr>\n<td style=\"border-style: outset; border-width: 1px;\" bgcolor=\"#D1C4A5\" width=\"96%\">\n<table style=\"border-collapse: collapse; width: 452px; height: 199px;\" border=\"0\" cellspacing=\"0\" cellpadding=\"5\" bgcolor=\"#D1C4A5\">\n<tbody>\n<tr>\n<td bgcolor=\"#D1C4A5\" width=\"96%\">\n<p style=\"text-align: justify;\">Dev gibi denizalt\u0131n\u0131n i\u00e7inde adeta tutsak kalan \u00fc\u00e7 gen\u00e7, on y\u0131ldan beri zehirli ve sinirli bir okyanusun derinliklerinde ya\u015famaktad\u0131r.Almoha&#8217; n\u0131n dalgalar\u0131nda gizli olan sihirli g\u00fc\u00e7ler, ak\u0131l ve havsalan\u0131n s\u0131n\u0131rlar\u0131n\u0131 zorlayacak niteliktedir.Sigrid ve arkada\u015flar\u0131 e\u011fer suya d\u00fc\u015ferlerse hemen bal\u0131\u011fa d\u00f6n\u00fc\u015fme tehlikesiyle kar\u015f\u0131 kar\u015f\u0131yad\u0131rlar.<\/p>\n<p style=\"text-align: justify;\">Denizalt\u0131n\u0131n i\u00e7inde, birbirinden \u00e7\u0131lg\u0131n, birbirinden u\u00e7uk s\u00f6ylentiler dola\u015fmaktad\u0131r, peki ama ger\u00e7ek nerdedir?<\/p>\n<p style=\"text-align: justify;\">Denizin derinliklerine g\u00f6m\u00fclm\u00fc\u015f olan s\u0131rlar nerdedir?<\/p>\n<p style=\"text-align: justify;\">Acaba gen\u00e7 dalg\u0131\u00e7 Sigrid, ahtapotun esrar\u0131n\u0131 ayd\u0131nlatmay\u0131 ba\u015farabilecek midir?<\/p>\n<p style=\"text-align: justify;\">Peggy Sue ve Hayaletler dizinin yarat\u0131c\u0131s\u0131 BRUSSOLO&#8217; dan m\u00fcthi\u015f bir fantastik dizi daha .<\/p>\n<p style=\"text-align: justify;\">\u0130nsanlar aras\u0131ndaki farkl\u0131l\u0131klar ve yabanc\u0131 d\u00fc\u015fmanl\u0131\u011f\u0131 \u00fczerine \u015fa\u015f\u0131rt\u0131c\u0131 bir hikaye.<\/p>\n<\/td>\n<\/tr>\n<\/tbody>\n<\/table>\n<\/td>\n<\/tr>\n<\/tbody>\n<\/table>\n<\/td>\n<\/tr>\n<\/tbody>\n<\/table>\n<\/td>\n<\/tr>\n<\/tbody>\n<\/table>\n<p><span style=\"color: #e4ddcb;\">&#8211;<\/span><\/p>\n<table style=\"border: thin outset; border-collapse: collapse; height: 30px; width: 470px;\" border=\"0\" cellpadding=\"2\">\n<tbody>\n<tr>\n<td bgcolor=\"#330000\" width=\"30%\"><span style=\"font-family: Verdana; color: #ffffff;\"><strong><a name=\"2\"><\/a>KURBA\u011eANIN N\u0130\u015eANLISI<\/strong><\/span><\/td>\n<\/tr>\n<\/tbody>\n<\/table>\n<table style=\"border-collapse: collapse; width: 462px; height: 250px;\" border=\"0\" cellspacing=\"0\" cellpadding=\"0\">\n<tbody>\n<tr>\n<td align=\"center\" valign=\"top\" width=\"58%\">\n<table style=\"border-collapse: collapse; width: 315px; height: 248px;\" border=\"0\" cellspacing=\"2\">\n<tbody>\n<tr>\n<td align=\"right\" width=\"100%\">\n<table style=\"width: 310px; height: 88px;\" border=\"0\" cellspacing=\"0\">\n<tbody>\n<tr bgcolor=\"#D1C4A5\">\n<td width=\"39%\"><strong>Yazar<\/strong><\/td>\n<td width=\"3%\">:<\/td>\n<td width=\"51%\"><span style=\"color: #993300;\"><strong>Serge Brussolo<\/strong><\/span><\/td>\n<\/tr>\n<tr bgcolor=\"#E4DDCB\">\n<td><strong>\u00c7eviren<\/strong><\/td>\n<td width=\"3%\">:<\/td>\n<td width=\"51%\">N\u00fckhet \u0130zet<\/td>\n<\/tr>\n<tr bgcolor=\"#D1C4A5\">\n<td width=\"39%\"><strong>Redaksiyon<\/strong><strong> <\/strong><\/td>\n<td width=\"3%\">:<\/td>\n<td width=\"51%\">Erg\u00fcl Karakaya<\/td>\n<\/tr>\n<tr bgcolor=\"#E4DDCB\">\n<td width=\"39%\"><strong>Kapak Tasar\u0131m\u0131 <\/strong><\/td>\n<td width=\"3%\">:<\/td>\n<td width=\"51%\">Fatma Bozkurt<\/td>\n<\/tr>\n<\/tbody>\n<\/table>\n<\/td>\n<\/tr>\n<tr>\n<td style=\"border-style: solid ridge ridge; border-width: 1px; padding-left: 4px; padding-right: 4px;\" bgcolor=\"#C0B18D\" width=\"100%\"><strong><span style=\"font-size: 9pt; font-family: Tahoma;\">Kelebek Yay\u0131nlar\u0131<\/span><\/strong><\/td>\n<\/tr>\n<tr>\n<td align=\"right\" width=\"100%\">\n<table style=\"width: 310px; height: 88px;\" border=\"0\" cellspacing=\"0\">\n<tbody>\n<tr bgcolor=\"#E4DDCB\">\n<td width=\"39%\"><strong>\u00c7\u0131k\u0131\u015f Tarihi<\/strong><\/td>\n<td width=\"3%\">:<\/td>\n<td width=\"51%\">Ekim, 2003<\/td>\n<\/tr>\n<tr bgcolor=\"#D1C4A5\">\n<td><strong>Sayfa Say\u0131s\u0131<\/strong><\/td>\n<td width=\"3%\">:<\/td>\n<td width=\"51%\">352<\/td>\n<\/tr>\n<tr bgcolor=\"#E4DDCB\">\n<td width=\"39%\"><strong>Fiyat\u0131<\/strong><\/td>\n<td width=\"3%\">:<\/td>\n<td width=\"51%\">17,50 TL<\/td>\n<\/tr>\n<tr bgcolor=\"#D1C4A5\">\n<td width=\"39%\"><strong>ISBN No<\/strong><\/td>\n<td width=\"3%\">:<\/td>\n<td width=\"51%\">9789758721269<\/td>\n<\/tr>\n<\/tbody>\n<\/table>\n<\/td>\n<\/tr>\n<\/tbody>\n<\/table>\n<\/td>\n<td align=\"center\" valign=\"middle\" width=\"39%\"><a href=\"https:\/\/www.kayiprihtim.org\/portal\/gorsel\/sigrid\/kurbaganin-nisanlisi.jpg\" target=\"_blank\"><img decoding=\"async\" class=\"aligncenter\" src=\"https:\/\/www.kayiprihtim.org\/portal\/gorsel\/sigrid\/kurbaganin-nisanlisi.jpg\" alt=\"\" width=\"140\" height=\"219\" border=\"0\" hspace=\"1\"><\/a><\/td>\n<\/tr>\n<\/tbody>\n<\/table>\n<table style=\"border-collapse: collapse; width: 47%;\" border=\"0\" cellpadding=\"0\">\n<tbody>\n<tr>\n<td width=\"54%\">\n<table style=\"border-collapse: collapse; height: 147px; width: 470px;\" border=\"0\" cellspacing=\"0\" cellpadding=\"2\">\n<tbody>\n<tr>\n<td style=\"border-style: solid ridge ridge; border-width: 1px; padding-left: 4px; padding-right: 4px;\" bgcolor=\"#C0B18D\" width=\"98%\"><strong><span style=\"font-size: 9pt; font-family: Tahoma;\">Tan\u0131t\u0131m Yaz\u0131s\u0131<br \/>\n<\/span><\/strong><\/td>\n<\/tr>\n<tr>\n<td align=\"left\" width=\"99%\">\n<table style=\"width: 465px;\" border=\"0\">\n<tbody>\n<tr>\n<td style=\"border-style: outset; border-width: 1px;\" bgcolor=\"#D1C4A5\" width=\"96%\">\n<table style=\"border-collapse: collapse; width: 452px; height: 199px;\" border=\"0\" cellspacing=\"0\" cellpadding=\"5\" bgcolor=\"#D1C4A5\">\n<tbody>\n<tr>\n<td bgcolor=\"#D1C4A5\" width=\"96%\">\n<p style=\"text-align: justify;\">&#8220;Oturdu\u011fum soka\u011f\u0131n k\u00f6\u015fesindeki bo\u015f araziye bir gecede koca bir bina kondu&#8230; Bunu pek tuhaf buluyorum.<\/p>\n<p style=\"text-align: justify;\">Evimin kar\u015f\u0131s\u0131ndaki park yerinde hi\u00e7 yerlerinden k\u0131p\u0131rdamayan hi\u00e7 bilinmedik bir marka da ara\u00e7lar var. Bazen gece bu otomobillerin hap\u015f\u0131rd\u0131klar\u0131n\u0131 duyuyorum sizce bu normal mi?\u015ea\u015f\u0131rt\u0131c\u0131 canavarlar kente ak\u0131n etmi\u015flerdi, ancak bu canavarlar herhangi bir zarar vermek, kenti ya\u011fmalamak i\u00e7in gelmemi\u015flerdir. Onlar, t\u0131pk\u0131 g\u00f6\u00e7men i\u015f\u00e7iler gibi i\u015f bulmaya gelmi\u015flerdir!Sigrid onlarla yak\u0131ndan ilgilenirler, \u00e7ok iyi dost olurlar. Ama bu tuhaf yarat\u0131klarla kurdu\u011fu dostluk nedeniyle kendisini deh\u015fet bir komplonun i\u00e7inde bulur.Ondan canl\u0131 bir banka kasas\u0131n\u0131n i\u00e7inde gizlenen hazineyi \u00e7almas\u0131n\u0131 beklenmektedir. Acaba Sigrid, yan\u0131na yakla\u015fan h\u0131rs\u0131zlar\u0131 hemen yutan bu kasayla nas\u0131l ba\u015fa \u00e7\u0131kacakt\u0131r?<\/p>\n<p style=\"text-align: justify;\">Uzayl\u0131lar\u0131n dev bir kurba\u011fa g\u00f6r\u00fcn\u00fcm\u00fc verdikleri bu canl\u0131 kasan\u0131n bulundu\u011fu bu korkun\u00e7 odaya girmek i\u00e7in b\u00fcy\u00fck cesaret ve yarat\u0131c\u0131l\u0131k gerekmektedir&#8230;<\/p>\n<\/td>\n<\/tr>\n<\/tbody>\n<\/table>\n<\/td>\n<\/tr>\n<\/tbody>\n<\/table>\n<\/td>\n<\/tr>\n<\/tbody>\n<\/table>\n<\/td>\n<\/tr>\n<\/tbody>\n<\/table>\n<p><span style=\"color: #e4ddcb;\">&#8211;<\/span><\/p>\n<table style=\"border: thin outset; border-collapse: collapse; height: 30px; width: 470px;\" border=\"0\" cellpadding=\"2\">\n<tbody>\n<tr>\n<td bgcolor=\"#330000\" width=\"30%\"><span style=\"font-family: Verdana; color: #ffffff;\"><strong><a name=\"3\"><\/a>B\u00dcY\u00dcK YILAN<\/strong><\/span><\/td>\n<\/tr>\n<\/tbody>\n<\/table>\n<table style=\"border-collapse: collapse; width: 462px; height: 250px;\" border=\"0\" cellspacing=\"0\" cellpadding=\"0\">\n<tbody>\n<tr>\n<td align=\"center\" valign=\"top\" width=\"58%\">\n<table style=\"border-collapse: collapse; width: 315px; height: 248px;\" border=\"0\" cellspacing=\"2\">\n<tbody>\n<tr>\n<td align=\"right\" width=\"100%\">\n<table style=\"width: 310px; height: 88px;\" border=\"0\" cellspacing=\"0\">\n<tbody>\n<tr bgcolor=\"#D1C4A5\">\n<td width=\"39%\"><strong>Yazar<\/strong><\/td>\n<td width=\"3%\">:<\/td>\n<td width=\"51%\"><span style=\"color: #993300;\"><strong>Serge Brussolo<\/strong><\/span><\/td>\n<\/tr>\n<tr bgcolor=\"#E4DDCB\">\n<td><strong>\u00c7eviren<\/strong><\/td>\n<td width=\"3%\">:<\/td>\n<td width=\"51%\">N\u00fckhet \u0130zet<\/td>\n<\/tr>\n<tr bgcolor=\"#D1C4A5\">\n<td width=\"39%\"><strong>\u00d6zg\u00fcn Ad\u0131<\/strong><strong> <\/strong><\/td>\n<td width=\"3%\">:<\/td>\n<td width=\"51%\">Sigrid Et Les Mondes Perdus Les Grand Serpent<\/td>\n<\/tr>\n<tr bgcolor=\"#E4DDCB\">\n<td width=\"39%\"><strong>Redaksiyon<\/strong><\/td>\n<td width=\"3%\">:<\/td>\n<td width=\"51%\">Erg\u00fcl Pembe<\/td>\n<\/tr>\n<\/tbody>\n<\/table>\n<\/td>\n<\/tr>\n<tr>\n<td style=\"border-style: solid ridge ridge; border-width: 1px; padding-left: 4px; padding-right: 4px;\" bgcolor=\"#C0B18D\" width=\"100%\"><strong><span style=\"font-size: 9pt; font-family: Tahoma;\">Kelebek Yay\u0131nlar\u0131<\/span><\/strong><\/td>\n<\/tr>\n<tr>\n<td align=\"right\" width=\"100%\">\n<table style=\"width: 310px; height: 88px;\" border=\"0\" cellspacing=\"0\">\n<tbody>\n<tr bgcolor=\"#E4DDCB\">\n<td width=\"39%\"><strong>\u00c7\u0131k\u0131\u015f Tarihi<\/strong><\/td>\n<td width=\"3%\">:<\/td>\n<td width=\"51%\">\u015eubat, 2004<\/td>\n<\/tr>\n<tr bgcolor=\"#D1C4A5\">\n<td><strong>Sayfa Say\u0131s\u0131<\/strong><\/td>\n<td width=\"3%\">:<\/td>\n<td width=\"51%\">351<\/td>\n<\/tr>\n<tr bgcolor=\"#E4DDCB\">\n<td width=\"39%\"><strong>Fiyat\u0131<\/strong><\/td>\n<td width=\"3%\">:<\/td>\n<td width=\"51%\">17,50 TL<\/td>\n<\/tr>\n<tr bgcolor=\"#D1C4A5\">\n<td width=\"39%\"><strong>ISBN No<\/strong><\/td>\n<td width=\"3%\">:<\/td>\n<td width=\"51%\">9789758721290<\/td>\n<\/tr>\n<\/tbody>\n<\/table>\n<\/td>\n<\/tr>\n<\/tbody>\n<\/table>\n<\/td>\n<td align=\"center\" valign=\"middle\" width=\"39%\"><a href=\"https:\/\/www.kayiprihtim.org\/portal\/gorsel\/sigrid\/buyuk-yilan.jpg\" target=\"_blank\"><img decoding=\"async\" class=\"aligncenter\" src=\"https:\/\/www.kayiprihtim.org\/portal\/gorsel\/sigrid\/buyuk-yilan.jpg\" alt=\"\" width=\"140\" height=\"219\" border=\"0\" hspace=\"1\"><\/a><\/td>\n<\/tr>\n<\/tbody>\n<\/table>\n<table style=\"border-collapse: collapse; width: 47%;\" border=\"0\" cellpadding=\"0\">\n<tbody>\n<tr>\n<td width=\"54%\">\n<table style=\"border-collapse: collapse; height: 147px; width: 470px;\" border=\"0\" cellspacing=\"0\" cellpadding=\"2\">\n<tbody>\n<tr>\n<td style=\"border-style: solid ridge ridge; border-width: 1px; padding-left: 4px; padding-right: 4px;\" bgcolor=\"#C0B18D\" width=\"98%\"><strong><span style=\"font-size: 9pt; font-family: Tahoma;\">Tan\u0131t\u0131m Yaz\u0131s\u0131<br \/>\n<\/span><\/strong><\/td>\n<\/tr>\n<tr>\n<td align=\"left\" width=\"99%\">\n<table style=\"width: 465px;\" border=\"0\">\n<tbody>\n<tr>\n<td style=\"border-style: outset; border-width: 1px;\" bgcolor=\"#D1C4A5\" width=\"96%\">\n<table style=\"border-collapse: collapse; width: 452px; height: 135px;\" border=\"0\" cellspacing=\"0\" cellpadding=\"5\" bgcolor=\"#D1C4A5\">\n<tbody>\n<tr>\n<td style=\"text-align: justify;\" bgcolor=\"#D1C4A5\" width=\"96%\">Uzak bir gezegendeki zalim samuraylar\u0131n y\u00f6netimindeki bir imparatorluk \u00e7\u00f6ker. Oraya egemen olan bir denizy\u0131lan\u0131 etrafa korku ve deh\u015fet sa\u00e7ar. \u0130rili ufakl\u0131 b\u00fct\u00fcn adalara sald\u0131r\u0131r, onlar\u0131n &#8220;k\u00f6klerini&#8221; kemirir. B\u00f6ylece adalar k\u00f6ks\u00fcz bir halde denizde s\u00fcr\u00fcklenmeye ba\u015flarlar. Bu adalar kar\u015f\u0131lar\u0131na \u00e7\u0131kan f\u0131rt\u0131nalardan, di\u011fer tehlikelerden korunmak zorundad\u0131rlar. \u00c7\u00fcnk\u00fc, okyanusun ortas\u0131ndaki bir saldan hi\u00e7bir farklar\u0131 kalmam\u0131\u015ft\u0131r. Adalarda oturan insanlar bire kazazededir, art\u0131k.<\/td>\n<\/tr>\n<\/tbody>\n<\/table>\n<\/td>\n<\/tr>\n<\/tbody>\n<\/table>\n<\/td>\n<\/tr>\n<\/tbody>\n<\/table>\n<\/td>\n<\/tr>\n<\/tbody>\n<\/table>\n<p><span style=\"color: #e4ddcb;\">&#8211;<\/span><\/p>\n<table style=\"border: thin outset; border-collapse: collapse; height: 30px; width: 470px;\" border=\"0\" cellpadding=\"2\">\n<tbody>\n<tr>\n<td bgcolor=\"#330000\" width=\"30%\"><span style=\"font-family: Verdana; color: #ffffff;\"><strong><a name=\"4\"><\/a>DUVAR Y\u0130Y\u0130C\u0130LER <\/strong><\/span><\/td>\n<\/tr>\n<\/tbody>\n<\/table>\n<table style=\"border-collapse: collapse; width: 462px; height: 250px;\" border=\"0\" cellspacing=\"0\" cellpadding=\"0\">\n<tbody>\n<tr>\n<td align=\"center\" valign=\"top\" width=\"58%\">\n<table style=\"border-collapse: collapse; width: 315px; height: 248px;\" border=\"0\" cellspacing=\"2\">\n<tbody>\n<tr>\n<td align=\"right\" width=\"100%\">\n<table style=\"width: 310px; height: 88px;\" border=\"0\" cellspacing=\"0\">\n<tbody>\n<tr bgcolor=\"#D1C4A5\">\n<td width=\"39%\"><strong>Yazar<\/strong><\/td>\n<td width=\"3%\">:<\/td>\n<td width=\"51%\"><span style=\"color: #993300;\"><strong>Serge Brussolo<\/strong><\/span><\/td>\n<\/tr>\n<tr bgcolor=\"#E4DDCB\">\n<td><strong>\u00c7eviren<\/strong><\/td>\n<td width=\"3%\">:<\/td>\n<td width=\"51%\">N\u00fckhet \u0130zet<\/td>\n<\/tr>\n<tr bgcolor=\"#D1C4A5\">\n<td width=\"39%\"><strong>Redaksiyon<\/strong><strong> <\/strong><\/td>\n<td width=\"3%\">:<\/td>\n<td width=\"51%\">Erg\u00fcl Pembe<\/td>\n<\/tr>\n<tr bgcolor=\"#E4DDCB\">\n<td width=\"39%\"><strong>\u00d6zg\u00fcn Ad\u0131<\/strong><strong> <\/strong><\/td>\n<td width=\"3%\">:<\/td>\n<td width=\"51%\">Sigrid Et Les Mondes Perdus Les Mangeurs De Muraille<\/td>\n<\/tr>\n<\/tbody>\n<\/table>\n<\/td>\n<\/tr>\n<tr>\n<td style=\"border-style: solid ridge ridge; border-width: 1px; padding-left: 4px; padding-right: 4px;\" bgcolor=\"#C0B18D\" width=\"100%\"><strong><span style=\"font-size: 9pt; font-family: Tahoma;\">Kelebek Yay\u0131nlar\u0131<\/span><\/strong><\/td>\n<\/tr>\n<tr>\n<td align=\"right\" width=\"100%\">\n<table style=\"width: 310px; height: 88px;\" border=\"0\" cellspacing=\"0\">\n<tbody>\n<tr bgcolor=\"#E4DDCB\">\n<td width=\"39%\"><strong>\u00c7\u0131k\u0131\u015f Tarihi<\/strong><\/td>\n<td width=\"3%\">:<\/td>\n<td width=\"51%\">Temmuz, 2004<\/td>\n<\/tr>\n<tr bgcolor=\"#D1C4A5\">\n<td><strong>Sayfa Say\u0131s\u0131<\/strong><\/td>\n<td width=\"3%\">:<\/td>\n<td width=\"51%\">336<\/td>\n<\/tr>\n<tr bgcolor=\"#E4DDCB\">\n<td width=\"39%\"><strong>Fiyat\u0131<\/strong><\/td>\n<td width=\"3%\">:<\/td>\n<td width=\"51%\">17,50 TL<\/td>\n<\/tr>\n<tr bgcolor=\"#D1C4A5\">\n<td width=\"39%\"><strong>ISBN No<\/strong><\/td>\n<td width=\"3%\">:<\/td>\n<td width=\"51%\">9789758721405<\/td>\n<\/tr>\n<\/tbody>\n<\/table>\n<\/td>\n<\/tr>\n<\/tbody>\n<\/table>\n<\/td>\n<td align=\"center\" valign=\"middle\" width=\"39%\"><a href=\"https:\/\/www.kayiprihtim.org\/portal\/gorsel\/sigrid\/duvar-yiyiciler.jpg\" target=\"_blank\"><img loading=\"lazy\" decoding=\"async\" class=\"aligncenter\" src=\"https:\/\/www.kayiprihtim.org\/portal\/gorsel\/sigrid\/duvar-yiyiciler.jpg\" alt=\"\" width=\"140\" height=\"219\" border=\"0\" hspace=\"1\"><\/a><\/td>\n<\/tr>\n<\/tbody>\n<\/table>\n<table style=\"border-collapse: collapse; width: 47%;\" border=\"0\" cellpadding=\"0\">\n<tbody>\n<tr>\n<td width=\"54%\">\n<table style=\"border-collapse: collapse; height: 147px; width: 470px;\" border=\"0\" cellspacing=\"0\" cellpadding=\"2\">\n<tbody>\n<tr>\n<td style=\"border-style: solid ridge ridge; border-width: 1px; padding-left: 4px; padding-right: 4px;\" bgcolor=\"#C0B18D\" width=\"98%\"><strong><span style=\"font-size: 9pt; font-family: Tahoma;\">Tan\u0131t\u0131m Yaz\u0131s\u0131<br \/>\n<\/span><\/strong><\/td>\n<\/tr>\n<tr>\n<td align=\"left\" width=\"99%\">\n<table style=\"width: 465px;\" border=\"0\">\n<tbody>\n<tr>\n<td style=\"border-style: outset; border-width: 1px;\" bgcolor=\"#D1C4A5\" width=\"96%\">\n<table style=\"border-collapse: collapse; width: 452px; height: 154px;\" border=\"0\" cellspacing=\"0\" cellpadding=\"5\" bgcolor=\"#D1C4A5\">\n<tbody>\n<tr>\n<td style=\"text-align: justify;\" bgcolor=\"#D1C4A5\" width=\"96%\">K\u00fcp-kent esrarengiz bir d\u00fcnyad\u0131r. Buradaki her \u00fclke t\u0131pk\u0131 s\u0131ms\u0131k\u0131 kapat\u0131lm\u0131\u015f birer kutu gibidir. Kimsenin kendi istek ve iradesiyle bu kutulardan d\u0131\u015far\u0131 \u00e7\u0131kmaya hakk\u0131 yoktur! S\u0131k\u0131 yasa ve yasaklarla y\u00f6netilen bu d\u00fcnya, asl\u0131nda dev bir bina g\u00f6r\u00fcn\u00fcm\u00fcndedir. Bu binadaki katlar\u0131n her birinde birbirinden \u00e7ok farkl\u0131 toplumlar ya\u015famaktad\u0131r. Katlar\u0131n i\u00e7inde, g\u00f6l, \u00e7\u00f6l, balta girmemi\u015f orman&#8230; hatta koca da\u011flardan olu\u015fan yery\u00fcz\u00fc \u015fekillerine rastlanabilir! Katlar\u0131n aras\u0131ndaki ula\u015f\u0131m\u0131 sa\u011flayan asans\u00f6rlerden birinin kap\u0131s\u0131 a\u00e7\u0131ld\u0131\u011f\u0131nda ne t\u00fcr bir kata gelindi\u011finin \u00f6nceden bilinmesine olanak yoktur. \u0130nsan\u0131n kar\u015f\u0131s\u0131na koyun s\u00fcr\u00fcs\u00fc de \u00e7\u0131kabilir, korkun\u00e7 canavarlar da.<\/p>\n<p>Asans\u00f6rden orta\u00e7a\u011fa da \u00e7\u0131k\u0131labilir, gelecek zamana da!<\/td>\n<\/tr>\n<\/tbody>\n<\/table>\n<\/td>\n<\/tr>\n<\/tbody>\n<\/table>\n<\/td>\n<\/tr>\n<\/tbody>\n<\/table>\n<\/td>\n<\/tr>\n<\/tbody>\n<\/table>\n","protected":false},"excerpt":{"rendered":"<p>AHTAPOTUN G\u00d6Z\u00dc Yazar : Serge Brussolo \u00c7eviren : Tuba Bozkurt Redaksiyon : Erg\u00fcl Karakaya \u00d6zg\u00fcn Ad\u0131 : Sigrid et Les Mondes Perdus Kelebek Yay\u0131nlar\u0131 \u00c7\u0131k\u0131\u015f Tarihi : Ekim, 2003 Sayfa Say\u0131s\u0131 : 296 Fiyat\u0131 : 17,50 TL ISBN No : 9789758721283 Tan\u0131t\u0131m Yaz\u0131s\u0131 Dev gibi denizalt\u0131n\u0131n i\u00e7inde adeta tutsak kalan \u00fc\u00e7 gen\u00e7, on y\u0131ldan beri [&hellip;]<\/p>\n","protected":false},"author":1,"featured_media":0,"parent":57,"menu_order":0,"comment_status":"open","ping_status":"closed","template":"","meta":{"_acf_changed":false,"footnotes":""},"class_list":["post-5427","page","type-page","status-publish"],"acf":[],"_links":{"self":[{"href":"https:\/\/www.kayiprihtim.org\/portal\/wp-json\/wp\/v2\/pages\/5427","targetHints":{"allow":["GET"]}}],"collection":[{"href":"https:\/\/www.kayiprihtim.org\/portal\/wp-json\/wp\/v2\/pages"}],"about":[{"href":"https:\/\/www.kayiprihtim.org\/portal\/wp-json\/wp\/v2\/types\/page"}],"author":[{"embeddable":true,"href":"https:\/\/www.kayiprihtim.org\/portal\/wp-json\/wp\/v2\/users\/1"}],"replies":[{"embeddable":true,"href":"https:\/\/www.kayiprihtim.org\/portal\/wp-json\/wp\/v2\/comments?post=5427"}],"version-history":[{"count":0,"href":"https:\/\/www.kayiprihtim.org\/portal\/wp-json\/wp\/v2\/pages\/5427\/revisions"}],"up":[{"embeddable":true,"href":"https:\/\/www.kayiprihtim.org\/portal\/wp-json\/wp\/v2\/pages\/57"}],"wp:attachment":[{"href":"https:\/\/www.kayiprihtim.org\/portal\/wp-json\/wp\/v2\/media?parent=5427"}],"curies":[{"name":"wp","href":"https:\/\/api.w.org\/{rel}","templated":true}]}}