{"id":5443,"date":"2010-10-25T16:33:05","date_gmt":"2010-10-25T13:33:05","guid":{"rendered":"http:\/\/www.kayiprihtim.org\/portal\/"},"modified":"2012-01-31T10:52:23","modified_gmt":"2012-01-31T08:52:23","slug":"midas-ve-sihirbaz","status":"publish","type":"page","link":"https:\/\/www.kayiprihtim.org\/portal\/kitaplar\/midas-ve-sihirbaz\/","title":{"rendered":"Midas ve Sihirbaz"},"content":{"rendered":"<table style=\"border: thin outset; border-collapse: collapse; height: 30px; width: 470px;\" border=\"0\" cellpadding=\"2\">\n<tbody>\n<tr>\n<td width=\"30%\" bgcolor=\"#330000\"><span style=\"color: #ffffff;\"><span style=\"font-family: Verdana;\"><strong>M\u0130DAS VE S\u0130H\u0130RBAZ (Efsane Krall\u0131k Frigya)<\/strong><\/span><\/span><span style=\"font-family: Verdana; color: #ffffff;\"><strong><br \/>\n<\/strong><\/span><\/td>\n<\/tr>\n<\/tbody>\n<\/table>\n<table style=\"border-collapse: collapse; width: 462px; height: 250px;\" border=\"0\" cellspacing=\"0\" cellpadding=\"0\" bordercolor=\"#111111\">\n<tbody>\n<tr>\n<td width=\"58%\" align=\"center\" valign=\"top\">\n<table style=\"border-collapse: collapse; width: 315px; height: 248px;\" border=\"0\" cellspacing=\"2\">\n<tbody>\n<tr>\n<td width=\"100%\" align=\"right\">\n<table style=\"width: 310px; height: 88px;\" border=\"0\" cellspacing=\"0\">\n<tbody>\n<tr bgcolor=\"#D1C4A5\">\n<td width=\"39%\"><strong>Yazar<\/strong><\/td>\n<td width=\"3%\">:<\/td>\n<td width=\"51%\">\u0130smet Bertan<span style=\"color: #181512;\"> <\/span><\/td>\n<\/tr>\n<tr bgcolor=\"#E4DDCB\">\n<td><strong>Edit\u00f6r<\/strong><\/td>\n<td width=\"3%\">:<\/td>\n<td width=\"51%\">M\u00fcren Beykan<\/td>\n<\/tr>\n<tr bgcolor=\"#D1C4A5\">\n<td width=\"39%\"><strong>Ebat<\/strong><\/td>\n<td width=\"3%\">:<\/td>\n<td width=\"51%\">12 x 18 cm<\/td>\n<\/tr>\n<tr bgcolor=\"#E4DDCB\">\n<td width=\"39%\"><strong>Hamur T\u00fcr\u00fc<br \/>\n<\/strong><\/td>\n<td width=\"3%\">:<\/td>\n<td width=\"51%\">\u0130thal 3. hamur k\u00e2\u011f\u0131t<\/td>\n<\/tr>\n<\/tbody>\n<\/table>\n<\/td>\n<\/tr>\n<tr>\n<td style=\"border-style: solid ridge ridge; border-width: 1px; padding-left: 4px; padding-right: 4px;\" width=\"100%\" bgcolor=\"#C0B18D\"><strong><span style=\"font-size: 9pt; font-family: Tahoma;\">G\u00fcn\u0131\u015f\u0131\u011f\u0131 Kitapl\u0131\u011f\u0131<br \/>\n<\/span><\/strong><\/td>\n<\/tr>\n<tr>\n<td width=\"100%\" align=\"right\">\n<table style=\"width: 310px; height: 88px;\" border=\"0\" cellspacing=\"0\">\n<tbody>\n<tr bgcolor=\"#E4DDCB\">\n<td width=\"39%\"><strong>\u00c7\u0131k\u0131\u015f Tarihi<\/strong><strong><br \/>\n<\/strong><\/td>\n<td width=\"3%\">:<\/td>\n<td width=\"51%\"><span style=\"color: #181512;\">Ekim, 2010<\/span><span style=\"color: #181512;\"><br \/>\n<\/span><\/td>\n<\/tr>\n<tr bgcolor=\"#D1C4A5\">\n<td><strong>Sayfa Say\u0131s\u0131<\/strong><\/td>\n<td width=\"3%\">:<\/td>\n<td width=\"51%\">236<\/td>\n<\/tr>\n<tr bgcolor=\"#E4DDCB\">\n<td width=\"39%\"><strong>Fiyat\u0131<\/strong><\/td>\n<td width=\"3%\">:<\/td>\n<td width=\"51%\">14,00 TL<\/td>\n<\/tr>\n<tr bgcolor=\"#D1C4A5\">\n<td width=\"39%\"><strong>ISBN No<\/strong><\/td>\n<td width=\"3%\">:<\/td>\n<td width=\"51%\">978-9944-717-52-6<\/td>\n<\/tr>\n<\/tbody>\n<\/table>\n<\/td>\n<\/tr>\n<\/tbody>\n<\/table>\n<\/td>\n<td width=\"39%\" align=\"left\" valign=\"top\">\n<p style=\"text-align: center;\">\n<p><a href=\"https:\/\/www.kayiprihtim.org\/portal\/gorsel\/midas-ve-sihirbaz.jpg\" target=\"_blank\"><img decoding=\"async\" src=\"https:\/\/www.kayiprihtim.org\/portal\/gorsel\/midas-ve-sihirbaz.jpg\" border=\"0\" alt=\"\" hspace=\"1\" width=\"140\" height=\"219\" class=\"aligncenter\"><\/a><\/td>\n<\/tr>\n<\/tbody>\n<\/table>\n<table style=\"border-collapse: collapse; width: 47%;\" border=\"0\" cellpadding=\"0\">\n<tbody>\n<tr>\n<td width=\"54%\">\n<table style=\"border-collapse: collapse; height: 147px; width: 470px;\" border=\"0\" cellspacing=\"0\" cellpadding=\"2\">\n<tbody>\n<tr>\n<td style=\"border-style: solid ridge ridge; border-width: 1px; padding-left: 4px; padding-right: 4px;\" width=\"98%\" bgcolor=\"#C0B18D\"><strong><span style=\"font-size: 9pt; font-family: Tahoma;\">Tan\u0131t\u0131m Yaz\u0131s\u0131<br \/>\n<\/span><\/strong><\/td>\n<\/tr>\n<tr>\n<td width=\"99%\" align=\"left\">\n<table style=\"width: 465px;\" border=\"0\">\n<tbody>\n<tr>\n<td style=\"border-style: outset; border-width: 1px;\" width=\"96%\" bgcolor=\"#D1C4A5\">\n<table style=\"border-collapse: collapse; width: 452px; height: 199px;\" border=\"0\" cellspacing=\"0\" cellpadding=\"5\" bgcolor=\"#D1C4A5\" bordercolor=\"#D1C4A5\">\n<tbody>\n<tr>\n<td width=\"96%\" bgcolor=\"#D1C4A5\">Frigya \u00fclkesinin verimli topraklar\u0131ndan ta\u015f\u0131p, Eski M\u0131s\u0131r&#8217;\u0131n gizemli d\u00fcnyas\u0131na kar\u0131\u015fan, soluksuz bir tarihsel ser\u00fcven!<\/p>\n<p>Belgeselci yazar \u0130smet Bertan&#8217;\u0131n, Anadolu&#8217;nun \u00f6nemli tarihsel d\u00f6nemlerine \u0131\u015f\u0131k tutan epik romanlar\u0131n\u0131n d\u00f6rd\u00fcnc\u00fcs\u00fc yay\u0131mland\u0131. Roman, g\u00fcn\u00fcm\u00fczden 3000 y\u0131l \u00f6nce \u0130\u00e7 Bat\u0131 Anadolu&#8217;da b\u00fcy\u00fck bir uygarl\u0131k kuran Frigler&#8217;in ba\u015fkenti Gordion&#8217;da (Polatl\u0131 yak\u0131nlar\u0131) baba mesleklerini s\u00fcrd\u00fcrmektense, kendilerine farkl\u0131 yollar \u00e7izen d\u00f6rt genci anlat\u0131yor. Bertan&#8217;\u0131n ayr\u0131nt\u0131larla bezedi\u011fi ustal\u0131kl\u0131 anlat\u0131m\u0131 sayesinde, Demir \u00c7a\u011f&#8217;\u0131n efsaneleriyle \u00fcnl\u00fc Frigya \u00fclkesinden Eski M\u0131s\u0131r&#8217;\u0131n b\u00fcy\u00fcl\u00fc kentlerine uzanan okur, Ege d\u00fcnyas\u0131n\u0131n destans\u0131 kentlerine ve tap\u0131naklara ula\u015fan e\u015fsiz yolculuklara da tan\u0131kl\u0131k ediyor. G\u00fc\u00e7l\u00fc betimlemeleriyle, lir ve fl\u00fct ezgilerinin kar\u0131\u015ft\u0131\u011f\u0131, ate\u015fbazlar, cambazlar ve \u015fifac\u0131larla dolu gizemli bir d\u00fcnya yaratan yazar, g\u00fcn\u00fcm\u00fcze ta\u015f\u0131nan geleneklerin ve ya\u015fam bi\u00e7imlerinin izini s\u00fcrerken, okurlar\u0131n\u0131 kehanet, sihir ve gizemle sarmal\u0131yor.<\/p>\n<p>Honas, Gordion kentinde birlikte b\u00fcy\u00fcd\u00fc\u011f\u00fc Prens Midas ve arkada\u015flar\u0131ndan ayr\u0131l\u0131p, babas\u0131n\u0131 bulmak \u00fczere M\u0131s\u0131r yollar\u0131na d\u00fc\u015fer. Memfis&#8217;te hayat\u0131n\u0131 kurtard\u0131\u011f\u0131 Sihirbaz Nostra sayesinde \u00f6zel g\u00fc\u00e7ler kazan\u0131r. Ancak, firavuna suikast plan\u0131na kulak misafiri olunca, can\u0131n\u0131 kurtarmak i\u00e7in \u00fclkesine d\u00f6nmeye karar verir. Honas&#8217;\u0131n \u00f6zel g\u00fcc\u00fc ve d\u00f6n\u00fc\u015f yolunda kar\u015f\u0131la\u015ft\u0131\u011f\u0131 gezgin dans\u00e7\u0131 kafile, yak\u0131n gelece\u011fin Frigya h\u00fck\u00fcmdar\u0131 Prens Midas&#8217;\u0131n da, arkada\u015flar\u0131n\u0131n da ya\u015fam\u0131n\u0131 etkileyecektir&#8230;<\/td>\n<\/tr>\n<\/tbody>\n<\/table>\n<\/td>\n<\/tr>\n<\/tbody>\n<\/table>\n<\/td>\n<\/tr>\n<\/tbody>\n<\/table>\n<\/td>\n<\/tr>\n<\/tbody>\n<\/table>\n","protected":false},"excerpt":{"rendered":"<p>M\u0130DAS VE S\u0130H\u0130RBAZ (Efsane Krall\u0131k Frigya) Yazar : \u0130smet Bertan Edit\u00f6r : M\u00fcren Beykan Ebat : 12 x 18 cm Hamur T\u00fcr\u00fc : \u0130thal 3. hamur k\u00e2\u011f\u0131t G\u00fcn\u0131\u015f\u0131\u011f\u0131 Kitapl\u0131\u011f\u0131 \u00c7\u0131k\u0131\u015f Tarihi : Ekim, 2010 Sayfa Say\u0131s\u0131 : 236 Fiyat\u0131 : 14,00 TL ISBN No : 978-9944-717-52-6 Tan\u0131t\u0131m Yaz\u0131s\u0131 Frigya \u00fclkesinin verimli topraklar\u0131ndan ta\u015f\u0131p, Eski M\u0131s\u0131r&#8217;\u0131n [&hellip;]<\/p>\n","protected":false},"author":1,"featured_media":0,"parent":57,"menu_order":0,"comment_status":"open","ping_status":"closed","template":"","meta":{"_acf_changed":false,"footnotes":""},"class_list":["post-5443","page","type-page","status-publish"],"acf":[],"_links":{"self":[{"href":"https:\/\/www.kayiprihtim.org\/portal\/wp-json\/wp\/v2\/pages\/5443","targetHints":{"allow":["GET"]}}],"collection":[{"href":"https:\/\/www.kayiprihtim.org\/portal\/wp-json\/wp\/v2\/pages"}],"about":[{"href":"https:\/\/www.kayiprihtim.org\/portal\/wp-json\/wp\/v2\/types\/page"}],"author":[{"embeddable":true,"href":"https:\/\/www.kayiprihtim.org\/portal\/wp-json\/wp\/v2\/users\/1"}],"replies":[{"embeddable":true,"href":"https:\/\/www.kayiprihtim.org\/portal\/wp-json\/wp\/v2\/comments?post=5443"}],"version-history":[{"count":0,"href":"https:\/\/www.kayiprihtim.org\/portal\/wp-json\/wp\/v2\/pages\/5443\/revisions"}],"up":[{"embeddable":true,"href":"https:\/\/www.kayiprihtim.org\/portal\/wp-json\/wp\/v2\/pages\/57"}],"wp:attachment":[{"href":"https:\/\/www.kayiprihtim.org\/portal\/wp-json\/wp\/v2\/media?parent=5443"}],"curies":[{"name":"wp","href":"https:\/\/api.w.org\/{rel}","templated":true}]}}