{"id":55,"date":"2008-06-12T07:55:06","date_gmt":"2008-06-12T04:55:06","guid":{"rendered":"http:\/\/www.hayalcini.net\/blog\/anita-blake\/"},"modified":"2022-07-26T18:04:58","modified_gmt":"2022-07-26T15:04:58","slug":"anita-blake-serisi","status":"publish","type":"page","link":"https:\/\/www.kayiprihtim.org\/portal\/kitaplar\/anita-blake-serisi\/","title":{"rendered":"Anita Blake"},"content":{"rendered":"<p>Laurell K. Hamilton&#8217;un \u015fehir fantezisi t\u00fcr\u00fcnde, Anita Blake adl\u0131 vampir avc\u0131s\u0131n\u0131n maceralar\u0131n\u0131 anlatt\u0131\u011f\u0131 seridir.<\/p>\n","protected":false},"excerpt":{"rendered":"<p>Laurell K. Hamilton&#8217;un \u015fehir fantezisi t\u00fcr\u00fcnde, Anita Blake adl\u0131 vampir avc\u0131s\u0131n\u0131n maceralar\u0131n\u0131 anlatt\u0131\u011f\u0131 seridir.<\/p>\n","protected":false},"author":1,"featured_media":0,"parent":57,"menu_order":0,"comment_status":"open","ping_status":"closed","template":"","meta":{"_acf_changed":false,"footnotes":""},"class_list":["post-55","page","type-page","status-publish"],"acf":[],"_links":{"self":[{"href":"https:\/\/www.kayiprihtim.org\/portal\/wp-json\/wp\/v2\/pages\/55","targetHints":{"allow":["GET"]}}],"collection":[{"href":"https:\/\/www.kayiprihtim.org\/portal\/wp-json\/wp\/v2\/pages"}],"about":[{"href":"https:\/\/www.kayiprihtim.org\/portal\/wp-json\/wp\/v2\/types\/page"}],"author":[{"embeddable":true,"href":"https:\/\/www.kayiprihtim.org\/portal\/wp-json\/wp\/v2\/users\/1"}],"replies":[{"embeddable":true,"href":"https:\/\/www.kayiprihtim.org\/portal\/wp-json\/wp\/v2\/comments?post=55"}],"version-history":[{"count":1,"href":"https:\/\/www.kayiprihtim.org\/portal\/wp-json\/wp\/v2\/pages\/55\/revisions"}],"predecessor-version":[{"id":59530,"href":"https:\/\/www.kayiprihtim.org\/portal\/wp-json\/wp\/v2\/pages\/55\/revisions\/59530"}],"up":[{"embeddable":true,"href":"https:\/\/www.kayiprihtim.org\/portal\/wp-json\/wp\/v2\/pages\/57"}],"wp:attachment":[{"href":"https:\/\/www.kayiprihtim.org\/portal\/wp-json\/wp\/v2\/media?parent=55"}],"curies":[{"name":"wp","href":"https:\/\/api.w.org\/{rel}","templated":true}]}}