{"id":5526,"date":"2010-11-01T19:40:36","date_gmt":"2010-11-01T16:40:36","guid":{"rendered":"http:\/\/www.kayiprihtim.org\/portal\/"},"modified":"2016-05-26T06:09:00","modified_gmt":"2016-05-26T03:09:00","slug":"cember-serisi","status":"publish","type":"page","link":"https:\/\/www.kayiprihtim.org\/portal\/kitaplar\/cember-serisi\/","title":{"rendered":"\u00c7ember Serisi"},"content":{"rendered":"<p>Ba\u015flang\u0131c\u0131 Olan Her \u015eeyin Bir de Sonu Vard\u0131r\u2026 \u00c7ember Nerede Ba\u015fl\u0131yor?<\/p>\n<p>\u00c7o\u011fu serinin aksine, \u00c7ember Serisi tamamen d\u00f6ng\u00fcseldir; yani Kitap S\u0131f\u0131r olan Ye\u015fil, hem seriyi okumam\u0131\u015f olanlar i\u00e7in bir ba\u015flang\u0131\u00e7, hem de Siyah, K\u0131rm\u0131z\u0131 ve Beyaz\u2019\u0131 okuyup seriyi tamamlayanlar i\u00e7in biti\u015f niteli\u011findedir. Korkmay\u0131n, hik\u00e2ye hem \u00e7ember hem de s\u0131f\u0131r gibi kesintisiz i\u015fler. Se\u00e7im size kalm\u0131\u015f. \u0130ster Siyah\u2019la ister Ye\u015fil\u2019le ba\u015flay\u0131n.<\/p>\n<p>Maceran\u0131n derinliklerine dal\u0131n.<\/p>\n<h3>Seride Bulunan Kitaplar<\/h3>\n<ol>\n<li>Ye\u015fil<\/li>\n<li>Siyah<\/li>\n<li>K\u0131rm\u0131z\u0131<\/li>\n<li>Beyaz<\/li>\n<\/ol>\n","protected":false},"excerpt":{"rendered":"<p>Ba\u015flang\u0131c\u0131 Olan Her \u015eeyin Bir de Sonu Vard\u0131r\u2026 \u00c7ember Nerede Ba\u015fl\u0131yor? \u00c7o\u011fu serinin aksine, \u00c7ember Serisi tamamen d\u00f6ng\u00fcseldir; yani Kitap S\u0131f\u0131r olan Ye\u015fil, hem seriyi okumam\u0131\u015f olanlar i\u00e7in bir ba\u015flang\u0131\u00e7, hem de Siyah, K\u0131rm\u0131z\u0131 ve Beyaz\u2019\u0131 okuyup seriyi tamamlayanlar i\u00e7in biti\u015f niteli\u011findedir. Korkmay\u0131n, hik\u00e2ye hem \u00e7ember hem de s\u0131f\u0131r gibi kesintisiz i\u015fler. Se\u00e7im size kalm\u0131\u015f. [&hellip;]<\/p>\n","protected":false},"author":1,"featured_media":0,"parent":57,"menu_order":0,"comment_status":"open","ping_status":"closed","template":"","meta":{"_acf_changed":false,"footnotes":""},"class_list":["post-5526","page","type-page","status-publish"],"acf":[],"_links":{"self":[{"href":"https:\/\/www.kayiprihtim.org\/portal\/wp-json\/wp\/v2\/pages\/5526","targetHints":{"allow":["GET"]}}],"collection":[{"href":"https:\/\/www.kayiprihtim.org\/portal\/wp-json\/wp\/v2\/pages"}],"about":[{"href":"https:\/\/www.kayiprihtim.org\/portal\/wp-json\/wp\/v2\/types\/page"}],"author":[{"embeddable":true,"href":"https:\/\/www.kayiprihtim.org\/portal\/wp-json\/wp\/v2\/users\/1"}],"replies":[{"embeddable":true,"href":"https:\/\/www.kayiprihtim.org\/portal\/wp-json\/wp\/v2\/comments?post=5526"}],"version-history":[{"count":0,"href":"https:\/\/www.kayiprihtim.org\/portal\/wp-json\/wp\/v2\/pages\/5526\/revisions"}],"up":[{"embeddable":true,"href":"https:\/\/www.kayiprihtim.org\/portal\/wp-json\/wp\/v2\/pages\/57"}],"wp:attachment":[{"href":"https:\/\/www.kayiprihtim.org\/portal\/wp-json\/wp\/v2\/media?parent=5526"}],"curies":[{"name":"wp","href":"https:\/\/api.w.org\/{rel}","templated":true}]}}