{"id":558,"date":"2009-01-23T20:36:57","date_gmt":"2009-01-23T18:36:57","guid":{"rendered":"http:\/\/www.kayiprihtim.org\/portal\/?page_id=558"},"modified":"2012-01-28T12:24:52","modified_gmt":"2012-01-28T10:24:52","slug":"frp-nasil-oynanir","status":"publish","type":"page","link":"https:\/\/www.kayiprihtim.org\/portal\/frp\/frp-nasil-oynanir\/","title":{"rendered":"FRP | Nas\u0131l Oynan\u0131r?"},"content":{"rendered":"<p style=\"text-indent: 0.4cm; text-align: justify;\"><strong>Peki bu FRP nas\u0131l oynan\u0131r?<\/strong><\/p>\n<p style=\"text-indent: 0.4cm; text-align: justify;\">\u015eimdi gelelim oyunun nas\u0131l oynand\u0131\u011f\u0131 konusuna: Oyunun oynanaca\u011f\u0131 setting \u00fczerine DM; haz\u0131rda sat\u0131lan macera kitaplar\u0131ndan (adventure books) birini veya kendi kafas\u0131nda tasarlad\u0131\u011f\u0131 bir maceray\u0131 se\u00e7er. Daha sonra gene bu setting \u00fczerinden Player&#8217;s Handbook kitab\u0131 kullan\u0131larak oyuncular\u0131n <em>karakter k\u00e2\u011f\u0131tlar\u0131<\/em> (o oyuncunun ba\u015ftan sona t\u00fcm fiziksel, zihinsel ve ki\u015fisel \u00f6zelliklerinin bulundu\u011fu k\u00e2\u011f\u0131t) yarat\u0131l\u0131r. E\u011fer oyundan al\u0131nan zevki maksimuma \u00e7\u0131karmak isterseniz karakter k\u00e2\u011f\u0131d\u0131n\u0131z\u0131 DM&#8217;den ba\u015fka kimseye g\u00f6stermemelisiniz. B\u00f6ylece oyun daha gizemli olacak ve birbirinizi tan\u0131yabilmek i\u00e7in teatral yeteneklerinizi daha fazla \u00f6n plana \u00e7\u0131karmak zorunda kalacaks\u0131n\u0131z.<\/p>\n<p style=\"text-indent: 0.4cm; text-align: justify;\">Bu noktadan itibaren kavramlara a\u00e7\u0131kl\u0131k getirmek i\u00e7in AD&amp;D yani Advanced Dungeons and Dragons (ki rezil \u00f6tesi bir ilk ve m\u00fcthi\u015f bir ikinci filmi vard\u0131r) setting&#8217;i \u00fczerinden gidece\u011fim. Di\u011fer yaz\u0131lar\u0131mda ise di\u011fer settingler hakk\u0131nda bilgi verece\u011fim.<\/p>\n<p style=\"text-indent: 0.4cm; text-align: justify;\">\u00d6ncelikle yukar\u0131da bahsetti\u011fim &#8220;zar&#8221; olay\u0131 nedir? Oyunumuz, bilinen 6 y\u00fczl\u00fc k\u00fcp zar\u0131n yan\u0131 s\u0131ra 4, 8, 10, 12, 20 y\u00fczl\u00fc zarlarla oynanmakta. Her zar\u0131n kullan\u0131ld\u0131\u011f\u0131 yerler var, bunlar\u0131 bilgisayar oyunlar\u0131ndan (Icewind Dale, Baldur&#8217;s Gate vb&#8230;) hat\u0131rlayabilirsiniz. K\u0131l\u0131\u00e7lar\u0131n\u0131z\u0131n zarar g\u00f6stergelerinde 1d6, 2d8 gibi ibareler vard\u0131r. Buradaki ilk rakamlar zar\u0131n ka\u00e7 kere at\u0131laca\u011f\u0131, ikinci rakamlar ise hangi zar\u0131n at\u0131laca\u011f\u0131d\u0131r.<\/p>\n<p style=\"text-indent: 0.4cm; text-align: justify;\">Oyunda mant\u0131kl\u0131 olan\u0131 oyun masas\u0131nda 2 zar setinin bulunmas\u0131d\u0131r. Bunlardan birini oyuncular kullan\u0131rken di\u011ferini de DM kullan\u0131r. Oyuncular sava\u015f esnas\u0131nda d\u00fc\u015fmana yapt\u0131klar\u0131 sald\u0131r\u0131lar\u0131n\u0131 g\u00f6rmek ve ba\u015far\u0131l\u0131 bir vuru\u015f yapt\u0131larsa ne kadar zarar verdiklerini belirlemek i\u00e7in bu zarlar\u0131 kullan\u0131rlar. DM ise oyuncular\u0131n kar\u015f\u0131lar\u0131na \u00e7\u0131kard\u0131\u011f\u0131 yarat\u0131klar i\u00e7in ayn\u0131 prosed\u00fcr\u00fc tekrarlar. Ayr\u0131ca sava\u015f d\u0131\u015f\u0131 hareketlerde de DM belirleyici unsurdur ve gene elindeki zarlara ba\u015fvurur (tabii yap\u0131lacak hareket \u00e7ok da abart\u0131l\u0131 olmazsa) Mesela sava\u015f s\u0131ras\u0131nda arkada\u015flar\u0131n\u0131zdan biri yaraland\u0131 ve ona Healing Potion (iyile\u015ftirme iksiri) vereceksiniz. Yan\u0131na gidene kadar turn (yani zaman) kaybetmek istemiyorsan\u0131z \u015fi\u015feyi arkada\u015f\u0131n\u0131za f\u0131rlatmay\u0131 deneyebilirsiniz. Sizin f\u0131rlatmak ve arkada\u015f\u0131n\u0131z\u0131n tutmak i\u00e7in att\u0131\u011f\u0131 zarlara g\u00f6re DM, bu hareketin ba\u015far\u0131l\u0131 olup olmad\u0131\u011f\u0131n\u0131 belirler.<\/p>\n<p style=\"text-indent: 0.4cm; text-align: justify;\">T\u00fcm oyuncular haz\u0131r olduktan sonra DM k\u0131saca oyunun ge\u00e7ti\u011fi yeri ve zaman\u0131 tarif eder ve NPC karakterler arac\u0131l\u0131\u011f\u0131 ile (bu karakterler oyuncular\u0131n macera boyunca kar\u015f\u0131la\u015faca\u011f\u0131 DM&#8217;in y\u00f6netti\u011fi karakterler) grubun bir <em>quest<\/em> (g\u00f6rev) almas\u0131n\u0131 sa\u011flar. Tabii burada \u00f6nemli olan bu quest&#8217;in grubu ikna edici olmas\u0131 gerekti\u011fidir. Daha \u00f6nce de bahsetti\u011fim gibi oyun tamamen hayal g\u00fcc\u00fcn\u00fcn s\u0131n\u0131rlar\u0131 ile \u00e7evrelendi\u011finden DM sizi istemedi\u011finiz bir \u015feye zorlamamal\u0131. \u00d6rne\u011fin siz k\u00f6t\u00fc bir karaktersiniz ve DM bir kral olarak sizden ka\u00e7\u0131r\u0131lan k\u0131z\u0131n\u0131 kurtarman\u0131z\u0131 istiyor. Oyuncuya bu g\u00f6revi kabul ettirebilmesi i\u00e7in DM&#8217;in vaat etti\u011fi \u00f6d\u00fcl \u00e7ok \u00f6nemli \u00e7\u00fcnk\u00fc hi\u00e7bir k\u00f6t\u00fc karakter iyilik ad\u0131na bu tip bir i\u015fe kalk\u0131\u015fmaz. Di\u011fer yandan paladin oynatan bir oyuncu ise hi\u00e7bir \u00f6d\u00fcl beklemeksizin k\u0131z\u0131 kurtaraca\u011f\u0131na and i\u00e7er (yahu \u015fu paladinler de ne acayip adamlar sen hayat\u0131n boyunca be\u015f kuru\u015f almaks\u0131z\u0131n ona buna iyilik et. \u00c7ekilir dert de\u011fil :) Ve oyun b\u00f6ylece devam eder.<\/p>\n<p style=\"text-indent: 0.4cm; text-align: justify;\">FRP&#8217;nin en g\u00fczel yanlar\u0131ndan bir ise karakterleriniz ya\u015fad\u0131\u011f\u0131 s\u00fcrece farkl\u0131 maceralarla oyuna devam edebilmenizdir. Mesela 2. s\u0131n\u0131fta ders ald\u0131\u011f\u0131m Ian Almond ad\u0131ndaki hocam\u0131n yakla\u015f\u0131k 10 senedir oynatt\u0131\u011f\u0131 bir wizard karakteri oldu\u011funu \u00f6\u011frendi\u011fimde \u00e7ok \u015fa\u015f\u0131rm\u0131\u015ft\u0131m (hem 10 senelik karakterden hem de adam\u0131n FRP oynuyor olmas\u0131ndan dolay\u0131 :)<\/p>\n<p style=\"text-indent: 0.4cm; text-align: justify;\">Bu yaz\u0131da sizlere FRP&#8217;nin genel hatlar\u0131ndan \u015f\u00f6yle bir bahsettim. Gelecek yaz\u0131lar\u0131mda karakter yaratmaktan, \u00e7e\u015fitli an\u0131lara, \u00fcnl\u00fc karakterlerden, iyi bir DM nas\u0131l olmal\u0131 konusuna kadar FRP&#8217;yi daha geni\u015f bir \u00e7er\u00e7evede ele almay\u0131 d\u00fc\u015f\u00fcn\u00fcyorum. O zaman kadar kendinize iyi bak\u0131n.<\/p>\n<p style=\"text-indent: 0.4cm; text-align: justify;\"><em>Tanr\u0131lar bileklerinizden g\u00fcc\u00fc, kalplerinizden inanc\u0131, akl\u0131n\u0131zdan b\u00fcy\u00fcy\u00fc, ormanlar\u0131n\u0131zdan huzuru, sokaklar\u0131n\u0131zdan g\u00f6lgeleri ve baladlar\u0131n\u0131zdan ilham\u0131 eksik etmesinler.<\/em><\/p>\n<p style=\"text-indent: 0.4cm; text-align: justify;\"><span style=\"color: #ff0000;\"><strong>Emir &#8220;Galadtar&#8221; \u00c7etinba\u015f<\/strong><\/span><\/p>\n","protected":false},"excerpt":{"rendered":"<p>Peki bu FRP nas\u0131l oynan\u0131r? \u015eimdi gelelim oyunun nas\u0131l oynand\u0131\u011f\u0131 konusuna: Oyunun oynanaca\u011f\u0131 setting \u00fczerine DM; haz\u0131rda sat\u0131lan macera kitaplar\u0131ndan (adventure books) birini veya kendi kafas\u0131nda tasarlad\u0131\u011f\u0131 bir maceray\u0131 se\u00e7er. Daha sonra gene bu setting \u00fczerinden Player&#8217;s Handbook kitab\u0131 kullan\u0131larak oyuncular\u0131n karakter k\u00e2\u011f\u0131tlar\u0131 (o oyuncunun ba\u015ftan sona t\u00fcm fiziksel, zihinsel ve ki\u015fisel \u00f6zelliklerinin bulundu\u011fu k\u00e2\u011f\u0131t) [&hellip;]<\/p>\n","protected":false},"author":1,"featured_media":0,"parent":4891,"menu_order":0,"comment_status":"open","ping_status":"closed","template":"","meta":{"_acf_changed":false,"footnotes":""},"class_list":["post-558","page","type-page","status-publish"],"acf":[],"_links":{"self":[{"href":"https:\/\/www.kayiprihtim.org\/portal\/wp-json\/wp\/v2\/pages\/558","targetHints":{"allow":["GET"]}}],"collection":[{"href":"https:\/\/www.kayiprihtim.org\/portal\/wp-json\/wp\/v2\/pages"}],"about":[{"href":"https:\/\/www.kayiprihtim.org\/portal\/wp-json\/wp\/v2\/types\/page"}],"author":[{"embeddable":true,"href":"https:\/\/www.kayiprihtim.org\/portal\/wp-json\/wp\/v2\/users\/1"}],"replies":[{"embeddable":true,"href":"https:\/\/www.kayiprihtim.org\/portal\/wp-json\/wp\/v2\/comments?post=558"}],"version-history":[{"count":0,"href":"https:\/\/www.kayiprihtim.org\/portal\/wp-json\/wp\/v2\/pages\/558\/revisions"}],"up":[{"embeddable":true,"href":"https:\/\/www.kayiprihtim.org\/portal\/wp-json\/wp\/v2\/pages\/4891"}],"wp:attachment":[{"href":"https:\/\/www.kayiprihtim.org\/portal\/wp-json\/wp\/v2\/media?parent=558"}],"curies":[{"name":"wp","href":"https:\/\/api.w.org\/{rel}","templated":true}]}}