{"id":5657,"date":"2010-11-09T20:14:18","date_gmt":"2010-11-09T18:14:18","guid":{"rendered":"http:\/\/www.kayiprihtim.org\/portal\/"},"modified":"2012-01-31T10:55:50","modified_gmt":"2012-01-31T08:55:50","slug":"vadinin-kahramanlari","status":"publish","type":"page","link":"https:\/\/www.kayiprihtim.org\/portal\/kitaplar\/vadinin-kahramanlari\/","title":{"rendered":"Vadinin Kahramanlar\u0131"},"content":{"rendered":"<table style=\"border: thin outset; border-collapse: collapse; height: 30px; width: 470px;\" border=\"0\" cellpadding=\"2\">\n<tbody>\n<tr>\n<td width=\"30%\" bgcolor=\"#330000\"><span style=\"color: #ffffff;\"><span style=\"font-family: Verdana;\"><strong>VAD\u0130N\u0130N KAHRAMANLARI<\/strong><\/span><\/span><span style=\"font-family: Verdana; color: #ffffff;\"><strong><br \/>\n<\/strong><\/span><\/td>\n<\/tr>\n<\/tbody>\n<\/table>\n<table style=\"border-collapse: collapse; width: 462px; height: 250px;\" border=\"0\" cellspacing=\"0\" cellpadding=\"0\" bordercolor=\"#111111\">\n<tbody>\n<tr>\n<td width=\"58%\" align=\"center\" valign=\"top\">\n<table style=\"border-collapse: collapse; width: 315px; height: 248px;\" border=\"0\" cellspacing=\"2\">\n<tbody>\n<tr>\n<td width=\"100%\" align=\"right\">\n<table style=\"width: 310px; height: 88px;\" border=\"0\" cellspacing=\"0\">\n<tbody>\n<tr bgcolor=\"#D1C4A5\">\n<td width=\"39%\"><strong>Yazar<\/strong><\/td>\n<td width=\"3%\">:<\/td>\n<td width=\"51%\">Jonathan Stroud<span style=\"color: #181512;\"> <\/span><\/td>\n<\/tr>\n<tr bgcolor=\"#E4DDCB\">\n<td><strong>\u00c7eviri<\/strong><\/td>\n<td width=\"3%\">:<\/td>\n<td width=\"51%\">Elif Demir<\/td>\n<\/tr>\n<tr bgcolor=\"#D1C4A5\">\n<td width=\"39%\"><strong>Yay\u0131na Haz\u0131rlayan<br \/>\n<\/strong><\/td>\n<td width=\"3%\">:<\/td>\n<td width=\"51%\">Mine \u00c7evik<\/td>\n<\/tr>\n<tr bgcolor=\"#E4DDCB\">\n<td width=\"39%\"><strong>\u00d6zg\u00fcn Ad\u0131<\/strong><\/td>\n<td width=\"3%\">:<\/td>\n<td width=\"51%\">Heroes of the Valley<\/td>\n<\/tr>\n<\/tbody>\n<\/table>\n<\/td>\n<\/tr>\n<tr>\n<td style=\"border-style: solid ridge ridge; border-width: 1px; padding-left: 4px; padding-right: 4px;\" width=\"100%\" bgcolor=\"#C0B18D\"><strong><span style=\"font-size: 9pt; font-family: Tahoma;\">Arkada\u015f Yay\u0131nlar\u0131<br \/>\n<\/span><\/strong><\/td>\n<\/tr>\n<tr>\n<td width=\"100%\" align=\"right\">\n<table style=\"width: 310px; height: 88px;\" border=\"0\" cellspacing=\"0\">\n<tbody>\n<tr bgcolor=\"#E4DDCB\">\n<td width=\"39%\"><strong>\u00c7\u0131k\u0131\u015f Tarihi<\/strong><strong><br \/>\n<\/strong><\/td>\n<td width=\"3%\">:<\/td>\n<td width=\"51%\"><span style=\"color: #181512;\">Kas\u0131m, 2010<\/span><span style=\"color: #181512;\"><br \/>\n<\/span><\/td>\n<\/tr>\n<tr bgcolor=\"#D1C4A5\">\n<td><strong>Sayfa Say\u0131s\u0131<\/strong><\/td>\n<td width=\"3%\">:<\/td>\n<td width=\"51%\">456<\/td>\n<\/tr>\n<tr bgcolor=\"#E4DDCB\">\n<td width=\"39%\"><strong>Fiyat\u0131<\/strong><\/td>\n<td width=\"3%\">:<\/td>\n<td width=\"51%\">17,50 TL<\/td>\n<\/tr>\n<tr bgcolor=\"#D1C4A5\">\n<td width=\"39%\"><strong>ISBN No<\/strong><\/td>\n<td width=\"3%\">:<\/td>\n<td width=\"51%\">9789755096582<\/td>\n<\/tr>\n<\/tbody>\n<\/table>\n<\/td>\n<\/tr>\n<\/tbody>\n<\/table>\n<\/td>\n<td width=\"39%\" align=\"left\" valign=\"top\">\n<p style=\"text-align: center;\">\n<p><a href=\"https:\/\/www.kayiprihtim.org\/portal\/gorsel\/Vadinin-Kahramanlari.jpg\" target=\"_blank\"><img decoding=\"async\" src=\"https:\/\/www.kayiprihtim.org\/portal\/gorsel\/Vadinin-Kahramanlari.jpg\" border=\"0\" alt=\"\" hspace=\"1\" width=\"140\" height=\"219\" class=\"aligncenter\"><\/a><\/td>\n<\/tr>\n<\/tbody>\n<\/table>\n<table style=\"border-collapse: collapse; width: 47%;\" border=\"0\" cellpadding=\"0\">\n<tbody>\n<tr>\n<td width=\"54%\">\n<table style=\"border-collapse: collapse; height: 147px; width: 470px;\" border=\"0\" cellspacing=\"0\" cellpadding=\"2\">\n<tbody>\n<tr>\n<td style=\"border-style: solid ridge ridge; border-width: 1px; padding-left: 4px; padding-right: 4px;\" width=\"98%\" bgcolor=\"#C0B18D\"><strong><span style=\"font-size: 9pt; font-family: Tahoma;\">Tan\u0131t\u0131m Yaz\u0131s\u0131<br \/>\n<\/span><\/strong><\/td>\n<\/tr>\n<tr>\n<td width=\"99%\" align=\"left\">\n<table style=\"width: 465px;\" border=\"0\">\n<tbody>\n<tr>\n<td style=\"border-style: outset; border-width: 1px;\" width=\"96%\" bgcolor=\"#D1C4A5\">\n<table style=\"border-collapse: collapse; width: 452px; height: 199px;\" border=\"0\" cellspacing=\"0\" cellpadding=\"5\" bgcolor=\"#D1C4A5\" bordercolor=\"#D1C4A5\">\n<tbody>\n<tr>\n<td width=\"96%\" bgcolor=\"#D1C4A5\">&#8220;Jonathan Stroud&#8217;un gizem dolu \u00fc\u00e7lemesi Bartimaeus \u00dc\u00e7lemesi&#8217;nin ard\u0131ndan yeni kitab\u0131 Vadinin Kahramanlar\u0131 Arkada\u015f Yay\u0131nevi&#8217;nde.<\/p>\n<p>Halli, vadinin kana susam\u0131\u015f Trollerin ku\u015fatmas\u0131 alt\u0131nda, vah\u015fi ve tehlikeli bir yer oldu\u011fu g\u00fcnlere dair hik\u00e2yeleri dinlemeye bay\u0131l\u0131r ve efsanevi \u015f\u00f6valyelerin bir araya gelip, g\u00fcn a\u011farana dek kadim d\u00fc\u015fmanla d\u00f6v\u00fc\u015ft\u00fckleri geceyi hayalinde canland\u0131rmaktan b\u00fcy\u00fck keyif al\u0131rd\u0131.<\/p>\n<p>Oysa \u015fimdilerde, Trollerle d\u00f6v\u00fc\u015fmek yerini tar\u0131ma b\u0131rakm\u0131\u015ft\u0131 ve kahramanl\u0131k dolu davran\u0131\u015flar\u0131n art\u0131k ge\u00e7mi\u015fte kalm\u0131\u015f gibi g\u00f6r\u00fcnmesi de Halli&#8217;nin b\u00fcy\u00fck bir hayal k\u0131r\u0131kl\u0131\u011f\u0131 ya\u015famas\u0131na neden oluyordu. Vadide art\u0131k bar\u0131\u015f vard\u0131.<\/p>\n<p>Ancak bir e\u015fek \u015fakas\u0131n\u0131n sonucunda eski bir kan davas\u0131 yeniden alevlenince, Halli de kendi g\u00f6z\u00fcpek aray\u0131\u015f\u0131n\u0131 ger\u00e7ekle\u015ftirme \u015fans\u0131n\u0131 yakalad\u0131\u011f\u0131n\u0131 d\u00fc\u015f\u00fcnmeye ba\u015flad\u0131.<\/p>\n<p>Arne Evi&#8217;nin yeg\u00e2ne k\u0131z\u0131 ve en az Halli kadar g\u00f6z\u00fc kara ve dik ba\u015fl\u0131 Aud da ona kat\u0131lm\u0131\u015ft\u0131. Art\u0131k birlikte, o g\u00fcne dek \u00f6\u011frendikleri her \u015feye meydan okumaya ve efsaneler, vadi ve kendileri hakk\u0131ndaki ger\u00e7ekleri ke\u015ffetmeye koyulacaklard\u0131.<\/p>\n<p>Vadinin Kahramanlar\u0131, olaylar\u0131n ak\u0131\u015f\u0131nda beklenmedik d\u00f6n\u00fc\u015fler, me\u015fum d\u00fc\u015fmanlar ve k\u00fc\u00e7\u00fck ama unutulmaz bir kahramanla, destans\u0131 bir ser\u00fcven.<\/td>\n<\/tr>\n<\/tbody>\n<\/table>\n<\/td>\n<\/tr>\n<\/tbody>\n<\/table>\n<\/td>\n<\/tr>\n<\/tbody>\n<\/table>\n<\/td>\n<\/tr>\n<\/tbody>\n<\/table>\n","protected":false},"excerpt":{"rendered":"<p>VAD\u0130N\u0130N KAHRAMANLARI Yazar : Jonathan Stroud \u00c7eviri : Elif Demir Yay\u0131na Haz\u0131rlayan : Mine \u00c7evik \u00d6zg\u00fcn Ad\u0131 : Heroes of the Valley Arkada\u015f Yay\u0131nlar\u0131 \u00c7\u0131k\u0131\u015f Tarihi : Kas\u0131m, 2010 Sayfa Say\u0131s\u0131 : 456 Fiyat\u0131 : 17,50 TL ISBN No : 9789755096582 Tan\u0131t\u0131m Yaz\u0131s\u0131 &#8220;Jonathan Stroud&#8217;un gizem dolu \u00fc\u00e7lemesi Bartimaeus \u00dc\u00e7lemesi&#8217;nin ard\u0131ndan yeni kitab\u0131 Vadinin Kahramanlar\u0131 [&hellip;]<\/p>\n","protected":false},"author":1,"featured_media":0,"parent":57,"menu_order":0,"comment_status":"open","ping_status":"closed","template":"","meta":{"_acf_changed":false,"footnotes":""},"class_list":["post-5657","page","type-page","status-publish"],"acf":[],"_links":{"self":[{"href":"https:\/\/www.kayiprihtim.org\/portal\/wp-json\/wp\/v2\/pages\/5657","targetHints":{"allow":["GET"]}}],"collection":[{"href":"https:\/\/www.kayiprihtim.org\/portal\/wp-json\/wp\/v2\/pages"}],"about":[{"href":"https:\/\/www.kayiprihtim.org\/portal\/wp-json\/wp\/v2\/types\/page"}],"author":[{"embeddable":true,"href":"https:\/\/www.kayiprihtim.org\/portal\/wp-json\/wp\/v2\/users\/1"}],"replies":[{"embeddable":true,"href":"https:\/\/www.kayiprihtim.org\/portal\/wp-json\/wp\/v2\/comments?post=5657"}],"version-history":[{"count":0,"href":"https:\/\/www.kayiprihtim.org\/portal\/wp-json\/wp\/v2\/pages\/5657\/revisions"}],"up":[{"embeddable":true,"href":"https:\/\/www.kayiprihtim.org\/portal\/wp-json\/wp\/v2\/pages\/57"}],"wp:attachment":[{"href":"https:\/\/www.kayiprihtim.org\/portal\/wp-json\/wp\/v2\/media?parent=5657"}],"curies":[{"name":"wp","href":"https:\/\/api.w.org\/{rel}","templated":true}]}}