{"id":5723,"date":"2010-11-13T18:01:13","date_gmt":"2010-11-13T16:01:13","guid":{"rendered":"http:\/\/www.kayiprihtim.org\/portal\/"},"modified":"2012-01-31T10:54:38","modified_gmt":"2012-01-31T08:54:38","slug":"susayanin-uyanisi","status":"publish","type":"page","link":"https:\/\/www.kayiprihtim.org\/portal\/kitaplar\/susayanin-uyanisi\/","title":{"rendered":"Susayan\u0131n Uyan\u0131\u015f\u0131"},"content":{"rendered":"<table style=\"border: thin outset; border-collapse: collapse; height: 30px; width: 470px;\" border=\"0\" cellpadding=\"2\">\n<tbody>\n<tr>\n<td width=\"30%\" bgcolor=\"#330000\"><span style=\"color: #ffffff;\"><span style=\"font-family: Verdana;\"><strong>SUSAYANIN UYANI\u015eI<\/strong><\/span><\/span><span style=\"font-family: Verdana; color: #ffffff;\"><strong><br \/>\n<\/strong><\/span><\/td>\n<\/tr>\n<\/tbody>\n<\/table>\n<table style=\"border-collapse: collapse; width: 462px; height: 250px;\" border=\"0\" cellspacing=\"0\" cellpadding=\"0\" bordercolor=\"#111111\">\n<tbody>\n<tr>\n<td width=\"58%\" align=\"center\" valign=\"top\">\n<table style=\"border-collapse: collapse; width: 315px; height: 248px;\" border=\"0\" cellspacing=\"2\">\n<tbody>\n<tr>\n<td width=\"100%\" align=\"right\">\n<table style=\"width: 310px; height: 88px;\" border=\"0\" cellspacing=\"0\">\n<tbody>\n<tr bgcolor=\"#D1C4A5\">\n<td width=\"39%\"><strong>Yazar<\/strong><\/td>\n<td width=\"3%\">:<\/td>\n<td width=\"51%\">Levent \u00d6l\u00e7er<span style=\"color: #181512;\"> <\/span><\/td>\n<\/tr>\n<tr bgcolor=\"#E4DDCB\">\n<td><strong>Tan\u0131m<\/strong><\/td>\n<td width=\"3%\">:<\/td>\n<td width=\"51%\">Uzun Yol<\/td>\n<\/tr>\n<tr bgcolor=\"#D1C4A5\">\n<td width=\"39%\"><strong>Kapak<\/strong><\/td>\n<td width=\"3%\">:<\/td>\n<td width=\"51%\">Ciltsiz Karton<\/td>\n<\/tr>\n<tr bgcolor=\"#E4DDCB\">\n<td width=\"39%\"><strong>Ebat<\/strong><\/td>\n<td width=\"3%\">:<\/td>\n<td width=\"51%\">14 x 20 cm<\/td>\n<\/tr>\n<\/tbody>\n<\/table>\n<\/td>\n<\/tr>\n<tr>\n<td style=\"border-style: solid ridge ridge; border-width: 1px; padding-left: 4px; padding-right: 4px;\" width=\"100%\" bgcolor=\"#C0B18D\"><strong><span style=\"font-size: 9pt; font-family: Tahoma;\">Cinius Yay\u0131nlar\u0131<br \/>\n<\/span><\/strong><\/td>\n<\/tr>\n<tr>\n<td width=\"100%\" align=\"right\">\n<table style=\"width: 310px; height: 88px;\" border=\"0\" cellspacing=\"0\">\n<tbody>\n<tr bgcolor=\"#E4DDCB\">\n<td width=\"39%\"><strong>\u00c7\u0131k\u0131\u015f Tarihi<\/strong><strong><br \/>\n<\/strong><\/td>\n<td width=\"3%\">:<\/td>\n<td width=\"51%\"><span style=\"color: #181512;\">Kas\u0131m, 2010<\/span><span style=\"color: #181512;\"><br \/>\n<\/span><\/td>\n<\/tr>\n<tr bgcolor=\"#D1C4A5\">\n<td><strong>Sayfa Say\u0131s\u0131<\/strong><\/td>\n<td width=\"3%\">:<\/td>\n<td width=\"51%\">602<\/td>\n<\/tr>\n<tr bgcolor=\"#E4DDCB\">\n<td width=\"39%\"><strong>Fiyat\u0131<\/strong><\/td>\n<td width=\"3%\">:<\/td>\n<td width=\"51%\">39,00 TL<\/td>\n<\/tr>\n<tr bgcolor=\"#D1C4A5\">\n<td width=\"39%\"><strong>ISBN No<\/strong><\/td>\n<td width=\"3%\">:<\/td>\n<td width=\"51%\">9786051271460<\/td>\n<\/tr>\n<\/tbody>\n<\/table>\n<\/td>\n<\/tr>\n<\/tbody>\n<\/table>\n<\/td>\n<td width=\"39%\" align=\"left\" valign=\"top\">\n<p style=\"text-align: center;\">\n<p><a href=\"https:\/\/www.kayiprihtim.org\/portal\/gorsel\/susayanin-uyanisi.jpg\" target=\"_blank\"><img decoding=\"async\" src=\"https:\/\/www.kayiprihtim.org\/portal\/gorsel\/susayanin-uyanisi.jpg\" border=\"0\" alt=\"\" hspace=\"1\" width=\"140\" height=\"219\" class=\"aligncenter\"><\/a><\/td>\n<\/tr>\n<\/tbody>\n<\/table>\n<table style=\"border-collapse: collapse; width: 47%;\" border=\"0\" cellpadding=\"0\">\n<tbody>\n<tr>\n<td width=\"54%\">\n<table style=\"border-collapse: collapse; height: 147px; width: 470px;\" border=\"0\" cellspacing=\"0\" cellpadding=\"2\">\n<tbody>\n<tr>\n<td style=\"border-style: solid ridge ridge; border-width: 1px; padding-left: 4px; padding-right: 4px;\" width=\"98%\" bgcolor=\"#C0B18D\"><strong><span style=\"font-size: 9pt; font-family: Tahoma;\">Tan\u0131t\u0131m Yaz\u0131s\u0131<br \/>\n<\/span><\/strong><\/td>\n<\/tr>\n<tr>\n<td width=\"99%\" align=\"left\">\n<table style=\"width: 465px;\" border=\"0\">\n<tbody>\n<tr>\n<td style=\"border-style: outset; border-width: 1px;\" width=\"96%\" bgcolor=\"#D1C4A5\">\n<table style=\"border-collapse: collapse; width: 452px; height: 199px;\" border=\"0\" cellspacing=\"0\" cellpadding=\"5\" bgcolor=\"#D1C4A5\" bordercolor=\"#D1C4A5\">\n<tbody>\n<tr>\n<td width=\"96%\" bgcolor=\"#D1C4A5\">&#8220;Son B\u00fcy\u00fck Sava\u015f&#8217;tan bu yana yakla\u015f\u0131k yedi y\u00fczy\u0131l ge\u00e7mi\u015fti. \u0130ldar \u00fczerinde huzursuz bir ate\u015fkes g\u00fcnden g\u00fcne yitiriliyor ve karanl\u0131\u011f\u0131n daha g\u00fc\u00e7l\u00fc olan h\u00fckm\u00fc \u0131\u015f\u0131\u011f\u0131 her yandan sinsice ku\u015fat\u0131yordu..<\/p>\n<p>Zor g\u00fcnlerin fark\u0131nda olanlar gelmekte olan k\u0131yametin de fark\u0131ndayd\u0131. K\u00f6t\u00fcl\u00fc\u011fe kar\u015f\u0131 durmaya kararl\u0131 olanlar binbir cephede imkans\u0131z sava\u015flar\u0131n\u0131 veriyordu. B\u00fct\u00fcn bu karma\u015fan\u0131n i\u00e7inde g\u00fcn\u00fcn birinde bir b\u00fcy\u00fcc\u00fcn\u00fcn eline y\u0131pranm\u0131\u015f, kana bulanm\u0131\u015f bir yazma ula\u015ft\u0131.<\/p>\n<p>Kader yeniden a\u011flar\u0131n\u0131 \u00f6rm\u00fc\u015f ve sahneyi bir kez daha kurmu\u015ftu. I\u015f\u0131k ve G\u00f6lge aras\u0131ndaki kavgada ate\u015fkes sona yakla\u015f\u0131yordu..<\/p>\n<p>G\u00f6lge derin karanl\u0131\u011f\u0131ndan pelerini alt\u0131nda hala \u0131\u015f\u0131ktan \u00e7ok g\u00fc\u00e7l\u00fcyd\u00fc ve bunu de\u011fi\u015ftirmek i\u00e7in bir \u015feyler yap\u0131lmal\u0131yd\u0131. B\u00fcy\u00fcc\u00fc&#8217;n\u00fcn \u00f6nderli\u011findeki dostlar Til&#8217;Asis&#8217;i aramak i\u00e7in yola \u00e7\u0131kt\u0131. Dengeleri de\u011fi\u015ftirme \u00e7abas\u0131ndaki aray\u0131\u015flar\u0131 onlar\u0131n hayat\u0131n\u0131 da \u0130ldar&#8217;\u0131 de\u011fi\u015ftirdi\u011fi gibi de\u011fi\u015ftirecekti..&#8221;<\/td>\n<\/tr>\n<\/tbody>\n<\/table>\n<\/td>\n<\/tr>\n<\/tbody>\n<\/table>\n<\/td>\n<\/tr>\n<\/tbody>\n<\/table>\n<\/td>\n<\/tr>\n<\/tbody>\n<\/table>\n","protected":false},"excerpt":{"rendered":"<p>SUSAYANIN UYANI\u015eI Yazar : Levent \u00d6l\u00e7er Tan\u0131m : Uzun Yol Kapak : Ciltsiz Karton Ebat : 14 x 20 cm Cinius Yay\u0131nlar\u0131 \u00c7\u0131k\u0131\u015f Tarihi : Kas\u0131m, 2010 Sayfa Say\u0131s\u0131 : 602 Fiyat\u0131 : 39,00 TL ISBN No : 9786051271460 Tan\u0131t\u0131m Yaz\u0131s\u0131 &#8220;Son B\u00fcy\u00fck Sava\u015f&#8217;tan bu yana yakla\u015f\u0131k yedi y\u00fczy\u0131l ge\u00e7mi\u015fti. \u0130ldar \u00fczerinde huzursuz bir ate\u015fkes [&hellip;]<\/p>\n","protected":false},"author":1,"featured_media":0,"parent":57,"menu_order":0,"comment_status":"open","ping_status":"closed","template":"","meta":{"_acf_changed":false,"footnotes":""},"class_list":["post-5723","page","type-page","status-publish"],"acf":[],"_links":{"self":[{"href":"https:\/\/www.kayiprihtim.org\/portal\/wp-json\/wp\/v2\/pages\/5723","targetHints":{"allow":["GET"]}}],"collection":[{"href":"https:\/\/www.kayiprihtim.org\/portal\/wp-json\/wp\/v2\/pages"}],"about":[{"href":"https:\/\/www.kayiprihtim.org\/portal\/wp-json\/wp\/v2\/types\/page"}],"author":[{"embeddable":true,"href":"https:\/\/www.kayiprihtim.org\/portal\/wp-json\/wp\/v2\/users\/1"}],"replies":[{"embeddable":true,"href":"https:\/\/www.kayiprihtim.org\/portal\/wp-json\/wp\/v2\/comments?post=5723"}],"version-history":[{"count":0,"href":"https:\/\/www.kayiprihtim.org\/portal\/wp-json\/wp\/v2\/pages\/5723\/revisions"}],"up":[{"embeddable":true,"href":"https:\/\/www.kayiprihtim.org\/portal\/wp-json\/wp\/v2\/pages\/57"}],"wp:attachment":[{"href":"https:\/\/www.kayiprihtim.org\/portal\/wp-json\/wp\/v2\/media?parent=5723"}],"curies":[{"name":"wp","href":"https:\/\/api.w.org\/{rel}","templated":true}]}}