{"id":5769,"date":"2010-11-18T19:55:15","date_gmt":"2010-11-18T17:55:15","guid":{"rendered":"http:\/\/www.kayiprihtim.org\/portal\/"},"modified":"2012-01-31T10:53:07","modified_gmt":"2012-01-31T08:53:07","slug":"gizli-kapi","status":"publish","type":"page","link":"https:\/\/www.kayiprihtim.org\/portal\/kitaplar\/gizli-kapi\/","title":{"rendered":"Gizli Kap\u0131"},"content":{"rendered":"<table style=\"border: thin outset; border-collapse: collapse; height: 30px; width: 470px;\" border=\"0\" cellpadding=\"2\">\n<tbody>\n<tr>\n<td width=\"30%\" bgcolor=\"#330000\"><span style=\"color: #ffffff;\"><span style=\"font-family: Verdana;\"><strong>G\u0130ZL\u0130 KAPI; KARABASAN ORMANI<\/strong><\/span><\/span><span style=\"font-family: Verdana; color: #ffffff;\"><strong><br \/>\n<\/strong><\/span><\/td>\n<\/tr>\n<\/tbody>\n<\/table>\n<table style=\"border-collapse: collapse; width: 462px; height: 250px;\" border=\"0\" cellspacing=\"0\" cellpadding=\"0\" bordercolor=\"#111111\">\n<tbody>\n<tr>\n<td width=\"58%\" align=\"center\" valign=\"top\">\n<table style=\"border-collapse: collapse; width: 315px; height: 248px;\" border=\"0\" cellspacing=\"2\">\n<tbody>\n<tr>\n<td width=\"100%\" align=\"right\">\n<table style=\"width: 310px; height: 88px;\" border=\"0\" cellspacing=\"0\">\n<tbody>\n<tr bgcolor=\"#D1C4A5\">\n<td width=\"39%\"><strong>Yazar<\/strong><\/td>\n<td width=\"3%\">:<\/td>\n<td width=\"51%\">Burcu \u00dcnsal<span style=\"color: #181512;\"> <\/span><\/td>\n<\/tr>\n<tr bgcolor=\"#E4DDCB\">\n<td><strong>Kapak Resmi<br \/>\n<\/strong><\/td>\n<td width=\"3%\">:<\/td>\n<td width=\"51%\">\u015eahin Karako\u00e7<\/td>\n<\/tr>\n<tr bgcolor=\"#D1C4A5\">\n<td width=\"39%\"><strong>Ka\u011f\u0131t T\u00fcr\u00fc<br \/>\n<\/strong><\/td>\n<td width=\"3%\">:<\/td>\n<td width=\"51%\">The 2. Hamur<\/td>\n<\/tr>\n<tr bgcolor=\"#E4DDCB\">\n<td width=\"39%\"><strong>Kapak | Boyut<\/strong><\/td>\n<td width=\"3%\">:<\/td>\n<td width=\"51%\">Ciltli | 14 x 20 cm<\/td>\n<\/tr>\n<\/tbody>\n<\/table>\n<\/td>\n<\/tr>\n<tr>\n<td style=\"border-style: solid ridge ridge; border-width: 1px; padding-left: 4px; padding-right: 4px;\" width=\"100%\" bgcolor=\"#C0B18D\"><strong><span style=\"font-size: 9pt; font-family: Tahoma;\">Mavibulut Yay\u0131nlar\u0131<br \/>\n<\/span><\/strong><\/td>\n<\/tr>\n<tr>\n<td width=\"100%\" align=\"right\">\n<table style=\"width: 310px; height: 88px;\" border=\"0\" cellspacing=\"0\">\n<tbody>\n<tr bgcolor=\"#E4DDCB\">\n<td width=\"39%\"><strong>\u00c7\u0131k\u0131\u015f Tarihi<\/strong><strong><br \/>\n<\/strong><\/td>\n<td width=\"3%\">:<\/td>\n<td width=\"51%\"><span style=\"color: #181512;\">Kas\u0131m, 2010<\/span><span style=\"color: #181512;\"><br \/>\n<\/span><\/td>\n<\/tr>\n<tr bgcolor=\"#D1C4A5\">\n<td><strong>Sayfa Say\u0131s\u0131<\/strong><\/td>\n<td width=\"3%\">:<\/td>\n<td width=\"51%\">368<\/td>\n<\/tr>\n<tr bgcolor=\"#E4DDCB\">\n<td width=\"39%\"><strong>Fiyat\u0131<\/strong><\/td>\n<td width=\"3%\">:<\/td>\n<td width=\"51%\">19,00 TL<\/td>\n<\/tr>\n<tr bgcolor=\"#D1C4A5\">\n<td width=\"39%\"><strong>ISBN No<\/strong><\/td>\n<td width=\"3%\">:<\/td>\n<td width=\"51%\">9789753101103<\/td>\n<\/tr>\n<\/tbody>\n<\/table>\n<\/td>\n<\/tr>\n<\/tbody>\n<\/table>\n<\/td>\n<td width=\"39%\" align=\"left\" valign=\"top\">\n<p style=\"text-align: center;\">\n<p><a href=\"https:\/\/www.kayiprihtim.org\/portal\/gorsel\/gizli-kapi.jpg\" target=\"_blank\"><img decoding=\"async\" src=\"https:\/\/www.kayiprihtim.org\/portal\/gorsel\/gizli-kapi.jpg\" border=\"0\" alt=\"\" hspace=\"1\" width=\"140\" height=\"219\" class=\"aligncenter\"><\/a><\/td>\n<\/tr>\n<\/tbody>\n<\/table>\n<table style=\"border-collapse: collapse; width: 47%;\" border=\"0\" cellpadding=\"0\">\n<tbody>\n<tr>\n<td width=\"54%\">\n<table style=\"border-collapse: collapse; height: 147px; width: 470px;\" border=\"0\" cellspacing=\"0\" cellpadding=\"2\">\n<tbody>\n<tr>\n<td style=\"border-style: solid ridge ridge; border-width: 1px; padding-left: 4px; padding-right: 4px;\" width=\"98%\" bgcolor=\"#C0B18D\"><strong><span style=\"font-size: 9pt; font-family: Tahoma;\">Tan\u0131t\u0131m Yaz\u0131s\u0131<br \/>\n<\/span><\/strong><\/td>\n<\/tr>\n<tr>\n<td width=\"99%\" align=\"left\">\n<table style=\"width: 465px;\" border=\"0\">\n<tbody>\n<tr>\n<td style=\"border-style: outset; border-width: 1px;\" width=\"96%\" bgcolor=\"#D1C4A5\">\n<table style=\"border-collapse: collapse; width: 452px; height: 199px;\" border=\"0\" cellspacing=\"0\" cellpadding=\"5\" bgcolor=\"#D1C4A5\" bordercolor=\"#D1C4A5\">\n<tbody>\n<tr>\n<td width=\"96%\" bgcolor=\"#D1C4A5\">Bu kitap, fantastik masal kahramanlar\u0131n\u0131 g\u00fcn\u00fcm\u00fcz \u00e7ocuklar\u0131yla bulu\u015fturan zekice kurgusuyla dikkat \u00e7ekiyor. Ancak bu kez kahramanlar\u0131m\u0131z prensler ve prensesler de\u011fil; bilindik T\u00fcrk ve do\u011fu masallar\u0131ndan&#8230; Hatta zaman zaman T\u00fcrk sinemas\u0131ndan sahnelere bile g\u00f6ndermeler var. T\u00fcm bu nitelikler, okurun kendini kahramanla \u00f6zde\u015fle\u015ftirip, maceran\u0131n i\u00e7inde hissetmesini kolayla\u015ft\u0131r\u0131yor. Yazar, ak\u0131c\u0131 bir anlat\u0131mla hem heyecanl\u0131 hem komik, zaman zaman da gerilimli olmay\u0131 ba\u015far\u0131yor. Eh, bir macera roman\u0131sever, ba\u015fka ne ister&#8230;<\/td>\n<\/tr>\n<\/tbody>\n<\/table>\n<\/td>\n<\/tr>\n<\/tbody>\n<\/table>\n<\/td>\n<\/tr>\n<\/tbody>\n<\/table>\n<\/td>\n<\/tr>\n<\/tbody>\n<\/table>\n<p><span style=\"color: #E4DDCB;\">&#8211;<\/span><\/p>\n<table style=\"border-collapse: collapse; width: 47%;\" border=\"0\" cellpadding=\"0\">\n<tbody>\n<tr>\n<td width=\"54%\">\n<table style=\"border-collapse: collapse; height: 147px; width: 470px;\" border=\"0\" cellspacing=\"0\" cellpadding=\"2\">\n<tbody>\n<tr>\n<td style=\"border-style: solid ridge ridge; border-width: 1px; padding-left: 4px; padding-right: 4px;\" width=\"98%\" bgcolor=\"#C0B18D\"><strong><span style=\"font-size: 9pt; font-family: Tahoma;\">Yazar Hakk\u0131nda<br \/>\n<\/span><\/strong><\/td>\n<\/tr>\n<tr>\n<td width=\"99%\" align=\"left\">\n<table style=\"width: 465px;\" border=\"0\">\n<tbody>\n<tr>\n<td style=\"border-style: outset; border-width: 1px;\" width=\"96%\" bgcolor=\"#D1C4A5\">\n<table style=\"border-collapse: collapse; width: 452px; height: 199px;\" border=\"0\" cellspacing=\"0\" cellpadding=\"5\" bgcolor=\"#D1C4A5\" bordercolor=\"#D1C4A5\">\n<tbody>\n<tr>\n<td width=\"96%\" bgcolor=\"#D1C4A5\"><strong>BURCU \u00dcNSAL<\/strong>, 9 May\u0131s 1989da \u0130stanbulda do\u011fdu. \u0130lk\u00f6\u011fretim y\u0131llar\u0131n\u0131 \u00e7e\u015fitli okullarda tamamlad\u0131ktan sonra 2003 senesinde Mustafa Saffet Anadolu Lisesini kazand\u0131. Yabanc\u0131 Dil a\u011f\u0131rl\u0131kl\u0131 okumak istedi\u011fi i\u00e7in Kadir Has Anadolu Lisesine nakil oldu ve 2007 y\u0131l\u0131nda mezun oldu. Y\u00fcksek \u00f6\u011frenimini \u00e7evirmenlik alan\u0131nda yapmaya karar vererek, ayn\u0131 y\u0131l halen okumakta oldu\u011fu Bo\u011fazi\u00e7i \u00dcniversitesi \u00c7eviribilim B\u00f6l\u00fcm\u00fcne girdi. Gizli Kap\u0131 yazar\u0131n ilk kitab\u0131d\u0131r.<\/p>\n<p><em>Anne baba ve \u00f6\u011fretmenlerimiz i\u00e7in bilgi<\/em>: Bu kitapta; aile i\u00e7i ili\u015fkiler, karde\u015f ve arkada\u015fl\u0131k ili\u015fkileri, sorun odakl\u0131 d\u00fc\u015f\u00fcnme ve problem \u00e7\u00f6zme gibi tema, alt tema, konu ba\u015fl\u0131klar\u0131 v.b. bulabilirsiniz&#8230;<\/td>\n<\/tr>\n<\/tbody>\n<\/table>\n<\/td>\n<\/tr>\n<\/tbody>\n<\/table>\n<\/td>\n<\/tr>\n<\/tbody>\n<\/table>\n<\/td>\n<\/tr>\n<\/tbody>\n<\/table>\n","protected":false},"excerpt":{"rendered":"<p>G\u0130ZL\u0130 KAPI; KARABASAN ORMANI Yazar : Burcu \u00dcnsal Kapak Resmi : \u015eahin Karako\u00e7 Ka\u011f\u0131t T\u00fcr\u00fc : The 2. Hamur Kapak | Boyut : Ciltli | 14 x 20 cm Mavibulut Yay\u0131nlar\u0131 \u00c7\u0131k\u0131\u015f Tarihi : Kas\u0131m, 2010 Sayfa Say\u0131s\u0131 : 368 Fiyat\u0131 : 19,00 TL ISBN No : 9789753101103 Tan\u0131t\u0131m Yaz\u0131s\u0131 Bu kitap, fantastik masal kahramanlar\u0131n\u0131 [&hellip;]<\/p>\n","protected":false},"author":1,"featured_media":0,"parent":57,"menu_order":0,"comment_status":"open","ping_status":"closed","template":"","meta":{"_acf_changed":false,"footnotes":""},"class_list":["post-5769","page","type-page","status-publish"],"acf":[],"_links":{"self":[{"href":"https:\/\/www.kayiprihtim.org\/portal\/wp-json\/wp\/v2\/pages\/5769","targetHints":{"allow":["GET"]}}],"collection":[{"href":"https:\/\/www.kayiprihtim.org\/portal\/wp-json\/wp\/v2\/pages"}],"about":[{"href":"https:\/\/www.kayiprihtim.org\/portal\/wp-json\/wp\/v2\/types\/page"}],"author":[{"embeddable":true,"href":"https:\/\/www.kayiprihtim.org\/portal\/wp-json\/wp\/v2\/users\/1"}],"replies":[{"embeddable":true,"href":"https:\/\/www.kayiprihtim.org\/portal\/wp-json\/wp\/v2\/comments?post=5769"}],"version-history":[{"count":0,"href":"https:\/\/www.kayiprihtim.org\/portal\/wp-json\/wp\/v2\/pages\/5769\/revisions"}],"up":[{"embeddable":true,"href":"https:\/\/www.kayiprihtim.org\/portal\/wp-json\/wp\/v2\/pages\/57"}],"wp:attachment":[{"href":"https:\/\/www.kayiprihtim.org\/portal\/wp-json\/wp\/v2\/media?parent=5769"}],"curies":[{"name":"wp","href":"https:\/\/api.w.org\/{rel}","templated":true}]}}