{"id":5777,"date":"2010-11-22T10:11:01","date_gmt":"2010-11-22T08:11:01","guid":{"rendered":"http:\/\/www.kayiprihtim.org\/portal\/"},"modified":"2012-01-31T10:54:00","modified_gmt":"2012-01-31T08:54:00","slug":"otomatik-alice","status":"publish","type":"page","link":"https:\/\/www.kayiprihtim.org\/portal\/kitaplar\/otomatik-alice\/","title":{"rendered":"Otomatik Alice"},"content":{"rendered":"<table style=\"border: thin outset; border-collapse: collapse; height: 30px; width: 470px;\" border=\"0\" cellpadding=\"2\">\n<tbody>\n<tr>\n<td width=\"30%\" bgcolor=\"#330000\"><span style=\"color: #ffffff;\"><span style=\"font-family: Verdana;\"><strong>OTOMAT\u0130K ALICE<\/strong><\/span><\/span><span style=\"font-family: Verdana; color: #ffffff;\"><strong><br \/>\n<\/strong><\/span><\/td>\n<\/tr>\n<\/tbody>\n<\/table>\n<table style=\"border-collapse: collapse; width: 462px; height: 250px;\" border=\"0\" cellspacing=\"0\" cellpadding=\"0\" bordercolor=\"#111111\">\n<tbody>\n<tr>\n<td width=\"58%\" align=\"center\" valign=\"top\">\n<table style=\"border-collapse: collapse; width: 315px; height: 248px;\" border=\"0\" cellspacing=\"2\">\n<tbody>\n<tr>\n<td width=\"100%\" align=\"right\">\n<table style=\"width: 310px; height: 88px;\" border=\"0\" cellspacing=\"0\">\n<tbody>\n<tr bgcolor=\"#D1C4A5\">\n<td width=\"39%\"><strong>Yazar<\/strong><\/td>\n<td width=\"3%\">:<\/td>\n<td width=\"51%\">Jeff Noon<span style=\"color: #181512;\"> <\/span><\/td>\n<\/tr>\n<tr bgcolor=\"#E4DDCB\">\n<td><strong>\u00c7eviri<\/strong><\/td>\n<td width=\"3%\">:<\/td>\n<td width=\"51%\">Alev Ersan<\/td>\n<\/tr>\n<tr bgcolor=\"#D1C4A5\">\n<td width=\"39%\"><strong>Edit\u00f6r<\/strong><\/td>\n<td width=\"3%\">:<\/td>\n<td width=\"51%\">Fatih Balk\u0131\u015f &#8211; G\u00fcher G\u00fcrmen<\/td>\n<\/tr>\n<tr bgcolor=\"#E4DDCB\">\n<td width=\"39%\"><strong>D\u00fczelti<\/strong><\/td>\n<td width=\"3%\">:<\/td>\n<td width=\"51%\">Ece \u00d6zba\u015f Korkmaz<\/td>\n<\/tr>\n<\/tbody>\n<\/table>\n<\/td>\n<\/tr>\n<tr>\n<td style=\"border-style: solid ridge ridge; border-width: 1px; padding-left: 4px; padding-right: 4px;\" width=\"100%\" bgcolor=\"#C0B18D\"><strong><span style=\"font-size: 9pt; font-family: Tahoma;\">Postiga Yay\u0131nlar\u0131<br \/>\n<\/span><\/strong><\/td>\n<\/tr>\n<tr>\n<td width=\"100%\" align=\"right\">\n<table style=\"width: 310px; height: 88px;\" border=\"0\" cellspacing=\"0\">\n<tbody>\n<tr bgcolor=\"#E4DDCB\">\n<td width=\"39%\"><strong>\u00c7\u0131k\u0131\u015f Tarihi<\/strong><strong><br \/>\n<\/strong><\/td>\n<td width=\"3%\">:<\/td>\n<td width=\"51%\">Kas\u0131m<span style=\"color: #181512;\">, 2010<\/span><span style=\"color: #181512;\"><br \/>\n<\/span><\/td>\n<\/tr>\n<tr bgcolor=\"#D1C4A5\">\n<td><strong>Sayfa Say\u0131s\u0131<\/strong><\/td>\n<td width=\"3%\">:<\/td>\n<td width=\"51%\">232<\/td>\n<\/tr>\n<tr bgcolor=\"#E4DDCB\">\n<td width=\"39%\"><strong>Fiyat\u0131<\/strong><\/td>\n<td width=\"3%\">:<\/td>\n<td width=\"51%\">14,00 TL<\/td>\n<\/tr>\n<tr bgcolor=\"#D1C4A5\">\n<td width=\"39%\"><strong>ISBN No<\/strong><\/td>\n<td width=\"3%\">:<\/td>\n<td width=\"51%\">978-605-5711-06-1<\/td>\n<\/tr>\n<\/tbody>\n<\/table>\n<\/td>\n<\/tr>\n<\/tbody>\n<\/table>\n<\/td>\n<td width=\"39%\" align=\"left\" valign=\"top\">\n<p style=\"text-align: center;\">\n<p><a href=\"https:\/\/www.kayiprihtim.org\/portal\/gorsel\/otomatik-alice.jpg\" target=\"_blank\"><img decoding=\"async\" src=\"https:\/\/www.kayiprihtim.org\/portal\/gorsel\/otomatik-alice.jpg\" border=\"0\" alt=\"\" hspace=\"1\" width=\"140\" height=\"219\" class=\"aligncenter\"><\/a><\/td>\n<\/tr>\n<\/tbody>\n<\/table>\n<table style=\"border-collapse: collapse; width: 47%;\" border=\"0\" cellpadding=\"0\">\n<tbody>\n<tr>\n<td width=\"54%\">\n<table style=\"border-collapse: collapse; height: 147px; width: 470px;\" border=\"0\" cellspacing=\"0\" cellpadding=\"2\">\n<tbody>\n<tr>\n<td style=\"border-style: solid ridge ridge; border-width: 1px; padding-left: 4px; padding-right: 4px;\" width=\"98%\" bgcolor=\"#C0B18D\"><strong><span style=\"font-size: 9pt; font-family: Tahoma;\">Tan\u0131t\u0131m Yaz\u0131s\u0131<br \/>\n<\/span><\/strong><\/td>\n<\/tr>\n<tr>\n<td width=\"99%\" align=\"left\">\n<table style=\"width: 465px;\" border=\"0\">\n<tbody>\n<tr>\n<td style=\"border-style: outset; border-width: 1px;\" width=\"96%\" bgcolor=\"#D1C4A5\">\n<table style=\"border-collapse: collapse; width: 452px; height: 199px;\" border=\"0\" cellspacing=\"0\" cellpadding=\"5\" bgcolor=\"#D1C4A5\" bordercolor=\"#D1C4A5\">\n<tbody>\n<tr>\n<td width=\"96%\" bgcolor=\"#D1C4A5\">Jeef Noon, Alice Harikalar Diyar\u0131nda kitab\u0131n\u0131n 1860 y\u0131l\u0131nda yay\u0131nland\u0131\u011f\u0131ndan beri hi\u00e7bir yazar\u0131n cesaret edemedi\u011fi bir i\u015fe kalk\u0131\u015ft\u0131 ve hikayenin \u00fc\u00e7\u00fcnc\u00fc ser\u00fcvenini yazd\u0131.<br \/>\nSer\u00fcven, Alice\u2019in zamanda s\u0131\u00e7ramas\u0131yla ba\u015fl\u0131yor. Alice kendini bir anda 90\u2019lar\u0131n Manchester\u2019da buluyor. Bu tuhaf yolculu\u011fu s\u0131ras\u0131nda, say\u0131s\u0131z \u015fekil de\u011fi\u015ftirmi\u015f yarat\u0131k, \u015fa\u015f\u0131rt\u0131c\u0131 dil oyunlar\u0131 ve Jimi Hendrix\u2019ten Ouentin Tarantino\u2019ya kadar pek \u00e7ok pop\u00fcler k\u00fclt\u00fcr ikonuyla kar\u015f\u0131la\u015f\u0131yor. T\u0131pk\u0131 bir matematik\u00e7i gibi her a\u015famas\u0131n\u0131n hesap edildi\u011fi ve tasarland\u0131\u011f\u0131 kusursuz bir yapboz romana d\u00f6n\u00fc\u015fen Otomatik Alice, okurlar\u0131 e\u011flenceli ve \u015fa\u015f\u0131rt\u0131c\u0131 bir d\u00fcnyaya davet ediyor.<\/p>\n<p>Edebiyata merakl\u0131 okurlar\u0131n ve Alice\u2019in d\u00fcnyas\u0131ndan keyif alanlar\u0131n ka\u00e7\u0131rmamalar\u0131 gereken bir kitap.<\/p>\n<p>\u201cK\u00fcltle\u015fmeyi hak eden bir kitap&#8230; Cyberpunk\u2019\u0131n son noktas\u0131.\u201d <em><strong>&#8211; Maxim<\/strong><\/em><\/p>\n<p>\u201cCarroll\u2019\u0131n stilini zahmetsizce yakal\u0131yor&#8230; \u00c7a\u011fda\u015f s\u0131n\u0131rlarda garip bir Alice.\u201d <em><strong>-Mail on Sunday<\/strong><\/em><\/p>\n<p>\u201cVah\u015fi bir psikedelik hayal.\u201d<em><strong> &#8211; Manchester Evening News<\/strong><\/em><\/p>\n<p>\u201cNoon\u2019un Alice g\u00fcncellemesi, Carroll\u2019\u0131n ba\u015fyap\u0131tlar\u0131na g\u00f6re biraz daha endi\u015fe y\u00fckl\u00fc olmakla beraber, Carroll\u2019a g\u00f6re \u00e7ok daha \u00f6zbilin\u00e7le yaz\u0131lm\u0131\u015f bir roman.<br \/>\nKendini Borgesvari bir labirentin ortas\u0131na yerle\u015ftiren Noon, kendi mistik d\u00fcnyas\u0131na bir yandan katk\u0131da bulunurken bir yandan da onu eksiltiyor.\u201d <em><strong>&#8211; Richard Gehr<\/strong><\/em><\/p>\n<p>\u201cNoon\u2019un kalemi \u00e7\u0131lg\u0131n, parampar\u00e7a ve y\u0131rt\u0131lm\u0131\u015f bir r\u00fczg\u00e2r siperi gibi ha\u015fin.\u201d <em><strong>&#8211; Times<\/strong><\/em><\/td>\n<\/tr>\n<\/tbody>\n<\/table>\n<\/td>\n<\/tr>\n<\/tbody>\n<\/table>\n<\/td>\n<\/tr>\n<\/tbody>\n<\/table>\n<\/td>\n<\/tr>\n<\/tbody>\n<\/table>\n","protected":false},"excerpt":{"rendered":"<p>OTOMAT\u0130K ALICE Yazar : Jeff Noon \u00c7eviri : Alev Ersan Edit\u00f6r : Fatih Balk\u0131\u015f &#8211; G\u00fcher G\u00fcrmen D\u00fczelti : Ece \u00d6zba\u015f Korkmaz Postiga Yay\u0131nlar\u0131 \u00c7\u0131k\u0131\u015f Tarihi : Kas\u0131m, 2010 Sayfa Say\u0131s\u0131 : 232 Fiyat\u0131 : 14,00 TL ISBN No : 978-605-5711-06-1 Tan\u0131t\u0131m Yaz\u0131s\u0131 Jeef Noon, Alice Harikalar Diyar\u0131nda kitab\u0131n\u0131n 1860 y\u0131l\u0131nda yay\u0131nland\u0131\u011f\u0131ndan beri hi\u00e7bir yazar\u0131n [&hellip;]<\/p>\n","protected":false},"author":1,"featured_media":0,"parent":57,"menu_order":0,"comment_status":"open","ping_status":"closed","template":"","meta":{"_acf_changed":false,"footnotes":""},"class_list":["post-5777","page","type-page","status-publish"],"acf":[],"_links":{"self":[{"href":"https:\/\/www.kayiprihtim.org\/portal\/wp-json\/wp\/v2\/pages\/5777","targetHints":{"allow":["GET"]}}],"collection":[{"href":"https:\/\/www.kayiprihtim.org\/portal\/wp-json\/wp\/v2\/pages"}],"about":[{"href":"https:\/\/www.kayiprihtim.org\/portal\/wp-json\/wp\/v2\/types\/page"}],"author":[{"embeddable":true,"href":"https:\/\/www.kayiprihtim.org\/portal\/wp-json\/wp\/v2\/users\/1"}],"replies":[{"embeddable":true,"href":"https:\/\/www.kayiprihtim.org\/portal\/wp-json\/wp\/v2\/comments?post=5777"}],"version-history":[{"count":0,"href":"https:\/\/www.kayiprihtim.org\/portal\/wp-json\/wp\/v2\/pages\/5777\/revisions"}],"up":[{"embeddable":true,"href":"https:\/\/www.kayiprihtim.org\/portal\/wp-json\/wp\/v2\/pages\/57"}],"wp:attachment":[{"href":"https:\/\/www.kayiprihtim.org\/portal\/wp-json\/wp\/v2\/media?parent=5777"}],"curies":[{"name":"wp","href":"https:\/\/api.w.org\/{rel}","templated":true}]}}