{"id":59,"date":"2008-06-14T07:10:51","date_gmt":"2008-06-14T14:10:51","guid":{"rendered":"http:\/\/www.hayalcini.net\/blog\/mitolojiler\/"},"modified":"2022-07-26T18:05:24","modified_gmt":"2022-07-26T15:05:24","slug":"mitolojiler","status":"publish","type":"page","link":"https:\/\/www.kayiprihtim.org\/portal\/mitolojiler\/","title":{"rendered":"Mitolojiler"},"content":{"rendered":"<p align=\"center\">12 B\u00fcy\u00fck Olimposlular<\/p>\n<p align=\"center\">Alt\u0131n Postu Ararken<\/p>\n<p align=\"center\"><a href=\"https:\/\/www.kayiprihtim.org\/portal\/britanya-mitologyasi\/\">Britanya Mitologyas\u0131<\/a><\/p>\n<p align=\"center\"><a href=\"https:\/\/www.kayiprihtim.org\/portal\/dunyanin-ve-insanin-yaratilisi\/\">D\u00fcnyan\u0131n ve \u0130nsan\u0131n Yarat\u0131l\u0131\u015f\u0131<\/a><\/p>\n<p align=\"center\"><a href=\"https:\/\/www.kayiprihtim.org\/portal\/herakles\/\">Herakles<\/a><\/p>\n<p align=\"center\"><a href=\"https:\/\/www.kayiprihtim.org\/portal\/icimizdeki-odysseus\/\">\u0130\u00e7imizdeki Odysseus<\/a><\/p>\n<p align=\"center\"><a href=\"https:\/\/www.kayiprihtim.org\/portal\/iki-buyuk-yeryuzu-tanrisi\/\">\u0130ki B\u00fcy\u00fck Yery\u00fcz\u00fc Tanr\u0131s\u0131<\/a><\/p>\n<p align=\"center\"><a href=\"https:\/\/www.kayiprihtim.org\/portal\/kuzey-sagalari-ve-iskandinav-mitoslari-uzerine\/\">Kuzey Sagalar\u0131 ve \u0130skandinav Mitoslar\u0131 \u00dczerine<\/a><\/p>\n<p align=\"center\"><a href=\"misir-mitolojisi\/\">M\u0131s\u0131r Mitolojisi<\/a><\/p>\n<p align=\"center\"><a href=\"https:\/\/www.kayiprihtim.org\/portal\/misir-dini\/\">M\u0131s\u0131r Dini<\/a><\/p>\n<p align=\"center\">Steplerin \u00dczerinde, G\u00f6kmavinin Alt\u0131nda<\/p>\n<p align=\"center\"><a href=\"https:\/\/www.kayiprihtim.org\/portal\/saman\/\">\u015eaman<\/a><\/p>\n<p align=\"center\"><a href=\"https:\/\/www.kayiprihtim.org\/portal\/theseus\/\">Theseus<\/a><\/p>\n<p align=\"center\"><a href=\"https:\/\/www.kayiprihtim.org\/portal\/turk-mitolojisi\/\">T\u00fcrk Mitolojisi<\/a><\/p>\n<p align=\"center\">Yunan Mitolojisi<\/p>\n<p align=\"center\">\n","protected":false},"excerpt":{"rendered":"<p>12 B\u00fcy\u00fck Olimposlular Alt\u0131n Postu Ararken Britanya Mitologyas\u0131 D\u00fcnyan\u0131n ve \u0130nsan\u0131n Yarat\u0131l\u0131\u015f\u0131 Herakles \u0130\u00e7imizdeki Odysseus \u0130ki B\u00fcy\u00fck Yery\u00fcz\u00fc Tanr\u0131s\u0131 Kuzey Sagalar\u0131 ve \u0130skandinav Mitoslar\u0131 \u00dczerine M\u0131s\u0131r Mitolojisi M\u0131s\u0131r Dini Steplerin \u00dczerinde, G\u00f6kmavinin Alt\u0131nda \u015eaman Theseus T\u00fcrk Mitolojisi Yunan Mitolojisi<\/p>\n","protected":false},"author":1,"featured_media":0,"parent":0,"menu_order":0,"comment_status":"closed","ping_status":"closed","template":"","meta":{"_acf_changed":false,"footnotes":""},"class_list":["post-59","page","type-page","status-publish"],"acf":[],"_links":{"self":[{"href":"https:\/\/www.kayiprihtim.org\/portal\/wp-json\/wp\/v2\/pages\/59","targetHints":{"allow":["GET"]}}],"collection":[{"href":"https:\/\/www.kayiprihtim.org\/portal\/wp-json\/wp\/v2\/pages"}],"about":[{"href":"https:\/\/www.kayiprihtim.org\/portal\/wp-json\/wp\/v2\/types\/page"}],"author":[{"embeddable":true,"href":"https:\/\/www.kayiprihtim.org\/portal\/wp-json\/wp\/v2\/users\/1"}],"replies":[{"embeddable":true,"href":"https:\/\/www.kayiprihtim.org\/portal\/wp-json\/wp\/v2\/comments?post=59"}],"version-history":[{"count":4,"href":"https:\/\/www.kayiprihtim.org\/portal\/wp-json\/wp\/v2\/pages\/59\/revisions"}],"predecessor-version":[{"id":59533,"href":"https:\/\/www.kayiprihtim.org\/portal\/wp-json\/wp\/v2\/pages\/59\/revisions\/59533"}],"wp:attachment":[{"href":"https:\/\/www.kayiprihtim.org\/portal\/wp-json\/wp\/v2\/media?parent=59"}],"curies":[{"name":"wp","href":"https:\/\/api.w.org\/{rel}","templated":true}]}}