{"id":5980,"date":"2010-11-29T13:15:41","date_gmt":"2010-11-29T11:15:41","guid":{"rendered":"http:\/\/www.kayiprihtim.org\/portal\/"},"modified":"2012-01-31T10:54:32","modified_gmt":"2012-01-31T08:54:32","slug":"silah-tuccari","status":"publish","type":"page","link":"https:\/\/www.kayiprihtim.org\/portal\/kitaplar\/silah-tuccari\/","title":{"rendered":"Silah T\u00fcccar\u0131"},"content":{"rendered":"<table style=\"border: thin outset; border-collapse: collapse; height: 30px; width: 470px;\" border=\"0\" cellpadding=\"2\">\n<tbody>\n<tr>\n<td width=\"30%\" bgcolor=\"#330000\"><span style=\"color: #ffffff;\"><span style=\"font-family: Verdana;\"><strong>S\u0130LAH T\u00dcCCARI<\/strong><\/span><\/span><span style=\"font-family: Verdana; color: #ffffff;\"><strong><br \/>\n<\/strong><\/span><\/td>\n<\/tr>\n<\/tbody>\n<\/table>\n<table style=\"border-collapse: collapse; width: 462px; height: 250px;\" border=\"0\" cellspacing=\"0\" cellpadding=\"0\" bordercolor=\"#111111\">\n<tbody>\n<tr>\n<td width=\"58%\" align=\"center\" valign=\"top\">\n<table style=\"border-collapse: collapse; width: 315px; height: 248px;\" border=\"0\" cellspacing=\"2\">\n<tbody>\n<tr>\n<td width=\"100%\" align=\"right\">\n<table style=\"width: 310px; height: 88px;\" border=\"0\" cellspacing=\"0\">\n<tbody>\n<tr bgcolor=\"#D1C4A5\">\n<td width=\"39%\"><strong>Yazar<\/strong><\/td>\n<td width=\"3%\">:<\/td>\n<td width=\"51%\">Hugh Laurie<\/td>\n<\/tr>\n<tr bgcolor=\"#E4DDCB\">\n<td><strong>\u00c7eviri<\/strong><\/td>\n<td width=\"3%\">:<\/td>\n<td width=\"51%\">\u00d6vg\u00fc \u0130\u00e7ten<\/td>\n<\/tr>\n<tr bgcolor=\"#D1C4A5\">\n<td width=\"39%\"><strong>Yay\u0131na Haz\u0131rlayan<\/strong><strong><br \/>\n<\/strong><\/td>\n<td width=\"3%\">:<\/td>\n<td width=\"51%\">Evrim \u00d6nc\u00fcl<\/td>\n<\/tr>\n<tr bgcolor=\"#E4DDCB\">\n<td width=\"39%\"><strong>\u00d6zg\u00fcn Ad\u0131<\/strong><strong><br \/>\n<\/strong><strong> <\/strong><\/td>\n<td width=\"3%\"><\/td>\n<td width=\"51%\">The Gun Seller<\/td>\n<\/tr>\n<\/tbody>\n<\/table>\n<\/td>\n<\/tr>\n<tr>\n<td style=\"border-style: solid ridge ridge; border-width: 1px; padding-left: 4px; padding-right: 4px;\" width=\"100%\" bgcolor=\"#C0B18D\"><strong><span style=\"font-size: 9pt; font-family: Tahoma;\">\u0130thaki Yay\u0131nlar\u0131<br \/>\n<\/span><\/strong><\/td>\n<\/tr>\n<tr>\n<td width=\"100%\" align=\"right\">\n<table style=\"width: 310px; height: 88px;\" border=\"0\" cellspacing=\"0\">\n<tbody>\n<tr bgcolor=\"#E4DDCB\">\n<td width=\"39%\"><strong>\u00c7\u0131k\u0131\u015f Tarihi<\/strong><strong><br \/>\n<\/strong><\/td>\n<td width=\"3%\">:<\/td>\n<td width=\"51%\"><span style=\"color: #181512;\">3 Aral\u0131k, 2010<\/span><span style=\"color: #181512;\"><br \/>\n<\/span><\/td>\n<\/tr>\n<tr bgcolor=\"#D1C4A5\">\n<td><strong>Sayfa Say\u0131s\u0131<\/strong><\/td>\n<td width=\"3%\">:<\/td>\n<td width=\"51%\">400<\/td>\n<\/tr>\n<tr bgcolor=\"#E4DDCB\">\n<td width=\"39%\"><strong>Fiyat\u0131<\/strong><\/td>\n<td width=\"3%\">:<\/td>\n<td width=\"51%\">22,00 TL<\/td>\n<\/tr>\n<tr bgcolor=\"#D1C4A5\">\n<td width=\"39%\"><strong>ISBN No<\/strong><\/td>\n<td width=\"3%\">:<\/td>\n<td width=\"51%\">\n<div id=\":2n\" class=\"kl\" dir=\"ltr\">978-605-375-073-4<\/div>\n<\/td>\n<\/tr>\n<\/tbody>\n<\/table>\n<\/td>\n<\/tr>\n<\/tbody>\n<\/table>\n<\/td>\n<td width=\"39%\" align=\"left\" valign=\"top\">\n<p style=\"text-align: center;\">\n<p><a href=\"https:\/\/www.kayiprihtim.org\/portal\/gorsel\/silah-tuccari.jpg\" target=\"_blank\"><img decoding=\"async\" src=\"https:\/\/www.kayiprihtim.org\/portal\/gorsel\/silah-tuccari.jpg\" border=\"0\" alt=\"\" hspace=\"1\" width=\"140\" height=\"219\" class=\"aligncenter\"><\/a><\/td>\n<\/tr>\n<\/tbody>\n<\/table>\n<table style=\"border-collapse: collapse; width: 47%;\" border=\"0\" cellpadding=\"0\">\n<tbody>\n<tr>\n<td width=\"54%\">\n<table style=\"border-collapse: collapse; height: 147px; width: 470px;\" border=\"0\" cellspacing=\"0\" cellpadding=\"2\">\n<tbody>\n<tr>\n<td style=\"border-style: solid ridge ridge; border-width: 1px; padding-left: 4px; padding-right: 4px;\" width=\"98%\" bgcolor=\"#C0B18D\"><strong><span style=\"font-size: 9pt; font-family: Tahoma;\">Tan\u0131t\u0131m Yaz\u0131s\u0131<br \/>\n<\/span><\/strong><\/td>\n<\/tr>\n<tr>\n<td width=\"99%\" align=\"left\">\n<table style=\"width: 465px;\" border=\"0\">\n<tbody>\n<tr>\n<td style=\"border-style: outset; border-width: 1px;\" width=\"96%\" bgcolor=\"#D1C4A5\">\n<table style=\"border-collapse: collapse; width: 452px; height: 199px;\" border=\"0\" cellspacing=\"0\" cellpadding=\"5\" bgcolor=\"#D1C4A5\" bordercolor=\"#D1C4A5\">\n<tbody>\n<tr>\n<td width=\"96%\" bgcolor=\"#D1C4A5\">\u2018Silah T\u00fcccar\u0131 h\u0131zl\u0131, g\u00fcncel, alayc\u0131, heyecanl\u0131, esprili, s\u00fcrprizlerle dolu, tuhaf ve son derece harika. \u00dcstelik sat\u0131n almak i\u00e7in izin belgesine ihtiyac\u0131n\u0131z yok&#8230; Harika bir roman.\u2019<br \/>\n<em><strong>-Washington Post<\/strong><\/em><br \/>\n\u2018Birinci s\u0131n\u0131f bir gerilim&#8230; harika bir e\u011flence makinas\u0131&#8230; m\u00fcthi\u015f bir kitap.\u2019<br \/>\n<em><strong> -The Plain Dealer (Cleveland)<\/strong><\/em><br \/>\nHugh Laurie\u2019nin insan\u0131 kahkahadan k\u0131r\u0131p ge\u00e7iren komik \u00f6\u011felerle \u015fa\u015f\u0131rt\u0131c\u0131 olaylar\u0131 ve m\u00fcthi\u015f aksiyonlar\u0131 birle\u015ftirdi\u011fi ve casus romanlar\u0131 t\u00fcr\u00fcyle muzip\u00e7e dalga ge\u00e7ti\u011fi bu kitab\u0131; eski bir \u0130sko\u00e7 korumas\u0131ndan bozma tetik\u00e7i, paral\u0131 asker ve ayn\u0131 zamanda da s\u00fcper bir herif olan Lang\u2019in hik\u00e2yesi.<br \/>\nSo\u011fukkanl\u0131 cinayet Thomas Lang\u2019in yapaca\u011f\u0131 \u015fey de\u011fil. Amerikan bir sanayiciye suikast yapmas\u0131 i\u00e7in kendisine bir y\u0131\u011f\u0131n para \u00f6nerildi\u011finde o kurban\u0131 uyarmay\u0131 se\u00e7er \u2013 \u00e7ok ge\u00e7meden k\u00f6t\u00fc sonu\u00e7lar do\u011furacak bir iyilik. Favori viskisinden bir yudum bile i\u00e7mesine f\u0131rsat kalmadan Lang; Buda heykelleriyle kafalar patlatmaya, k\u00f6t\u00fc kalpli bilyonerlerle zeka yar\u0131\u015ft\u0131rmaya ve hayat\u0131n\u0131 (ba\u015fka \u015feylerle birlikte) tehlikeli ba\u015ftan \u00e7\u0131kar\u0131c\u0131 kad\u0131nlar\u0131n eline b\u0131rakmaya ba\u015flar. Yozla\u015fm\u0131\u015f CIA ajanlar\u0131na, ter\u00f6rist \u00f6zentilerine ve y\u00fcksek teknoloji destekli cinayetler i\u015flemek isteyen silah tacirlerine kafa tutan Lang, a\u015f\u0131k oldu\u011fu uzun boylu kad\u0131n\u0131 kurtarmaya ve uluslararas\u0131 bir katliam\u0131 engellemeye kararl\u0131d\u0131r&#8230;<\/p>\n<hr size=\"1\" \/><strong>Sanat Y\u00f6netmeni:<\/strong> Murat \u00d6zg\u00fcl<br \/>\n<strong>Sayfa D\u00fczeni ve Bask\u0131ya Haz\u0131rl\u0131k: <\/strong>\u00d6zge K\u0131l\u0131\u00e7<\/td>\n<\/tr>\n<\/tbody>\n<\/table>\n<\/td>\n<\/tr>\n<\/tbody>\n<\/table>\n<\/td>\n<\/tr>\n<\/tbody>\n<\/table>\n<\/td>\n<\/tr>\n<\/tbody>\n<\/table>\n","protected":false},"excerpt":{"rendered":"<p>S\u0130LAH T\u00dcCCARI Yazar : Hugh Laurie \u00c7eviri : \u00d6vg\u00fc \u0130\u00e7ten Yay\u0131na Haz\u0131rlayan : Evrim \u00d6nc\u00fcl \u00d6zg\u00fcn Ad\u0131 The Gun Seller \u0130thaki Yay\u0131nlar\u0131 \u00c7\u0131k\u0131\u015f Tarihi : 3 Aral\u0131k, 2010 Sayfa Say\u0131s\u0131 : 400 Fiyat\u0131 : 22,00 TL ISBN No : 978-605-375-073-4 Tan\u0131t\u0131m Yaz\u0131s\u0131 \u2018Silah T\u00fcccar\u0131 h\u0131zl\u0131, g\u00fcncel, alayc\u0131, heyecanl\u0131, esprili, s\u00fcrprizlerle dolu, tuhaf ve son derece [&hellip;]<\/p>\n","protected":false},"author":1,"featured_media":0,"parent":57,"menu_order":0,"comment_status":"open","ping_status":"closed","template":"","meta":{"_acf_changed":false,"footnotes":""},"class_list":["post-5980","page","type-page","status-publish"],"acf":[],"_links":{"self":[{"href":"https:\/\/www.kayiprihtim.org\/portal\/wp-json\/wp\/v2\/pages\/5980","targetHints":{"allow":["GET"]}}],"collection":[{"href":"https:\/\/www.kayiprihtim.org\/portal\/wp-json\/wp\/v2\/pages"}],"about":[{"href":"https:\/\/www.kayiprihtim.org\/portal\/wp-json\/wp\/v2\/types\/page"}],"author":[{"embeddable":true,"href":"https:\/\/www.kayiprihtim.org\/portal\/wp-json\/wp\/v2\/users\/1"}],"replies":[{"embeddable":true,"href":"https:\/\/www.kayiprihtim.org\/portal\/wp-json\/wp\/v2\/comments?post=5980"}],"version-history":[{"count":0,"href":"https:\/\/www.kayiprihtim.org\/portal\/wp-json\/wp\/v2\/pages\/5980\/revisions"}],"up":[{"embeddable":true,"href":"https:\/\/www.kayiprihtim.org\/portal\/wp-json\/wp\/v2\/pages\/57"}],"wp:attachment":[{"href":"https:\/\/www.kayiprihtim.org\/portal\/wp-json\/wp\/v2\/media?parent=5980"}],"curies":[{"name":"wp","href":"https:\/\/api.w.org\/{rel}","templated":true}]}}