{"id":6001,"date":"2010-12-01T15:00:27","date_gmt":"2010-12-01T13:00:27","guid":{"rendered":"http:\/\/www.kayiprihtim.org\/portal\/"},"modified":"2012-01-31T10:56:54","modified_gmt":"2012-01-31T08:56:54","slug":"ilgana","status":"publish","type":"page","link":"https:\/\/www.kayiprihtim.org\/portal\/kitaplar\/ilgana\/","title":{"rendered":"Ilgana"},"content":{"rendered":"<table style=\"border: thin outset; border-collapse: collapse; height: 30px; width: 470px;\" border=\"0\" cellpadding=\"2\">\n<tbody>\n<tr>\n<td width=\"30%\" bgcolor=\"#330000\"><span style=\"color: #ffffff;\"><span style=\"font-family: Verdana;\"><strong>ILGANA<\/strong><\/span><\/span><\/td>\n<\/tr>\n<\/tbody>\n<\/table>\n<table style=\"border-collapse: collapse; width: 462px; height: 250px;\" border=\"0\" cellspacing=\"0\" cellpadding=\"0\" bordercolor=\"#111111\">\n<tbody>\n<tr>\n<td width=\"58%\" align=\"center\" valign=\"top\">\n<table style=\"border-collapse: collapse; width: 315px; height: 248px;\" border=\"0\" cellspacing=\"2\">\n<tbody>\n<tr>\n<td width=\"100%\" align=\"right\">\n<table style=\"width: 310px; height: 88px;\" border=\"0\" cellspacing=\"0\">\n<tbody>\n<tr bgcolor=\"#D1C4A5\">\n<td width=\"39%\"><strong>Yazar<\/strong><\/td>\n<td width=\"3%\">:<\/td>\n<td width=\"51%\">\u00d6zg\u00fcr \u00d6zol<span style=\"color: #181512;\"><br \/>\n<\/span><\/td>\n<\/tr>\n<tr bgcolor=\"#E4DDCB\">\n<td><strong>Edit\u00f6r<\/strong><\/td>\n<td width=\"3%\">:<\/td>\n<td width=\"51%\">Koray \u00d6zbudak<\/td>\n<\/tr>\n<tr bgcolor=\"#D1C4A5\">\n<td width=\"39%\"><strong>Kapak ve <\/strong><strong>\u0130\u00e7 \u00c7izimler<\/strong><\/td>\n<td width=\"3%\">:<\/td>\n<td width=\"51%\">\u00d6mer Hac\u0131\u00f6mero\u011flu<\/td>\n<\/tr>\n<tr bgcolor=\"#E4DDCB\">\n<td width=\"39%\"><strong>Ilgana Logosu<br \/>\n<\/strong><\/td>\n<td width=\"3%\">:<\/td>\n<td width=\"51%\">Emre Erdur<\/td>\n<\/tr>\n<\/tbody>\n<\/table>\n<\/td>\n<\/tr>\n<tr>\n<td style=\"border-style: solid ridge ridge; border-width: 1px; padding-left: 4px; padding-right: 4px;\" width=\"100%\" bgcolor=\"#C0B18D\"><strong><span style=\"font-size: 9pt; font-family: Tahoma;\">Resif Kitap<br \/>\n<\/span><\/strong><\/td>\n<\/tr>\n<tr>\n<td width=\"100%\" align=\"right\">\n<table style=\"width: 310px; height: 88px;\" border=\"0\" cellspacing=\"0\">\n<tbody>\n<tr bgcolor=\"#E4DDCB\">\n<td width=\"39%\"><strong>\u00c7\u0131k\u0131\u015f Tarihi<\/strong><strong><br \/>\n<\/strong><\/td>\n<td width=\"3%\">:<\/td>\n<td width=\"51%\"><span style=\"color: #181512;\">Aral\u0131k, 2010<\/span><span style=\"color: #181512;\"><br \/>\n<\/span><\/td>\n<\/tr>\n<tr bgcolor=\"#D1C4A5\">\n<td><strong>Sayfa Say\u0131s\u0131<\/strong><\/td>\n<td width=\"3%\">:<\/td>\n<td width=\"51%\">384<\/td>\n<\/tr>\n<tr bgcolor=\"#E4DDCB\">\n<td width=\"39%\"><strong>Fiyat\u0131<\/strong><\/td>\n<td width=\"3%\">:<\/td>\n<td width=\"51%\">20,00 TL<\/td>\n<\/tr>\n<tr bgcolor=\"#D1C4A5\">\n<td width=\"39%\"><strong>ISBN No<\/strong><\/td>\n<td width=\"3%\">:<\/td>\n<td width=\"51%\">978-605-4090-10-5<\/td>\n<\/tr>\n<\/tbody>\n<\/table>\n<\/td>\n<\/tr>\n<\/tbody>\n<\/table>\n<\/td>\n<td width=\"39%\" align=\"left\" valign=\"top\">\n<p style=\"text-align: center;\">\n<p><a href=\"https:\/\/www.kayiprihtim.org\/portal\/gorsel\/ilgana.jpg\" target=\"_blank\"><img decoding=\"async\" src=\"https:\/\/www.kayiprihtim.org\/portal\/gorsel\/ilgana.jpg\" border=\"0\" alt=\"\" hspace=\"1\" width=\"140\" height=\"219\" class=\"aligncenter\"><\/a><\/td>\n<\/tr>\n<\/tbody>\n<\/table>\n<table style=\"border-collapse: collapse; width: 47%;\" border=\"0\" cellpadding=\"0\">\n<tbody>\n<tr>\n<td width=\"54%\">\n<table style=\"border-collapse: collapse; height: 147px; width: 470px;\" border=\"0\" cellspacing=\"0\" cellpadding=\"2\">\n<tbody>\n<tr>\n<td style=\"border-style: solid ridge ridge; border-width: 1px; padding-left: 4px; padding-right: 4px;\" width=\"98%\" bgcolor=\"#C0B18D\"><strong><span style=\"font-size: 9pt; font-family: Tahoma;\">Tan\u0131t\u0131m Yaz\u0131s\u0131<br \/>\n<\/span><\/strong><\/td>\n<\/tr>\n<tr>\n<td width=\"99%\" align=\"left\">\n<table style=\"width: 465px;\" border=\"0\">\n<tbody>\n<tr>\n<td style=\"border-style: outset; border-width: 1px;\" width=\"96%\" bgcolor=\"#D1C4A5\">\n<table style=\"border-collapse: collapse; width: 452px; height: 199px;\" border=\"0\" cellspacing=\"0\" cellpadding=\"5\" bgcolor=\"#D1C4A5\" bordercolor=\"#D1C4A5\">\n<tbody>\n<tr>\n<td width=\"96%\" bgcolor=\"#D1C4A5\">Bu masalda kahraman \u015f\u00f6valyeler, sihirli de\u011fnekli b\u00fcy\u00fcc\u00fcler, \u0131\u015f\u0131lt\u0131lar sa\u00e7an periler yok. G\u00fczel prensesler, beyaz atl\u0131 prensler, soylu krallar, ne\u015feli \u015fark\u0131lar y\u00fckselen \u015fatolar da yok.<\/p>\n<p>Bu destanda, ku\u015faklard\u0131r yurt tuttu\u011fu topraklarda s\u00fcrg\u00fcn olmu\u015f konarg\u00f6\u00e7er boylar\u0131n hayatta kalma m\u00fccadelesi var.<\/p>\n<p>Ilgana, atalar\u0131yla ba\u011flar\u0131 kopuk, y\u0131lg\u0131n bir toplumun kendini de, \u00fczerinde ya\u015fad\u0131\u011f\u0131 topra\u011f\u0131 da yeniden tan\u0131mlay\u0131\u015f\u0131n\u0131 anlatan, \u00e7a\u011fda\u015f bir Dede Korkut \u00f6yk\u00fcs\u00fc.<\/td>\n<\/tr>\n<\/tbody>\n<\/table>\n<\/td>\n<\/tr>\n<\/tbody>\n<\/table>\n<\/td>\n<\/tr>\n<\/tbody>\n<\/table>\n<\/td>\n<\/tr>\n<\/tbody>\n<\/table>\n<p><span style=\"color: #E4DDCB;\">&#8211;<\/span><\/p>\n<table style=\"border-collapse: collapse; width: 47%;\" border=\"0\" cellpadding=\"0\">\n<tbody>\n<tr>\n<td width=\"54%\">\n<table style=\"border-collapse: collapse; height: 147px; width: 470px;\" border=\"0\" cellspacing=\"0\" cellpadding=\"2\">\n<tbody>\n<tr>\n<td style=\"border-style: solid ridge ridge; border-width: 1px; padding-left: 4px; padding-right: 4px;\" width=\"98%\" bgcolor=\"#C0B18D\"><strong><span style=\"font-size: 9pt; font-family: Tahoma;\">Ilgana Nedir?<br \/>\n<\/span><\/strong><\/td>\n<\/tr>\n<tr>\n<td width=\"99%\" align=\"left\">\n<table style=\"width: 465px;\" border=\"0\">\n<tbody>\n<tr>\n<td style=\"border-style: outset; border-width: 1px;\" width=\"96%\" bgcolor=\"#D1C4A5\">\n<table style=\"border-collapse: collapse; width: 452px; height: 199px;\" border=\"0\" cellspacing=\"0\" cellpadding=\"5\" bgcolor=\"#D1C4A5\" bordercolor=\"#D1C4A5\">\n<tbody>\n<tr>\n<td width=\"96%\" bgcolor=\"#D1C4A5\">Ilgana, T\u00fcrk ve Anadolu k\u00fclt\u00fcrleriyle mitolojilerinden esinlenilerek  yarat\u0131lm\u0131\u015f hayali bir destan d\u00fcnyas\u0131. Al\u0131\u015f\u0131lagelmi\u015f Avrupa tarihi ve  mitolojileri k\u00f6kenli masallar\u0131n yerine, Ege Denizi\u2019nin do\u011fusunda kalan  topraklar\u0131n kendi \u00f6yk\u00fclerini, de\u011fer yarg\u0131lar\u0131n\u0131 ve tarih alg\u0131lay\u0131\u015flar\u0131n\u0131  e\u011flenceli ve tutarl\u0131 bir destan d\u00fcnyas\u0131 i\u00e7inde ortaya koymay\u0131  ama\u00e7l\u0131yor.<\/p>\n<p>Ilgana, do\u011fayla uyum i\u00e7inde bulunan, basit ya\u015famlar  s\u00fcren ve do\u011fa ruhlar\u0131yla i\u015fbirli\u011fi i\u00e7inde ya\u015fayan konarg\u00f6\u00e7erlerin,  topra\u011f\u0131n ya\u015fam g\u00fcc\u00fcn\u00fc emerek g\u00fc\u00e7 kazanan k\u00f6t\u00fc niyetli kentli b\u00fcy\u00fcc\u00fclere  kar\u015f\u0131 verdikleri bitmek bilmez m\u00fccadeleyi konu al\u0131yor. Kentli  Dormanlar\u0131n tersine, t\u00fcm yery\u00fcz\u00fcn\u00fc kendi sorumluluklar\u0131nda g\u00f6ren  S\u00fcrekler, bu zorlu m\u00fccadeleye \u00fc\u00e7 taraf\u0131 denizlerle, bir taraf\u0131 sarp  da\u011flarla \u00e7evrili olan Ilgana topraklar\u0131nda ba\u015fl\u0131yorlar.<\/p>\n<p>\u00d6zg\u00fcr  \u00d6zol&#8217;un \u201cIlgana\u201d roman\u0131, destan\u0131n ilk \u00fcr\u00fcn\u00fc olarak sunuldu. Kapsaml\u0131 ve  heyecanl\u0131 bir destan olan Ilgana\u2019n\u0131n farkl\u0131 \u00fcr\u00fcnlerinin de zaman i\u00e7inde  sunulmas\u0131 planlan\u0131yor.<\/p>\n<p>Ilgana destan\u0131n\u0131n temellerini atan  Yarat\u0131c\u0131 Tak\u0131m b\u00fcnyesinde, bu destan\u0131n belkemi\u011fini olu\u015fturan \u00e7al\u0131\u015fmalar,  farkl\u0131 uzmanl\u0131klardan gelen ki\u015filer taraf\u0131ndan y\u00f6netiliyor.\ufeff<\/td>\n<\/tr>\n<\/tbody>\n<\/table>\n<\/td>\n<\/tr>\n<\/tbody>\n<\/table>\n<\/td>\n<\/tr>\n<\/tbody>\n<\/table>\n<\/td>\n<\/tr>\n<\/tbody>\n<\/table>\n","protected":false},"excerpt":{"rendered":"<p>ILGANA Yazar : \u00d6zg\u00fcr \u00d6zol Edit\u00f6r : Koray \u00d6zbudak Kapak ve \u0130\u00e7 \u00c7izimler : \u00d6mer Hac\u0131\u00f6mero\u011flu Ilgana Logosu : Emre Erdur Resif Kitap \u00c7\u0131k\u0131\u015f Tarihi : Aral\u0131k, 2010 Sayfa Say\u0131s\u0131 : 384 Fiyat\u0131 : 20,00 TL ISBN No : 978-605-4090-10-5 Tan\u0131t\u0131m Yaz\u0131s\u0131 Bu masalda kahraman \u015f\u00f6valyeler, sihirli de\u011fnekli b\u00fcy\u00fcc\u00fcler, \u0131\u015f\u0131lt\u0131lar sa\u00e7an periler yok. G\u00fczel prensesler, [&hellip;]<\/p>\n","protected":false},"author":1,"featured_media":0,"parent":57,"menu_order":0,"comment_status":"open","ping_status":"closed","template":"","meta":{"_acf_changed":false,"footnotes":""},"class_list":["post-6001","page","type-page","status-publish"],"acf":[],"_links":{"self":[{"href":"https:\/\/www.kayiprihtim.org\/portal\/wp-json\/wp\/v2\/pages\/6001","targetHints":{"allow":["GET"]}}],"collection":[{"href":"https:\/\/www.kayiprihtim.org\/portal\/wp-json\/wp\/v2\/pages"}],"about":[{"href":"https:\/\/www.kayiprihtim.org\/portal\/wp-json\/wp\/v2\/types\/page"}],"author":[{"embeddable":true,"href":"https:\/\/www.kayiprihtim.org\/portal\/wp-json\/wp\/v2\/users\/1"}],"replies":[{"embeddable":true,"href":"https:\/\/www.kayiprihtim.org\/portal\/wp-json\/wp\/v2\/comments?post=6001"}],"version-history":[{"count":0,"href":"https:\/\/www.kayiprihtim.org\/portal\/wp-json\/wp\/v2\/pages\/6001\/revisions"}],"up":[{"embeddable":true,"href":"https:\/\/www.kayiprihtim.org\/portal\/wp-json\/wp\/v2\/pages\/57"}],"wp:attachment":[{"href":"https:\/\/www.kayiprihtim.org\/portal\/wp-json\/wp\/v2\/media?parent=6001"}],"curies":[{"name":"wp","href":"https:\/\/api.w.org\/{rel}","templated":true}]}}