{"id":6123,"date":"2010-12-10T18:31:26","date_gmt":"2010-12-10T16:31:26","guid":{"rendered":"http:\/\/www.kayiprihtim.org\/portal\/"},"modified":"2022-07-26T18:05:31","modified_gmt":"2022-07-26T15:05:31","slug":"vakif-serisi-okuma-rehberi","status":"publish","type":"page","link":"https:\/\/www.kayiprihtim.org\/portal\/okuma-rehberleri\/vakif-serisi-okuma-rehberi\/","title":{"rendered":"Vak\u0131f Serisi Okuma Rehberi"},"content":{"rendered":"<p><strong><span style=\"font-size: 15pt; line-height: 1.2em;\">\u00d6nerilen Okuma S\u0131ras\u0131:<\/span><\/strong><\/p>\n<p style=\"padding-left: 30px;\"><strong>1. Vak\u0131f<\/strong><\/p>\n<p style=\"padding-left: 30px;\"><strong>2. Vak\u0131f ve \u0130mparatorluk<\/strong><\/p>\n<p style=\"padding-left: 30px;\"><strong>3.<\/strong>\u00a0<strong>\u0130kinci Vak\u0131f<\/strong><\/p>\n<p style=\"padding-left: 30px;\"><strong>4.<\/strong> <strong>Vak\u0131f&#8217;\u0131n S\u0131n\u0131r\u0131<\/strong><\/p>\n<p style=\"padding-left: 30px;\"><strong>5.<\/strong>\u00a0<strong>Vak\u0131f ve D\u00fcnya<\/strong><\/p>\n<p style=\"padding-left: 30px;\"><strong>6.<\/strong> <strong>Vak\u0131f Kurulurken<\/strong><\/p>\n<p style=\"padding-left: 30px;\"><strong>7.<\/strong> <strong>Vak\u0131f \u0130leri<\/strong><\/p>\n<hr \/>\n<p><em><strong><span style=\"font-size: 15pt; line-height: 1.2em;\">Ki\u015fisel bir fikir&#8230;<\/span><\/strong><\/em><\/p>\n<p style=\"text-indent: 0.4cm; text-align: justify;\"><strong>Asimov Romanlar\u0131 Hangi S\u0131rayla Okunmal\u0131:<\/strong><\/p>\n<p style=\"text-indent: 0.4cm; text-align: justify;\">Bu soru o kadar da \u00f6nemli mi? Evet, hem de nas\u0131l tahmin edemezsiniz. Bu;<em> &#8220;okumakta oldu\u011funuz yaz\u0131da \u00f6nerece\u011fim s\u0131rada okumazsan\u0131z kaybedeceklerinizi asla bilemezsiniz&#8221; <\/em>anlam\u0131na geliyor. Asimov romanlar\u0131n\u0131 uygun s\u0131rada ve ana dillerinde sat\u0131n alabilme \u015fans\u0131na sahip \u00fclkelerdeki Asimov okurlar\u0131n\u0131n \u00f6nemli bir \u00e7o\u011funlu\u011funun ittifak etti\u011fi bir s\u0131ray\u0131 \u00f6nerece\u011fim. Bu yaz\u0131 ve do\u011fru bir s\u0131ralama Asimov&#8217;u daha iyi anlayabilmek i\u00e7in kilit bir \u00f6neme sahip \u00e7\u00fcnk\u00fc \u00fclkemizde Asimov romanlar\u0131n\u0131n ba\u015f\u0131na gelenler \u00e7i\u011f yada pi\u015fmi\u015f hi\u00e7bir tavu\u011fun ba\u015f\u0131na gelmemi\u015ftir. \u00d6nce k\u0131saca buna de\u011finelim:<\/p>\n<p style=\"text-indent: 0.4cm; text-align: justify;\">Bildi\u011fim kadar\u0131yla Asimov romanlar\u0131ndan biri,<em> (\u00c7elik Ma\u011faralar)<\/em> ilk \u00f6nce <em>Baskan Yay\u0131nlar\u0131<\/em>&#8216;n\u0131n k\u00fc\u00e7\u00fck cep kitab\u0131 boyutlar\u0131nda bir bask\u0131s\u0131yla dilimize kazand\u0131r\u0131ld\u0131. Kitab\u0131n hacmi ne derece \u00f6zenli bir terc\u00fcme ve bask\u0131 oldu\u011fu konusunda yoruma yer b\u0131rakm\u0131yor. Sonra ard\u0131ndan<em> Alt\u0131n Kitaplar <\/em>sade ama garip bir terc\u00fcmeyle \u00f6nce <em><strong>Vak\u0131f Serisi<\/strong><\/em>&#8216;ni bast\u0131. Sonra <em><strong>Robot Serisi<\/strong><\/em> ayn\u0131 yay\u0131nevinden bas\u0131ld\u0131. Bu yay\u0131nevinin terc\u00fcmesi &#8220;<em>S\u0131f\u0131r\u0131nc\u0131 Yasa<\/em>&#8220;y\u0131, &#8220;<em>Zeroth Yasas\u0131<\/em>&#8221; olarak \u00e7evirmi\u015fti.<em> (\u0130ngilizce Zero=S\u0131f\u0131r, -th=nc\u0131, \u00f6rn. 5th element=5inci element)<\/em> <em><strong>Robot Serisi<\/strong><\/em> ya tamamlanm\u0131\u015ft\u0131 yada hen\u00fcz tamamlanmam\u0131\u015ft\u0131<em> \u0130nk\u0131lap Yay\u0131nevi<\/em> berbat bir terc\u00fcmeyle &#8220;<em>Vak\u0131f ve D\u00fcnya<\/em>&#8220;y\u0131 bast\u0131. <em><strong>Robot Serisi<\/strong><\/em>&#8216;ni ve sonras\u0131ndan <strong><em>Vak\u0131f \u00c7a\u011f\u0131<\/em><\/strong>&#8216;na tekrar d\u00f6nd\u00fc\u011f\u00fcm\u00fcz iki roman\u0131 okumadan, bu kitab\u0131 okumak T\u00fcrk okuru i\u00e7in bir facia olacakt\u0131. Daha sonra <em>Alt\u0131n Kitaplar<\/em> sebebi me\u00e7hul bir \u015fekilde bu kitaplar\u0131n 2., 3. bask\u0131lar\u0131n\u0131 yapmad\u0131. Sahaflar fahi\u015f fiyatlarla az say\u0131daki kitab\u0131 okurlar\u0131na satmaya ba\u015flad\u0131ar. Ben ve Mycogen&#8217;in di\u011fer edit\u00f6r\u00fc sevgili White&#8217;la birlikte, okumad\u0131\u011f\u0131m\u0131z &#8211; sat\u0131n alamad\u0131\u011f\u0131m\u0131z 2 kitab\u0131 sabah\u0131n ilk saatlerinde kapand\u0131\u011f\u0131m\u0131z Beyaz\u0131t Devlet K\u00fct\u00fcphanesi&#8217;nde okuma \u015fans\u0131na kavu\u015fabilmi\u015ftik. O g\u00fcnlerden sonra b\u00fct\u00fcn kitaplar\u0131 \u00f6zenli bir \u015fekilde ve do\u011fru s\u0131rayla basacak bir yay\u0131nevinin \u00e7\u0131kmas\u0131n\u0131 bekledik durduk. Sevgili White&#8217;\u0131n<em> \u0130thaki Yay\u0131nlar\u0131<\/em>&#8216;n\u0131n yetkilileriyle aras\u0131 iyidir, O da g\u00f6r\u00fc\u015ft\u00fck\u00e7e <em>Asimov<\/em>lardan konu a\u00e7\u0131yordu.<em> \u0130thaki<\/em>, <em>Asimov<\/em>&#8216;un \u00fclkemizdeki telif sorunlar\u0131yla uzunca bir s\u00fcre bo\u011fu\u015ftuktan sonra, <em>\u0130thaki<\/em>&#8216;nin bu kitaplar\u0131 basaca\u011f\u0131n\u0131 Bildirge\u00e7&#8217;teki bir yaz\u0131mda ilk kez ben duyurmu\u015ftum. Heyecanla beklemeye ba\u015flad\u0131k. Her\u015feyin g\u00fczel olaca\u011f\u0131ndan emindik. \u00c7\u00fcnk\u00fc <em>\u0130thaki <\/em>bilimkurguyu \u00fclkemize sevdiren \u00f6nemli yay\u0131nevlerinden biriydi. Bu i\u015fi do\u011fru yapacaklard\u0131. Ama \u00f6yle olmad\u0131&#8230;<\/p>\n<p style=\"text-indent: 0.4cm; text-align: justify;\">\u00d6nce <em>\u0130thaki<\/em>&#8216;nin telif sorunlar\u0131 y\u00fcz\u00fcnden sadece <em><strong>Vak\u0131f Serisi<\/strong><\/em>&#8216;ni basabilece\u011fini &#8220;i\u00e7erdeki&#8221; a\u011f\u0131zlardan \u00f6\u011frendik. Daha sonra <em><strong>Robot Serisi<\/strong><\/em>&#8216;nin haklar\u0131n\u0131n bir ba\u015fka yay\u0131nevine ait oldu\u011funu \u00f6\u011frendik ve hep bir a\u011f\u0131zdan &#8220;<em>Ne Alakaaa!??<\/em>&#8221; dedik. Daha \u00f6nce hi\u00e7 roman basmam\u0131\u015f bir yay\u0131neviydi bu. Hem de bir devlet kurumuydu. T\u00fcbitak. Yani <em>Bilim ve Teknik<\/em>. <em><strong>Robot Serisi<\/strong><\/em>&#8216;nin akibeti me\u00e7hul. Gelelim <em>\u0130thaki<\/em>&#8216;nin ettiklerine!<\/p>\n<p style=\"text-indent: 0.4cm; text-align: justify;\">\u00d6nce <em>Foundation<\/em>&#8216;u bast\u0131lar. Bu do\u011fru bir hamle. Asimov roman serileri i\u00e7inde okunmas\u0131 gereken ilk kitap. Ama ikinci kitap olarak bas\u0131lan kitap&#8230; Ah&#8230; Yap\u0131lacak en k\u00f6t\u00fc \u015feyi yapt\u0131 <em>\u0130thaki<\/em>. Kronolojik s\u0131ray\u0131 takip etti. <em>George Lucas, Star Wars<\/em>&#8216;lara Episode 1&#8217;den ba\u015flasa bu kadar berbat etmezdi. &#8220;<em>Vak\u0131f Kurulurken<\/em>&#8221; seri romanlar i\u00e7inde kesinlikle ve kesinlikle okunmas\u0131 gereken son kitap! Romanlar hakk\u0131nda ipucu vermemek i\u00e7in daha fazla a\u00e7\u0131klama yapm\u0131yorum. Ama siz siz olun serilerin b\u00fct\u00fcn kitaplar\u0131n\u0131 okumad\u0131ysan\u0131z (<em>Foundation and Earth<\/em> ve <em>Forward the Foundation<\/em> hari\u00e7) <em>Prelude to Foundation<\/em>&#8216;u okumay\u0131n. Kafan\u0131z kar\u0131\u015ft\u0131ysa merak etmeyin a\u015fa\u011f\u0131ya bir liste koydum. Ne yapt\u0131n <em>\u0130thaki<\/em>? Niye yapt\u0131n?<\/p>\n<p style=\"text-indent: 0.4cm; text-align: justify;\">Gelelim <em>Asimov <\/em>romanlar\u0131n\u0131n hangi s\u0131rayla okunaca\u011f\u0131na&#8230; <em>Asimov<\/em>&#8216;u \u00f6nce tan\u0131man\u0131z gerek. Bunun i\u00e7in seri olmayan tekil kitaplar\u0131ndan birini en \u00e7arp\u0131c\u0131s\u0131n\u0131 okumal\u0131s\u0131n\u0131z. Bu ilk kitap \u00f6nemli. Sonra serilere ge\u00e7eceksiniz. E\u011fer bu s\u0131ralamaya uyma \u015fans\u0131n\u0131z olursa bilin ki bir kitab\u0131n size verebilece\u011fi okuma zevkinin en b\u00fcy\u00fcklerinden biri sizi bekliyor!<\/p>\n<p><strong><span style=\"font-size: 15pt; line-height: 1.2em;\">\u0130\u015fte s\u0131ralama:<\/span><\/strong><\/p>\n<p style=\"padding-left: 30px;\"><strong>1-<\/strong> End Of Eternity<\/p>\n<p style=\"padding-left: 30px;\"><em>(Sonsuzlu\u011fun Sonu, tekil kitap)<\/em><\/p>\n<p><strong>Vak\u0131f Serisi:<\/strong><\/p>\n<p style=\"padding-left: 30px;\"><strong>2-<\/strong> Foundation (Vak\u0131f)<\/p>\n<p style=\"padding-left: 30px;\"><strong>3-<\/strong> Foundation and Empire (Vak\u0131f ve \u0130mparatorluk)<\/p>\n<p style=\"padding-left: 30px;\"><strong>4-<\/strong> Second Foundation (\u0130kinci Vak\u0131f)<\/p>\n<p style=\"padding-left: 30px;\"><strong>5-<\/strong> Foundation&#8217;s Edge (Vak\u0131f&#8217;\u0131n S\u0131n\u0131r\u0131) (ilk b\u00fcy\u00fck \u015fok)<\/p>\n<p><strong>Robot Serisi:<\/strong><\/p>\n<p style=\"padding-left: 30px;\"><strong>6-<\/strong> Caves of Steel (\u00c7elik Ma\u011faralar)<\/p>\n<p style=\"padding-left: 30px;\"><strong>7-<\/strong> The Naked Sun (\u00c7\u0131plak G\u00fcne\u015f)<\/p>\n<p style=\"padding-left: 30px;\"><strong>8-<\/strong> The Robots of Dawn (ikinci b\u00fcy\u00fck \u015fok)<\/p>\n<p style=\"padding-left: 30px;\"><strong>9-<\/strong> Robots and Empire<\/p>\n<p><strong>Tekrar Vak\u0131f Serisi:<\/strong><\/p>\n<p style=\"padding-left: 30px;\"><strong>10-<\/strong> Prelude to Foundation (Vak\u0131f Kurulurken) (son \u015fok ve art\u0131k ba\u015fka kitaplar size bo\u015f ve anlams\u0131z g\u00f6r\u00fcnecek)<\/p>\n<p style=\"padding-left: 30px;\"><strong>11-<\/strong> Forward to Foundation (Vak\u0131f \u0130leri)<\/p>\n<p style=\"padding-left: 30px;\"><strong>12-<\/strong> Foundation and Earth (Vak\u0131f ve D\u00fcnya)<\/p>\n<p style=\"padding-left: 30px;\">B\u00fct\u00fcn bu kitaplar\u0131 okuduktan sonra seri i\u00e7inde hayati \u00f6nemi olmayan ama ayn\u0131 ger\u00e7ekliklerde ge\u00e7en<br \/>\n<em>K\u0131sa Robot Hikayeleri:<\/em><\/p>\n<p style=\"padding-left: 30px;\">*The Complete Robot*Robot Dreams<\/p>\n<p style=\"padding-left: 30px;\">*Robot Visions<\/p>\n<p style=\"padding-left: 30px;\">*Gold: The Final Science Fiction Collection<\/p>\n<p><strong> \u0130mparatorluk Romanlar\u0131:<\/strong><\/p>\n<p style=\"padding-left: 30px;\">*The Stars, Like Dust<\/p>\n<p style=\"padding-left: 30px;\">*The Currents of Space<\/p>\n<p style=\"padding-left: 30px;\">*Pebble in the Sky<\/p>\n<p>isimli romanlar\u0131 yada terc\u00fcmelerini okuyabilirsiniz. Ama \u00f6nce numaraland\u0131r\u0131lm\u0131\u015f s\u0131ray\u0131 takip etmelisiniz!<\/p>\n<hr \/>\n<p><em>Bu yaz\u0131 <span style=\"color: #800000;\">Don Quijote <\/span>adl\u0131 yazar\u0131n 17 Haziran 2005 tarihinde yazd\u0131\u011f\u0131 <span style=\"color: #800000;\">Mycogen<\/span> blogundan al\u0131nm\u0131\u015ft\u0131r.<\/em><\/p>\n","protected":false},"excerpt":{"rendered":"<p>\u00d6nerilen Okuma S\u0131ras\u0131: 1. Vak\u0131f 2. Vak\u0131f ve \u0130mparatorluk 3.\u00a0\u0130kinci Vak\u0131f 4. Vak\u0131f&#8217;\u0131n S\u0131n\u0131r\u0131 5.\u00a0Vak\u0131f ve D\u00fcnya 6. Vak\u0131f Kurulurken 7. Vak\u0131f \u0130leri Ki\u015fisel bir fikir&#8230; Asimov Romanlar\u0131 Hangi S\u0131rayla Okunmal\u0131: Bu soru o kadar da \u00f6nemli mi? Evet, hem de nas\u0131l tahmin edemezsiniz. Bu; &#8220;okumakta oldu\u011funuz yaz\u0131da \u00f6nerece\u011fim s\u0131rada okumazsan\u0131z kaybedeceklerinizi asla bilemezsiniz&#8221; anlam\u0131na [&hellip;]<\/p>\n","protected":false},"author":1,"featured_media":0,"parent":726,"menu_order":0,"comment_status":"open","ping_status":"closed","template":"","meta":{"_acf_changed":false,"footnotes":""},"class_list":["post-6123","page","type-page","status-publish"],"acf":[],"_links":{"self":[{"href":"https:\/\/www.kayiprihtim.org\/portal\/wp-json\/wp\/v2\/pages\/6123","targetHints":{"allow":["GET"]}}],"collection":[{"href":"https:\/\/www.kayiprihtim.org\/portal\/wp-json\/wp\/v2\/pages"}],"about":[{"href":"https:\/\/www.kayiprihtim.org\/portal\/wp-json\/wp\/v2\/types\/page"}],"author":[{"embeddable":true,"href":"https:\/\/www.kayiprihtim.org\/portal\/wp-json\/wp\/v2\/users\/1"}],"replies":[{"embeddable":true,"href":"https:\/\/www.kayiprihtim.org\/portal\/wp-json\/wp\/v2\/comments?post=6123"}],"version-history":[{"count":4,"href":"https:\/\/www.kayiprihtim.org\/portal\/wp-json\/wp\/v2\/pages\/6123\/revisions"}],"predecessor-version":[{"id":59562,"href":"https:\/\/www.kayiprihtim.org\/portal\/wp-json\/wp\/v2\/pages\/6123\/revisions\/59562"}],"up":[{"embeddable":true,"href":"https:\/\/www.kayiprihtim.org\/portal\/wp-json\/wp\/v2\/pages\/726"}],"wp:attachment":[{"href":"https:\/\/www.kayiprihtim.org\/portal\/wp-json\/wp\/v2\/media?parent=6123"}],"curies":[{"name":"wp","href":"https:\/\/api.w.org\/{rel}","templated":true}]}}