{"id":6154,"date":"2010-12-13T17:20:36","date_gmt":"2010-12-13T15:20:36","guid":{"rendered":"http:\/\/www.kayiprihtim.org\/portal\/"},"modified":"2016-05-26T06:10:23","modified_gmt":"2016-05-26T03:10:23","slug":"ender-serisi","status":"publish","type":"page","link":"https:\/\/www.kayiprihtim.org\/portal\/kitaplar\/ender-serisi\/","title":{"rendered":"Ender Serisi"},"content":{"rendered":"<p><strong> Orson Scott Card<\/strong>&#8216;\u0131n kaleme ald\u0131\u011f\u0131 bilimkurgu serisidir.<\/p>\n<h3>Seride Bulunan Kitaplar<\/h3>\n<ol>\n<li>Ender\u2019in Oyunu<\/li>\n<li>\u00d6l\u00fclerin S\u00f6zc\u00fcs\u00fc<\/li>\n<li>Soyk\u0131r\u0131m<\/li>\n<li>Akl\u0131n \u00c7ocuklar\u0131<\/li>\n<li>Ender S\u00fcrg\u00fcnde<\/li>\n<\/ol>\n","protected":false},"excerpt":{"rendered":"<p>Orson Scott Card&#8216;\u0131n kaleme ald\u0131\u011f\u0131 bilimkurgu serisidir. Seride Bulunan Kitaplar Ender\u2019in Oyunu \u00d6l\u00fclerin S\u00f6zc\u00fcs\u00fc Soyk\u0131r\u0131m Akl\u0131n \u00c7ocuklar\u0131 Ender S\u00fcrg\u00fcnde<\/p>\n","protected":false},"author":1,"featured_media":0,"parent":57,"menu_order":0,"comment_status":"open","ping_status":"closed","template":"","meta":{"_acf_changed":false,"footnotes":""},"class_list":["post-6154","page","type-page","status-publish"],"acf":[],"_links":{"self":[{"href":"https:\/\/www.kayiprihtim.org\/portal\/wp-json\/wp\/v2\/pages\/6154","targetHints":{"allow":["GET"]}}],"collection":[{"href":"https:\/\/www.kayiprihtim.org\/portal\/wp-json\/wp\/v2\/pages"}],"about":[{"href":"https:\/\/www.kayiprihtim.org\/portal\/wp-json\/wp\/v2\/types\/page"}],"author":[{"embeddable":true,"href":"https:\/\/www.kayiprihtim.org\/portal\/wp-json\/wp\/v2\/users\/1"}],"replies":[{"embeddable":true,"href":"https:\/\/www.kayiprihtim.org\/portal\/wp-json\/wp\/v2\/comments?post=6154"}],"version-history":[{"count":0,"href":"https:\/\/www.kayiprihtim.org\/portal\/wp-json\/wp\/v2\/pages\/6154\/revisions"}],"up":[{"embeddable":true,"href":"https:\/\/www.kayiprihtim.org\/portal\/wp-json\/wp\/v2\/pages\/57"}],"wp:attachment":[{"href":"https:\/\/www.kayiprihtim.org\/portal\/wp-json\/wp\/v2\/media?parent=6154"}],"curies":[{"name":"wp","href":"https:\/\/api.w.org\/{rel}","templated":true}]}}