{"id":6193,"date":"2010-12-15T18:40:36","date_gmt":"2010-12-15T16:40:36","guid":{"rendered":"http:\/\/www.kayiprihtim.org\/portal\/"},"modified":"2016-05-26T06:10:57","modified_gmt":"2016-05-26T03:10:57","slug":"olimpos-kahramanlari","status":"publish","type":"page","link":"https:\/\/www.kayiprihtim.org\/portal\/kitaplar\/olimpos-kahramanlari\/","title":{"rendered":"Olimpos Kahramanlar\u0131"},"content":{"rendered":"<p><strong>Rick Riordan<\/strong>&#8216;\u0131n kaleme ald\u0131\u011f\u0131 Percy Jackson ve Olimposlular&#8217;\u0131n devam serisidir.<\/p>\n<p>Yunan efsaneleri g\u00fcn\u00fcm\u00fczde ya\u015fanmaya devam ediyor!<\/p>\n<p>Percy Jackson ve Olimposlular maceras\u0131ndan sonra yepyeni bir seri ba\u015fl\u0131yor: Olimpos Kahramanlar\u0131. \u0130lk be\u015f kitab\u0131n sonunda, b\u00fcy\u00fck bir sava\u015f\u0131n ard\u0131ndan Melez Kamp\u0131\u2019nda b\u0131rakt\u0131\u011f\u0131m\u0131z dostlar\u0131m\u0131z, yeni melezlerle birlikte yepyeni bir ser\u00fcvene ad\u0131m at\u0131yorlar.<\/p>\n<h3>Seride Bulunan Kitaplar<\/h3>\n<ol>\n<li>Kay\u0131p Kahraman<\/li>\n<li>Nept\u00fcn\u2019\u00fcn O\u011flu<\/li>\n<li>Melez G\u00fcnl\u00fckleri<\/li>\n<li>Athena\u2019n\u0131n \u0130\u015fareti<\/li>\n<li>Hades\u2019in Evi<\/li>\n<li>Olimpos\u2019un Kan\u0131<\/li>\n<\/ol>\n","protected":false},"excerpt":{"rendered":"<p>Rick Riordan&#8216;\u0131n kaleme ald\u0131\u011f\u0131 Percy Jackson ve Olimposlular&#8217;\u0131n devam serisidir. Yunan efsaneleri g\u00fcn\u00fcm\u00fczde ya\u015fanmaya devam ediyor! Percy Jackson ve Olimposlular maceras\u0131ndan sonra yepyeni bir seri ba\u015fl\u0131yor: Olimpos Kahramanlar\u0131. \u0130lk be\u015f kitab\u0131n sonunda, b\u00fcy\u00fck bir sava\u015f\u0131n ard\u0131ndan Melez Kamp\u0131\u2019nda b\u0131rakt\u0131\u011f\u0131m\u0131z dostlar\u0131m\u0131z, yeni melezlerle birlikte yepyeni bir ser\u00fcvene ad\u0131m at\u0131yorlar. Seride Bulunan Kitaplar Kay\u0131p Kahraman Nept\u00fcn\u2019\u00fcn O\u011flu [&hellip;]<\/p>\n","protected":false},"author":1,"featured_media":0,"parent":57,"menu_order":0,"comment_status":"open","ping_status":"closed","template":"","meta":{"_acf_changed":false,"footnotes":""},"class_list":["post-6193","page","type-page","status-publish"],"acf":[],"_links":{"self":[{"href":"https:\/\/www.kayiprihtim.org\/portal\/wp-json\/wp\/v2\/pages\/6193","targetHints":{"allow":["GET"]}}],"collection":[{"href":"https:\/\/www.kayiprihtim.org\/portal\/wp-json\/wp\/v2\/pages"}],"about":[{"href":"https:\/\/www.kayiprihtim.org\/portal\/wp-json\/wp\/v2\/types\/page"}],"author":[{"embeddable":true,"href":"https:\/\/www.kayiprihtim.org\/portal\/wp-json\/wp\/v2\/users\/1"}],"replies":[{"embeddable":true,"href":"https:\/\/www.kayiprihtim.org\/portal\/wp-json\/wp\/v2\/comments?post=6193"}],"version-history":[{"count":0,"href":"https:\/\/www.kayiprihtim.org\/portal\/wp-json\/wp\/v2\/pages\/6193\/revisions"}],"up":[{"embeddable":true,"href":"https:\/\/www.kayiprihtim.org\/portal\/wp-json\/wp\/v2\/pages\/57"}],"wp:attachment":[{"href":"https:\/\/www.kayiprihtim.org\/portal\/wp-json\/wp\/v2\/media?parent=6193"}],"curies":[{"name":"wp","href":"https:\/\/api.w.org\/{rel}","templated":true}]}}