{"id":6241,"date":"2010-12-16T18:56:22","date_gmt":"2010-12-16T16:56:22","guid":{"rendered":"http:\/\/www.kayiprihtim.org\/portal\/"},"modified":"2014-11-30T02:15:55","modified_gmt":"2014-11-30T00:15:55","slug":"elveda-bay-jordan-brandon-sanderson","status":"publish","type":"page","link":"https:\/\/www.kayiprihtim.org\/portal\/projeler\/elveda-bay-jordan-brandon-sanderson\/","title":{"rendered":"Elveda Bay Jordan | Brandon Sanderson"},"content":{"rendered":"<p style=\"text-indent: 0.4cm; text-align: justify;\">Bir\u00e7ok gen\u00e7 fantazi yazar\u0131 gibi Robert Jordan benim de kariyerimi derinden etkilemi\u015ftir, ve ben onun \u00f6l\u00fcm\u00fcn\u00fc t\u00fcm cemiyet i\u00e7in bir trajedi olarak g\u00f6r\u00fcyorum.<\/p>\n<p style=\"text-indent: 0.4cm; text-align: justify;\">D\u00dcNYANIN G\u00d6Z\u00dc\u2019n\u00fc kitap raflar\u0131nda g\u00f6r\u00fcd\u00fc\u011f\u00fcm ilk zaman\u0131 h\u00e2l\u00e2 hat\u0131rl\u0131yorum. Fantazi kitaplar\u0131m\u0131 ald\u0131\u011f\u0131m yerel \u00e7izgi roman ma\u011fazas\u0131ndayd\u0131m. Guardians of Flame serisinin s\u0131radaki kitab\u0131n\u0131 almaya gitmi\u015ftim, ve yeni ka\u011f\u0131t kapakl\u0131lar\u0131n bulundu\u011fu raf\u0131 kar\u0131\u015ft\u0131r\u0131rken, bu B\u00dcY\u00dcK fantazi roman\u0131n\u0131 g\u00f6rd\u00fcm.<\/p>\n<p style=\"text-indent: 0.4cm; text-align: justify;\">O kadar b\u00fcy\u00fckt\u00fc ki beni korkuttu, ve onu almad\u0131m. ( Bu bilhassa \u015fu an d\u00fczenli olarak 250,000 ya da daha fazla kelime yay\u0131nlayan benim i\u00e7in ironik. ) Yine de orada durup kitab\u0131 elimde tuttu\u011fum, arka planda birinin Cadash\u2019\u0131n antik piyanosunu \u00e7ald\u0131\u011f\u0131 o an\u0131 neredeyse H\u0130SSEDEB\u0130L\u0130YORUM.<\/p>\n<p style=\"text-indent: 0.4cm; text-align: justify;\">G\u00d6Z\u2019\u00fcn \u00e7ok g\u00fczel bir Darryl Sweet kapa\u011f\u0131 vard\u0131. Sanat\u00e7\u0131 olarak onu genelde \u015fiddetle ele\u015ftiririm, ama D\u00dcNYANIN G\u00d6Z\u00dc ile, neden \u015fimdi g\u00fc\u00e7l\u00fc biri oldu\u011funu hat\u0131rl\u0131yorum. San\u0131yorum, \u015fimdi bile, G\u00d6Z\u2019\u00fcn kapa\u011f\u0131 yapt\u0131klar\u0131n\u0131n en iyisiydi \u2013 fantazideki en iyilerden biri. Kapa\u011f\u0131 a\u00e7\u0131\u015f\u0131m\u0131 ve i\u00e7 kapakta bir \u00e7izim daha g\u00f6rd\u00fc\u011f\u00fcm\u00fc, reddedilmi\u015f bir kapak dizayn\u0131 olup olmad\u0131\u011f\u0131n\u0131 merak etti\u011fimi hat\u0131rl\u0131yorum.<\/p>\n<p style=\"text-indent: 0.4cm; text-align: justify;\">Her iki \u015fekilde de, kapa\u011fa bay\u0131lm\u0131\u015ft\u0131m. S\u00fcvarilerin y\u00fcr\u00fcy\u00fc\u015f\u00fcn\u00fc hissetmek, Lan ve Moiraine gururlu ve y\u00fczleri ileri d\u00f6n\u00fck . . . Kapak kahramanl\u0131k hayk\u0131r\u0131yordu.<\/p>\n<p style=\"text-indent: 0.4cm; text-align: justify;\">Kitab\u0131 birka\u00e7 hafta sonra ald\u0131m, ve \u00e7ok sevdim. Y\u0131llar sonra, di\u011fer kitap karton kapakl\u0131 olarak \u00e7\u0131kt\u0131\u011f\u0131nda sevinmi\u015ftim. O zamanlar alacak g\u00fcc\u00fcm yoktu, fakat YEN\u0130DENDO\u011eAN EJDER karton kapakla \u00e7\u0131kt\u0131\u011f\u0131nda alabiliyordum, ve ald\u0131m. O zamandan beri bu benim i\u00e7in bir gelenek haline geldi- serinin bitmesini bekledi\u011fim i\u00e7in son ikisini okumam\u0131\u015f olsam bile, al\u0131yorum.<\/p>\n<p style=\"text-indent: 0.4cm; text-align: justify;\">Hala G\u00d6Z\u2019\u00fcn bu zamana kadar yaz\u0131lm\u0131\u015f en iyi fantazi kitaplar\u0131ndan biri oldu\u011funu d\u00fc\u015f\u00fcn\u00fcyorum. Kitap, Tolkien\u2019in 60\u2019larda ortaya \u00e7\u0131kard\u0131\u011f\u0131 ve o zamandan beri serpilen epik macera t\u00fcr\u00fcn\u00fcn doruklar\u0131 denebilecek bir zaman\u0131 temsil ediyor . Zaman \u00c7ark\u0131 90\u2019lardaki okumalar\u0131m\u0131 hakimiyeti alt\u0131na ald\u0131 ve kendi fantazi roman\u0131m\u0131 yazmak ad\u0131na olan ilk giri\u015fimlerime b\u00fcy\u00fck etkisi oldu. San\u0131r\u0131m bu pek \u00e7o\u011fumuza b\u00f6yle oldu; hatta fantezi okuyucular\u0131n\u0131n tam anlam\u0131yla en z\u00fcppe olanlar\u0131n\u0131n \u00e7o\u011fu bile ben gen\u00e7ken gen\u00e7ti, ve D\u00dcNYANIN G\u00d6Z\u00dc\u2019n\u00fc ben okudu\u011fum zaman okudular.<\/p>\n<p style=\"text-indent: 0.4cm; text-align: justify;\">Sonunda kendimi yaz\u0131lar\u0131mda Zaman \u00c7ark\u0131na\u2019na KAR\u015eI gelirken buldum. Jordan\u2019dan ho\u015flanmad\u0131\u011f\u0131mdan de\u011fil, fakat o epik macera olay\u0131n\u0131 o kadar iyi yakalam\u0131\u015ft\u0131 ki ben yeni \u015feyler ke\u015ffetmek istedim. Onun kitaplar\u0131, i\u00e7lerinde d\u00fcnyas\u0131n\u0131n d\u00f6rt bir yan\u0131nda gezen karakterlerin yer ald\u0131\u011f\u0131 ak\u0131p ge\u00e7en sahneleri anlat\u0131yordu, bense hikayelerimi tek \u015fehirlerde kurdum. Onun hikayeleri kral olan k\u00f6yl\u00fclere odakl\u0131 iken, ben k\u00f6yl\u00fc olan krallarla ilgili hikayeler anlatmaya ba\u015flad\u0131m. Bunlardan biri de ELANTRIS\u2019ti.<\/p>\n<p style=\"text-indent: 0.4cm; text-align: justify;\">Robert Jordan\u2019\u0131 sadece bir defa g\u00f6rd\u00fcm. O zamanlar, conventionlara kat\u0131lmaya ba\u015flam\u0131\u015ft\u0131m. Tazekan bir yazar olmay\u0131 ba\u015fard\u0131\u011f\u0131m s\u00f6ylenebilirdi; tarz\u0131m\u0131 geli\u015ftirmi\u015ftim ve art\u0131k i\u015fin ticari k\u0131sm\u0131yla ilgili bir \u015feyler \u00f6\u011frenmek istiyordum. World Fantasy\u2019de senenin biri ( san\u0131r\u0131m Montreal\u2019de idi ), kongre odas\u0131n\u0131n d\u0131\u015f\u0131ndaki bir otel salonunda y\u00fcr\u00fcyen \u015fapkal\u0131 ve sakall\u0131 bir adam g\u00f6rd\u00fcm. Yaln\u0131zd\u0131, fakat bastonuyla y\u00fcr\u00fcken hayli sayg\u0131de\u011fer g\u00f6r\u00fcn\u00fcyordu.. onu panellerde hi\u00e7 g\u00f6rmemi\u015ftim, ama yine de onun kim oldu\u011funu bilmem gerekti\u011fini hissediyordum. Arkamdaki ki\u015fiye d\u00f6n\u00fcp sordum.<\/p>\n<p style=\"text-indent: 0.4cm; text-align: justify;\">\u201cO mu?\u201d dediler sil\u00fcet k\u00f6\u015feyi topallayarak d\u00f6nerken. \u201cO James Oliver Rigney, Jr. \u2019d\u0131.\u201d<\/p>\n<p style=\"text-indent: 0.4cm; text-align: justify;\">\u201cH\u0131mm . . . Peki.\u201d<\/p>\n<p style=\"text-indent: 0.4cm; text-align: justify;\">\u201cRobert Jordan,\u201d dediler. \u201cO Robert Jordan\u2019d\u0131.\u201d<\/p>\n<p style=\"text-indent: 0.4cm; text-align: justify;\">Sonunda kitaplar\u0131mdan biri i\u00e7in ayn\u0131 World Fantasy kongresinde tan\u0131\u015ft\u0131\u011f\u0131m bir edit\u00f6rden teklif ald\u0131m. Temsilcim bu teklifi ba\u015fka yay\u0131mc\u0131lardan daha b\u00fcy\u00fck anla\u015fmalar koparmak i\u00e7in kullanmam\u0131z\u0131 \u00f6nerdi. Ama bu teklif Robert Jordan\u2019\u0131n yay\u0131mc\u0131s\u0131 TOR\u2019dan gelmi\u015fti. D\u00dcNYANIN G\u00d6Z\u00dc\u2019n\u00fcn ilk bask\u0131s\u0131n\u0131 ald\u0131ktan onbe\u015f y\u0131l kadar sonra, hala Jordan\u2019\u0131n etkisini hissedebiliyordum. Tor onun yay\u0131mc\u0131s\u0131yd\u0131. Bu benim i\u00e7in fantazi DEMEKT\u0130. Bu olmak istedi\u011fim yerdi.<\/p>\n<p style=\"text-indent: 0.4cm; text-align: justify;\">Teklifi kabul ettim.<\/p>\n<p style=\"text-indent: 0.4cm; text-align: justify;\">O art\u0131k yok. Eminim \u00e7o\u011fu bunu trajedi olarak de\u011fil, f\u0131rsat olarak g\u00f6r\u00fcyordur. Miras\u00e7\u0131s\u0131 kim? Ka\u00e7 tane yazar\u0131n pazartesi g\u00fcn\u00fc edit\u00f6rlerine mail at\u0131p, D\u00dcNYANIN G\u00d6Z\u00dc serisinin bitirilmesi i\u00e7in birilerine ihtiya\u00e7 olup olmad\u0131\u011f\u0131n\u0131 sordu\u011funu merak ediyorum. Hi\u00e7biri bu g\u00f6rev i\u00e7in se\u00e7ilmese bile, TOR \u2018un birilerine kadrolar\u0131ndaki bo\u015flu\u011fu doldurmak i\u00e7in birini \u00f6ne \u00e7\u0131karmas\u0131 gerekti\u011fi hissi olacak.<\/p>\n<p style=\"text-indent: 0.4cm; text-align: justify;\">Yine de, burada bir \u015feylerin DE\u011e\u0130\u015eT\u0130\u011e\u0130N\u0130 d\u00fc\u015f\u00fcnerek oturuyorum. Bir \u015feyler eksik. Baz\u0131lar\u0131 senden nefret ediyordu Bay Jordan, senin pop\u00fcler fantezi hakk\u0131ndaki t\u00fcm k\u00f6t\u00fcl\u00fckleri temsil etti\u011fini iddia ediyorlard\u0131. Di\u011ferleri sana onu DO\u011eRU anlayan tek ki\u015fi olarak h\u00fcrmet etti.<\/p>\n<p style=\"text-indent: 0.4cm; text-align: justify;\">\u015eahsen ben, sana kar\u015f\u0131 kendimi sadece bor\u00e7lu hissediyorum. Bana fantazi serilerinde vizyonun ve amac\u0131n ne olmas\u0131 gerekti\u011fini\u2014ne yap\u0131labilece\u011fini g\u00f6sterdin. H\u00e2l\u00e2 senin ba\u015far\u0131n olmasayd\u0131, benim gibi bir\u00e7ok gen\u00e7 yazar\u0131n hayallerini yay\u0131nlama \u015fans\u0131n\u0131 bulamam\u0131\u015f olaca\u011f\u0131na inan\u0131yorum.<\/p>\n<p style=\"text-indent: 0.4cm; text-align: justify;\">Gidi\u015fin sessiz ama sars\u0131c\u0131 oldu.<\/p>\n<p><strong> Brandon Sanderson<\/strong><br \/>\n<span style=\"color: #ff0000;\"><em>(Bu yaz\u0131n\u0131n \u00e7evirisi <strong>Sevil \u015eeny\u00fcz<\/strong> taraf\u0131ndan yap\u0131lm\u0131\u015ft\u0131r.)<\/em><\/span><\/p>\n","protected":false},"excerpt":{"rendered":"<p>Bir\u00e7ok gen\u00e7 fantazi yazar\u0131 gibi Robert Jordan benim de kariyerimi derinden etkilemi\u015ftir, ve ben onun \u00f6l\u00fcm\u00fcn\u00fc t\u00fcm cemiyet i\u00e7in bir trajedi olarak g\u00f6r\u00fcyorum. D\u00dcNYANIN G\u00d6Z\u00dc\u2019n\u00fc kitap raflar\u0131nda g\u00f6r\u00fcd\u00fc\u011f\u00fcm ilk zaman\u0131 h\u00e2l\u00e2 hat\u0131rl\u0131yorum. Fantazi kitaplar\u0131m\u0131 ald\u0131\u011f\u0131m yerel \u00e7izgi roman ma\u011fazas\u0131ndayd\u0131m. Guardians of Flame serisinin s\u0131radaki kitab\u0131n\u0131 almaya gitmi\u015ftim, ve yeni ka\u011f\u0131t kapakl\u0131lar\u0131n bulundu\u011fu raf\u0131 kar\u0131\u015ft\u0131r\u0131rken, bu [&hellip;]<\/p>\n","protected":false},"author":1,"featured_media":0,"parent":12165,"menu_order":0,"comment_status":"open","ping_status":"closed","template":"page2.php","meta":{"_acf_changed":false,"footnotes":""},"class_list":["post-6241","page","type-page","status-publish"],"acf":[],"_links":{"self":[{"href":"https:\/\/www.kayiprihtim.org\/portal\/wp-json\/wp\/v2\/pages\/6241","targetHints":{"allow":["GET"]}}],"collection":[{"href":"https:\/\/www.kayiprihtim.org\/portal\/wp-json\/wp\/v2\/pages"}],"about":[{"href":"https:\/\/www.kayiprihtim.org\/portal\/wp-json\/wp\/v2\/types\/page"}],"author":[{"embeddable":true,"href":"https:\/\/www.kayiprihtim.org\/portal\/wp-json\/wp\/v2\/users\/1"}],"replies":[{"embeddable":true,"href":"https:\/\/www.kayiprihtim.org\/portal\/wp-json\/wp\/v2\/comments?post=6241"}],"version-history":[{"count":0,"href":"https:\/\/www.kayiprihtim.org\/portal\/wp-json\/wp\/v2\/pages\/6241\/revisions"}],"up":[{"embeddable":true,"href":"https:\/\/www.kayiprihtim.org\/portal\/wp-json\/wp\/v2\/pages\/12165"}],"wp:attachment":[{"href":"https:\/\/www.kayiprihtim.org\/portal\/wp-json\/wp\/v2\/media?parent=6241"}],"curies":[{"name":"wp","href":"https:\/\/api.w.org\/{rel}","templated":true}]}}