{"id":628,"date":"2009-01-31T00:29:38","date_gmt":"2009-01-30T22:29:38","guid":{"rendered":"http:\/\/www.kayiprihtim.org\/portal\/?page_id=628"},"modified":"2012-01-31T10:04:34","modified_gmt":"2012-01-31T08:04:34","slug":"robert-jordan-ile-roportaj","status":"publish","type":"page","link":"https:\/\/www.kayiprihtim.org\/portal\/roportajlar\/robert-jordan-ile-roportaj\/","title":{"rendered":"Robert Jordan \u0130le R\u00f6portaj"},"content":{"rendered":"<p class=\"MsoNormal\"><img fetchpriority=\"high\" decoding=\"async\" class=\"alignnone\" src=\"https:\/\/www.kayiprihtim.org\/portal\/gorsel\/yazarlar\/RobertJordan.jpg\" alt=\"\" width=\"490\" height=\"228\"><\/p>\n<p class=\"MsoNormal\" style=\"text-align: justify;\"><strong>Sizi fantastik alan\u0131nda yazmaya ne esinlendirdi?<\/strong><\/p>\n<p class=\"MsoNormal\" style=\"text-align: justify;\">Kimi hik\u00e2yelerin belli t\u00fcrlerde anlat\u0131lmas\u0131 gerekir ve fantastik, yazar\u0131n iyiyi ve k\u00f6t\u00fcy\u00fc, do\u011fru ile yanl\u0131\u015f\u0131, tarafs\u0131zl\u0131k inanc\u0131na e\u011filmeden onuru ve g\u00f6revi ke\u015ffetmesine olanak verir, ki t\u00fcm bunlar bir paran\u0131n iki y\u00fcz\u00fcd\u00fcr. \u0130yi ve k\u00f6t\u00fc vard\u0131r, yani do\u011fru ve yanl\u0131\u015f da. Bazen fark\u0131 anlatmak zordur t\u0131pk\u0131 ne yapman\u0131n do\u011fru olaca\u011f\u0131n\u0131 bilmenin zor olabilece\u011fi gibi, ama \u00e7abalamaya de\u011ferdir.<\/p>\n<p class=\"MsoNormal\" style=\"text-align: justify;\">\n<p class=\"MsoNormal\" style=\"text-align: justify;\"><strong>Zaman \u00c7ark\u0131\u2019n\u0131 esinleyen tek bir fikir var m\u0131yd\u0131?<\/strong><\/p>\n<p class=\"MsoNormal\" style=\"text-align: justify;\">Tek de\u011fil ama birle\u015ftirdi\u011fim pek \u00e7ok b\u00fcy\u00fck ve k\u00fc\u00e7\u00fck fikir vard\u0131. Omzunuzun s\u0131vazlanmas\u0131 ve b\u00fcy\u00fck bir g\u00f6revi ta\u015f\u0131mak i\u00e7in do\u011fdu\u011funuzun, bunun sizin ka\u00e7\u0131n\u0131lmaz kaderiniz oldu\u011funun ve kendiniz i\u00e7in ne istedi\u011finizin \u00f6nemi olmad\u0131\u011f\u0131n\u0131n s\u00f6ylenmesi ne gibi bir his olaca\u011f\u0131n\u0131 merak etmi\u015ftim. Efsanelerin kaynaklar\u0131, ger\u00e7ek olaylar\u0131n zaman ge\u00e7idinde nas\u0131l de\u011fi\u015fti\u011fi ve ayr\u0131ca uzak ve farkl\u0131 k\u00fclt\u00fcrler aras\u0131ndaki pek \u00e7ok efsanenin nas\u0131l benzer oldu\u011fu hakk\u0131nda d\u00fc\u015f\u00fcnd\u00fcm. Etkisini g\u00f6rd\u00fc\u011f\u00fcm pek \u00e7ok ba\u015fka \u015fey de oldu ama nihayetinde zihnimde bir araya gelmeye ba\u015flad\u0131lar ve hik\u00e2yenin imk\u00e2nl\u0131l\u0131\u011f\u0131n\u0131 g\u00f6rd\u00fcm.<\/p>\n<p class=\"MsoNormal\" style=\"text-align: justify;\">\n<p class=\"MsoNormal\" style=\"text-align: justify;\"><strong>Zaman \u00c7ark\u0131\u2019n\u0131 tek bir uzun roman olarak m\u0131, yoksa bir roman serisi olarak m\u0131 d\u00fc\u015f\u00fcnd\u00fcn\u00fcz?<\/strong><\/p>\n<p class=\"MsoNormal\" style=\"text-align: justify;\">Bana g\u00f6re, Zaman \u00c7ark\u0131 roman\u0131n par\u00e7alar\u0131 olan tek kitaplardan mevcut uzun romanlardan biridir. Her kitap ile kesin bir miktar \u00f6nerme sa\u011flamaya \u00e7al\u0131\u015f\u0131yorum ama okuyucu ilk kitapla ba\u015flamal\u0131. Ger\u00e7ekten, son kitab\u0131 al\u0131p ta oradan ba\u015flamak m\u00fcmk\u00fcn de\u011fil, bu herhangi ba\u015fka bir romana son b\u00f6l\u00fcmlerinden ba\u015flamak gibi olur.<\/p>\n<p class=\"MsoNormal\" style=\"text-align: justify;\">\n<p class=\"MsoNormal\" style=\"text-align: justify;\"><strong>Yazmak konusunda g\u00fcnl\u00fck bir mutad\u0131n\u0131z var m\u0131?<\/strong><\/p>\n<p class=\"MsoNormal\" style=\"text-align: justify;\">Evet. Kahvalt\u0131dan sonra gazete okur, yar\u0131m saat a\u011f\u0131rl\u0131k kald\u0131r\u0131r\u0131m ya da y\u00fczerim. Sonra da garajdaki masama ge\u00e7ip e-mail, mektup ve telefonlar\u0131 basit\u00e7e, olaca\u011f\u0131yla yan\u0131tlar\u0131m. Sonra da yazmaya ba\u015flar\u0131m. \u00c7o\u011fu zaman g\u00fcnde en az sekiz saati k\u0131sa bir \u00f6\u011flen yeme\u011fi aras\u0131n\u0131 da sayarsak yazarak ge\u00e7iririm ve bunu hafta yedi g\u00fcn yapar\u0131m. Ara s\u0131ra g\u00fcn\u00fc bal\u0131k tutarak ge\u00e7irim, ama evden uzak olmad\u0131\u011f\u0131m s\u00fcrece, \u00e7o\u011fu zaman kendimi neden masamda yaz\u0131yor olmad\u0131\u011f\u0131m\u0131 merak ederken bulurum.<\/p>\n<p style=\"text-indent: 0.4cm; text-align: justify;\"><strong>Kendinizi Zaman \u00c7ark\u0131\u2019ndaki hangi karakterle \u00f6zde\u015fle\u015ftiriyorsunuz?<\/strong><\/p>\n<p style=\"text-indent: 0.4cm; text-align: justify;\"><span>Ben her zaman o anda yazd\u0131\u011f\u0131m karakter ile \u00f6zde\u015fle\u015ftirmeye \u00e7al\u0131\u015f\u0131r\u0131m kendimi<\/span>. Onlar\u0131n kafalar\u0131n\u0131n v\u00fccutlar\u0131n\u0131n i\u00e7inde olmak. Bazen bunun dezavantajlar\u0131 olur. G\u00fcn\u00fcn sonunda eve gitti\u011fimde, bir kelime s\u00f6ylemeden \u00f6nce kar\u0131m konu\u015fur, \u201c Bug\u00fcn Padan Fain\u2019i yaz\u0131yordun de\u011fil mi?\u201d O bunu s\u00f6yledi\u011finde ger\u00e7ekten de yaln\u0131z kalmak istemeyece\u011finiz bir karakteri yaz\u0131yor olurdum. Ama en \u00e7ok hangi karakteri kendim gibi hissetti\u011fimi soruyorsan\u0131z, Lan Mandragoran ideallerimi \u00e7ok iyi a\u00e7\u0131kl\u0131yor.. Di\u011fer yandan kar\u0131m benim harika bir Loial oldu\u011fumu iddia ediyor! <strong><\/strong><\/p>\n<p style=\"text-indent: 0.4cm; text-align: justify;\"><strong>Zaman \u00c7ark\u0131\u2019n\u0131 bir filmde \u2013ya da filmlerde- g\u00f6rmek ister miydiniz? E\u011fer olursa Randy rol\u00fcnde kimin oynamas\u0131n\u0131 isterdiniz?<\/strong><\/p>\n<p style=\"text-indent: 0.4cm; text-align: justify;\"><span>Zaman \u00e7ark\u0131n\u0131 bir TV dizisi olarak g\u00f6rmeyi \u00e7ok isterim, belki HBO yap\u0131m\u0131 bir dizi<strong>.<\/strong><\/span>. \u00c7ok iyi i\u015fler yap\u0131yorlar, ve reklam aralar\u0131 da yok. Kitaplar\u0131mdan birinin filme al\u0131nmas\u0131na izin verece\u011fimi sanm\u0131yorum.Bir film olacaksa, tutarl\u0131l\u0131\u011f\u0131n\u0131 kaybetmemesi i\u00e7in sadece bir kitap en az be\u015f ya da alt\u0131 saat olmal\u0131, belki daha uzun ve bildi\u011fim kimse bu tarz filmler yapm\u0131yor. Rand\u2019i kimin oynayaca\u011f\u0131na gelirsek, ger\u00e7ekten bilemiyorum. Ka\u00e7 tane iyi akt\u00f6r 2 metre uzunlu\u011funda ki?(6 feet 5 in\u00e7 diyor yazar burada)<\/p>\n<p style=\"text-indent: 0.4cm; text-align: justify;\"><strong>Zaman \u00c7ark\u0131\u2019n\u0131n nas\u0131l bitece\u011fini biliyor musunuz?<br \/>\n<\/strong><span>Evet<\/span>. Son kitab\u0131n son sahnesini ba\u015flamadan \u00f6nce biliyordum.<\/p>\n","protected":false},"excerpt":{"rendered":"<p>Sizi fantastik alan\u0131nda yazmaya ne esinlendirdi? Kimi hik\u00e2yelerin belli t\u00fcrlerde anlat\u0131lmas\u0131 gerekir ve fantastik, yazar\u0131n iyiyi ve k\u00f6t\u00fcy\u00fc, do\u011fru ile yanl\u0131\u015f\u0131, tarafs\u0131zl\u0131k inanc\u0131na e\u011filmeden onuru ve g\u00f6revi ke\u015ffetmesine olanak verir, ki t\u00fcm bunlar bir paran\u0131n iki y\u00fcz\u00fcd\u00fcr. \u0130yi ve k\u00f6t\u00fc vard\u0131r, yani do\u011fru ve yanl\u0131\u015f da. Bazen fark\u0131 anlatmak zordur t\u0131pk\u0131 ne yapman\u0131n do\u011fru olaca\u011f\u0131n\u0131 [&hellip;]<\/p>\n","protected":false},"author":3,"featured_media":0,"parent":1029,"menu_order":0,"comment_status":"open","ping_status":"closed","template":"","meta":{"_acf_changed":false,"footnotes":""},"class_list":["post-628","page","type-page","status-publish"],"acf":[],"_links":{"self":[{"href":"https:\/\/www.kayiprihtim.org\/portal\/wp-json\/wp\/v2\/pages\/628","targetHints":{"allow":["GET"]}}],"collection":[{"href":"https:\/\/www.kayiprihtim.org\/portal\/wp-json\/wp\/v2\/pages"}],"about":[{"href":"https:\/\/www.kayiprihtim.org\/portal\/wp-json\/wp\/v2\/types\/page"}],"author":[{"embeddable":true,"href":"https:\/\/www.kayiprihtim.org\/portal\/wp-json\/wp\/v2\/users\/3"}],"replies":[{"embeddable":true,"href":"https:\/\/www.kayiprihtim.org\/portal\/wp-json\/wp\/v2\/comments?post=628"}],"version-history":[{"count":0,"href":"https:\/\/www.kayiprihtim.org\/portal\/wp-json\/wp\/v2\/pages\/628\/revisions"}],"up":[{"embeddable":true,"href":"https:\/\/www.kayiprihtim.org\/portal\/wp-json\/wp\/v2\/pages\/1029"}],"wp:attachment":[{"href":"https:\/\/www.kayiprihtim.org\/portal\/wp-json\/wp\/v2\/media?parent=628"}],"curies":[{"name":"wp","href":"https:\/\/api.w.org\/{rel}","templated":true}]}}