{"id":6363,"date":"2010-12-22T11:28:42","date_gmt":"2010-12-22T09:28:42","guid":{"rendered":"http:\/\/www.kayiprihtim.org\/portal\/"},"modified":"2012-01-31T10:57:09","modified_gmt":"2012-01-31T08:57:09","slug":"krondor-serisi","status":"publish","type":"page","link":"https:\/\/www.kayiprihtim.org\/portal\/kitaplar\/gediksavaslari-efsanesi\/krondor-serisi\/","title":{"rendered":"Krondor Serisi"},"content":{"rendered":"<table style=\"border: thin outset; border-collapse: collapse; height: 30px; width: 470px;\" border=\"0\" cellpadding=\"2\">\n<tbody>\n<tr>\n<td width=\"30%\" bgcolor=\"#330000\"><span style=\"font-family: Verdana; color: #ffffff;\"><strong><a name=\"1\"><\/a>\u0130HANET<\/strong><\/span><\/td>\n<\/tr>\n<\/tbody>\n<\/table>\n<table style=\"border-collapse: collapse; width: 462px; height: 250px;\" border=\"0\" cellspacing=\"0\" cellpadding=\"0\" bordercolor=\"#111111\">\n<tbody>\n<tr>\n<td width=\"58%\" align=\"center\" valign=\"top\">\n<table style=\"border-collapse: collapse; width: 315px; height: 248px;\" border=\"0\" cellspacing=\"2\">\n<tbody>\n<tr>\n<td width=\"100%\" align=\"right\">\n<table style=\"width: 310px; height: 88px;\" border=\"0\" cellspacing=\"0\">\n<tbody>\n<tr bgcolor=\"#D1C4A5\">\n<td width=\"39%\"><strong>Yazar<\/strong><\/td>\n<td width=\"3%\">:<\/td>\n<td width=\"51%\">Raymond E. Feist<\/td>\n<\/tr>\n<tr bgcolor=\"#E4DDCB\">\n<td><strong>\u00c7eviren<\/strong><\/td>\n<td width=\"3%\">:<\/td>\n<td width=\"51%\">Emre Yerlikhan<span style=\"color: #181512;\"> <\/span><\/td>\n<\/tr>\n<tr bgcolor=\"#D1C4A5\">\n<td width=\"39%\"><strong>Redaksiyon<br \/>\n<\/strong><\/td>\n<td width=\"3%\">:<\/td>\n<td width=\"51%\">Gamze Sar\u0131<\/td>\n<\/tr>\n<tr bgcolor=\"#E4DDCB\">\n<td width=\"39%\"><strong>\u00d6zg\u00fcn Ad\u0131<\/strong><\/td>\n<td width=\"3%\">:<\/td>\n<td width=\"51%\">The Betrayal<\/td>\n<\/tr>\n<\/tbody>\n<\/table>\n<\/td>\n<\/tr>\n<tr>\n<td style=\"border-style: solid ridge ridge; border-width: 1px; padding-left: 4px; padding-right: 4px;\" width=\"100%\" bgcolor=\"#C0B18D\"><strong><span style=\"font-size: 9pt; font-family: Tahoma;\">\u0130thaki Yay\u0131nlar\u0131<br \/>\n<\/span><\/strong><\/td>\n<\/tr>\n<tr>\n<td width=\"100%\" align=\"right\">\n<table style=\"width: 310px; height: 88px;\" border=\"0\" cellspacing=\"0\">\n<tbody>\n<tr bgcolor=\"#D1C4A5\">\n<td width=\"39%\"><strong>\u00c7\u0131k\u0131\u015f Tarihi<\/strong><\/td>\n<td width=\"3%\">:<\/td>\n<td width=\"51%\">Temmuz, 2003<\/td>\n<\/tr>\n<tr bgcolor=\"#E4DDCB\">\n<td><strong>Sayfa Say\u0131s\u0131<\/strong><\/td>\n<td width=\"3%\">:<\/td>\n<td width=\"51%\">496<\/td>\n<\/tr>\n<tr bgcolor=\"#D1C4A5\">\n<td width=\"39%\"><strong>Fiyat\u0131<\/strong><\/td>\n<td width=\"3%\">:<\/td>\n<td width=\"51%\">22,00 TL<\/td>\n<\/tr>\n<tr bgcolor=\"#E4DDCB\">\n<td width=\"39%\"><strong>ISBN No<\/strong><\/td>\n<td width=\"3%\">:<\/td>\n<td width=\"51%\">9789758725403<\/td>\n<\/tr>\n<\/tbody>\n<\/table>\n<\/td>\n<\/tr>\n<\/tbody>\n<\/table>\n<\/td>\n<td width=\"39%\" align=\"left\" valign=\"top\">\n<p style=\"text-align: center;\">\n<p><a href=\"https:\/\/www.kayiprihtim.org\/portal\/gorsel\/ihanet.jpg\" target=\"_blank\"><img decoding=\"async\" src=\"https:\/\/www.kayiprihtim.org\/portal\/gorsel\/ihanet.jpg\" border=\"0\" alt=\"\" hspace=\"1\" width=\"140\" height=\"219\" class=\"aligncenter\"><\/a><\/td>\n<\/tr>\n<\/tbody>\n<\/table>\n<table style=\"border-collapse: collapse; width: 47%;\" border=\"0\" cellpadding=\"0\">\n<tbody>\n<tr>\n<td width=\"54%\">\n<table style=\"border-collapse: collapse; height: 147px; width: 470px;\" border=\"0\" cellspacing=\"0\" cellpadding=\"2\">\n<tbody>\n<tr>\n<td style=\"border-style: solid ridge ridge; border-width: 1px; padding-left: 4px; padding-right: 4px;\" width=\"98%\" bgcolor=\"#C0B18D\"><strong><span style=\"font-size: 9pt; font-family: Tahoma;\">Tan\u0131t\u0131m Yaz\u0131s\u0131<\/span><\/strong><\/td>\n<\/tr>\n<tr>\n<td width=\"99%\" align=\"left\">\n<table style=\"width: 465px;\" border=\"0\">\n<tbody>\n<tr>\n<td style=\"border-style: outset; border-width: 1px;\" width=\"96%\" bgcolor=\"#D1C4A5\">\n<table style=\"border-collapse: collapse; width: 452px; height: 199px;\" border=\"0\" cellspacing=\"0\" cellpadding=\"5\" bgcolor=\"#D1C4A5\" bordercolor=\"#D1C4A5\">\n<tbody>\n<tr>\n<td width=\"96%\" bgcolor=\"#D1C4A5\">Midkemia&#8217;da \u015fer bir r\u00fczgar esmektedir. Kara birlikler Adalar Krall\u0131\u011f\u0131&#8217;n\u0131 ayaklar alt\u0131nda \u00e7i\u011fneyerek u\u011fursuz b\u00fcy\u00fclere k\u00f6le etmek \u00fczere toplanm\u0131\u015ft\u0131r. D\u00fczen ile Kaos aras\u0131ndaki nihai sava\u015f, Sethanon adl\u0131 kentin y\u0131k\u0131nt\u0131lar\u0131 aras\u0131nda ba\u015flamak \u00fczeredir.<\/p>\n<p>Milamber olarak da bilinen b\u00fcy\u00fcc\u00fc Pug&#8217;\u0131n zaman\u0131n \u015fafa\u011f\u0131na do\u011fru, y\u00fcreklere korku salan, tehlikelerle dolu yolculu\u011funu yaparak bin d\u00fcnyan\u0131n yazg\u0131s\u0131n\u0131 de\u011fi\u015ftirmek \u00fczere kadim ve deh\u015fet verici D\u00fc\u015fman&#8217;la kar\u015f\u0131 kar\u015f\u0131ya gelmesinin zaman\u0131d\u0131r art\u0131k&#8230;<\/p>\n<hr size=\"1\" \/><strong>Dan\u0131\u015fman : <\/strong>Bora \u00d6ng\u00fcrer<br \/>\n<strong>Yay\u0131n Koordinat\u00f6r\u00fc :<\/strong> F\u00fcsun Ta\u015f<br \/>\n<strong>Sayfa D\u00fczeni :<\/strong> Cemile \u00d6z<br \/>\n<strong>Sanat Y\u00f6netmeni :<\/strong> Murat \u00d6zg\u00fcl<\/td>\n<\/tr>\n<\/tbody>\n<\/table>\n<\/td>\n<\/tr>\n<\/tbody>\n<\/table>\n<\/td>\n<\/tr>\n<\/tbody>\n<\/table>\n<\/td>\n<\/tr>\n<\/tbody>\n<\/table>\n<p><span style=\"color: #E4DDCB;\">&#8211;<\/span><\/p>\n<table style=\"border: thin outset; border-collapse: collapse; height: 30px; width: 470px;\" border=\"0\" cellpadding=\"2\">\n<tbody>\n<tr>\n<td width=\"30%\" bgcolor=\"#330000\"><span style=\"font-family: Verdana; color: #ffffff;\"><strong><a name=\"2\"><\/a>K\u0130RALIK KAT\u0130LLER<\/strong><\/span><\/td>\n<\/tr>\n<\/tbody>\n<\/table>\n<table style=\"border-collapse: collapse; width: 462px; height: 250px;\" border=\"0\" cellspacing=\"0\" cellpadding=\"0\" bordercolor=\"#111111\">\n<tbody>\n<tr>\n<td width=\"58%\" align=\"center\" valign=\"top\">\n<table style=\"border-collapse: collapse; width: 315px; height: 248px;\" border=\"0\" cellspacing=\"2\">\n<tbody>\n<tr>\n<td width=\"100%\" align=\"right\">\n<table style=\"width: 310px; height: 88px;\" border=\"0\" cellspacing=\"0\">\n<tbody>\n<tr bgcolor=\"#D1C4A5\">\n<td width=\"39%\"><strong>Yazar<\/strong><\/td>\n<td width=\"3%\">:<\/td>\n<td width=\"51%\">Raymond E. Feist<\/td>\n<\/tr>\n<tr bgcolor=\"#E4DDCB\">\n<td><strong>\u00c7eviren<\/strong><\/td>\n<td width=\"3%\">:<\/td>\n<td width=\"51%\">Emre Yerlikhan<span style=\"color: #181512;\"> <\/span><\/td>\n<\/tr>\n<tr bgcolor=\"#D1C4A5\">\n<td width=\"39%\"><strong>Redaksiyon<\/strong><\/td>\n<td width=\"3%\">:<\/td>\n<td width=\"51%\">Nilg\u00fcn \u00d6zcan<\/td>\n<\/tr>\n<tr bgcolor=\"#E4DDCB\">\n<td width=\"39%\"><strong>\u00d6zg\u00fcn Ad\u0131<\/strong><\/td>\n<td width=\"3%\">:<\/td>\n<td width=\"51%\">The Assassins<\/td>\n<\/tr>\n<\/tbody>\n<\/table>\n<\/td>\n<\/tr>\n<tr>\n<td style=\"border-style: solid ridge ridge; border-width: 1px; padding-left: 4px; padding-right: 4px;\" width=\"100%\" bgcolor=\"#C0B18D\"><strong><span style=\"font-size: 9pt; font-family: Tahoma;\">\u0130thaki Yay\u0131nlar\u0131<br \/>\n<\/span><\/strong><\/td>\n<\/tr>\n<tr>\n<td width=\"100%\" align=\"right\">\n<table style=\"width: 310px; height: 88px;\" border=\"0\" cellspacing=\"0\">\n<tbody>\n<tr bgcolor=\"#D1C4A5\">\n<td width=\"39%\"><strong>\u00c7\u0131k\u0131\u015f Tarihi<\/strong><\/td>\n<td width=\"3%\">:<\/td>\n<td width=\"51%\">Temmuz, 2003<\/td>\n<\/tr>\n<tr bgcolor=\"#E4DDCB\">\n<td><strong>Sayfa Say\u0131s\u0131<\/strong><\/td>\n<td width=\"3%\">:<\/td>\n<td width=\"51%\">379<\/td>\n<\/tr>\n<tr bgcolor=\"#D1C4A5\">\n<td width=\"39%\"><strong>Fiyat\u0131<\/strong><\/td>\n<td width=\"3%\">:<\/td>\n<td width=\"51%\">22,00 TL<\/td>\n<\/tr>\n<tr bgcolor=\"#E4DDCB\">\n<td width=\"39%\"><strong>ISBN No<\/strong><\/td>\n<td width=\"3%\">:<\/td>\n<td width=\"51%\">9789758725441<\/td>\n<\/tr>\n<\/tbody>\n<\/table>\n<\/td>\n<\/tr>\n<\/tbody>\n<\/table>\n<\/td>\n<td width=\"39%\" align=\"left\" valign=\"top\">\n<p style=\"text-align: center;\">\n<p><a href=\"https:\/\/www.kayiprihtim.org\/portal\/gorsel\/kiralik-katiller.jpg\" target=\"_blank\"><img decoding=\"async\" src=\"https:\/\/www.kayiprihtim.org\/portal\/gorsel\/kiralik-katiller.jpg\" border=\"0\" alt=\"\" hspace=\"1\" width=\"140\" height=\"219\" class=\"aligncenter\"><\/a><\/td>\n<\/tr>\n<\/tbody>\n<\/table>\n<table style=\"border-collapse: collapse; width: 47%;\" border=\"0\" cellpadding=\"0\">\n<tbody>\n<tr>\n<td width=\"54%\">\n<table style=\"border-collapse: collapse; height: 147px; width: 470px;\" border=\"0\" cellspacing=\"0\" cellpadding=\"2\">\n<tbody>\n<tr>\n<td style=\"border-style: solid ridge ridge; border-width: 1px; padding-left: 4px; padding-right: 4px;\" width=\"98%\" bgcolor=\"#C0B18D\"><strong><span style=\"font-size: 9pt; font-family: Tahoma;\">Tan\u0131t\u0131m Yaz\u0131s\u0131<\/span><\/strong><\/td>\n<\/tr>\n<tr>\n<td width=\"99%\" align=\"left\">\n<table style=\"width: 465px;\" border=\"0\">\n<tbody>\n<tr>\n<td style=\"border-style: outset; border-width: 1px;\" width=\"96%\" bgcolor=\"#D1C4A5\">\n<table style=\"border-collapse: collapse; width: 452px; height: 199px;\" border=\"0\" cellspacing=\"0\" cellpadding=\"5\" bgcolor=\"#D1C4A5\" bordercolor=\"#D1C4A5\">\n<tbody>\n<tr>\n<td width=\"96%\" bgcolor=\"#D1C4A5\">Prens Arutha, Krondor&#8217;a d\u00f6n\u00fc\u015f\u00fcnde i\u015flerin yolunda gitmedi\u011fini g\u00f6r\u00fcr. G\u00f6r\u00fcn\u00fc\u015fte rastlant\u0131sal olan bir dizi cinayetin g\u00f6lgesindeki \u015fehir, \u00fcrk\u00fct\u00fcc\u00fc bir sessizli\u011fe g\u00f6m\u00fclm\u00fc\u015ft\u00fcr. Kesilip bi\u00e7ilmi\u015f v\u00fccutlar, \u015eakac\u0131lar&#8217;\u0131n meskeni olan kanalizasyonlar\u0131 doldurmaktad\u0131r. G\u00f6r\u00fcnen odur ki, S\u00fcr\u00fcngen \u015fehre geri d\u00f6nm\u00fc\u015ft\u00fcr ve ac\u0131mas\u0131zl\u0131kta kendisiyle yar\u0131\u015fabilecek olan ki\u015filerden yard\u0131m almaktad\u0131r; belki de Gece\u015fahinleri yeniden ortaya \u00e7\u0131km\u0131\u015ft\u0131r.<\/p>\n<p>Bu arada, Olasko d\u00fckl\u00fc\u011f\u00fcnden \u00f6nemli bir grup, planlanan ziyaretlerinden bir hafta \u00f6nce saraya gelmi\u015ftir. Avlanmak i\u00e7in geldiklerini s\u00f6yleseler de neyi avlayacaklar\u0131 konusunda kafalarda soru i\u015faretleri olu\u015fmu\u015ftur. Pug&#8217;\u0131n o\u011flu William&#8217;\u0131n, \u015f\u00f6valye-te\u011fmen olarak ilk g\u00f6revinde onlara e\u015flik etmesi gerekmektedir. Ancak bunun, g\u00f6r\u00fcnd\u00fc\u011f\u00fc gibi s\u0131radan bir g\u00f6rev olup olmad\u0131\u011f\u0131n\u0131 zaman g\u00f6sterecektir.<\/p>\n<hr size=\"1\" \/><strong>D\u00fczenleme : <\/strong>Esin Co\u015fkun<br \/>\n<strong>Yay\u0131n Koordinat\u00f6r\u00fc : <\/strong>F\u00fcsun Ta\u015f<br \/>\n<strong>Sayfa D\u00fczeni : <\/strong>Ye\u015fim Ercan Ayd\u0131n<br \/>\n<strong>Sanat Y\u00f6netmeni :<\/strong> Murat \u00d6zg\u00fcl<\/td>\n<\/tr>\n<\/tbody>\n<\/table>\n<\/td>\n<\/tr>\n<\/tbody>\n<\/table>\n<\/td>\n<\/tr>\n<\/tbody>\n<\/table>\n<\/td>\n<\/tr>\n<\/tbody>\n<\/table>\n<p><span style=\"color: #E4DDCB;\">&#8211;<\/span><\/p>\n<table style=\"border: thin outset; border-collapse: collapse; height: 30px; width: 470px;\" border=\"0\" cellpadding=\"2\">\n<tbody>\n<tr>\n<td width=\"30%\" bgcolor=\"#330000\"><span style=\"font-family: Verdana; color: #ffffff;\"><strong><a name=\"3\"><\/a>TANRILARIN G\u00d6ZYA\u015eI<\/strong><\/span><\/td>\n<\/tr>\n<\/tbody>\n<\/table>\n<table style=\"border-collapse: collapse; width: 462px; height: 250px;\" border=\"0\" cellspacing=\"0\" cellpadding=\"0\" bordercolor=\"#111111\">\n<tbody>\n<tr>\n<td width=\"58%\" align=\"center\" valign=\"top\">\n<table style=\"border-collapse: collapse; width: 315px; height: 248px;\" border=\"0\" cellspacing=\"2\">\n<tbody>\n<tr>\n<td width=\"100%\" align=\"right\">\n<table style=\"width: 310px; height: 88px;\" border=\"0\" cellspacing=\"0\">\n<tbody>\n<tr bgcolor=\"#D1C4A5\">\n<td width=\"39%\"><strong>Yazar<\/strong><\/td>\n<td width=\"3%\">:<\/td>\n<td width=\"51%\">Raymond E. Feist<\/td>\n<\/tr>\n<tr bgcolor=\"#E4DDCB\">\n<td><strong>\u00c7eviren<\/strong><\/td>\n<td width=\"3%\">:<\/td>\n<td width=\"51%\">Niran El\u00e7i<\/td>\n<\/tr>\n<tr bgcolor=\"#D1C4A5\">\n<td width=\"39%\"><strong>Sayfa D\u00fczeni<br \/>\n<\/strong><\/td>\n<td width=\"3%\">:<\/td>\n<td width=\"51%\">Ye\u015fim Ercan Ayd\u0131n<\/td>\n<\/tr>\n<tr bgcolor=\"#E4DDCB\">\n<td width=\"39%\"><strong>\u00d6zg\u00fcn Ad\u0131<\/strong><\/td>\n<td width=\"3%\">:<\/td>\n<td width=\"51%\">Tear of the Gods<\/td>\n<\/tr>\n<\/tbody>\n<\/table>\n<\/td>\n<\/tr>\n<tr>\n<td style=\"border-style: solid ridge ridge; border-width: 1px; padding-left: 4px; padding-right: 4px;\" width=\"100%\" bgcolor=\"#C0B18D\"><strong><span style=\"font-size: 9pt; font-family: Tahoma;\">\u0130thaki Yay\u0131nlar\u0131<br \/>\n<\/span><\/strong><\/td>\n<\/tr>\n<tr>\n<td width=\"100%\" align=\"right\">\n<table style=\"width: 310px; height: 88px;\" border=\"0\" cellspacing=\"0\">\n<tbody>\n<tr bgcolor=\"#D1C4A5\">\n<td width=\"39%\"><strong>\u00c7\u0131k\u0131\u015f Tarihi<\/strong><\/td>\n<td width=\"3%\">:<\/td>\n<td width=\"51%\">\u015eubat, 2004<\/td>\n<\/tr>\n<tr bgcolor=\"#E4DDCB\">\n<td><strong>Sayfa Say\u0131s\u0131<\/strong><\/td>\n<td width=\"3%\">:<\/td>\n<td width=\"51%\">384<\/td>\n<\/tr>\n<tr bgcolor=\"#D1C4A5\">\n<td width=\"39%\"><strong>Fiyat\u0131<\/strong><\/td>\n<td width=\"3%\">:<\/td>\n<td width=\"51%\">22,00 TL<\/td>\n<\/tr>\n<tr bgcolor=\"#E4DDCB\">\n<td width=\"39%\"><strong>ISBN No<\/strong><\/td>\n<td width=\"3%\">:<\/td>\n<td width=\"51%\">9789758725458<\/td>\n<\/tr>\n<\/tbody>\n<\/table>\n<\/td>\n<\/tr>\n<\/tbody>\n<\/table>\n<\/td>\n<td width=\"39%\" align=\"left\" valign=\"top\">\n<p style=\"text-align: center;\">\n<p><a href=\"https:\/\/www.kayiprihtim.org\/portal\/gorsel\/tanrilarin-gozyasi.jpg\" target=\"_blank\"><img decoding=\"async\" src=\"https:\/\/www.kayiprihtim.org\/portal\/gorsel\/tanrilarin-gozyasi.jpg\" border=\"0\" alt=\"\" hspace=\"1\" width=\"140\" height=\"219\" class=\"aligncenter\"><\/a><\/td>\n<\/tr>\n<\/tbody>\n<\/table>\n<table style=\"border-collapse: collapse; width: 47%;\" border=\"0\" cellpadding=\"0\">\n<tbody>\n<tr>\n<td width=\"54%\">\n<table style=\"border-collapse: collapse; height: 147px; width: 470px;\" border=\"0\" cellspacing=\"0\" cellpadding=\"2\">\n<tbody>\n<tr>\n<td style=\"border-style: solid ridge ridge; border-width: 1px; padding-left: 4px; padding-right: 4px;\" width=\"98%\" bgcolor=\"#C0B18D\"><strong><span style=\"font-size: 9pt; font-family: Tahoma;\">Tan\u0131t\u0131m Yaz\u0131s\u0131<\/span><\/strong><\/td>\n<\/tr>\n<tr>\n<td width=\"99%\" align=\"left\">\n<table style=\"width: 465px;\" border=\"0\">\n<tbody>\n<tr>\n<td style=\"border-style: outset; border-width: 1px;\" width=\"96%\" bgcolor=\"#D1C4A5\">\n<table style=\"border-collapse: collapse; width: 452px; height: 199px;\" border=\"0\" cellspacing=\"0\" cellpadding=\"5\" bgcolor=\"#D1C4A5\" bordercolor=\"#D1C4A5\">\n<tbody>\n<tr>\n<td style=\"text-align: left;\" width=\"96%\" bgcolor=\"#efefef\">Y\u00fcksek denizlerde son g\u00fcnlerde ya\u015fananlar, karanl\u0131k g\u00fc\u00e7lerin giri\u015fece\u011fi, benzeri g\u00f6r\u00fclmemi\u015f b\u00fcy\u00fckl\u00fckte bir sald\u0131r\u0131n\u0131n i\u015faretidir.<br \/>\nAma Ishap Tap\u0131na\u011f\u0131&#8217;na kar\u015f\u0131 ger\u00e7ekle\u015ftirilen bu c\u00fcretli sald\u0131r\u0131 planland\u0131\u011f\u0131 gibi y\u00fcr\u00fcmez ve ganimet -Tanr\u0131lar\u0131n G\u00f6zya\u015f\u0131- Ac\u0131 Deniz&#8217;in dalgalar\u0131 aras\u0131na g\u00f6m\u00fcl\u00fcr. Midkemia Tap\u0131naklar\u0131n\u0131n bildi\u011fi en g\u00fc\u00e7l\u00fc eser olan bu muazzam m\u00fccevher, rahiplerin tanr\u0131larla konu\u015fmas\u0131n\u0131 sa\u011flamaktad\u0131r. O olmadan rahipler -uzak da\u011flarda yeni bir m\u00fccevher olu\u015fana kadar- g\u00fc\u00e7s\u00fcz kalacakt\u0131rr.<\/p>\n<p>Toprak Beyi James, William ve Jazhara, Ishap&#8217;tan bir sava\u015f\u00e7\u0131 ke\u015fi\u015f olan Solon Birader ve gemi kald\u0131rma yetene\u011fine sahip, Enkazc\u0131lar Loncas\u0131&#8217;n\u0131n kalan tek \u00fcyesi olan Kendaric ile birlikte bu m\u00fccevherin yerini bulmak zorundad\u0131rlar. Ama kar\u015f\u0131lar\u0131nda G\u00f6zya\u015f\u0131&#8217;n\u0131 kendi ama\u00e7lar\u0131 i\u00e7in kullanmak isteyen, Karanl\u0131k Tanr\u0131&#8217;n\u0131n hizmetkarlar\u0131n\u0131 bulurlar.<\/p>\n<p>Art\u0131k, paha bi\u00e7ilmez bir hazine i\u00e7in, zamana kar\u015f\u0131 yar\u0131\u015fmak, k\u00f6t\u00fcc\u00fcl g\u00fc\u00e7lerle ve Midkemia&#8217;da Tanr\u0131lar\u0131n kendisi kadar a\u015f\u0131lmaz olabilen do\u011fa ko\u015fullar\u0131yla m\u00fccadele etmek zorundad\u0131rlar&#8230;<\/p>\n<hr size=\"1\" \/><em><strong> [stextbox id=&#8221;black&#8221;]\u00d6ns\u00f6zden&#8230;<\/strong><\/em><\/p>\n<p style=\"text-indent: 0.4cm; text-align: justify;\">\u00d6fkeli \u015fim\u015fekler \u00e7akar, her tarafta gecenin karanl\u0131\u011f\u0131n\u0131 delerken kara bulutlar kaynad\u0131. Ishap&#8217;\u0131n \u015eafa\u011f\u0131 gemisinin en y\u00fcksek dire\u011finin tepesindeki g\u00f6zet\u00e7i uzakta bir hareket k\u0131p\u0131rt\u0131s\u0131 g\u00f6rd\u00fc\u011f\u00fcn\u00fc sand\u0131 ve bulan\u0131k manzaraya kar\u015f\u0131 g\u00f6zlerini k\u0131st\u0131. Tuz serpintisi ve keskin so\u011fuk r\u00fczgar y\u00fcz\u00fcnden ya\u015flarla dolan g\u00f6zlerine elini siper etti. G\u00f6zlerini k\u0131rp\u0131\u015ft\u0131rarak ya\u015flar\u0131 uzakla\u015ft\u0131rd\u0131, ama g\u00f6rd\u00fc\u011f\u00fcn\u00fc sand\u0131\u011f\u0131 hareket kaybolmu\u015ftu.<\/p>\n<p style=\"text-indent: 0.4cm; text-align: justify;\">Gece ve f\u0131rt\u0131na tehdidi, kaptan\u0131n rotadan sapmas\u0131 gibi d\u00fc\u015f\u00fck bir olas\u0131l\u0131\u011fa kar\u015f\u0131 g\u00f6zet\u00e7inin yukar\u0131da korkun\u00e7 bir gece ge\u00e7irmesine sebep olmu\u015ftu. Bu pek m\u00fcmk\u00fcn de\u011fil, diye d\u00fc\u015f\u00fcnd\u00fc g\u00f6zet\u00e7i, \u00e7\u00fcnk\u00fc kaptan bilgili bir denizciydi ba\u015fka niteliklerine ek olarak tehlikeden ka\u00e7\u0131nma yetene\u011fi i\u00e7in de se\u00e7ilmi\u015fti. Ve bu yolculu\u011fun ne kadar tehlikeli oldu\u011funu herkes kadar o da biliyordu. Tap\u0131nak kargoya paha bi\u00e7ememi\u015fti ve Queg k\u0131y\u0131lar\u0131 boyunca bekliyor olabilecek sald\u0131rganlar, m\u00fcmk\u00fcnse ka\u00e7\u0131n\u0131lmas\u0131 gereken Dul Noktas\u0131 yak\u0131nlar\u0131nda tehlikeli bir rotay\u0131 gerekli k\u0131lm\u0131\u015ft\u0131. Ama Ishap&#8217;\u0131n \u015eafa\u011f\u0131 m\u00fcrettebat\u0131 deneyimli denizcilerden olu\u015fuyordu, \u015fu anda kaptan\u0131n emirlerini dikkatle dinlemekte olan adamlardan, ve her biri emre itaat etmekte acele ediyordu, \u00e7\u00fcnk\u00fc gemideki her adam biliyordu ki, Dul Noktas\u0131&#8217;ndaki kayal\u0131klara s\u00fcr\u00fcklenecek hi\u00e7bir gemi hayatta kalmazd\u0131. Her adam kendi can\u0131 i\u00e7in korkuyordu (bu \u00e7ok do\u011fald\u0131) ama bu adamlar yaln\u0131zca denizcilik yetenekleri i\u00e7in de\u011fil, Tap\u0131nak&#8217;a ba\u011fl\u0131l\u0131klar\u0131 i\u00e7in de se\u00e7ilmi\u015fti. Ve tek bildikleri kargonun Tap\u0131nak i\u00e7in ne kadar de\u011ferli oldu\u011fu idi.<\/p>\n<p style=\"text-indent: 0.4cm; text-align: justify;\">A\u015fa\u011f\u0131daki ambarda Krondor&#8217;daki Ishap Tap\u0131na\u011f\u0131&#8217;ndan sekiz ke\u015fi\u015f \u00e7ok kutsal bir eserin, Tanr\u0131lar\u0131n G\u00f6zya\u015f\u0131&#8217;n\u0131n \u00e7evresinde duruyorlard\u0131. Neredeyse iri bir adam\u0131n kolu kadar uzun ve iki kat kal\u0131n, \u015fa\u015f\u0131rt\u0131c\u0131 b\u00fcy\u00fckl\u00fckte bir m\u00fccevher olan G\u00f6zya\u015f\u0131 i\u00e7ten i\u00e7e gizemli bir \u0131\u015f\u0131kla ayd\u0131nlanm\u0131\u015ft\u0131. Her on y\u0131lda bir, Gri Kule Da\u011flar\u0131&#8217;ndaki minik, gizli bir vadide, sakl\u0131 bir manast\u0131rda yeni bir G\u00f6zya\u015f\u0131 olu\u015furdu. Haz\u0131r oldu\u011funda, en kutsal ayinler tamamland\u0131ktan sonra, iyi korunan bir kervan onu \u00d6zg\u00fcr Natal \u015eehirleri&#8217;ndeki en yak\u0131n limana sevkederdi. Orada bir gemiye konulup Krondor&#8217;a ta\u015f\u0131n\u0131rd\u0131. Oradan, G\u00f6zya\u015f\u0131 ve sava\u015f\u00e7\u0131 ke\u015fi\u015fler, rahipler ve hizmetkarlardan olu\u015fan e\u015flik\u00e7i toplulu\u011fu ile yola devam eder, sonunda Salador&#8217;a ula\u015f\u0131r, m\u00fccevher oradan gemiyle al\u0131n\u0131p Rillanon&#8217;daki ana Tap\u0131nak&#8217;a nakledilir, g\u00fcc\u00fc solmakta olan eski G\u00f6zya\u015f\u0131&#8217;n\u0131n yerine yerle\u015ftirilirdi.<\/p>\n<p style=\"text-indent: 0.4cm; text-align: justify;\">Kutsal m\u00fccevherin ger\u00e7ek do\u011fas\u0131 ve amac\u0131 yaln\u0131zca Tap\u0131nak&#8217;ta hizmet g\u00f6ren en y\u00fcksek mevkiye sahip ki\u015filerce bilinirdi ve ana dire\u011fin tepesindeki denizci soru sormazd\u0131. O tanr\u0131lar\u0131n g\u00fcc\u00fcne g\u00fcveniyordu ve y\u00fcksek bir amaca hizmet etti\u011fini biliyordu. Ve bu n\u00f6beti tutmak kadar, soru sormamas\u0131 i\u00e7in de iyi \u00fccret al\u0131yordu.<\/p>\n<p style=\"text-indent: 0.4cm; text-align: justify;\">Ama kar\u015f\u0131t r\u00fczgarlarla ve zorlu denizlerle m\u00fccadele ederek ge\u00e7en iki haftadan sonra en dindar adam bile her gece a\u015fa\u011f\u0131dan parlayan mavi-beyaz \u0131\u015f\u0131\u011f\u0131 ve ke\u015fi\u015flerin bitmek bilmeyen ilahilerini sinir bozucu bulmaya ba\u015flam\u0131\u015ft\u0131. Mevsimsiz r\u00fczgarlar\u0131n s\u00fcresi ve beklenmedik f\u0131rt\u0131nalar baz\u0131 denizcilerin karab\u00fcy\u00fcc\u00fcl\u00fck ve karanl\u0131k b\u00fcy\u00fcler hakkk\u0131nda homurdanmaya ba\u015flamas\u0131na sebep olmu\u015ftu. G\u00f6zet\u00e7i Do\u011fa ve Denizcilerin Tanr\u0131\u00e7as\u0131 Killian&#8217;a, \u015fafakta hedeflerine, Krondor&#8217;a ula\u015facaklar\u0131 i\u00e7in sessiz bir \u015f\u00fckran duas\u0131 etti (ve sonra baz\u0131lar\u0131n\u0131n Denizin ger\u00e7ek Tanr\u0131s\u0131 oldu\u011funu s\u00f6yledi\u011fi Eortis&#8217;e k\u0131sa bir dua ekledi). G\u00f6zya\u015f\u0131 ve e\u015flik\u00e7i toplulu\u011fu do\u011fuya gitmek \u00fczere hemen \u015fehirden ayr\u0131lacakt\u0131, ama denizci Krondor&#8217;da, ailesinin yan\u0131nda kalacakt\u0131. Ald\u0131\u011f\u0131 \u00fccret eve uzun bir ziyaret yapmas\u0131na izin verecekti.<\/p>\n<p style=\"text-indent: 0.4cm; text-align: justify;\">Tepedeki denizci kar\u0131s\u0131n\u0131 ve iki \u00e7ocu\u011funu d\u00fc\u015f\u00fcnd\u00fc, y\u00fcz\u00fcnden k\u0131sa bir g\u00fcl\u00fcmseme ge\u00e7ti. K\u0131z\u0131 art\u0131k annesine mutfakta ve bebek erkek karde\u015finin bak\u0131m\u0131nda yard\u0131m edecek kadar b\u00fcy\u00fcm\u00fc\u015ft\u00fc. \u00dc\u00e7\u00fcnc\u00fc \u00e7ocu\u011fun do\u011fumuna az kalm\u0131\u015ft\u0131. Daha \u00f6nce y\u00fczlerce kez oldu\u011fu gibi, denizci evine yak\u0131n bir yerde i\u015f bulmaya, b\u00f6ylece ailesi ile daha fazla zaman ge\u00e7irebilmeye yemin etti.<\/p>\n<p style=\"text-indent: 0.4cm; text-align: justify;\">K\u0131y\u0131ya do\u011fru bir ba\u015fka hareket k\u0131p\u0131rt\u0131s\u0131 ile d\u00fc\u015f\u00fcncelerinden s\u0131yr\u0131ld\u0131. Gemiden yay\u0131lan \u0131\u015f\u0131k f\u0131rt\u0131nayla \u00e7alkalanan dalgalar\u0131 boyuyordu ve denizci denizin ritmini hissedebiliyordu. Bir\u015fey o ritmi bozmu\u015ftu. Karanl\u0131\u011f\u0131n i\u00e7ini g\u00f6zetledi, lo\u015flu\u011fu iradesinin g\u00fcc\u00fc ile delmeye, kayalar\u0131n fazla yak\u0131n\u0131na s\u00fcr\u00fcklenip s\u00fcr\u00fcklenmediklerini anlamaya \u00e7al\u0131\u015ft\u0131.<\/p>\n<\/td>\n<\/tr>\n<\/tbody>\n<\/table>\n<\/td>\n<\/tr>\n<\/tbody>\n<\/table>\n<\/td>\n<\/tr>\n<\/tbody>\n<\/table>\n<\/td>\n<\/tr>\n<\/tbody>\n<\/table>\n","protected":false},"excerpt":{"rendered":"<p>\u0130HANET Yazar : Raymond E. Feist \u00c7eviren : Emre Yerlikhan Redaksiyon : Gamze Sar\u0131 \u00d6zg\u00fcn Ad\u0131 : The Betrayal \u0130thaki Yay\u0131nlar\u0131 \u00c7\u0131k\u0131\u015f Tarihi : Temmuz, 2003 Sayfa Say\u0131s\u0131 : 496 Fiyat\u0131 : 22,00 TL ISBN No : 9789758725403 Tan\u0131t\u0131m Yaz\u0131s\u0131 Midkemia&#8217;da \u015fer bir r\u00fczgar esmektedir. Kara birlikler Adalar Krall\u0131\u011f\u0131&#8217;n\u0131 ayaklar alt\u0131nda \u00e7i\u011fneyerek u\u011fursuz b\u00fcy\u00fclere k\u00f6le [&hellip;]<\/p>\n","protected":false},"author":1,"featured_media":0,"parent":1810,"menu_order":0,"comment_status":"open","ping_status":"closed","template":"","meta":{"_acf_changed":false,"footnotes":""},"class_list":["post-6363","page","type-page","status-publish"],"acf":[],"_links":{"self":[{"href":"https:\/\/www.kayiprihtim.org\/portal\/wp-json\/wp\/v2\/pages\/6363","targetHints":{"allow":["GET"]}}],"collection":[{"href":"https:\/\/www.kayiprihtim.org\/portal\/wp-json\/wp\/v2\/pages"}],"about":[{"href":"https:\/\/www.kayiprihtim.org\/portal\/wp-json\/wp\/v2\/types\/page"}],"author":[{"embeddable":true,"href":"https:\/\/www.kayiprihtim.org\/portal\/wp-json\/wp\/v2\/users\/1"}],"replies":[{"embeddable":true,"href":"https:\/\/www.kayiprihtim.org\/portal\/wp-json\/wp\/v2\/comments?post=6363"}],"version-history":[{"count":0,"href":"https:\/\/www.kayiprihtim.org\/portal\/wp-json\/wp\/v2\/pages\/6363\/revisions"}],"up":[{"embeddable":true,"href":"https:\/\/www.kayiprihtim.org\/portal\/wp-json\/wp\/v2\/pages\/1810"}],"wp:attachment":[{"href":"https:\/\/www.kayiprihtim.org\/portal\/wp-json\/wp\/v2\/media?parent=6363"}],"curies":[{"name":"wp","href":"https:\/\/api.w.org\/{rel}","templated":true}]}}