{"id":6399,"date":"2010-12-24T16:51:18","date_gmt":"2010-12-24T14:51:18","guid":{"rendered":"http:\/\/www.kayiprihtim.org\/portal\/"},"modified":"2012-01-31T11:01:39","modified_gmt":"2012-01-31T09:01:39","slug":"yanlis-bir-adim","status":"publish","type":"page","link":"https:\/\/www.kayiprihtim.org\/portal\/kitaplar\/yanlis-bir-adim\/","title":{"rendered":"Yanl\u0131\u015f Bir Ad\u0131m"},"content":{"rendered":"<table style=\"border: thin outset; border-collapse: collapse; height: 30px; width: 470px;\" border=\"0\" cellpadding=\"2\">\n<tbody>\n<tr>\n<td width=\"30%\" bgcolor=\"#330000\"><span style=\"color: #ffffff;\"><span style=\"font-family: Verdana;\"><strong>YANLI\u015e B\u0130R ADIM<\/strong><\/span><\/span><span style=\"font-family: Verdana; color: #ffffff;\"><strong><br \/>\n<\/strong><\/span><\/td>\n<\/tr>\n<\/tbody>\n<\/table>\n<table style=\"border-collapse: collapse; width: 462px; height: 250px;\" border=\"0\" cellspacing=\"0\" cellpadding=\"0\" bordercolor=\"#111111\">\n<tbody>\n<tr>\n<td width=\"58%\" align=\"center\" valign=\"top\">\n<table style=\"border-collapse: collapse; width: 315px; height: 248px;\" border=\"0\" cellspacing=\"2\">\n<tbody>\n<tr>\n<td width=\"100%\" align=\"right\">\n<table style=\"width: 310px; height: 88px;\" border=\"0\" cellspacing=\"0\">\n<tbody>\n<tr bgcolor=\"#D1C4A5\">\n<td width=\"39%\"><strong>Yazar<\/strong><\/td>\n<td width=\"3%\">:<\/td>\n<td width=\"51%\">James Patterson, Michael Ledwidge<span style=\"color: #181512;\"> <\/span><\/td>\n<\/tr>\n<tr bgcolor=\"#E4DDCB\">\n<td><strong>\u00c7eviri<\/strong><\/td>\n<td width=\"3%\">:<\/td>\n<td width=\"51%\">Ebru S\u00fcrmeli<\/td>\n<\/tr>\n<tr bgcolor=\"#D1C4A5\">\n<td width=\"39%\"><strong>D\u00fczeltmen <\/strong><\/td>\n<td width=\"3%\">:<\/td>\n<td width=\"51%\">Asaf Taneri<\/td>\n<\/tr>\n<tr bgcolor=\"#E4DDCB\">\n<td width=\"39%\"><strong>Kapak Tasar\u0131m\u0131<\/strong><\/td>\n<td width=\"3%\">:<\/td>\n<td width=\"51%\">Nermin Karahan<\/td>\n<\/tr>\n<\/tbody>\n<\/table>\n<\/td>\n<\/tr>\n<tr>\n<td style=\"border-style: solid ridge ridge; border-width: 1px; padding-left: 4px; padding-right: 4px;\" width=\"100%\" bgcolor=\"#C0B18D\"><strong><span style=\"font-size: 9pt; font-family: Tahoma;\">GOA Bas\u0131m Yay\u0131n<br \/>\n<\/span><\/strong><\/td>\n<\/tr>\n<tr>\n<td width=\"100%\" align=\"right\">\n<table style=\"width: 310px; height: 88px;\" border=\"0\" cellspacing=\"0\">\n<tbody>\n<tr bgcolor=\"#E4DDCB\">\n<td width=\"39%\"><strong>\u00c7\u0131k\u0131\u015f Tarihi<\/strong><strong><br \/>\n<\/strong><\/td>\n<td width=\"3%\">:<\/td>\n<td width=\"51%\"><span style=\"color: #181512;\">Aral\u0131k, 2010<\/span><span style=\"color: #181512;\"><br \/>\n<\/span><\/td>\n<\/tr>\n<tr bgcolor=\"#D1C4A5\">\n<td><strong>Sayfa Say\u0131s\u0131<\/strong><\/td>\n<td width=\"3%\">:<\/td>\n<td width=\"51%\">320<\/td>\n<\/tr>\n<tr bgcolor=\"#E4DDCB\">\n<td width=\"39%\"><strong>Fiyat\u0131<\/strong><\/td>\n<td width=\"3%\">:<\/td>\n<td width=\"51%\">19,00 TL<\/td>\n<\/tr>\n<tr bgcolor=\"#D1C4A5\">\n<td width=\"39%\"><strong>ISBN No<\/strong><\/td>\n<td width=\"3%\">:<\/td>\n<td width=\"51%\">9786054353354<\/td>\n<\/tr>\n<\/tbody>\n<\/table>\n<\/td>\n<\/tr>\n<\/tbody>\n<\/table>\n<\/td>\n<td width=\"39%\" align=\"left\" valign=\"top\">\n<p style=\"text-align: center;\">\n<p><a href=\"https:\/\/www.kayiprihtim.org\/portal\/gorsel\/yanlis-bir-adim.jpg\" target=\"_blank\"><img decoding=\"async\" src=\"https:\/\/www.kayiprihtim.org\/portal\/gorsel\/yanlis-bir-adim.jpg\" border=\"0\" alt=\"\" hspace=\"1\" width=\"142\" height=\"217\"><\/a><\/td>\n<\/tr>\n<\/tbody>\n<\/table>\n<table style=\"border-collapse: collapse; width: 47%;\" border=\"0\" cellpadding=\"0\">\n<tbody>\n<tr>\n<td width=\"54%\">\n<table style=\"border-collapse: collapse; height: 147px; width: 470px;\" border=\"0\" cellspacing=\"0\" cellpadding=\"2\">\n<tbody>\n<tr>\n<td style=\"border-style: solid ridge ridge; border-width: 1px; padding-left: 4px; padding-right: 4px;\" width=\"98%\" bgcolor=\"#C0B18D\"><strong><span style=\"font-size: 9pt; font-family: Tahoma;\">Tan\u0131t\u0131m Yaz\u0131s\u0131<br \/>\n<\/span><\/strong><\/td>\n<\/tr>\n<tr>\n<td width=\"99%\" align=\"left\">\n<table style=\"width: 465px;\" border=\"0\">\n<tbody>\n<tr>\n<td style=\"border-style: outset; border-width: 1px;\" width=\"96%\" bgcolor=\"#D1C4A5\">\n<table style=\"border-collapse: collapse; width: 452px; height: 199px;\" border=\"0\" cellspacing=\"0\" cellpadding=\"5\" bgcolor=\"#D1C4A5\" bordercolor=\"#D1C4A5\">\n<tbody>\n<tr>\n<td width=\"96%\" bgcolor=\"#D1C4A5\">\u00d6nce alex cross geldi<br \/>\nSonra the women&#8217;s murder club<br \/>\n\u015eimdi de nypd dedektifi michael bennett&#8217;le ve<br \/>\nOnun on \u00e7ocu\u011fuyla tan\u0131\u015f\u0131n!<\/p>\n<p>Dedektif Michael Bennett meslek hayat\u0131n\u0131n en k\u00f6t\u00fc m\u00fccadelesine girmek \u00fczeredir. T\u00fcm \u00fclke \u00e7ok sevilen eski first lady&#8217;nin beklenmedik \u00f6l\u00fcm\u00fcn\u00fcn ard\u0131ndan yas tutmaktad\u0131r ve d\u00fcnya \u00fczerindeki en g\u00fc\u00e7l\u00fc insanlar onun cenazesi i\u00e7in New York&#8217;ta toplan\u0131rlar. Derken ak\u0131l almaz bir \u015fey olur. Milyonerler, politikac\u0131lar ve her \u00e7e\u015fit y\u0131ld\u0131z birden bire, bir adam\u0131n d\u00e2hiyane ve ac\u0131mas\u0131z senaryosu i\u00e7erisinde hapsolurlar.<\/p>\n<p>Bennett de -on \u00e7ocuk babas\u0131- bu sava\u015f\u0131n i\u00e7ine \u00e7ekilir. Bir yandan tehlike b\u00fcy\u00fcrken, Michael y\u0131k\u0131c\u0131 bir haberle sars\u0131l\u0131r: Kar\u0131s\u0131, y\u0131llarca m\u00fccadele ettikten sonra korkun\u00e7 bir hastal\u0131\u011fa yenik d\u00fc\u015fm\u00fc\u015ft\u00fcr. New York kaosa s\u00fcr\u00fcklenirken, o hayat\u0131n\u0131n en b\u00fcy\u00fck a\u015fk\u0131n\u0131 kaybetmi\u015ftir ve kederli \u00e7ocuklar\u0131n\u0131 tek ba\u015f\u0131na yeti\u015ftirmeye -ve otuz d\u00f6rt rehineyi kurtarmaya- \u00e7al\u0131\u015fmaktad\u0131r.<br \/>\nBennett g\u00fcnlerce kar\u015f\u0131s\u0131na \u00e7\u0131kan en merhametsiz adamla u\u011fra\u015f\u0131r. Bu adam g\u00f6z\u00fcn\u00fc k\u0131rpmadan \u00f6ld\u00fcrmekte, NYPD ve FBI&#8217;\u0131n her t\u00fcrl\u00fc \u00e7abas\u0131n\u0131 bo\u015fa \u00e7\u0131karmaktad\u0131r. T\u00fcm d\u00fcnya olanlar\u0131 izler ve tansiyon dayan\u0131lmaz seviyelere var\u0131rken, Bennett bir \u00e7\u00f6z\u00fcm yolu bulmak ya da tarihin en b\u00fcy\u00fck yenilgisinin sorumlulu\u011funu \u00fcstlenmek zorundad\u0131r.<\/p>\n<p>Okuyucular\u0131 Alex Cross ve Kad\u0131nlar\u0131n Cinayet Kul\u00fcb\u00fc ile tan\u0131\u015ft\u0131ran \u00e7ok satan kitaplar\u0131n bir numaral\u0131 yazar\u0131ndan -&#8220;tarihteki en iyi \u00e7ok satan kitap yazarlar\u0131ndan birisi&#8221; (New York Sun)- heyecan uyand\u0131r\u0131c\u0131 bir seri daha. Yanl\u0131\u015f bir Ad\u0131m onun \u015fu ana kadar yazd\u0131\u011f\u0131 en korkun\u00e7 polisiye roman.<\/td>\n<\/tr>\n<\/tbody>\n<\/table>\n<\/td>\n<\/tr>\n<\/tbody>\n<\/table>\n<\/td>\n<\/tr>\n<\/tbody>\n<\/table>\n<\/td>\n<\/tr>\n<\/tbody>\n<\/table>\n","protected":false},"excerpt":{"rendered":"<p>YANLI\u015e B\u0130R ADIM Yazar : James Patterson, Michael Ledwidge \u00c7eviri : Ebru S\u00fcrmeli D\u00fczeltmen : Asaf Taneri Kapak Tasar\u0131m\u0131 : Nermin Karahan GOA Bas\u0131m Yay\u0131n \u00c7\u0131k\u0131\u015f Tarihi : Aral\u0131k, 2010 Sayfa Say\u0131s\u0131 : 320 Fiyat\u0131 : 19,00 TL ISBN No : 9786054353354 Tan\u0131t\u0131m Yaz\u0131s\u0131 \u00d6nce alex cross geldi Sonra the women&#8217;s murder club \u015eimdi de [&hellip;]<\/p>\n","protected":false},"author":1,"featured_media":0,"parent":57,"menu_order":0,"comment_status":"open","ping_status":"closed","template":"","meta":{"_acf_changed":false,"footnotes":""},"class_list":["post-6399","page","type-page","status-publish"],"acf":[],"_links":{"self":[{"href":"https:\/\/www.kayiprihtim.org\/portal\/wp-json\/wp\/v2\/pages\/6399","targetHints":{"allow":["GET"]}}],"collection":[{"href":"https:\/\/www.kayiprihtim.org\/portal\/wp-json\/wp\/v2\/pages"}],"about":[{"href":"https:\/\/www.kayiprihtim.org\/portal\/wp-json\/wp\/v2\/types\/page"}],"author":[{"embeddable":true,"href":"https:\/\/www.kayiprihtim.org\/portal\/wp-json\/wp\/v2\/users\/1"}],"replies":[{"embeddable":true,"href":"https:\/\/www.kayiprihtim.org\/portal\/wp-json\/wp\/v2\/comments?post=6399"}],"version-history":[{"count":0,"href":"https:\/\/www.kayiprihtim.org\/portal\/wp-json\/wp\/v2\/pages\/6399\/revisions"}],"up":[{"embeddable":true,"href":"https:\/\/www.kayiprihtim.org\/portal\/wp-json\/wp\/v2\/pages\/57"}],"wp:attachment":[{"href":"https:\/\/www.kayiprihtim.org\/portal\/wp-json\/wp\/v2\/media?parent=6399"}],"curies":[{"name":"wp","href":"https:\/\/api.w.org\/{rel}","templated":true}]}}