{"id":6477,"date":"2010-12-30T12:25:46","date_gmt":"2010-12-30T10:25:46","guid":{"rendered":"http:\/\/www.kayiprihtim.org\/portal\/"},"modified":"2012-01-31T11:02:21","modified_gmt":"2012-01-31T09:02:21","slug":"oddun-kefareti","status":"publish","type":"page","link":"https:\/\/www.kayiprihtim.org\/portal\/kitaplar\/oddun-kefareti\/","title":{"rendered":"Odd&#8217;un Kefareti"},"content":{"rendered":"<table style=\"border: thin outset; border-collapse: collapse; height: 30px; width: 470px;\" border=\"0\" cellpadding=\"2\">\n<tbody>\n<tr>\n<td width=\"30%\" bgcolor=\"#330000\"><span style=\"color: #ffffff;\"><span style=\"font-family: Verdana;\"><strong>ODD&#8217;UN KEFARET\u0130<\/strong><\/span><\/span><span style=\"font-family: Verdana; color: #ffffff;\"><strong><br \/>\n<\/strong><\/span><\/td>\n<\/tr>\n<\/tbody>\n<\/table>\n<table style=\"border-collapse: collapse; width: 462px; height: 250px;\" border=\"0\" cellspacing=\"0\" cellpadding=\"0\" bordercolor=\"#111111\">\n<tbody>\n<tr>\n<td width=\"58%\" align=\"center\" valign=\"top\">\n<table style=\"border-collapse: collapse; width: 315px; height: 248px;\" border=\"0\" cellspacing=\"2\">\n<tbody>\n<tr>\n<td width=\"100%\" align=\"right\">\n<table style=\"width: 310px; height: 88px;\" border=\"0\" cellspacing=\"0\">\n<tbody>\n<tr bgcolor=\"#D1C4A5\">\n<td width=\"39%\"><strong>Yazar<\/strong><\/td>\n<td width=\"3%\">:<\/td>\n<td width=\"51%\">Dean Koontz<\/td>\n<\/tr>\n<tr bgcolor=\"#E4DDCB\">\n<td><strong>\u00c7eviri<\/strong><\/td>\n<td width=\"3%\">:<\/td>\n<td width=\"51%\">Tanju Anapa<\/td>\n<\/tr>\n<tr bgcolor=\"#D1C4A5\">\n<td width=\"39%\"><strong>Yay\u0131na Haz\u0131rlayan<\/strong><\/td>\n<td width=\"3%\">:<\/td>\n<td width=\"51%\">\u00c7i\u011fdem Aldatmaz<\/td>\n<\/tr>\n<tr bgcolor=\"#E4DDCB\">\n<td width=\"39%\"><strong>\u00d6zg\u00fcn Ad\u0131<\/strong><strong> <\/strong><\/td>\n<td width=\"3%\">:<\/td>\n<td width=\"51%\">Brother Odd<\/td>\n<\/tr>\n<\/tbody>\n<\/table>\n<\/td>\n<\/tr>\n<tr>\n<td style=\"border-style: solid ridge ridge; border-width: 1px; padding-left: 4px; padding-right: 4px;\" width=\"100%\" bgcolor=\"#C0B18D\"><strong><span style=\"font-size: 9pt; font-family: Tahoma;\">\u0130nk\u0131l\u00e2p Kitapevi<br \/>\n<\/span><\/strong><\/td>\n<\/tr>\n<tr>\n<td width=\"100%\" align=\"right\">\n<table style=\"width: 310px; height: 88px;\" border=\"0\" cellspacing=\"0\">\n<tbody>\n<tr bgcolor=\"#E4DDCB\">\n<td width=\"39%\"><strong>\u00c7\u0131k\u0131\u015f Tarihi<\/strong><strong><br \/>\n<\/strong><\/td>\n<td width=\"3%\">:<\/td>\n<td width=\"51%\"><span style=\"color: #181512;\">7 Ocak, 2011<\/span><span style=\"color: #181512;\"><br \/>\n<\/span><\/td>\n<\/tr>\n<tr bgcolor=\"#D1C4A5\">\n<td><strong>Sayfa Say\u0131s\u0131<\/strong><\/td>\n<td width=\"3%\">:<\/td>\n<td width=\"51%\">328<\/td>\n<\/tr>\n<tr bgcolor=\"#E4DDCB\">\n<td width=\"39%\"><strong>Fiyat\u0131<\/strong><\/td>\n<td width=\"3%\">:<\/td>\n<td width=\"51%\">20,00 TL<\/td>\n<\/tr>\n<tr bgcolor=\"#D1C4A5\">\n<td width=\"39%\"><strong>ISBN No<\/strong><\/td>\n<td width=\"3%\">:<\/td>\n<td width=\"51%\">9789751030313<\/td>\n<\/tr>\n<\/tbody>\n<\/table>\n<\/td>\n<\/tr>\n<\/tbody>\n<\/table>\n<\/td>\n<td width=\"39%\" align=\"left\" valign=\"top\">\n<p style=\"text-align: center;\">\n<p><a href=\"https:\/\/www.kayiprihtim.org\/portal\/gorsel\/oddun-kefareti.jpg\" target=\"_blank\"><img decoding=\"async\" src=\"https:\/\/www.kayiprihtim.org\/portal\/gorsel\/oddun-kefareti.jpg\" border=\"0\" alt=\"\" hspace=\"1\" width=\"140\" height=\"219\" class=\"aligncenter\"><\/a><\/td>\n<\/tr>\n<\/tbody>\n<\/table>\n<table style=\"border-collapse: collapse; width: 47%;\" border=\"0\" cellpadding=\"0\">\n<tbody>\n<tr>\n<td width=\"54%\">\n<table style=\"border-collapse: collapse; height: 147px; width: 470px;\" border=\"0\" cellspacing=\"0\" cellpadding=\"2\">\n<tbody>\n<tr>\n<td style=\"border-style: solid ridge ridge; border-width: 1px; padding-left: 4px; padding-right: 4px;\" width=\"98%\" bgcolor=\"#C0B18D\"><strong><span style=\"font-size: 9pt; font-family: Tahoma;\">Tan\u0131t\u0131m Yaz\u0131s\u0131<br \/>\n<\/span><\/strong><\/td>\n<\/tr>\n<tr>\n<td width=\"99%\" align=\"left\">\n<table style=\"width: 465px;\" border=\"0\">\n<tbody>\n<tr>\n<td style=\"border-style: outset; border-width: 1px;\" width=\"96%\" bgcolor=\"#D1C4A5\">\n<table style=\"border-collapse: collapse; width: 452px; height: 199px;\" border=\"0\" cellspacing=\"0\" cellpadding=\"5\" bgcolor=\"#D1C4A5\" bordercolor=\"#D1C4A5\">\n<tbody>\n<tr>\n<td width=\"96%\" bgcolor=\"#D1C4A5\">Ya\u015fam ve \u00f6l\u00fcm\u00fcn cesur n\u00f6bet\u00e7isi Odd Thomas&#8217;\u0131 tan\u0131yorsunuz. Onu aray\u0131p bulan sessiz ruhlar\u0131n ondan istedi\u011fi tek bir \u015fey vard\u0131r: Adalet.<\/p>\n<p>B\u00f6yle \u00f6zel bir yetene\u011fe sahip olmaktan her ne kadar ho\u015flanmasa da iki d\u00fcnya aras\u0131na s\u0131k\u0131\u015f\u0131p kalm\u0131\u015f s\u0131rda\u015flar\u0131na s\u0131rt\u0131n\u0131 d\u00f6nemez. Macera Odd&#8217;un Kefareti, ile h\u0131z kesmeden devam ediyor ve Odd, d\u00fcnyadan adalet isteyen hayaletlerin esrarl\u0131 hik\u00e2yeleriyle tekrar kar\u015f\u0131m\u0131za \u00e7\u0131k\u0131yor.<br \/>\nGen\u00e7 adam, g\u00fcnahlar\u0131n\u0131n kefaretini \u00f6demek i\u00e7in geldi\u011fi manast\u0131rda etrafa tehlike sa\u00e7maya kararl\u0131 yarat\u0131klar\u0131n amans\u0131z planlar\u0131yla ba\u015f etmek zorunda ve \u00fcstelik yaln\u0131z de\u011fil!<\/p>\n<p>B\u00fcy\u00fcl\u00fc bir manast\u0131r\u0131 saran tehlikeli yarat\u0131klar&#8230;<br \/>\nD\u00fcnyada s\u0131k\u0131\u015f\u0131p kalm\u0131\u015f hayaletler&#8230;<br \/>\nKuantum fizi\u011fi, kaos, gizli servislerin planlar\u0131&#8230;<\/p>\n<p>Manast\u0131r\u0131 ve \u00f6\u011frencilerini bekleyen b\u00fcy\u00fck tehlike ve bu tehlikeden kurtulmak i\u00e7in verilen zorlu bir m\u00fccadele&#8230;<\/p>\n<hr size=\"1\" \/>\n<strong>Sayfa Tasar\u0131m\u0131 :<\/strong> Derya Balc\u0131<br \/>\n<strong>Kapak Uygulama :<\/strong> Okan Ko\u00e7<\/td>\n<\/tr>\n<\/tbody>\n<\/table>\n<\/td>\n<\/tr>\n<\/tbody>\n<\/table>\n<\/td>\n<\/tr>\n<\/tbody>\n<\/table>\n<\/td>\n<\/tr>\n<\/tbody>\n<\/table>\n","protected":false},"excerpt":{"rendered":"<p>ODD&#8217;UN KEFARET\u0130 Yazar : Dean Koontz \u00c7eviri : Tanju Anapa Yay\u0131na Haz\u0131rlayan : \u00c7i\u011fdem Aldatmaz \u00d6zg\u00fcn Ad\u0131 : Brother Odd \u0130nk\u0131l\u00e2p Kitapevi \u00c7\u0131k\u0131\u015f Tarihi : 7 Ocak, 2011 Sayfa Say\u0131s\u0131 : 328 Fiyat\u0131 : 20,00 TL ISBN No : 9789751030313 Tan\u0131t\u0131m Yaz\u0131s\u0131 Ya\u015fam ve \u00f6l\u00fcm\u00fcn cesur n\u00f6bet\u00e7isi Odd Thomas&#8217;\u0131 tan\u0131yorsunuz. Onu aray\u0131p bulan sessiz ruhlar\u0131n [&hellip;]<\/p>\n","protected":false},"author":1,"featured_media":0,"parent":57,"menu_order":0,"comment_status":"open","ping_status":"closed","template":"","meta":{"_acf_changed":false,"footnotes":""},"class_list":["post-6477","page","type-page","status-publish"],"acf":[],"_links":{"self":[{"href":"https:\/\/www.kayiprihtim.org\/portal\/wp-json\/wp\/v2\/pages\/6477","targetHints":{"allow":["GET"]}}],"collection":[{"href":"https:\/\/www.kayiprihtim.org\/portal\/wp-json\/wp\/v2\/pages"}],"about":[{"href":"https:\/\/www.kayiprihtim.org\/portal\/wp-json\/wp\/v2\/types\/page"}],"author":[{"embeddable":true,"href":"https:\/\/www.kayiprihtim.org\/portal\/wp-json\/wp\/v2\/users\/1"}],"replies":[{"embeddable":true,"href":"https:\/\/www.kayiprihtim.org\/portal\/wp-json\/wp\/v2\/comments?post=6477"}],"version-history":[{"count":0,"href":"https:\/\/www.kayiprihtim.org\/portal\/wp-json\/wp\/v2\/pages\/6477\/revisions"}],"up":[{"embeddable":true,"href":"https:\/\/www.kayiprihtim.org\/portal\/wp-json\/wp\/v2\/pages\/57"}],"wp:attachment":[{"href":"https:\/\/www.kayiprihtim.org\/portal\/wp-json\/wp\/v2\/media?parent=6477"}],"curies":[{"name":"wp","href":"https:\/\/api.w.org\/{rel}","templated":true}]}}