{"id":6481,"date":"2010-12-30T12:32:20","date_gmt":"2010-12-30T10:32:20","guid":{"rendered":"http:\/\/www.kayiprihtim.org\/portal\/"},"modified":"2020-02-27T20:17:06","modified_gmt":"2020-02-27T17:17:06","slug":"sparta-altinlari","status":"publish","type":"page","link":"https:\/\/www.kayiprihtim.org\/portal\/kitaplar\/sparta-altinlari\/","title":{"rendered":"Sparta Alt\u0131nlar\u0131"},"content":{"rendered":"<table style=\"border: thin outset; border-collapse: collapse; height: 30px; width: 470px;\" border=\"0\" cellpadding=\"2\">\n<tbody>\n<tr>\n<td bgcolor=\"#330000\" width=\"30%\"><span style=\"color: #ffffff;\"><span style=\"font-family: Verdana;\"><strong>SPARTA ALTINLARI<\/strong><\/span><\/span><span style=\"font-family: Verdana; color: #ffffff;\"><strong><br \/>\n<\/strong><\/span><\/td>\n<\/tr>\n<\/tbody>\n<\/table>\n<table style=\"border-collapse: collapse; width: 462px; height: 250px;\" border=\"0\" cellspacing=\"0\" cellpadding=\"0\">\n<tbody>\n<tr>\n<td align=\"center\" valign=\"top\" width=\"58%\">\n<table style=\"border-collapse: collapse; width: 315px; height: 248px;\" border=\"0\" cellspacing=\"2\">\n<tbody>\n<tr>\n<td align=\"right\" width=\"100%\">\n<table style=\"width: 310px; height: 88px;\" border=\"0\" cellspacing=\"0\">\n<tbody>\n<tr bgcolor=\"#D1C4A5\">\n<td width=\"39%\"><strong>Yazar<\/strong><\/td>\n<td width=\"3%\">:<\/td>\n<td width=\"51%\"><span style=\"color: #993300;\"><strong>Clive Cussler, Grant Blackwood<\/strong><\/span><\/td>\n<\/tr>\n<tr bgcolor=\"#E4DDCB\">\n<td><strong>\u00c7eviri<\/strong><\/td>\n<td width=\"3%\">:<\/td>\n<td width=\"51%\">Murat G\u00fcnvar<\/td>\n<\/tr>\n<tr bgcolor=\"#D1C4A5\">\n<td width=\"39%\"><strong><strong>\u00d6zg\u00fcn Ad\u0131<\/strong><\/strong><\/td>\n<td width=\"3%\">:<\/td>\n<td width=\"51%\">Spartan Gold<\/td>\n<\/tr>\n<\/tbody>\n<\/table>\n<\/td>\n<\/tr>\n<tr>\n<td style=\"border-style: solid ridge ridge; border-width: 1px; padding-left: 4px; padding-right: 4px;\" bgcolor=\"#C0B18D\" width=\"100%\"><strong><span style=\"font-size: 9pt; font-family: Tahoma;\">Alt\u0131n Kitaplar<br \/>\n<\/span><\/strong><\/td>\n<\/tr>\n<tr>\n<td align=\"right\" width=\"100%\">\n<table style=\"width: 310px; height: 88px;\" border=\"0\" cellspacing=\"0\">\n<tbody>\n<tr bgcolor=\"#E4DDCB\">\n<td width=\"39%\"><strong>\u00c7\u0131k\u0131\u015f Tarihi<\/strong><strong><br \/>\n<\/strong><\/td>\n<td width=\"3%\">:<\/td>\n<td width=\"51%\"><span style=\"color: #181512;\">7 Ocak, 2011<\/span><span style=\"color: #181512;\"><br \/>\n<\/span><\/td>\n<\/tr>\n<tr bgcolor=\"#D1C4A5\">\n<td><strong>Sayfa Say\u0131s\u0131<\/strong><\/td>\n<td width=\"3%\">:<\/td>\n<td width=\"51%\">384<\/td>\n<\/tr>\n<tr bgcolor=\"#E4DDCB\">\n<td width=\"39%\"><strong>Fiyat\u0131<\/strong><\/td>\n<td width=\"3%\">:<\/td>\n<td width=\"51%\">21,00 TL<\/td>\n<\/tr>\n<tr bgcolor=\"#D1C4A5\">\n<td width=\"39%\"><strong>ISBN No<\/strong><\/td>\n<td width=\"3%\">:<\/td>\n<td width=\"51%\">9789752112889<\/td>\n<\/tr>\n<\/tbody>\n<\/table>\n<\/td>\n<\/tr>\n<\/tbody>\n<\/table>\n<\/td>\n<td style=\"width: 39%;\" align=\"center\" valign=\"middle\"><a href=\"https:\/\/www.kayiprihtim.org\/portal\/gorsel\/sparta-altinlari.jpg\" target=\"_blank\" rel=\"noopener noreferrer\"><img decoding=\"async\" class=\"aligncenter\" src=\"https:\/\/www.kayiprihtim.org\/portal\/gorsel\/sparta-altinlari.jpg\" alt=\"\" width=\"140\" height=\"219\" border=\"0\" hspace=\"1\"><\/a><\/td>\n<\/tr>\n<\/tbody>\n<\/table>\n<table style=\"border-collapse: collapse; width: 47%;\" border=\"0\" cellpadding=\"0\">\n<tbody>\n<tr>\n<td width=\"54%\">\n<table style=\"border-collapse: collapse; height: 147px; width: 470px;\" border=\"0\" cellspacing=\"0\" cellpadding=\"2\">\n<tbody>\n<tr>\n<td style=\"border-style: solid ridge ridge; border-width: 1px; padding-left: 4px; padding-right: 4px;\" bgcolor=\"#C0B18D\" width=\"98%\"><strong><span style=\"font-size: 9pt; font-family: Tahoma;\">Tan\u0131t\u0131m Yaz\u0131s\u0131<br \/>\n<\/span><\/strong><\/td>\n<\/tr>\n<tr>\n<td align=\"left\" width=\"99%\">\n<table style=\"width: 465px;\" border=\"0\">\n<tbody>\n<tr>\n<td style=\"border-style: outset; border-width: 1px;\" bgcolor=\"#D1C4A5\" width=\"96%\">\n<table style=\"border-collapse: collapse; width: 452px; height: 199px;\" border=\"0\" cellspacing=\"0\" cellpadding=\"5\" bgcolor=\"#D1C4A5\">\n<tbody>\n<tr>\n<td bgcolor=\"#D1C4A5\" width=\"96%\">\n<p style=\"text-align: justify;\">Binlerce y\u0131l \u00f6nce Eskid\u00fcnya&#8217;n\u0131n iki b\u00fcy\u00fck g\u00fcc\u00fc sava\u015fa tutu\u015fur ve antik bir hazine tarihin g\u00f6lgeleri aras\u0131nda kaybolur. Napoleon Bonapart\u00e9 1800 y\u0131l\u0131nda b\u00fcy\u00fck ordusunu Apennin Alplerinden ge\u00e7irirken bir rastlant\u0131 sonucu bu hazineyi bulur ve yerini paha bi\u00e7ilmez on iki \u015farap \u015fi\u015fesinin \u00fczerine \u015fifreleyerek etiketler.<\/p>\n<p style=\"text-align: justify;\">Maryland, Pocomoke Nehri&#8217;nde hazine avc\u0131l\u0131\u011f\u0131na \u00e7\u0131kan Sam ve Remi Fargo, \u0130kinci D\u00fcnya Sava\u015f\u0131&#8217;ndan kalma bir Alman denizalt\u0131s\u0131n\u0131 batakl\u0131\u011fa g\u00f6m\u00fclm\u00fc\u015f olarak bulduklar\u0131nda \u00e7ok \u015fa\u015f\u0131r\u0131rlar. Ama en \u00e7ok \u015fa\u015f\u0131rd\u0131klar\u0131 \u015fey, bulduklar\u0131 bir \u015fi\u015fe \u015farapt\u0131r. Bunun Nopoleon&#8217;un \u00f6l\u00fcm\u00fcyle birlikte tarihin karanl\u0131klar\u0131na g\u00f6m\u00fclen Kay\u0131p Mahzen&#8217;e ait bir \u015fi\u015fe oldu\u011funu anlad\u0131klar\u0131nda hemen di\u011ferlerini de bulmak i\u00e7in harekete ge\u00e7erler. Fakat o \u015fi\u015felerin pe\u015finde olanlar yaln\u0131zca onlar de\u011fildir&#8230;<\/p>\n<p style=\"text-align: justify;\">Cussler&#8217;\u0131n y\u00fcksek gerilimli s\u0131n\u0131rs\u0131z bulu\u015flar\u0131yla bezeli Sparta Alt\u0131nlar\u0131 e\u015fi bulunmaz bir macera roman\u0131&#8230;<\/p>\n<\/td>\n<\/tr>\n<\/tbody>\n<\/table>\n<\/td>\n<\/tr>\n<\/tbody>\n<\/table>\n<\/td>\n<\/tr>\n<\/tbody>\n<\/table>\n<\/td>\n<\/tr>\n<\/tbody>\n<\/table>\n<p style=\"text-align: center;\">* * *<\/p>\n<h2 style=\"text-align: center;\"><a href=\"https:\/\/kayiprihtim.com\/haberler\/edebiyat\/clive-cussler-hayatini-kaybetti\/\" target=\"_blank\" rel=\"noopener noreferrer nofollow\">Amerikal\u0131 Roman Yazar\u0131 Clive Cussler Hayat\u0131n\u0131 Kaybetti<\/a><\/h2>\n","protected":false},"excerpt":{"rendered":"<p>SPARTA ALTINLARI Yazar : Clive Cussler, Grant Blackwood \u00c7eviri : Murat G\u00fcnvar \u00d6zg\u00fcn Ad\u0131 : Spartan Gold Alt\u0131n Kitaplar \u00c7\u0131k\u0131\u015f Tarihi : 7 Ocak, 2011 Sayfa Say\u0131s\u0131 : 384 Fiyat\u0131 : 21,00 TL ISBN No : 9789752112889 Tan\u0131t\u0131m Yaz\u0131s\u0131 Binlerce y\u0131l \u00f6nce Eskid\u00fcnya&#8217;n\u0131n iki b\u00fcy\u00fck g\u00fcc\u00fc sava\u015fa tutu\u015fur ve antik bir hazine tarihin g\u00f6lgeleri aras\u0131nda [&hellip;]<\/p>\n","protected":false},"author":1,"featured_media":0,"parent":57,"menu_order":0,"comment_status":"open","ping_status":"closed","template":"","meta":{"_acf_changed":false,"footnotes":""},"class_list":["post-6481","page","type-page","status-publish"],"acf":[],"_links":{"self":[{"href":"https:\/\/www.kayiprihtim.org\/portal\/wp-json\/wp\/v2\/pages\/6481","targetHints":{"allow":["GET"]}}],"collection":[{"href":"https:\/\/www.kayiprihtim.org\/portal\/wp-json\/wp\/v2\/pages"}],"about":[{"href":"https:\/\/www.kayiprihtim.org\/portal\/wp-json\/wp\/v2\/types\/page"}],"author":[{"embeddable":true,"href":"https:\/\/www.kayiprihtim.org\/portal\/wp-json\/wp\/v2\/users\/1"}],"replies":[{"embeddable":true,"href":"https:\/\/www.kayiprihtim.org\/portal\/wp-json\/wp\/v2\/comments?post=6481"}],"version-history":[{"count":2,"href":"https:\/\/www.kayiprihtim.org\/portal\/wp-json\/wp\/v2\/pages\/6481\/revisions"}],"predecessor-version":[{"id":59061,"href":"https:\/\/www.kayiprihtim.org\/portal\/wp-json\/wp\/v2\/pages\/6481\/revisions\/59061"}],"up":[{"embeddable":true,"href":"https:\/\/www.kayiprihtim.org\/portal\/wp-json\/wp\/v2\/pages\/57"}],"wp:attachment":[{"href":"https:\/\/www.kayiprihtim.org\/portal\/wp-json\/wp\/v2\/media?parent=6481"}],"curies":[{"name":"wp","href":"https:\/\/api.w.org\/{rel}","templated":true}]}}