{"id":6888,"date":"2011-01-17T15:28:41","date_gmt":"2011-01-17T13:28:41","guid":{"rendered":"http:\/\/www.kayiprihtim.org\/portal\/"},"modified":"2022-07-31T23:23:30","modified_gmt":"2022-07-31T20:23:30","slug":"alper-caniguz-ile-roportaj","status":"publish","type":"page","link":"https:\/\/www.kayiprihtim.org\/portal\/roportajlar\/alper-caniguz-ile-roportaj\/","title":{"rendered":"Alper Can\u0131g\u00fcz ile R\u00f6portaj"},"content":{"rendered":"<p style=\"text-align: center;\"><img decoding=\"async\" class=\"aligncenter\" alt=\"\" src=\"https:\/\/www.kayiprihtim.org\/portal\/gorsel\/yazarlar\/alper-caniguz-roportaj.jpg\"><\/p>\n<ul style=\"text-align: justify;\">\n<li><strong>Bir yazar olarak, &#8220;yazarl\u0131k yolunda&#8221; kendinizi nerede g\u00f6r\u00fcyorsunuz? Kitap yazman\u0131n sizde uyand\u0131rd\u0131\u011f\u0131 duygular\u0131 bizimle payla\u015f\u0131r m\u0131s\u0131n\u0131z?<\/strong><\/li>\n<\/ul>\n<p style=\"text-indent: 0.4cm; text-align: justify;\">Benim i\u00e7in roman yazmak hayatta yapt\u0131\u011f\u0131m en de\u011ferli i\u015ftir. Teknik olarak yaz\u0131 u\u011fra\u015f\u0131 i\u00e7inde ho\u015fuma giden bir pasaj, bir bulu\u015f oldu\u011funda bundan heyecan duyuyorum elbette. \u00d6te yandan b\u00fct\u00fcn\u00fcne bakt\u0131\u011f\u0131n\u0131zda yazmak epeyi me\u015fakkatli bir i\u015f, hatta deli i\u015fidir. Tatmin ve huzur duygusunun ge\u00e7ici, s\u0131k\u0131nt\u0131 ve rahats\u0131zl\u0131\u011f\u0131n daimi olu\u015fu bu i\u015flerle u\u011fra\u015fan herkes i\u00e7in ge\u00e7erlidir san\u0131r\u0131m. Yazarl\u0131k yolunda neredeyim diye d\u00fc\u015f\u00fcnmedim hi\u00e7, bu konuda bir \u201c\u00fcst bak\u0131\u015f\u0131m\u201d yok kendime. Yazd\u0131klar\u0131ma \u00f6yle bakmaya gayret ediyorum ama.<\/p>\n<ul style=\"text-align: justify;\">\n<li><strong>Kitaplar\u0131n\u0131zda \u00f6zellikle anlat\u0131m diliniz olduk\u00e7a \u00f6vg\u00fc topluyor. Bu esprili ve ayn\u0131 zamanda hiciv dolu \u00fcslubu nas\u0131l kazand\u0131n\u0131z? Ba\u015f\u0131ndan beri b\u00f6yle bir anlat\u0131m m\u0131 d\u00fc\u015f\u00fcn\u00fcyordunuz yoksa zaman i\u00e7inde mi geli\u015fti? Bunu tetikleyen etmenler nelerdir?<\/strong><\/li>\n<\/ul>\n<p style=\"text-indent: 0.4cm; text-align: justify;\">Roman okuman\u0131n dikenli tel i\u015femek gibi bir \u015fey olmas\u0131 gerekti\u011fine inanan \u00e7ok ki\u015fi oldu\u011funu hayretle g\u00f6r\u00fcyorum. <img decoding=\"async\" class=\"alignright\" style=\"border: 0pt none;\" alt=\"\" src=\"https:\/\/www.kayiprihtim.org\/portal\/gorsel\/tr-alper1.jpg\" width=\"260\" height=\"69\">Ben edebiyat ille b\u00f6yle sado-mazo\u015fistik bir faaliyet olacak diye d\u00fc\u015f\u00fcnm\u00fcyorum a\u00e7\u0131k\u00e7as\u0131. Hal b\u00f6yleyken de duygular\u0131 harekete ge\u00e7irmek, dramatik bir anlat\u0131 yaratman\u0131n \u00e7ok \u00f6nemli ko\u015fullar\u0131ndan biri olarak ortaya \u00e7\u0131k\u0131yor. Belki konuya yakla\u015f\u0131m\u0131m\u0131n sonucu olarak bu t\u00fcrden bir anlat\u0131 geli\u015ftirmi\u015fimdir. Yine de kesin emin olmak m\u00fcmk\u00fcn de\u011fil tabii ki.<\/p>\n<ul style=\"text-align: justify;\">\n<li><strong>Peki ya siz bir eser i\u00e7inde anlat\u0131m dilinin yerini nas\u0131l g\u00f6r\u00fcyorsunuz?<\/strong><\/li>\n<\/ul>\n<p style=\"text-indent: 0.4cm; text-align: justify;\">Derdinizi anlatmak i\u00e7in kulland\u0131\u011f\u0131n\u0131z malzeme dilken, edebiyatta anlat\u0131m dili \u00f6nemli mi de\u011fil mi diye d\u00fc\u015f\u00fcnmeyi dahi abesle i\u015ftigal addederim.<\/p>\n<ul style=\"text-align: justify;\">\n<li><strong>Genel g\u00f6r\u00fc\u015f kahraman anlat\u0131c\u0131 olarak anlatt\u0131\u011f\u0131n\u0131z romanlar\u0131n\u0131zda (Gizliajans &#8211; O\u011fullar ve Rencide Ruhlar) samimiyetin daha hissedilir oldu\u011fu y\u00f6n\u00fcnde. Siz bu konuda ne d\u00fc\u015f\u00fcn\u00fcyorsunuz? Bak\u0131\u015f a\u00e7\u0131s\u0131na ne derece \u00f6nem verirsiniz? Bundan sonraki romanlar\u0131n\u0131zda bizleri yine kahraman anlat\u0131c\u0131 m\u0131 bekliyor olacak?<\/strong><\/li>\n<\/ul>\n<p style=\"text-indent: 0.4cm; text-align: justify;\">Birinci ya da \u00fc\u00e7\u00fcnc\u00fc tekil \u015fah\u0131s anlat\u0131c\u0131 romanda se\u00e7imi ku\u015fkusuz \u00e7ok \u00f6nemli bir karar. Benim birinci tekil \u015fah\u0131s anlat\u0131y\u0131 sevmemin nedeni, yazara daha \u00f6znel olma \u015fans\u0131 vermesi. Kahraman\u0131n kafa kar\u0131\u015f\u0131kl\u0131\u011f\u0131n\u0131, edimlerinin d\u00fc\u015f\u00fcnsel <img decoding=\"async\" class=\"alignleft\" style=\"border: 0pt none;\" alt=\"\" src=\"https:\/\/www.kayiprihtim.org\/portal\/gorsel\/ovrr-alper1.jpg\" width=\"300\" height=\"69\">temel ya da temelsizli\u011fini, duygular\u0131n\u0131 daha g\u00fc\u00e7l\u00fc ifade etme olana\u011f\u0131 sa\u011fl\u0131yor. Samimiyeti bilemiyorum ama okurun anlat\u0131c\u0131yla \u00f6zde\u015fle\u015fmesini de galiba daha bir kolayla\u015ft\u0131r\u0131yor. \u00dc\u00e7\u00fcnc\u00fc tekil \u015fah\u0131s kullan\u0131m\u0131 biraz daha nesnellik iddias\u0131 ya da \u00e7a\u011fr\u0131\u015f\u0131m\u0131 ta\u015f\u0131yor sanki. \u00d6te yandan elinizdeki malzemeye g\u00f6re her ikisi de iyi tercihler olabilir. Hatta duruma g\u00f6re Italo Calvino\u2019nun Bir K\u0131\u015f Gecesi E\u011fer Bir Yolcu kitab\u0131nda yapt\u0131\u011f\u0131 gibi ikinci tekil \u015fah\u0131s kullanmak gibi \u00e7\u0131lg\u0131n denemelere dahi giri\u015febilirsiniz. Bundan sonraki romanlar\u0131mda da -yani e\u011fer yazabilirsem- bu konuda do\u011fru karar\u0131 vermeye \u00e7al\u0131\u015faca\u011f\u0131m i\u015fte.<\/p>\n<ul style=\"text-align: justify;\">\n<li><strong>O\u011fullar ve Rencide Ruhlar kitab\u0131n\u0131zda kendisine hayran b\u0131rakan Alper Kamu karakterini yaratmak nas\u0131l akl\u0131n\u0131za geldi? \u00c7evrenizde esinlendi\u011finiz ona benzer bir \u00e7ocuk var m\u0131?<\/strong><\/li>\n<\/ul>\n<p style=\"text-indent: 0.4cm; text-align: justify;\">\u00c7ocuklu\u011fumda kendi kendime kurdu\u011fum hikayelerde iki farkl\u0131 \u00e7ocuk karakter olu\u015fturmu\u015ftum. Biri biraz daha i\u00e7ine kapan\u0131k ve duygusal, di\u011feri daha giri\u015fken, kavgac\u0131, anas\u0131n\u0131n g\u00f6z\u00fc bir tipti. Y\u0131llar sonra nas\u0131l olduysa bu \u00e7ocuklar\u0131 hat\u0131rlay\u0131verdim. Alper Kamu ikisinin bir kar\u0131\u015f\u0131m\u0131 gibi ortaya \u00e7\u0131kt\u0131 sanki.<\/p>\n<ul style=\"text-align: justify;\">\n<li><strong>Alper Kamu isminin Albert Camus&#8217;ye g\u00f6nderme oldu\u011fu a\u015fik\u00e2r. Bunun \u00f6zel bir nedeni var m\u0131? Ayr\u0131ca \u015fahs\u0131n\u0131zla da isim benzerli\u011fi olmas\u0131 dikkat \u00e7ekici. Sizden de izler ta\u015f\u0131d\u0131\u011f\u0131n\u0131 s\u00f6yleyebilir miyiz?<\/strong><\/li>\n<\/ul>\n<p style=\"text-indent: 0.4cm; text-align: justify;\">Varolu\u015f sorunu ya\u015fayan, bunal\u0131ml\u0131 bir velet i\u015fte Alper Kamu. \u00dcstelik oyunbaz da. Yani ger\u00e7ek ad\u0131 bu olmasa bile, <img decoding=\"async\" class=\"alignright\" style=\"border: 0pt none;\" alt=\"\" src=\"https:\/\/www.kayiprihtim.org\/portal\/gorsel\/ga-alper1.jpg\" width=\"260\" height=\"69\">bize kendini b\u00f6yle tan\u0131tabilir. Zaten bunu fark edince kahraman\u0131ma bu ismi verebilece\u011fime ikna oldum, o bunu yapabilir ve biz bunun do\u011fru olup olmad\u0131\u011f\u0131n\u0131 bilemeyiz. Yoksa, tam da benimle ada\u015f olmas\u0131 nedeniyle hikayenin otobiyografik okunaca\u011f\u0131ndan \u00e7ekiniyordum asl\u0131nda. Bu k\u0131smen ger\u00e7ek olsa bile \u00f6yle bak\u0131lmas\u0131n\u0131 istemiyordum yani. Neticede bir karar vermek gerekiyordu, bu ismi kullanmaya karar verdim.<\/p>\n<ul style=\"text-align: justify;\">\n<li><strong>Okuyucular\u0131n\u0131zdan kitaplar\u0131n\u0131z hakk\u0131nda ald\u0131\u011f\u0131n\u0131z yorumlardan memnun musunuz? Tatl\u0131 R\u00fcyalar ve \u00f6ncesinde b\u00f6yle bir ba\u015far\u0131 bekliyor muydunuz?<\/strong><\/li>\n<\/ul>\n<p style=\"text-indent: 0.4cm; text-align: justify;\">Ald\u0131\u011f\u0131m yorumlar\u0131n \u00e7o\u011fu olumludur. \u00d6te yandan bunu bir ba\u015far\u0131 filan gibi de\u011ferlendirmiyorum. Nedense edebiyatla ba\u015far\u0131 kavram\u0131n\u0131 yan yana d\u00fc\u015f\u00fcnmek biraz huyland\u0131r\u0131yor beni. \u0130yi roman, iyi yazar diyebiliyorum ama ba\u015far\u0131l\u0131 yazar laf\u0131 \u00e7ok itici geliyor bana.<\/p>\n<ul style=\"text-align: justify;\">\n<li><strong>Pek tabii kesin bir se\u00e7im s\u00f6z konusu olmayabilir ama kitaplar\u0131n\u0131z aras\u0131nda en sevdi\u011finiz ya da size en heyecanl\u0131 gelen bir tane var m\u0131d\u0131r?<\/strong><\/li>\n<\/ul>\n<p style=\"text-indent: 0.4cm; margin-bottom: 0cm; text-align: left;\"><a href=\"https:\/\/www.kayiprihtim.org\/portal\/gorsel\/yazarlar\/alper-caniguz-2.jpg\"><img loading=\"lazy\" decoding=\"async\" class=\"alignright\" alt=\"\" src=\"https:\/\/www.kayiprihtim.org\/portal\/gorsel\/yazarlar\/alper-caniguz-2.jpg\" width=\"206\" height=\"274\"><\/a>O\u011fullar ve Rencide Ruhlar en sevdi\u011fim roman\u0131md\u0131r.<\/p>\n<ul style=\"text-align: justify;\">\n<li><strong>Sizce hayat, evren ve her \u015feye dair nihai sorunun cevab\u0131 nedir?<\/strong><\/li>\n<\/ul>\n<p style=\"text-indent: 0.4cm; text-align: justify;\">K\u0131rkiki.<\/p>\n<ul style=\"text-align: justify;\">\n<li><strong>Etkilendi\u011finiz ya da ilham ald\u0131\u011f\u0131n\u0131z bir yazar var m\u0131? \u00d6zellikle okuyucular\u0131m\u0131za kesinlikle tavsiye edece\u011finiz yazar veya eserleri?<\/strong><\/li>\n<\/ul>\n<p style=\"text-indent: 0.4cm; text-align: justify;\">Beni heyecanland\u0131ran yazarlar vard\u0131r, yazarl\u0131\u011f\u0131m\u0131 etkileyenler de vard\u0131r mutlaka ama tavsiyede bulunmay\u0131 \u00e7ok sevmiyorum bu konularda.<\/p>\n<ul style=\"text-align: justify;\">\n<li><strong>Kitaplar\u0131n\u0131z\u0131n sinemaya uyarlanmas\u0131na y\u00f6nelik bir proje d\u00fc\u015f\u00fcyor musunuz?<\/strong><\/li>\n<\/ul>\n<p style=\"text-indent: 0.4cm; text-align: justify;\">Sinemayla ilgili kimi projeler d\u00fc\u015f\u00fcnd\u00fc\u011f\u00fcm, istedi\u011fim oluyor ama kitaplar\u0131m\u0131 filmle\u015ftirmek gibi \u015feyler de\u011fil bunlar. Bunu d\u00fc\u015f\u00fcnenler, projelendirenler oluyor ama ara ara. Ar\u0131yorlar, bulu\u015fuyoruz, konu\u015fuyoruz. \u015eimdiye kadar somut bir \u015fey \u00e7\u0131kmad\u0131 ortaya ama.<\/p>\n<ul style=\"text-align: justify;\">\n<li><strong>Okuyucular\u0131n\u0131z sizi esprili \u00fcslubunuz ile tan\u0131yor, peki yak\u0131n \u00e7evreniz sizi nas\u0131l tan\u0131ml\u0131yor?<\/strong><\/li>\n<\/ul>\n<p style=\"text-indent: 0.4cm; text-align: justify;\">Ben de merak ediyorum bunu bazen.<\/p>\n<ul style=\"text-align: justify;\">\n<li><strong>Fantastik edebiyat ya da bilimkurgu t\u00fcrlerine olan ilginiz ne derecedir? Kitaplar\u0131n\u0131zda fantastik unsurlar kullanmakla beraber bilimkurgu t\u00fcr\u00fcne de belli bir ilginiz oldu\u011fu biliniyor. Okudu\u011funuz ve tavsiye edece\u011finiz eserler var m\u0131d\u0131r bu t\u00fcrlerde?<\/strong><\/li>\n<\/ul>\n<p style=\"text-indent: 0.4cm; text-align: justify;\">Bilim-kurgu, gerilim, korku edebiyat\u0131 eserleri okumu\u015flu\u011fum vard\u0131r. Stanislaw Lem\u2019i \u00e7ok severim. Ray Bradbury, H.G. Wells, Poe\u2026 Hepsi sevdi\u011fimiz korkun\u00e7 abilerdir.<\/p>\n<p style=\"text-align: center;\"><img loading=\"lazy\" decoding=\"async\" class=\"aligncenter\" alt=\"\" src=\"https:\/\/www.kayiprihtim.org\/portal\/gorsel\/yazarlar\/alper-caniguz-murat-mentes-emrah-serbes.jpg\" width=\"490\" height=\"172\"><\/p>\n<ul style=\"text-align: justify;\">\n<li><strong>Yak\u0131n arkada\u015flar\u0131n\u0131zdan Emrah Serbes&#8217;in Behzat \u00c7. kitaplar\u0131n\u0131n dizi uyarlamas\u0131n\u0131 nas\u0131l buluyorsunuz?<\/strong><\/li>\n<\/ul>\n<p style=\"text-indent: 0.4cm; text-align: justify;\">Uyarlam\u0131\u015f olmalar\u0131n\u0131 fevkalade pozitif buluyorum, sonu\u00e7 da T\u00fcrkiye standartlar\u0131na g\u00f6re \u00e7ok iyi bence.<\/p>\n<ul style=\"text-align: justify;\">\n<li><strong>Ufukta yeni bir kitap projesi bizleri bekliyor mu? Ayr\u0131ca Twitter hesab\u0131n\u0131zdan Alper Kamu&#8217;nun yeniden gelece\u011fini haber vermi\u015ftiniz. Zaman\u0131 belli mi?<\/strong><\/li>\n<\/ul>\n<p style=\"text-indent: 0.4cm; text-align: justify;\">Alper Kamu\u2019nun d\u00f6nmesi gayet m\u00fcmk\u00fcn, evet. Zaman\u0131, ne yaz\u0131k ki belli de\u011fil.<\/p>\n<p style=\"text-indent: 0.4cm; text-align: justify;\"><strong><span style=\"color: #800000;\">Verdi\u011finiz cevaplar i\u00e7in sonsuz te\u015fekk\u00fcrler Alper Bey. K\u0131sa hik\u00e2yelerinizi de merakla bekliyoruz! Yeni kitaplar\u0131n\u0131z\u0131n bir an \u00f6nce gelmesi ve uzun seneler boyunca sizin kaleminizden yeni romanlar okumak dile\u011fiyle. <\/span><\/strong><\/p>\n<p style=\"text-indent: 0.4cm; text-align: justify;\">\u00c7ok \u00e7ok te\u015fekk\u00fcr ediyorum.<\/p>\n<p style=\"text-align: center;\">\n<p><strong>Yazar hakk\u0131nda daha fazla bilgi almak i\u00e7in <a href=\"https:\/\/www.kayiprihtim.org\/portal\/alper-caniguz\/\"><span style=\"color: #800000;\"><strong>buraya<\/strong><\/span><\/a> t\u0131klay\u0131n.<\/strong><\/p>\n","protected":false},"excerpt":{"rendered":"<p>Bir yazar olarak, &#8220;yazarl\u0131k yolunda&#8221; kendinizi nerede g\u00f6r\u00fcyorsunuz? Kitap yazman\u0131n sizde uyand\u0131rd\u0131\u011f\u0131 duygular\u0131 bizimle payla\u015f\u0131r m\u0131s\u0131n\u0131z? Benim i\u00e7in roman yazmak hayatta yapt\u0131\u011f\u0131m en de\u011ferli i\u015ftir. Teknik olarak yaz\u0131 u\u011fra\u015f\u0131 i\u00e7inde ho\u015fuma giden bir pasaj, bir bulu\u015f oldu\u011funda bundan heyecan duyuyorum elbette. \u00d6te yandan b\u00fct\u00fcn\u00fcne bakt\u0131\u011f\u0131n\u0131zda yazmak epeyi me\u015fakkatli bir i\u015f, hatta deli i\u015fidir. Tatmin ve [&hellip;]<\/p>\n","protected":false},"author":1,"featured_media":0,"parent":1029,"menu_order":0,"comment_status":"open","ping_status":"closed","template":"single-inceleme.php","meta":{"_acf_changed":false,"footnotes":""},"class_list":["post-6888","page","type-page","status-publish"],"acf":[],"_links":{"self":[{"href":"https:\/\/www.kayiprihtim.org\/portal\/wp-json\/wp\/v2\/pages\/6888","targetHints":{"allow":["GET"]}}],"collection":[{"href":"https:\/\/www.kayiprihtim.org\/portal\/wp-json\/wp\/v2\/pages"}],"about":[{"href":"https:\/\/www.kayiprihtim.org\/portal\/wp-json\/wp\/v2\/types\/page"}],"author":[{"embeddable":true,"href":"https:\/\/www.kayiprihtim.org\/portal\/wp-json\/wp\/v2\/users\/1"}],"replies":[{"embeddable":true,"href":"https:\/\/www.kayiprihtim.org\/portal\/wp-json\/wp\/v2\/comments?post=6888"}],"version-history":[{"count":1,"href":"https:\/\/www.kayiprihtim.org\/portal\/wp-json\/wp\/v2\/pages\/6888\/revisions"}],"predecessor-version":[{"id":59374,"href":"https:\/\/www.kayiprihtim.org\/portal\/wp-json\/wp\/v2\/pages\/6888\/revisions\/59374"}],"up":[{"embeddable":true,"href":"https:\/\/www.kayiprihtim.org\/portal\/wp-json\/wp\/v2\/pages\/1029"}],"wp:attachment":[{"href":"https:\/\/www.kayiprihtim.org\/portal\/wp-json\/wp\/v2\/media?parent=6888"}],"curies":[{"name":"wp","href":"https:\/\/api.w.org\/{rel}","templated":true}]}}