{"id":69,"date":"2008-06-14T08:26:53","date_gmt":"2008-06-14T15:26:53","guid":{"rendered":"http:\/\/www.hayalcini.net\/blog\/yerdeniz-serisi\/"},"modified":"2021-06-06T01:53:38","modified_gmt":"2021-06-05T22:53:38","slug":"yerdeniz-serisi","status":"publish","type":"page","link":"https:\/\/www.kayiprihtim.org\/portal\/kitaplar\/yerdeniz-serisi\/","title":{"rendered":"Yerdeniz Serisi"},"content":{"rendered":"<p><strong>Ursula K. Le Guin<\/strong>&#8216;in kaleme ald\u0131\u011f\u0131 toplamda be\u015f kitaptan olu\u015fan ve bir \u00f6yk\u00fc kitab\u0131 bulunan fantastik seridir. B\u00fcy\u00fcc\u00fc Ged&#8217;in maceralar\u0131n\u0131 ve aray\u0131\u015flar\u0131n\u0131 konu al\u0131r.<\/p>\n","protected":false},"excerpt":{"rendered":"<p>Ursula K. Le Guin&#8216;in kaleme ald\u0131\u011f\u0131 toplamda be\u015f kitaptan olu\u015fan ve bir \u00f6yk\u00fc kitab\u0131 bulunan fantastik seridir. B\u00fcy\u00fcc\u00fc Ged&#8217;in maceralar\u0131n\u0131 ve aray\u0131\u015flar\u0131n\u0131 konu al\u0131r.<\/p>\n","protected":false},"author":1,"featured_media":0,"parent":57,"menu_order":0,"comment_status":"open","ping_status":"closed","template":"","meta":{"_acf_changed":false,"footnotes":""},"class_list":["post-69","page","type-page","status-publish"],"acf":[],"_links":{"self":[{"href":"https:\/\/www.kayiprihtim.org\/portal\/wp-json\/wp\/v2\/pages\/69","targetHints":{"allow":["GET"]}}],"collection":[{"href":"https:\/\/www.kayiprihtim.org\/portal\/wp-json\/wp\/v2\/pages"}],"about":[{"href":"https:\/\/www.kayiprihtim.org\/portal\/wp-json\/wp\/v2\/types\/page"}],"author":[{"embeddable":true,"href":"https:\/\/www.kayiprihtim.org\/portal\/wp-json\/wp\/v2\/users\/1"}],"replies":[{"embeddable":true,"href":"https:\/\/www.kayiprihtim.org\/portal\/wp-json\/wp\/v2\/comments?post=69"}],"version-history":[{"count":1,"href":"https:\/\/www.kayiprihtim.org\/portal\/wp-json\/wp\/v2\/pages\/69\/revisions"}],"predecessor-version":[{"id":59283,"href":"https:\/\/www.kayiprihtim.org\/portal\/wp-json\/wp\/v2\/pages\/69\/revisions\/59283"}],"up":[{"embeddable":true,"href":"https:\/\/www.kayiprihtim.org\/portal\/wp-json\/wp\/v2\/pages\/57"}],"wp:attachment":[{"href":"https:\/\/www.kayiprihtim.org\/portal\/wp-json\/wp\/v2\/media?parent=69"}],"curies":[{"name":"wp","href":"https:\/\/api.w.org\/{rel}","templated":true}]}}