{"id":728,"date":"2009-02-07T15:42:14","date_gmt":"2009-02-07T12:42:14","guid":{"rendered":"http:\/\/www.kayiprihtim.org\/portal\/?page_id=728"},"modified":"2011-05-27T23:54:56","modified_gmt":"2011-05-27T20:54:56","slug":"ejderha-mizragi-okuma-rehberi","status":"publish","type":"page","link":"https:\/\/www.kayiprihtim.org\/portal\/kitaplar\/ejderha-mizragi-serisi\/ejderha-mizragi-okuma-rehberi\/","title":{"rendered":"Ejderha M\u0131zra\u011f\u0131 Okuma Rehberi"},"content":{"rendered":"<p style=\"text-align: center;\"><img decoding=\"async\" class=\"aligncenter\" style=\"border: 0pt none;\" src=\"https:\/\/www.kayiprihtim.org\/portal\/gorsel\/logo\/dragonlancelogo.jpg\" alt=\"\" width=\"467\" height=\"97\"><\/p>\n<p><span style=\"font-size: medium;\"><strong>Ejderha M\u0131zra\u011f\u0131 Destan\u0131<\/strong><\/span><\/p>\n<p style=\"padding-left: 30px;\">&#8211; G\u00fcz Alacakaranl\u0131\u011f\u0131n\u0131n Ejderhalar<br \/>\n&#8212; C\u00fcce Derinlikleri Ejderhalar\u0131 &#8211; <span style=\"color: #800000;\"><em>Kay\u0131p Tarih\u00e7eler 1. Kitap<\/em><\/span><br \/>\n&#8211; K\u0131\u015f Gecesi Ejderhalar\u0131<br \/>\n&#8212; Y\u00fcceefendi G\u00f6kleri Ejderhalar\u0131 &#8211; <span style=\"color: #800000;\"><em>Kay\u0131p Tarih\u00e7eler 2. Kitap<\/em><\/span><br \/>\n&#8211; \u0130lkbahar \u015eafa\u011f\u0131 Ejderhalar\u0131<br \/>\n&#8212; Kum Saati B\u00fcy\u00fcc\u00fc Ejderhalar\u0131 &#8211; <span style=\"color: #800000;\"><em>Kay\u0131p Tarih\u00e7eler 3. Kitap<\/em><\/span><\/p>\n<p><span style=\"font-size: medium;\"><strong>Efsaneler \u00dc\u00e7lemesi<\/strong><\/span><\/p>\n<p style=\"padding-left: 30px;\">&#8211; \u0130kizlerin Zaman\u0131<br \/>\n&#8211; \u0130kizlerin Sava\u015f\u0131<br \/>\n&#8211; \u0130kizlerin S\u0131nav\u0131<\/p>\n<p><span style=\"font-size: medium;\"><strong>\u0130kinci Nesil<\/strong><\/span><\/p>\n<p><span style=\"font-size: medium;\"><strong>Yaz Alevi Ejderhalar\u0131<\/strong><\/span><\/p>\n<p><span style=\"font-size: medium;\"><strong>Yeni \u00c7a\u011f\u0131n Ejderhalar\u0131<\/strong><\/span><\/p>\n<p style=\"padding-left: 30px;\">&#8211; Yeni Bir \u00c7a\u011f\u0131n Do\u011fu\u015fu<br \/>\n&#8211; Kas\u0131rgan\u0131n G\u00fcn\u00fc<br \/>\n&#8211; Karga\u015fan\u0131n Arifesi<\/p>\n<p><span style=\"font-size: medium;\"><strong>Dhamon Efsanesi<\/strong><\/span><\/p>\n<p style=\"padding-left: 30px;\">&#8211; D\u00fc\u015f\u00fc\u015f<br \/>\n&#8211; \u0130hanet<br \/>\n&#8211; Kurtulu\u015f<\/p>\n<p><span style=\"font-size: medium;\"><strong>Ruhlar Sava\u015f\u0131 <\/strong><\/span><\/p>\n<p style=\"padding-left: 30px;\">&#8211; Batan G\u00fcne\u015fin Ejderhalar\u0131<br \/>\n&#8211; Kay\u0131p Y\u0131ld\u0131z\u0131n Ejderhalar\u0131<br \/>\n&#8211; Yitik Ay\u0131n Ejderhalar\u0131<\/p>\n<p><span style=\"font-size: medium;\"><strong>Karanl\u0131k Havari Serisi<\/strong><\/span><\/p>\n<p style=\"padding-left: 30px;\">&#8211; Amber ve K\u00fcller<br \/>\n&#8211; Amber ve Demir<br \/>\n&#8211; Amber ve Kan<\/p>\n<p><span style=\"font-size: medium;\"><strong>Raistlin Tarih\u00e7eleri<\/strong><\/span><\/p>\n<p style=\"padding-left: 30px;\">&#8211; Ruhd\u00f6veni<br \/>\n&#8211; Silah Karde\u015fli\u011fi<\/p>\n<p><span style=\"font-size: medium;\"><strong>Kaos Sava\u015f\u0131 Serisi<\/strong><\/span><\/p>\n<p style=\"padding-left: 30px;\">&#8211; Sonuncu \u015eef<br \/>\n&#8211; Gece G\u00f6\u011f\u00fcn\u00fcn G\u00f6zya\u015flar\u0131<br \/>\n&#8211; Kukla Kral<br \/>\n&#8211; Kan Denizi Ya\u011fmac\u0131lar\u0131<br \/>\n&#8211; Bo\u015fver Da\u011f\u0131 Ku\u015fatmas\u0131<\/p>\n<p><span style=\"font-size: medium;\"><strong>Kang&#8217;\u0131n Alay\u0131 Serisi<\/strong><\/span><\/p>\n<p style=\"padding-left: 30px;\">&#8211; K\u0131yamet Tugay\u0131<br \/>\n&#8211; Ejderan Kurallar\u0131<\/p>\n<p><span style=\"font-size: medium;\"><strong>Ba\u015flang\u0131\u00e7lar Serisi<\/strong><\/span><\/p>\n<p style=\"padding-left: 30px;\">&#8211; Karanl\u0131k ve I\u015f\u0131k<br \/>\n&#8211; Kenderyurdu<br \/>\n&#8211; Majere Karde\u015fler<\/p>\n<p><span style=\"font-size: medium;\"><strong>Tan\u0131\u015fmalar Serisi<\/strong><\/span><\/p>\n<p style=\"padding-left: 30px;\">&#8211; E\u015f Ruhlar<br \/>\n&#8211; Yol Tutkusu<br \/>\n&#8211; Kara Y\u00fcrek<br \/>\n&#8211; Yemin ve \u00d6l\u00e7\u00fc<\/p>\n<p><span style=\"font-size: medium;\"><strong>Kay\u0131p Efsaneler Serisi<\/strong><\/span><\/p>\n<p style=\"padding-left: 30px;\">&#8211; Vinas Solamnus<br \/>\n&#8211; Fistandantilus Yeniden Do\u011fu\u015f<\/p>\n<p><span style=\"font-size: medium;\"><strong>Buzduvar\u0131 \u00dc\u00e7lemesi<\/strong><\/span><\/p>\n<p style=\"padding-left: 30px;\">&#8211; Haberci<br \/>\n&#8211; Alt\u0131n K\u00fcre<br \/>\n&#8211; K\u0131\u015fyurdu<\/p>\n<p><span style=\"font-size: medium;\"><strong>Kesi\u015fen Yollar<\/strong><\/span><\/p>\n<p style=\"padding-left: 30px;\">&#8211; S\u0131r Halkas\u0131<br \/>\n&#8211; H\u0131rs\u0131zlar Loncas\u0131<br \/>\n&#8211; Ejderhan\u0131n Bl\u00f6f\u00fc<br \/>\n&#8211; Ejderha Adalar\u0131<br \/>\n&#8211; Hi\u00e7biryer&#8217;in Ortas\u0131nda<\/p>\n<p><span style=\"font-size: medium;\"><strong>Di\u011ferleri<\/strong><\/span><\/p>\n<p style=\"padding-left: 30px;\">&#8211; Kara Dalamar<br \/>\n&#8211; Huma Destan\u0131<br \/>\n&#8211; Bir Ejderha S\u00f6ylentisi<\/p>\n<hr \/>\n<p><span style=\"color: #800000;\"><em>Ara kitaplar\u0131 okumadan seriyi krolonojik s\u0131rayla takip etmek isteyenler;<\/em><\/span><br \/>\n&#8211; Ejderha M\u0131zra\u011f\u0131 Destan\u0131 Serisi<br \/>\n&#8211; Efsaneler \u00dc\u00e7lemesi Serisi<br \/>\n&#8211; \u0130kinci Nesil<br \/>\n&#8211; Yaz Alevi Ejderhalar\u0131<br \/>\n&#8211; Ruhlar Sava\u015f\u0131 Serisi<br \/>\n&#8211; Karanl\u0131k Havari Serisi<br \/>\nBu seriler dahilindeki kitaplar\u0131 okumalar\u0131 yeterlidir.<\/p>\n<hr \/>\n<p><span style=\"font-size: 8pt; line-height: 1.3em;\"><strong>Not:<\/strong> \u0130kinci Nesil ve Yaz Alevi Ejderhalar\u0131 herhangi bir seriye ba\u011fl\u0131 de\u011fil, tek kitapt\u0131r.<\/span><\/p>\n","protected":false},"excerpt":{"rendered":"<p>Ejderha M\u0131zra\u011f\u0131 Destan\u0131 &#8211; G\u00fcz Alacakaranl\u0131\u011f\u0131n\u0131n Ejderhalar &#8212; C\u00fcce Derinlikleri Ejderhalar\u0131 &#8211; Kay\u0131p Tarih\u00e7eler 1. Kitap &#8211; K\u0131\u015f Gecesi Ejderhalar\u0131 &#8212; Y\u00fcceefendi G\u00f6kleri Ejderhalar\u0131 &#8211; Kay\u0131p Tarih\u00e7eler 2. Kitap &#8211; \u0130lkbahar \u015eafa\u011f\u0131 Ejderhalar\u0131 &#8212; Kum Saati B\u00fcy\u00fcc\u00fc Ejderhalar\u0131 &#8211; Kay\u0131p Tarih\u00e7eler 3. Kitap Efsaneler \u00dc\u00e7lemesi &#8211; \u0130kizlerin Zaman\u0131 &#8211; \u0130kizlerin Sava\u015f\u0131 &#8211; \u0130kizlerin S\u0131nav\u0131 \u0130kinci [&hellip;]<\/p>\n","protected":false},"author":1,"featured_media":0,"parent":1961,"menu_order":0,"comment_status":"open","ping_status":"closed","template":"","meta":{"_acf_changed":false,"footnotes":""},"class_list":["post-728","page","type-page","status-publish"],"acf":[],"_links":{"self":[{"href":"https:\/\/www.kayiprihtim.org\/portal\/wp-json\/wp\/v2\/pages\/728","targetHints":{"allow":["GET"]}}],"collection":[{"href":"https:\/\/www.kayiprihtim.org\/portal\/wp-json\/wp\/v2\/pages"}],"about":[{"href":"https:\/\/www.kayiprihtim.org\/portal\/wp-json\/wp\/v2\/types\/page"}],"author":[{"embeddable":true,"href":"https:\/\/www.kayiprihtim.org\/portal\/wp-json\/wp\/v2\/users\/1"}],"replies":[{"embeddable":true,"href":"https:\/\/www.kayiprihtim.org\/portal\/wp-json\/wp\/v2\/comments?post=728"}],"version-history":[{"count":0,"href":"https:\/\/www.kayiprihtim.org\/portal\/wp-json\/wp\/v2\/pages\/728\/revisions"}],"up":[{"embeddable":true,"href":"https:\/\/www.kayiprihtim.org\/portal\/wp-json\/wp\/v2\/pages\/1961"}],"wp:attachment":[{"href":"https:\/\/www.kayiprihtim.org\/portal\/wp-json\/wp\/v2\/media?parent=728"}],"curies":[{"name":"wp","href":"https:\/\/api.w.org\/{rel}","templated":true}]}}