{"id":732,"date":"2009-02-07T15:46:28","date_gmt":"2009-02-07T12:46:28","guid":{"rendered":"http:\/\/www.kayiprihtim.org\/portal\/?page_id=732"},"modified":"2016-03-24T14:49:22","modified_gmt":"2016-03-24T12:49:22","slug":"unutulmus-diyarlar-okuma-rehberi","status":"publish","type":"page","link":"https:\/\/www.kayiprihtim.org\/portal\/kitaplar\/unutulmus-diyarlar\/unutulmus-diyarlar-okuma-rehberi\/","title":{"rendered":"Unutulmu\u015f Diyarlar Okuma Rehberi"},"content":{"rendered":"<p style=\"text-align: center;\"><img decoding=\"async\" class=\"aligncenter\" style=\"border: 0pt none;\" src=\"https:\/\/www.kayiprihtim.org\/portal\/gorsel\/logo\/unutulmus-diyarlar-logo.png\" alt=\"\" width=\"300\" height=\"62\"><\/p>\n<p><span style=\"font-size: medium;\"><strong>Kara Elf \u00dc\u00e7lemesi<\/strong><\/span><\/p>\n<p style=\"padding-left: 30px;\">&#8211; Anayurt<br \/>\n&#8211; S\u00fcrg\u00fcn<br \/>\n&#8211; G\u00f6\u00e7<\/p>\n<p><span style=\"font-size: medium;\"><strong>Buzyeli Vadisi \u00dc\u00e7lemesi<\/strong><\/span><\/p>\n<p style=\"padding-left: 30px;\">&#8211; Kristal Par\u00e7as\u0131<br \/>\n&#8211; G\u00fcm\u00fc\u015f Damarlar\u0131<br \/>\n&#8211; Bu\u00e7uklu\u011fun M\u00fccevheri<\/p>\n<p><span style=\"font-size: medium;\"><strong>Drizzt Do&#8217;Urden&#8217;in Maceralar\u0131 Serisi<\/strong><\/span><\/p>\n<p style=\"padding-left: 30px;\">&#8211; Miras<br \/>\n&#8211; Y\u0131ld\u0131zs\u0131z Gece<br \/>\n&#8211; Karanl\u0131\u011f\u0131n Ku\u015fatmas\u0131<br \/>\n&#8211; \u015eafa\u011fa Ge\u00e7it<\/p>\n<p><em> (Buraya kadar yaz\u0131lan kitaplar R.A Salvatore&#8217;un Drizzt serisidir. Di\u011fer kitaplar\u0131 a\u015fa\u011f\u0131daki listeye g\u00f6re okumaya devam edebilirsiniz.)<\/em><\/p>\n<p><span style=\"font-size: medium;\"><strong>Karanl\u0131\u011f\u0131n Yollar\u0131 Serisi<\/strong><\/span><\/p>\n<p style=\"padding-left: 30px;\">&#8211; Sessiz K\u0131l\u0131\u00e7<br \/>\n&#8211; D\u00fcnyan\u0131n Omurgas\u0131<br \/>\n&#8211; Kristalin Hizmetkar\u0131<br \/>\n&#8211; K\u0131l\u0131\u00e7lar Denizi<\/p>\n<p><span style=\"font-size: medium;\"><strong>Avc\u0131n\u0131n K\u0131l\u0131\u00e7lar\u0131 Serisi<\/strong><\/span><\/p>\n<p style=\"padding-left: 30px;\">&#8211; Bin Ork<br \/>\n&#8211; Yaln\u0131z Drow<br \/>\n&#8211; \u0130ki K\u0131l\u0131\u00e7<\/p>\n<p><span style=\"font-size: medium;\"><strong>De\u011fi\u015fimler Serisi<\/strong><\/span><\/p>\n<p style=\"padding-left: 30px;\">&#8211; Ork Kral<br \/>\n&#8211; Korsan Kral<br \/>\n&#8211; Hayalet Kral<\/p>\n<p><span style=\"font-size: medium;\"><strong>Richard Awlinson&#8217;un Avatar \u00dc\u00e7lemesi<\/strong><\/span><\/p>\n<p style=\"padding-left: 30px;\">&#8211; Karanl\u0131k Vadi<br \/>\n&#8211; Tantras<br \/>\n&#8211; Derinsu<\/p>\n<p><span style=\"font-size: medium;\"><strong>Elaine Cunnigham&#8217;\u0131n Y\u0131ld\u0131z\u0131\u015f\u0131\u011f\u0131 ve G\u00f6lgeler Serisi<\/strong><\/span><\/p>\n<p style=\"padding-left: 30px;\">&#8211; Drow K\u0131z\u0131<br \/>\n&#8211; Karma\u015f\u0131k A\u011flar<br \/>\n&#8211; R\u00fczgaryolcusu<\/p>\n<p><span style=\"font-size: medium;\"><strong>\u00d6r\u00fcmcek Krali\u00e7e&#8217;nin Sava\u015f\u0131 Serisi <\/strong><\/span><\/p>\n<p style=\"padding-left: 30px;\">&#8211; Da\u011f\u0131lma<br \/>\n&#8211; Ayaklanma<br \/>\n&#8211; H\u00fck\u00fcm<br \/>\n&#8211; T\u00fckeni\u015f<br \/>\n&#8211; Y\u0131k\u0131m<br \/>\n&#8211; Dirili\u015f<\/p>\n<p><span style=\"font-size: medium;\"><strong> Elminster Serisi<\/strong><\/span><\/p>\n<p style=\"padding-left: 30px;\">&#8211; Elminster: Bir B\u00fcy\u00fcc\u00fc Yaratmak<br \/>\n&#8211; Elminster Myth Drannor&#8217;da<br \/>\n&#8211; Elminster&#8217;\u0131n Cezbedili\u015fi<br \/>\n&#8211; Elminster in Hell <em>(yay\u0131nlanmad\u0131)<\/em><br \/>\n&#8211; Elminster&#8217;s Daughter <em>(yay\u0131nlanmad\u0131) (Yazar: Ed Greenwood)<\/em><\/p>\n<p><span style=\"font-size: medium;\"><strong> \u015eark\u0131lar ve K\u0131l\u0131\u00e7lar Serisi<\/strong><\/span><\/p>\n<p style=\"padding-left: 30px;\">&#8211; Elfg\u00f6lgesi<br \/>\n&#8211; Elf\u015fark\u0131s\u0131<br \/>\n&#8211; G\u00fcm\u00fc\u015f G\u00f6lgeler<br \/>\n&#8211; Dikenhisar<br \/>\n&#8211; Dreamsperes <em>(yay\u0131nlanmad\u0131)(Yazar: Elain Cunningham)<\/em><\/p>\n<p><span style=\"font-size: medium;\"><strong> Dan\u0131\u015fmanlar ve Krallar Serisi <\/strong><\/span><\/p>\n<p style=\"padding-left: 30px;\">&#8211; B\u00fcy\u00fcc\u00fcavc\u0131s\u0131<br \/>\n&#8211; Selge\u00e7idi<br \/>\n&#8211; B\u00fcy\u00fcc\u00fcsava\u015f\u0131 <em>(Yazar: Elain Cunningham)<\/em><\/p>\n<p><span style=\"font-size: medium;\"><strong> Ruhban Serisi <\/strong><\/span><\/p>\n<p style=\"padding-left: 30px;\">&#8211; \u0130lahi<br \/>\n&#8211; Orman\u0131n G\u00f6lgelerinde<br \/>\n&#8211; Gece Maskeleri<br \/>\n&#8211; D\u00fc\u015fen Kale<br \/>\n&#8211; The Chaos Curse <em>(yay\u0131nlanmad\u0131) (Yazar: R.A Salvatore)<\/em><\/p>\n","protected":false},"excerpt":{"rendered":"<p>Kara Elf \u00dc\u00e7lemesi &#8211; Anayurt &#8211; S\u00fcrg\u00fcn &#8211; G\u00f6\u00e7 Buzyeli Vadisi \u00dc\u00e7lemesi &#8211; Kristal Par\u00e7as\u0131 &#8211; G\u00fcm\u00fc\u015f Damarlar\u0131 &#8211; Bu\u00e7uklu\u011fun M\u00fccevheri Drizzt Do&#8217;Urden&#8217;in Maceralar\u0131 Serisi &#8211; Miras &#8211; Y\u0131ld\u0131zs\u0131z Gece &#8211; Karanl\u0131\u011f\u0131n Ku\u015fatmas\u0131 &#8211; \u015eafa\u011fa Ge\u00e7it (Buraya kadar yaz\u0131lan kitaplar R.A Salvatore&#8217;un Drizzt serisidir. Di\u011fer kitaplar\u0131 a\u015fa\u011f\u0131daki listeye g\u00f6re okumaya devam edebilirsiniz.) Karanl\u0131\u011f\u0131n Yollar\u0131 Serisi [&hellip;]<\/p>\n","protected":false},"author":1,"featured_media":0,"parent":22,"menu_order":0,"comment_status":"open","ping_status":"closed","template":"","meta":{"_acf_changed":false,"footnotes":""},"class_list":["post-732","page","type-page","status-publish"],"acf":[],"_links":{"self":[{"href":"https:\/\/www.kayiprihtim.org\/portal\/wp-json\/wp\/v2\/pages\/732","targetHints":{"allow":["GET"]}}],"collection":[{"href":"https:\/\/www.kayiprihtim.org\/portal\/wp-json\/wp\/v2\/pages"}],"about":[{"href":"https:\/\/www.kayiprihtim.org\/portal\/wp-json\/wp\/v2\/types\/page"}],"author":[{"embeddable":true,"href":"https:\/\/www.kayiprihtim.org\/portal\/wp-json\/wp\/v2\/users\/1"}],"replies":[{"embeddable":true,"href":"https:\/\/www.kayiprihtim.org\/portal\/wp-json\/wp\/v2\/comments?post=732"}],"version-history":[{"count":0,"href":"https:\/\/www.kayiprihtim.org\/portal\/wp-json\/wp\/v2\/pages\/732\/revisions"}],"up":[{"embeddable":true,"href":"https:\/\/www.kayiprihtim.org\/portal\/wp-json\/wp\/v2\/pages\/22"}],"wp:attachment":[{"href":"https:\/\/www.kayiprihtim.org\/portal\/wp-json\/wp\/v2\/media?parent=732"}],"curies":[{"name":"wp","href":"https:\/\/api.w.org\/{rel}","templated":true}]}}