{"id":7343,"date":"2011-02-14T10:09:28","date_gmt":"2011-02-14T08:09:28","guid":{"rendered":"http:\/\/www.kayiprihtim.org\/portal\/"},"modified":"2016-05-26T06:17:20","modified_gmt":"2016-05-26T03:17:20","slug":"jimmy-coates-serisi","status":"publish","type":"page","link":"https:\/\/www.kayiprihtim.org\/portal\/projeler\/kitabina-yakisir-kapaklar\/jimmy-coates-serisi\/","title":{"rendered":"Jimmy Coates Serisi"},"content":{"rendered":"<p><em><strong>Joe Craig<\/strong><\/em>&#8216;in kaleme ald\u0131\u011f\u0131 fantastik \u00e7ocuk serisidir.<\/p>\n<h3>Seride Bulunan Kitaplar<\/h3>\n<ol>\n<li>Ka\u00e7\u0131\u015f<\/li>\n<li>Hedef<\/li>\n<li>\u0130ntikam<\/li>\n<li>Sabotaj<\/li>\n<li>\u00c7arp\u0131\u015fma<\/li>\n<\/ol>\n","protected":false},"excerpt":{"rendered":"<p>Joe Craig&#8216;in kaleme ald\u0131\u011f\u0131 fantastik \u00e7ocuk serisidir. Seride Bulunan Kitaplar Ka\u00e7\u0131\u015f Hedef \u0130ntikam Sabotaj \u00c7arp\u0131\u015fma<\/p>\n","protected":false},"author":1,"featured_media":0,"parent":33828,"menu_order":0,"comment_status":"open","ping_status":"closed","template":"","meta":{"_acf_changed":false,"footnotes":""},"class_list":["post-7343","page","type-page","status-publish"],"acf":[],"_links":{"self":[{"href":"https:\/\/www.kayiprihtim.org\/portal\/wp-json\/wp\/v2\/pages\/7343","targetHints":{"allow":["GET"]}}],"collection":[{"href":"https:\/\/www.kayiprihtim.org\/portal\/wp-json\/wp\/v2\/pages"}],"about":[{"href":"https:\/\/www.kayiprihtim.org\/portal\/wp-json\/wp\/v2\/types\/page"}],"author":[{"embeddable":true,"href":"https:\/\/www.kayiprihtim.org\/portal\/wp-json\/wp\/v2\/users\/1"}],"replies":[{"embeddable":true,"href":"https:\/\/www.kayiprihtim.org\/portal\/wp-json\/wp\/v2\/comments?post=7343"}],"version-history":[{"count":0,"href":"https:\/\/www.kayiprihtim.org\/portal\/wp-json\/wp\/v2\/pages\/7343\/revisions"}],"up":[{"embeddable":true,"href":"https:\/\/www.kayiprihtim.org\/portal\/wp-json\/wp\/v2\/pages\/33828"}],"wp:attachment":[{"href":"https:\/\/www.kayiprihtim.org\/portal\/wp-json\/wp\/v2\/media?parent=7343"}],"curies":[{"name":"wp","href":"https:\/\/api.w.org\/{rel}","templated":true}]}}