{"id":7348,"date":"2011-02-14T15:26:03","date_gmt":"2011-02-14T13:26:03","guid":{"rendered":"http:\/\/www.kayiprihtim.org\/portal\/"},"modified":"2016-05-26T06:16:25","modified_gmt":"2016-05-26T03:16:25","slug":"kan-muskalari-destani","status":"publish","type":"page","link":"https:\/\/www.kayiprihtim.org\/portal\/kitaplar\/kan-muskalari-destani\/","title":{"rendered":"Kan Muskalar\u0131 Destan\u0131"},"content":{"rendered":"<p>Hamit \u00c7a\u011flar \u00d6zda\u011f&#8217;\u0131n kaleminden \u00e7\u0131kan \u00fc\u00e7 kitapl\u0131k bir seridir.<\/p>\n<ol>\n<li>Anstorra<\/li>\n<li>Alametler<\/li>\n<li>\u0130hanetler<\/li>\n<\/ol>\n","protected":false},"excerpt":{"rendered":"<p>Hamit \u00c7a\u011flar \u00d6zda\u011f&#8217;\u0131n kaleminden \u00e7\u0131kan \u00fc\u00e7 kitapl\u0131k bir seridir. Anstorra Alametler \u0130hanetler<\/p>\n","protected":false},"author":1,"featured_media":0,"parent":57,"menu_order":0,"comment_status":"open","ping_status":"closed","template":"","meta":{"_acf_changed":false,"footnotes":""},"class_list":["post-7348","page","type-page","status-publish"],"acf":[],"_links":{"self":[{"href":"https:\/\/www.kayiprihtim.org\/portal\/wp-json\/wp\/v2\/pages\/7348","targetHints":{"allow":["GET"]}}],"collection":[{"href":"https:\/\/www.kayiprihtim.org\/portal\/wp-json\/wp\/v2\/pages"}],"about":[{"href":"https:\/\/www.kayiprihtim.org\/portal\/wp-json\/wp\/v2\/types\/page"}],"author":[{"embeddable":true,"href":"https:\/\/www.kayiprihtim.org\/portal\/wp-json\/wp\/v2\/users\/1"}],"replies":[{"embeddable":true,"href":"https:\/\/www.kayiprihtim.org\/portal\/wp-json\/wp\/v2\/comments?post=7348"}],"version-history":[{"count":0,"href":"https:\/\/www.kayiprihtim.org\/portal\/wp-json\/wp\/v2\/pages\/7348\/revisions"}],"up":[{"embeddable":true,"href":"https:\/\/www.kayiprihtim.org\/portal\/wp-json\/wp\/v2\/pages\/57"}],"wp:attachment":[{"href":"https:\/\/www.kayiprihtim.org\/portal\/wp-json\/wp\/v2\/media?parent=7348"}],"curies":[{"name":"wp","href":"https:\/\/api.w.org\/{rel}","templated":true}]}}