{"id":7381,"date":"2011-02-16T12:54:55","date_gmt":"2011-02-16T10:54:55","guid":{"rendered":"http:\/\/www.kayiprihtim.org\/portal\/"},"modified":"2012-01-31T11:07:08","modified_gmt":"2012-01-31T09:07:08","slug":"edwin-droodun-gizemi","status":"publish","type":"page","link":"https:\/\/www.kayiprihtim.org\/portal\/kitaplar\/edwin-droodun-gizemi\/","title":{"rendered":"Edwin Drood&#8217;un Gizemi"},"content":{"rendered":"<table style=\"border: thin outset; border-collapse: collapse; height: 30px; width: 470px;\" border=\"0\" cellpadding=\"2\">\n<tbody>\n<tr>\n<td width=\"30%\" bgcolor=\"#330000\"><span style=\"color: #ffffff;\"><span style=\"font-family: Verdana;\"><strong>EDWIN DROOD&#8217;UN G\u0130ZEM\u0130<\/strong><\/span><\/span><span style=\"font-family: Verdana; color: #ffffff;\"><strong><br \/>\n<\/strong><\/span><\/td>\n<\/tr>\n<\/tbody>\n<\/table>\n<table style=\"border-collapse: collapse; width: 462px; height: 250px;\" border=\"0\" cellspacing=\"0\" cellpadding=\"0\" bordercolor=\"#111111\">\n<tbody>\n<tr>\n<td width=\"58%\" align=\"center\" valign=\"top\">\n<table style=\"border-collapse: collapse; width: 315px; height: 248px;\" border=\"0\" cellspacing=\"2\">\n<tbody>\n<tr>\n<td width=\"100%\" align=\"right\">\n<table style=\"width: 310px; height: 88px;\" border=\"0\" cellspacing=\"0\">\n<tbody>\n<tr bgcolor=\"#D1C4A5\">\n<td width=\"39%\"><strong>Yazar<\/strong><\/td>\n<td width=\"3%\">:<\/td>\n<td width=\"51%\">Charles Dickens<span style=\"color: #181512;\"> <\/span><\/td>\n<\/tr>\n<tr bgcolor=\"#E4DDCB\">\n<td><strong>\u00c7eviri<\/strong><\/td>\n<td width=\"3%\">:<\/td>\n<td width=\"51%\">I\u015f\u0131l Ayd\u0131n<\/td>\n<\/tr>\n<tr bgcolor=\"#D1C4A5\">\n<td width=\"39%\"><strong>\u00d6zg\u00fcn Ad\u0131<\/strong><\/td>\n<td width=\"3%\">:<\/td>\n<td width=\"51%\">The Mystery of Edwin Drood<\/td>\n<\/tr>\n<tr bgcolor=\"#E4DDCB\">\n<td width=\"39%\"><strong>Edit\u00f6r<\/strong><\/td>\n<td width=\"3%\">:<\/td>\n<td width=\"51%\">Nafer Ermi\u015f<\/td>\n<\/tr>\n<\/tbody>\n<\/table>\n<\/td>\n<\/tr>\n<tr>\n<td style=\"border-style: solid ridge ridge; border-width: 1px; padding-left: 4px; padding-right: 4px;\" width=\"100%\" bgcolor=\"#C0B18D\"><strong><span style=\"font-size: 9pt; font-family: Tahoma;\">\u0130mge Kitapevi Yay\u0131nlar\u0131<br \/>\n<\/span><\/strong><\/td>\n<\/tr>\n<tr>\n<td width=\"100%\" align=\"right\">\n<table style=\"width: 310px; height: 88px;\" border=\"0\" cellspacing=\"0\">\n<tbody>\n<tr bgcolor=\"#E4DDCB\">\n<td width=\"39%\"><strong>\u00c7\u0131k\u0131\u015f Tarihi<\/strong><strong><br \/>\n<\/strong><\/td>\n<td width=\"3%\">:<\/td>\n<td width=\"51%\">\u015eubat, 2011<span style=\"color: #181512;\"><br \/>\n<\/span><\/td>\n<\/tr>\n<tr bgcolor=\"#D1C4A5\">\n<td><strong>Sayfa Say\u0131s\u0131<\/strong><\/td>\n<td width=\"3%\">:<\/td>\n<td width=\"51%\">421<\/td>\n<\/tr>\n<tr bgcolor=\"#E4DDCB\">\n<td width=\"39%\"><strong>Fiyat\u0131<\/strong><\/td>\n<td width=\"3%\">:<\/td>\n<td width=\"51%\">16,00 TL<\/td>\n<\/tr>\n<tr bgcolor=\"#D1C4A5\">\n<td width=\"39%\"><strong>ISBN No<\/strong><\/td>\n<td width=\"3%\">:<\/td>\n<td width=\"51%\">9789755336343<\/td>\n<\/tr>\n<\/tbody>\n<\/table>\n<\/td>\n<\/tr>\n<\/tbody>\n<\/table>\n<\/td>\n<td width=\"39%\" align=\"left\" valign=\"top\">\n<p style=\"text-align: center;\">\n<p><a href=\"https:\/\/www.kayiprihtim.org\/portal\/gorsel\/edwin-droodun-gizemi.jpg\" target=\"_blank\"><img decoding=\"async\" src=\"https:\/\/www.kayiprihtim.org\/portal\/gorsel\/edwin-droodun-gizemi.jpg\" border=\"0\" alt=\"\" hspace=\"1\" width=\"140\" height=\"219\" class=\"aligncenter\"><\/a><\/td>\n<\/tr>\n<\/tbody>\n<\/table>\n<table style=\"border-collapse: collapse; width: 47%;\" border=\"0\" cellpadding=\"0\">\n<tbody>\n<tr>\n<td width=\"54%\">\n<table style=\"border-collapse: collapse; height: 147px; width: 470px;\" border=\"0\" cellspacing=\"0\" cellpadding=\"2\">\n<tbody>\n<tr>\n<td style=\"border-style: solid ridge ridge; border-width: 1px; padding-left: 4px; padding-right: 4px;\" width=\"98%\" bgcolor=\"#C0B18D\"><strong><span style=\"font-size: 9pt; font-family: Tahoma;\">Tan\u0131t\u0131m Yaz\u0131s\u0131<br \/>\n<\/span><\/strong><\/td>\n<\/tr>\n<tr>\n<td width=\"99%\" align=\"left\">\n<table style=\"width: 465px;\" border=\"0\">\n<tbody>\n<tr>\n<td style=\"border-style: outset; border-width: 1px;\" width=\"96%\" bgcolor=\"#D1C4A5\">\n<table style=\"border-collapse: collapse; width: 452px; height: 199px;\" border=\"0\" cellspacing=\"0\" cellpadding=\"5\" bgcolor=\"#D1C4A5\" bordercolor=\"#D1C4A5\">\n<tbody>\n<tr>\n<td width=\"96%\" bgcolor=\"#D1C4A5\"><em>Charles Dickens&#8230;<\/em><\/p>\n<p>Hi\u00e7 beklenmedik bir anda fel\u00e7 ge\u00e7irip \u00f6ld\u00fc\u011f\u00fcnde hen\u00fcz 58 ya\u015f\u0131ndayd\u0131. Yarat\u0131c\u0131l\u0131\u011f\u0131n\u0131n doru\u011fundayd\u0131 ve belki de en b\u00fcy\u00fck eserini yaz\u0131yordu. B\u00fcy\u00fck bir \u00fcne ve servete kavu\u015fmu\u015ftu. Geni\u015f bir \u00e7evresi; do\u011fal olarak dostlar\u0131, d\u00fc\u015fmanlar\u0131 ve rakipleri vard\u0131. Charles Dickens&#8217;\u0131n b\u00f6yle bir ortamda<br \/>\nbir anda \u00f6lmesi, \u00e7e\u015fitli s\u00f6ylentilere ve spek\u00fclasyonlara yol a\u00e7t\u0131. Aradan ge\u00e7en yakla\u015f\u0131k y\u00fcz elli y\u0131l boyunca, \u00f6l\u00fcm\u00fc ve bitirmeye f\u0131rsat bulamad\u0131\u011f\u0131 son roman\u0131 Edwin Drood&#8217;un Gizemi etraf\u0131nda, bug\u00fcn bile tam kalkmam\u0131\u015f kal\u0131n bir s\u0131r perdesi olu\u015ftu. Baz\u0131lar\u0131 i\u015fi, Dickens&#8217;\u0131n Edwin Drood&#8217;un Gizemi&#8217;nde &#8220;kendi \u00f6l\u00fcm kehanetini&#8221; yazd\u0131\u011f\u0131n\u0131 s\u00f6ylemeye kadar vard\u0131rd\u0131.<\/p>\n<p><em>Edwin Drood&#8217;un Gizemi<\/em><\/p>\n<p>Otoriteler taraf\u0131ndan klasik anlamda ilk &#8220;ger\u00e7ek&#8221; polisiye roman say\u0131lan Edwin Drood&#8217;un Gizemi&#8217;nin yar\u0131m kalm\u0131\u015f olmas\u0131 kitab\u0131 ger\u00e7ek bir gizem haline getirdi. Aradan ge\u00e7en bir bu\u00e7uk as\u0131r boyunca kitap hakk\u0131ndaki tart\u0131\u015fmalar hi\u00e7 h\u0131z kesmeden g\u00fcn\u00fcm\u00fcze kadar s\u00fcrd\u00fc. Farkl\u0131 yazarlar taraf\u0131ndan yaz\u0131lan &#8220;devam&#8221; metinlerinin sadece tan\u0131nm\u0131\u015f olanlar\u0131 bile 150&#8217;den fazlad\u0131r.<\/p>\n<p>\u0130lki Dickens&#8217;\u0131n \u00f6l\u00fcm\u00fcnden hemen sonra, 1870 y\u0131l\u0131nda T.C. De Leon taraf\u0131ndan ABD&#8217;de yay\u0131mlanm\u0131\u015ft\u0131. Sonuncusu ise Ulrike Leonhardt taraf\u0131ndan 2001 y\u0131l\u0131nda Almanya&#8217;da yay\u0131mland\u0131. Bunlar\u0131n hi\u00e7biri merakl\u0131lar\u0131 ve ele\u015ftirmenleri tatmin etmedi. Geriye yine eserin asl\u0131, her c\u00fcmlesinde Charles Dickens&#8217;\u0131n parlak dehas\u0131n\u0131 yans\u0131tan Edwin Drood&#8217;un Gizemi kald\u0131.<\/p>\n<hr size=\"1\" \/><strong>Mizanpaj :<\/strong> Yal\u00e7\u0131n Ate\u015f<br \/>\n<strong>Grafiker : <\/strong>Duysal Ya\u015far<br \/>\n<strong>Genel Yay\u0131n Y\u00f6netmeni : <\/strong>\u015eebnem \u00c7iler Tabak\u00e7\u0131<br \/>\n<strong>D\u00fczeltmen : <\/strong>Ayten Ko\u00e7al<br \/>\n<strong>Dizgi : <\/strong>Yal\u00e7\u0131n Ate\u015f<\/td>\n<\/tr>\n<\/tbody>\n<\/table>\n<\/td>\n<\/tr>\n<\/tbody>\n<\/table>\n<\/td>\n<\/tr>\n<\/tbody>\n<\/table>\n<\/td>\n<\/tr>\n<\/tbody>\n<\/table>\n","protected":false},"excerpt":{"rendered":"<p>EDWIN DROOD&#8217;UN G\u0130ZEM\u0130 Yazar : Charles Dickens \u00c7eviri : I\u015f\u0131l Ayd\u0131n \u00d6zg\u00fcn Ad\u0131 : The Mystery of Edwin Drood Edit\u00f6r : Nafer Ermi\u015f \u0130mge Kitapevi Yay\u0131nlar\u0131 \u00c7\u0131k\u0131\u015f Tarihi : \u015eubat, 2011 Sayfa Say\u0131s\u0131 : 421 Fiyat\u0131 : 16,00 TL ISBN No : 9789755336343 Tan\u0131t\u0131m Yaz\u0131s\u0131 Charles Dickens&#8230; Hi\u00e7 beklenmedik bir anda fel\u00e7 ge\u00e7irip \u00f6ld\u00fc\u011f\u00fcnde hen\u00fcz [&hellip;]<\/p>\n","protected":false},"author":1,"featured_media":0,"parent":57,"menu_order":0,"comment_status":"open","ping_status":"closed","template":"","meta":{"_acf_changed":false,"footnotes":""},"class_list":["post-7381","page","type-page","status-publish"],"acf":[],"_links":{"self":[{"href":"https:\/\/www.kayiprihtim.org\/portal\/wp-json\/wp\/v2\/pages\/7381","targetHints":{"allow":["GET"]}}],"collection":[{"href":"https:\/\/www.kayiprihtim.org\/portal\/wp-json\/wp\/v2\/pages"}],"about":[{"href":"https:\/\/www.kayiprihtim.org\/portal\/wp-json\/wp\/v2\/types\/page"}],"author":[{"embeddable":true,"href":"https:\/\/www.kayiprihtim.org\/portal\/wp-json\/wp\/v2\/users\/1"}],"replies":[{"embeddable":true,"href":"https:\/\/www.kayiprihtim.org\/portal\/wp-json\/wp\/v2\/comments?post=7381"}],"version-history":[{"count":0,"href":"https:\/\/www.kayiprihtim.org\/portal\/wp-json\/wp\/v2\/pages\/7381\/revisions"}],"up":[{"embeddable":true,"href":"https:\/\/www.kayiprihtim.org\/portal\/wp-json\/wp\/v2\/pages\/57"}],"wp:attachment":[{"href":"https:\/\/www.kayiprihtim.org\/portal\/wp-json\/wp\/v2\/media?parent=7381"}],"curies":[{"name":"wp","href":"https:\/\/api.w.org\/{rel}","templated":true}]}}