{"id":740,"date":"2009-02-09T11:41:22","date_gmt":"2009-02-09T09:41:22","guid":{"rendered":"http:\/\/www.kayiprihtim.org\/portal\/?page_id=740"},"modified":"2012-01-31T10:05:55","modified_gmt":"2012-01-31T08:05:55","slug":"vlad-taltos-serisi-okuma-rehberi","status":"publish","type":"page","link":"https:\/\/www.kayiprihtim.org\/portal\/okuma-rehberleri\/vlad-taltos-serisi-okuma-rehberi\/","title":{"rendered":"Vlad Taltos Serisi Okuma Rehberi"},"content":{"rendered":"<ul>\n<li>Jhereg (1. Kitap) <span style=\"color: #993300;\">-1983-<\/span><\/li>\n<\/ul>\n<ul>\n<li> Yendi (2. Kitap) <span style=\"color: #993300;\">-1984-<\/span><\/li>\n<\/ul>\n<ul>\n<li> Teckla (3. Kitap) <span style=\"color: #993300;\">-1987-<\/span><\/li>\n<\/ul>\n<ul>\n<li> Taltos (4. Kitap) <span style=\"color: #993300;\">-1988-<\/span><\/li>\n<\/ul>\n<ul>\n<li> Phoenix (5. Kitap) <span style=\"color: #993300;\">-1990-<\/span><\/li>\n<\/ul>\n<ul>\n<li> Athyra (6. Kitap) <span style=\"color: #993300;\">-1993-<\/span><\/li>\n<\/ul>\n<ul>\n<li> Orca (7. Kitap) <span style=\"color: #993300;\">-1996-<\/span><\/li>\n<\/ul>\n<ul>\n<li> Ejderha (8. Kitap)<span style=\"color: #993300;\"> -1998-<\/span><\/li>\n<\/ul>\n<p><span style=\"color: #ff0000;\"><em>Ayr\u0131ca bu kitaplar d\u0131\u015f\u0131nda dilimize \u00e7evrilmeyen \u00fc\u00e7 kitab\u0131 daha bulunmaktad\u0131r.<\/em><\/span><\/p>\n<ul>\n<li>Issola <span style=\"color: #993300;\">-2001-<\/span><\/li>\n<\/ul>\n<ul>\n<li> Dzur <span style=\"color: #993300;\">-2006-<\/span><\/li>\n<\/ul>\n<ul>\n<li> Jhegaala <span style=\"color: #993300;\">-2008-<\/span><\/li>\n<\/ul>\n","protected":false},"excerpt":{"rendered":"<p>Jhereg (1. Kitap) -1983- Yendi (2. Kitap) -1984- Teckla (3. Kitap) -1987- Taltos (4. Kitap) -1988- Phoenix (5. Kitap) -1990- Athyra (6. Kitap) -1993- Orca (7. Kitap) -1996- Ejderha (8. Kitap) -1998- Ayr\u0131ca bu kitaplar d\u0131\u015f\u0131nda dilimize \u00e7evrilmeyen \u00fc\u00e7 kitab\u0131 daha bulunmaktad\u0131r. Issola -2001- Dzur -2006- Jhegaala -2008-<\/p>\n","protected":false},"author":1,"featured_media":0,"parent":726,"menu_order":0,"comment_status":"open","ping_status":"closed","template":"","meta":{"_acf_changed":false,"footnotes":""},"class_list":["post-740","page","type-page","status-publish"],"acf":[],"_links":{"self":[{"href":"https:\/\/www.kayiprihtim.org\/portal\/wp-json\/wp\/v2\/pages\/740","targetHints":{"allow":["GET"]}}],"collection":[{"href":"https:\/\/www.kayiprihtim.org\/portal\/wp-json\/wp\/v2\/pages"}],"about":[{"href":"https:\/\/www.kayiprihtim.org\/portal\/wp-json\/wp\/v2\/types\/page"}],"author":[{"embeddable":true,"href":"https:\/\/www.kayiprihtim.org\/portal\/wp-json\/wp\/v2\/users\/1"}],"replies":[{"embeddable":true,"href":"https:\/\/www.kayiprihtim.org\/portal\/wp-json\/wp\/v2\/comments?post=740"}],"version-history":[{"count":0,"href":"https:\/\/www.kayiprihtim.org\/portal\/wp-json\/wp\/v2\/pages\/740\/revisions"}],"up":[{"embeddable":true,"href":"https:\/\/www.kayiprihtim.org\/portal\/wp-json\/wp\/v2\/pages\/726"}],"wp:attachment":[{"href":"https:\/\/www.kayiprihtim.org\/portal\/wp-json\/wp\/v2\/media?parent=740"}],"curies":[{"name":"wp","href":"https:\/\/api.w.org\/{rel}","templated":true}]}}