{"id":760,"date":"2009-02-09T16:32:02","date_gmt":"2009-02-09T14:32:02","guid":{"rendered":"http:\/\/www.kayiprihtim.org\/portal\/?page_id=760"},"modified":"2012-01-31T10:05:13","modified_gmt":"2012-01-31T08:05:13","slug":"majere-kardesler-on-okuma","status":"publish","type":"page","link":"https:\/\/www.kayiprihtim.org\/portal\/on-okumalar\/majere-kardesler-on-okuma\/","title":{"rendered":"Majere Karde\u015fler \u00d6n Okuma"},"content":{"rendered":"<p style=\"text-indent: 0.4cm; text-align: justify;\">Bertram\u2019e, Palanthas K\u00fct\u00fcphanesi<br \/>\nDalamar\u2019dan, Y\u00fcksek B\u00fcy\u00fcc\u00fcl\u00fck Kulesi, Palanthas<\/p>\n<p style=\"text-indent: 0.4cm; text-align: justify;\">Sayg\u0131lar\u0131mla,<\/p>\n<p style=\"text-indent: 0.4cm; text-align: justify;\">\u00d6ncelikle bay\u0131m, b\u00fcy\u00fck k\u00fct\u00fcphanede kar\u015f\u0131la\u015ft\u0131\u011f\u0131m\u0131zda sizi ve gen\u00e7 katibi \u015fa\u015f\u0131rtt\u0131\u011f\u0131m i\u00e7in \u00f6z\u00fcrlerimi sunmama izin verin. B\u00fcy\u00fcn\u00fcn yollar\u0131nda seyahat etmeye \u00f6ylesine al\u0131\u015ft\u0131m ki, di\u011ferlerinin aniden belirmelerime al\u0131\u015fk\u0131n olmad\u0131klar\u0131n\u0131 unutuyorum. Gen\u00e7 katibin merdivenlerden aniden yuvarlanmas\u0131n\u0131n etkisinden art\u0131k kurtuldu\u011funu umar\u0131m.<\/p>\n<p style=\"text-indent: 0.4cm; text-align: justify;\">Habercim (i\u011fren\u00e7 g\u00f6r\u00fcn\u00fcm\u00fcnden fazla tiksinmedi\u011finizi umar\u0131m) \u2018elinde\u2019 istedi\u011finiz el yazmas\u0131n\u0131 tutmaktad\u0131r. Bahsetti\u011fim dok\u00fcman -Raistlin Majere\u2019in kendisi taraf\u0131ndan hayat\u0131n\u0131n ilk d\u00f6nemiyle ilgili olarak yaz\u0131lan yaz\u0131lar\u0131n bir toplamas\u0131 gibi- korkar\u0131m ki k\u00fct\u00fcphaneye teslim edilemez. Ketum yap\u0131s\u0131na uygun olarak Shalafi, kitaplar\u0131na kafa kar\u0131\u015f\u0131kl\u0131\u011f\u0131 b\u00fcy\u00fcleri yapm\u0131\u015ft\u0131. Bu b\u00fcy\u00fcler Bertram, sadece kitaplar\u0131 okuman\u0131z\u0131 zorla\u015ft\u0131rmakla kalmayacak, size ger\u00e7ekten ciddi zarar verebilecektir.<\/p>\n<p style=\"text-indent: 0.4cm; text-align: justify;\">Bu nedenle \u00f6yk\u00fcn\u00fcn tekrar yaz\u0131lmas\u0131 i\u015fini kendi \u00fcst\u00fcme ald\u0131m. Raistlin\u2019in notlar\u0131ndan ve Caramon Majere\u2019in haf\u0131zas\u0131ndan belirleyebildi\u011fim kadar\u0131yla t\u00fcm bilgiler do\u011fru ve ayr\u0131nt\u0131lar\u0131na kadar ger\u00e7ek. Kendisi de bir ka\u00e7 maceraya kat\u0131lm\u0131\u015f olan kender Earwig Lockpicker\u2019\u0131 arad\u0131m fakat bulamad\u0131m. (S\u00f6ylemeye gerek yok, \u00e7ok dikkatle bakmad\u0131m!)<\/p>\n<p style=\"text-indent: 0.4cm; text-align: justify;\">Dok\u00fcman iki par\u00e7aya b\u00f6l\u00fcnm\u00fc\u015ft\u00fcr. Par\u00e7alar\u0131n birincisi ve k\u0131sa olan\u0131n\u0131n ad\u0131 \u2018Raistlin ve Solamniya \u015e\u00f6valyesi\u2019dir.<\/p>\n<p style=\"text-indent: 0.4cm; text-align: justify;\">Bu par\u00e7a, bize kender Earwig ve onun ikizlere nas\u0131l kat\u0131ld\u0131\u011f\u0131 ile ilgili bilgi vermesi a\u00e7\u0131s\u0131ndan \u00f6nemli. \u00d6yk\u00fc Shalafi\u2019nin, gururu neredeyse hepsini \u00f6ld\u00fcrecek olan, z\u00fcppe bir \u015f\u00f6valye ile kar\u015f\u0131la\u015fmas\u0131 ile ilgilidir. (\u015e\u00f6valyelerle olan iyi ili\u015fkilerimizi g\u00f6z \u00f6n\u00fcnde bulundurarak, bu \u00f6yk\u00fcy\u00fc Solamniya\u2019da bast\u0131rmadan \u00f6nce iki kere d\u00fc\u015f\u00fcn\u00fcrs\u00fcn\u00fcz san\u0131r\u0131m.)<\/p>\n<p style=\"text-indent: 0.4cm; text-align: justify;\">\u2018Majere Karde\u015fler\u2019 ad\u0131n\u0131 verdi\u011fim ikinci \u00f6yk\u00fc bir dizi nedenden, \u00f6zellikle ikizlerin kar\u015f\u0131la\u015ft\u0131\u011f\u0131 gizemli ve \u00e7ekici ki\u015fili\u011fin \u00f6yk\u00fcs\u00fcnden dolay\u0131 ilgi \u00e7ekicidir. Bildi\u011finiz gibi k\u0131tadaki bilginler aras\u0131nda bu \u2018yar\u0131-tanr\u0131\u2019ya ili\u015fkin b\u00fcy\u00fck bir tart\u0131\u015fma vard\u0131r. Kendisi ger\u00e7ek midir, yoksa sadece bir efsane ve mit \u00fcr\u00fcn\u00fc m\u00fcd\u00fcr? Konuyu Raistlin ile tart\u0131\u015ft\u0131\u011f\u0131m\u0131 hat\u0131rl\u0131yorum; ki o zaman Shalafi\u2019nin bilmi\u015f g\u00fcl\u00fcmsemesi beni \u015fa\u015f\u0131rtm\u0131\u015ft\u0131. Kendinden beklenece\u011fi \u00fczere, bana hi\u00e7 bir zaman \u2018Bast\u2019 hakk\u0131ndaki ger\u00e7e\u011fi ilk elden bildi\u011fini s\u00f6ylemedi.<\/p>\n<p style=\"text-indent: 0.4cm; text-align: justify;\">Raistlin\u2019in Bast\u2019\u0131n kendisiyle ilgilendi\u011fi, esmer tenli \u2018h\u0131rs\u0131z\u2019 hakk\u0131ndaki di\u011fer \u00f6yk\u00fcleri toplamak i\u00e7in a\u015f\u0131r\u0131 \u00e7aba harcad\u0131\u011f\u0131 ger\u00e7e\u011fi ile en iyi bi\u00e7imde g\u00f6sterilmektedir. \u00dcstlerindeki koruyucu b\u00fcy\u00fcleri k\u0131rmaya zaman buldu\u011fumda bunlar size g\u00f6nderilebilecektir.<\/p>\n<p style=\"text-indent: 0.4cm; text-align: justify;\">\u0130kincisi, koleksiyonunuzdaki \u00f6yk\u00fclerin kronolojik s\u0131ras\u0131na ili\u015fkin bilgi talebiniz ile ilgili olarak, size kay\u0131tlar\u0131n\u0131z i\u00e7in ili\u015fiktekini yolluyorum. (Bu bilgi hem benim notlar\u0131ma hem de Caramon Majere ile yap\u0131lan g\u00f6r\u00fc\u015fmelere dayanmaktad\u0131r.)<\/p>\n<p style=\"text-indent: 0.4cm; text-align: justify;\">Yol arkada\u015flar\u0131n\u0131n Son Yuva Han\u0131\u2019nda ayr\u0131lmalar\u0131ndan sonra Raistlin ile Caramon vakit kaybetmeksizin Y\u00fcksek B\u00fcy\u00fcc\u00fcl\u00fck Kulesi\u2019ne do\u011fru yola \u00e7\u0131kt\u0131lar. Raistlin s\u0131nav\u0131 verdi, art\u0131k efsane olmu\u015f sonu\u00e7lar\u0131yla beraber.<br \/>\n\u0130kizler daha sonra gitmelerine izin verilene kadar belki bir ay m\u00fcddetle sihirli Wayreth Orman\u0131\u2019nda dola\u015ft\u0131lar. Halk \u00f6yk\u00fcleri bizi Raistlin\u2019in, Shalafi\u2019nin haberi olmaks\u0131z\u0131n kendisinin \u00e7ocu\u011funu do\u011furacak olan, garip kad\u0131nla bu s\u00fcre zarf\u0131nda kar\u015f\u0131la\u015ft\u0131\u011f\u0131na inanmaya zorlamaktad\u0131r.<\/p>\n<p style=\"text-indent: 0.4cm; text-align: justify;\">(Bu arada, bu s\u00f6ylentiye ili\u015fkin olarak size bilgi veremiyorum. Bu ili\u015fki hakk\u0131ndaki \u00f6yk\u00fcler Raistlin\u2019in \u00f6l\u00fcm\u00fcnden birka\u00e7 y\u0131l sonras\u0131na kadar ortaya \u00e7\u0131kmad\u0131. Notlar\u0131nda bu t\u00fcr bir ili\u015fkiye dair hi\u00e7bir \u015fey bulamad\u0131m.)<\/p>\n<p style=\"text-indent: 0.4cm; text-align: justify;\">Wayreth Orman\u0131\u2019ndan ka\u00e7t\u0131ktan sonra ikizler, Raistlin\u2019in bir ka\u00e7 ay\u0131n\u0131 bu illet i\u00e7in bir \u015fifa arayarak ge\u00e7irdi\u011fi Solace\u2019a d\u00f6nd\u00fcler. Simya ve \u015fifa bilimlerini \u00e7al\u0131\u015farak bir uzman oldu ve t\u00fcm hayat\u0131 boyunca kendisine hizmet edecek bilgiye b\u00fcy\u00fck \u00f6l\u00e7\u00fcde ula\u015ft\u0131. Ne yaz\u0131k ki, \u00e7abalar\u0131 sa\u011fl\u0131\u011f\u0131n\u0131 d\u00fczeltmede ba\u015far\u0131l\u0131 olamad\u0131. Paralar\u0131 t\u00fckenmeye y\u00fcz tuttu\u011funda karde\u015fler servet aramak i\u00e7in Solace\u2019\u0131 terk etmeye mecbur oldular.<\/p>\n<p style=\"text-indent: 0.4cm; text-align: justify;\">Caramon Yeni Deniz\u2019i ge\u00e7meyi d\u00fc\u015f\u00fcnd\u00fcklerini hat\u0131rl\u0131yor; fakat neden b\u00f6ylesine vah\u015fi ve tehlikeli topraklara gitmekte olduklar\u0131 konusunda a\u00e7\u0131k de\u011fil. Belki kendisi de bilmiyordu. Shalafi\u2019nin simya metinlerinin birindeki dipnotlar, Raistlin\u2019in sihirli hayat iksiri aray\u0131\u015f\u0131n\u0131 s\u00fcrd\u00fcr\u00fcyor olabilece\u011fini g\u00f6stermektedir.<\/p>\n<p style=\"text-indent: 0.4cm; text-align: justify;\">Bu s\u00fcre i\u00e7inde Raistlin ayn\u0131 zamanda ger\u00e7ek bir rahip ar\u0131yordu. Bunu idealist\u00e7e ger\u00e7e\u011fi arad\u0131\u011f\u0131ndan de\u011fil fakat -tekrar- kendisini iyile\u015ftirecek birisini bulma umuduyla yapt\u0131\u011f\u0131n\u0131 d\u00fc\u015f\u00fcnmeye c\u00fcret edebilirim. (\u0130lgin\u00e7tir ki, d\u00f6rt y\u0131l sonra Alt\u0131nay\u2019la kar\u015f\u0131la\u015ft\u0131\u011f\u0131nda onun iyile\u015ftirme g\u00fcc\u00fcn\u00fcn kendisine yard\u0131mc\u0131 olmayaca\u011f\u0131n\u0131 s\u00f6yler. Bu aradaki zaman zarf\u0131nda ne oldu da bu sert dersi ald\u0131? Belki ona ait daha fazla metin ke\u015ffettik\u00e7e cevab\u0131 da bulaca\u011f\u0131z.)<\/p>\n<p style=\"text-indent: 0.4cm; text-align: justify;\">\u015e\u00fcphesiz, ger\u00e7ek bir rahip bulamam\u0131\u015f olmas\u0131ndan kaynaklanan ac\u0131 hayal k\u0131r\u0131kl\u0131\u011f\u0131ndan dolay\u0131d\u0131r ki \u015farlatanlar\u0131 bulmay\u0131 ve a\u00e7\u0131\u011fa \u00e7\u0131karmay\u0131 s\u00fcrd\u00fcrm\u00fc\u015ft\u00fcr. Bunlardan biri rezil sahtekar Larnish\u2019di (bu ciltte k\u0131saca de\u011finilmektedir). Bu kar\u015f\u0131la\u015fmadan k\u0131sa s\u00fcre sonrad\u0131r ki Raistlin ile Caramon, Solamniya \u015e\u00f6valyesi ile kar\u015f\u0131la\u015farak \u00d6l\u00fcm Han\u0131\u2019n\u0131 lanetinden kurtar\u0131rlar. Yeni Deniz\u2019e do\u011fru yollar\u0131na devam ederek Mereklar\u2019a girerler.<\/p>\n<p style=\"text-indent: 0.4cm; text-align: justify;\">Bu macera karde\u015flerin yolculuklar\u0131n\u0131n sonu de\u011fildir. M\u0131zrak Sava\u015f\u0131\u2019n\u0131n ba\u015flamas\u0131ndan \u00f6nce d\u00f6rt y\u0131l daha dola\u015facaklard\u0131. Derslerim ve Kara C\u00fcbbeliler\u2019in Ba\u015f\u0131 olman\u0131n gerektirdi\u011fi g\u00f6revler ara\u015ft\u0131rmam\u0131 s\u00fcrd\u00fcrmem i\u00e7in pek vakit b\u0131rakm\u0131yor; fakat umuyorum ki ileri bir zamanda Shalafi\u2019nin notlar\u0131n\u0131n kalan\u0131n\u0131 de\u015fifre edebilece\u011fim. Sizin gibi Bertram, bu konuyu \u00e7ekici buldu\u011fumu kabul etmeliyim.<\/p>\n<p style=\"text-indent: 0.4cm; text-align: justify;\">Shalafim \u015f\u00fcphesiz ya\u015fam\u0131\u015f olan en yetenekli ve g\u00fc\u00e7l\u00fc b\u00fcy\u00fcc\u00fcyd\u00fc. Hayat\u0131yla ilgili ger\u00e7ek olgular\u0131 yazd\u0131\u011f\u0131n\u0131za memnunum. Gelecek nesillerin Raistlin Majere\u2019in trajedisi ve nihai zaferini hat\u0131rlay\u0131p onurland\u0131rmalar\u0131n\u0131 \u015fiddetle umuyorum.<\/p>\n<p style=\"text-indent: 0.4cm; text-align: justify;\">Bunun size yard\u0131mc\u0131 olaca\u011f\u0131n\u0131 umar\u0131m. Habercimin size bunu g\u00fcvenle ula\u015ft\u0131raca\u011f\u0131na inan\u0131yorum. (Par\u015f\u00f6menin \u00fcst\u00fcnde salg\u0131s\u0131n\u0131 b\u0131rak\u0131rsa limon suyu ve sirke sol\u00fcsyonu ile \u00e7\u0131karabilirsiniz.)<br \/>\nL\u00fctfen Astinus\u2019a selamlar\u0131m\u0131 ve sayg\u0131lar\u0131m\u0131 iletiniz.<br \/>\n<strong><br \/>\nDALAMAR<\/strong><\/p>\n","protected":false},"excerpt":{"rendered":"<p>Bertram\u2019e, Palanthas K\u00fct\u00fcphanesi Dalamar\u2019dan, Y\u00fcksek B\u00fcy\u00fcc\u00fcl\u00fck Kulesi, Palanthas Sayg\u0131lar\u0131mla, \u00d6ncelikle bay\u0131m, b\u00fcy\u00fck k\u00fct\u00fcphanede kar\u015f\u0131la\u015ft\u0131\u011f\u0131m\u0131zda sizi ve gen\u00e7 katibi \u015fa\u015f\u0131rtt\u0131\u011f\u0131m i\u00e7in \u00f6z\u00fcrlerimi sunmama izin verin. B\u00fcy\u00fcn\u00fcn yollar\u0131nda seyahat etmeye \u00f6ylesine al\u0131\u015ft\u0131m ki, di\u011ferlerinin aniden belirmelerime al\u0131\u015fk\u0131n olmad\u0131klar\u0131n\u0131 unutuyorum. Gen\u00e7 katibin merdivenlerden aniden yuvarlanmas\u0131n\u0131n etkisinden art\u0131k kurtuldu\u011funu umar\u0131m. Habercim (i\u011fren\u00e7 g\u00f6r\u00fcn\u00fcm\u00fcnden fazla tiksinmedi\u011finizi umar\u0131m) \u2018elinde\u2019 istedi\u011finiz el [&hellip;]<\/p>\n","protected":false},"author":1,"featured_media":0,"parent":4833,"menu_order":0,"comment_status":"open","ping_status":"closed","template":"fullwidth.php","meta":{"_acf_changed":false,"footnotes":""},"class_list":["post-760","page","type-page","status-publish"],"acf":[],"_links":{"self":[{"href":"https:\/\/www.kayiprihtim.org\/portal\/wp-json\/wp\/v2\/pages\/760","targetHints":{"allow":["GET"]}}],"collection":[{"href":"https:\/\/www.kayiprihtim.org\/portal\/wp-json\/wp\/v2\/pages"}],"about":[{"href":"https:\/\/www.kayiprihtim.org\/portal\/wp-json\/wp\/v2\/types\/page"}],"author":[{"embeddable":true,"href":"https:\/\/www.kayiprihtim.org\/portal\/wp-json\/wp\/v2\/users\/1"}],"replies":[{"embeddable":true,"href":"https:\/\/www.kayiprihtim.org\/portal\/wp-json\/wp\/v2\/comments?post=760"}],"version-history":[{"count":0,"href":"https:\/\/www.kayiprihtim.org\/portal\/wp-json\/wp\/v2\/pages\/760\/revisions"}],"up":[{"embeddable":true,"href":"https:\/\/www.kayiprihtim.org\/portal\/wp-json\/wp\/v2\/pages\/4833"}],"wp:attachment":[{"href":"https:\/\/www.kayiprihtim.org\/portal\/wp-json\/wp\/v2\/media?parent=760"}],"curies":[{"name":"wp","href":"https:\/\/api.w.org\/{rel}","templated":true}]}}