{"id":7621,"date":"2011-02-26T11:32:33","date_gmt":"2011-02-26T09:32:33","guid":{"rendered":"http:\/\/www.kayiprihtim.org\/portal\/"},"modified":"2012-01-31T11:07:00","modified_gmt":"2012-01-31T09:07:00","slug":"duskaciran","status":"publish","type":"page","link":"https:\/\/www.kayiprihtim.org\/portal\/kitaplar\/duskaciran\/","title":{"rendered":"D\u00fc\u015fka\u00e7\u0131ran"},"content":{"rendered":"<table style=\"border: thin outset; border-collapse: collapse; height: 30px; width: 467px;\" border=\"0\" cellpadding=\"2\">\n<tbody>\n<tr>\n<td width=\"30%\" bgcolor=\"#330000\"><span style=\"color: #ffffff;\"><span style=\"font-family: Verdana;\"><strong>D\u00dc\u015eKA\u00c7IRAN<\/strong><\/span><\/span><span style=\"font-family: Verdana; color: #ffffff;\"><strong><br \/>\n<\/strong><\/span><\/td>\n<\/tr>\n<\/tbody>\n<\/table>\n<table style=\"border-collapse: collapse; width: 462px; height: 250px;\" border=\"0\" cellspacing=\"0\" cellpadding=\"0\" bordercolor=\"#111111\">\n<tbody>\n<tr>\n<td width=\"58%\" align=\"center\" valign=\"top\">\n<table style=\"border-collapse: collapse; width: 315px; height: 248px;\" border=\"0\" cellspacing=\"2\">\n<tbody>\n<tr>\n<td width=\"100%\" align=\"right\">\n<table style=\"width: 310px; height: 88px;\" border=\"0\" cellspacing=\"0\">\n<tbody>\n<tr bgcolor=\"#D1C4A5\">\n<td width=\"39%\"><strong>Yazar<\/strong><\/td>\n<td width=\"3%\">:<\/td>\n<td width=\"51%\">Cemil Kavuk\u00e7u<span style=\"color: #181512;\"> <\/span><\/td>\n<\/tr>\n<tr bgcolor=\"#E4DDCB\">\n<td><strong>Hamur T\u00fcr\u00fc<\/strong><\/td>\n<td width=\"3%\">:<\/td>\n<td width=\"51%\">2. Hamur<\/td>\n<\/tr>\n<tr bgcolor=\"#D1C4A5\">\n<td width=\"39%\"><strong>Kapak T\u00fcr\u00fc<\/strong><\/td>\n<td width=\"3%\">:<\/td>\n<td width=\"51%\">Karton Kapak | Ciltsiz<\/td>\n<\/tr>\n<tr bgcolor=\"#E4DDCB\">\n<td width=\"39%\"><strong>Ebat<\/strong><\/td>\n<td width=\"3%\">:<\/td>\n<td width=\"51%\">12,5&#215;19,5 cm<\/td>\n<\/tr>\n<\/tbody>\n<\/table>\n<\/td>\n<\/tr>\n<tr>\n<td style=\"border-style: solid ridge ridge; border-width: 1px; padding-left: 4px; padding-right: 4px;\" width=\"100%\" bgcolor=\"#C0B18D\"><strong><span style=\"font-size: 9pt; font-family: Tahoma;\">Can Yay\u0131nlar\u0131<br \/>\n<\/span><\/strong><\/td>\n<\/tr>\n<tr>\n<td width=\"100%\" align=\"right\">\n<table style=\"width: 310px; height: 88px;\" border=\"0\" cellspacing=\"0\">\n<tbody>\n<tr bgcolor=\"#E4DDCB\">\n<td width=\"39%\"><strong>\u00c7\u0131k\u0131\u015f Tarihi<\/strong><strong><br \/>\n<\/strong><\/td>\n<td width=\"3%\">:<\/td>\n<td width=\"51%\"><span style=\"color: #181512;\">\u015eubat, 2011<\/span><span style=\"color: #181512;\"><br \/>\n<\/span><\/td>\n<\/tr>\n<tr bgcolor=\"#D1C4A5\">\n<td><strong>Sayfa Say\u0131s\u0131<\/strong><\/td>\n<td width=\"3%\">:<\/td>\n<td width=\"51%\">112<\/td>\n<\/tr>\n<tr bgcolor=\"#E4DDCB\">\n<td width=\"39%\"><strong>Fiyat\u0131<\/strong><\/td>\n<td width=\"3%\">:<\/td>\n<td width=\"51%\">8,50 TL<\/td>\n<\/tr>\n<tr bgcolor=\"#D1C4A5\">\n<td width=\"39%\"><strong>ISBN No<\/strong><\/td>\n<td width=\"3%\">:<\/td>\n<td width=\"51%\">978-975-07-1255-5<\/td>\n<\/tr>\n<\/tbody>\n<\/table>\n<\/td>\n<\/tr>\n<\/tbody>\n<\/table>\n<\/td>\n<td width=\"39%\" align=\"left\" valign=\"top\">\n<p style=\"text-align: center;\">\n<p><a href=\"https:\/\/www.kayiprihtim.org\/portal\/gorsel\/duskaciran.jpg\" target=\"_blank\"><img decoding=\"async\" src=\"https:\/\/www.kayiprihtim.org\/portal\/gorsel\/duskaciran.jpg\" border=\"0\" alt=\"\" hspace=\"1\" width=\"140\" height=\"219\" class=\"aligncenter\"><\/a><\/td>\n<\/tr>\n<\/tbody>\n<\/table>\n<table id=\"table19\" style=\"border-collapse: collapse; width: 47%;\" border=\"0\" cellpadding=\"0\">\n<tbody>\n<tr>\n<td width=\"54%\">\n<table style=\"border-collapse: collapse; height: 147px; width: 470px;\" border=\"0\" cellspacing=\"0\" cellpadding=\"2\">\n<tbody>\n<tr>\n<td style=\"border-style: solid ridge ridge; border-width: 1px; padding-left: 4px; padding-right: 4px;\" width=\"98%\" bgcolor=\"#C0B18D\"><strong><span style=\"font-size: 9pt; font-family: Tahoma;\">Tan\u0131t\u0131m Yaz\u0131s\u0131<br \/>\n<\/span><\/strong><\/td>\n<\/tr>\n<tr>\n<td width=\"99%\" align=\"left\">\n<table style=\"width: 465px;\" border=\"0\">\n<tbody>\n<tr>\n<td style=\"border-style: outset; border-width: 1px;\" width=\"96%\" bgcolor=\"#D1C4A5\">\n<table style=\"border-collapse: collapse; width: 452px; height: 199px;\" border=\"0\" cellspacing=\"0\" cellpadding=\"5\" bgcolor=\"#D1C4A5\" bordercolor=\"#D1C4A5\">\n<tbody>\n<tr>\n<td width=\"96%\" bgcolor=\"#D1C4A5\">Cemil Kavuk\u00e7u, tam bir \u00f6yk\u00fc ustas\u0131d\u0131r; k\u00fc\u00e7\u00fcc\u00fck bir k\u0131v\u0131lc\u0131mdan tad\u0131na doyulmaz \u00f6yk\u00fcler \u00e7\u0131kar\u0131r. &#8220;D\u00fc\u015fka\u00e7\u0131ran&#8221;, yazar\u0131n yeni \u00f6yk\u00fc kitab\u0131. Kavuk\u00e7u, bundan \u00f6nceki kitaplar\u0131nda do\u011fup b\u00fcy\u00fcd\u00fc\u011f\u00fc \u0130neg\u00f6l\u2019den yola \u00e7\u0131karak ta\u015fral\u0131 gen\u00e7lerin \u00f6yk\u00fclerini, a\u015fklar\u0131n\u0131, umutlar\u0131n\u0131 ta\u015f\u0131m\u0131\u015ft\u0131 okura&#8230; Meyhaneleri mesken edinmi\u015f denizcileri, ya\u015fad\u0131\u011f\u0131 kasabaya s\u0131k\u0131\u015f\u0131p kalm\u0131\u015f gen\u00e7 k\u0131zlar\u0131, \u00e7ocuklar\u0131&#8230; &#8220;D\u00fc\u015fka\u00e7\u0131ran&#8221;, Kavuk\u00e7u\u2019nun kitaplar\u0131nda bir k\u0131r\u0131lmaya i\u015faret eden yeni, farkl\u0131 \u00f6yk\u00fclerden olu\u015fuyor. Bu \u00f6yk\u00fcler ger\u00e7ekle ger\u00e7ek\u00fcst\u00fc aras\u0131nda duruyor, \u00f6yk\u00fcc\u00fcl\u00fc\u011f\u00fcm\u00fcze fantastik, gotik tatlar getiriyor. \u0130nan\u0131lmaz\u0131, tedirgin edici d\u00fc\u015fleri, tuhaf hayvanlar\u0131, hayaletleri konu ediniyor. &#8220;D\u00fc\u015fka\u00e7\u0131ran&#8221; Cemil Kavuk\u00e7u okurlar\u0131 i\u00e7in ger\u00e7ek bir s\u00fcrpriz.<\/td>\n<\/tr>\n<\/tbody>\n<\/table>\n<\/td>\n<\/tr>\n<\/tbody>\n<\/table>\n<\/td>\n<\/tr>\n<\/tbody>\n<\/table>\n<\/td>\n<\/tr>\n<\/tbody>\n<\/table>\n","protected":false},"excerpt":{"rendered":"<p>D\u00dc\u015eKA\u00c7IRAN Yazar : Cemil Kavuk\u00e7u Hamur T\u00fcr\u00fc : 2. Hamur Kapak T\u00fcr\u00fc : Karton Kapak | Ciltsiz Ebat : 12,5&#215;19,5 cm Can Yay\u0131nlar\u0131 \u00c7\u0131k\u0131\u015f Tarihi : \u015eubat, 2011 Sayfa Say\u0131s\u0131 : 112 Fiyat\u0131 : 8,50 TL ISBN No : 978-975-07-1255-5 Tan\u0131t\u0131m Yaz\u0131s\u0131 Cemil Kavuk\u00e7u, tam bir \u00f6yk\u00fc ustas\u0131d\u0131r; k\u00fc\u00e7\u00fcc\u00fck bir k\u0131v\u0131lc\u0131mdan tad\u0131na doyulmaz \u00f6yk\u00fcler \u00e7\u0131kar\u0131r. [&hellip;]<\/p>\n","protected":false},"author":1,"featured_media":0,"parent":57,"menu_order":0,"comment_status":"open","ping_status":"closed","template":"","meta":{"_acf_changed":false,"footnotes":""},"class_list":["post-7621","page","type-page","status-publish"],"acf":[],"_links":{"self":[{"href":"https:\/\/www.kayiprihtim.org\/portal\/wp-json\/wp\/v2\/pages\/7621","targetHints":{"allow":["GET"]}}],"collection":[{"href":"https:\/\/www.kayiprihtim.org\/portal\/wp-json\/wp\/v2\/pages"}],"about":[{"href":"https:\/\/www.kayiprihtim.org\/portal\/wp-json\/wp\/v2\/types\/page"}],"author":[{"embeddable":true,"href":"https:\/\/www.kayiprihtim.org\/portal\/wp-json\/wp\/v2\/users\/1"}],"replies":[{"embeddable":true,"href":"https:\/\/www.kayiprihtim.org\/portal\/wp-json\/wp\/v2\/comments?post=7621"}],"version-history":[{"count":0,"href":"https:\/\/www.kayiprihtim.org\/portal\/wp-json\/wp\/v2\/pages\/7621\/revisions"}],"up":[{"embeddable":true,"href":"https:\/\/www.kayiprihtim.org\/portal\/wp-json\/wp\/v2\/pages\/57"}],"wp:attachment":[{"href":"https:\/\/www.kayiprihtim.org\/portal\/wp-json\/wp\/v2\/media?parent=7621"}],"curies":[{"name":"wp","href":"https:\/\/api.w.org\/{rel}","templated":true}]}}