{"id":7683,"date":"2011-03-02T14:22:40","date_gmt":"2011-03-02T12:22:40","guid":{"rendered":"http:\/\/www.kayiprihtim.org\/portal\/"},"modified":"2022-07-31T23:11:10","modified_gmt":"2022-07-31T20:11:10","slug":"sicak-bedenler","status":"publish","type":"page","link":"https:\/\/www.kayiprihtim.org\/portal\/kitaplar\/sicak-bedenler\/","title":{"rendered":"S\u0131cak Bedenler"},"content":{"rendered":"<table style=\"border: thin outset; border-collapse: collapse; height: 30px; width: 467px;\" border=\"0\" cellpadding=\"2\">\n<tbody>\n<tr>\n<td bgcolor=\"#330000\" width=\"30%\"><span style=\"color: #ffffff;\"><span style=\"font-family: Verdana;\"><strong>SICAK BEDENLER<\/strong><\/span><\/span><span style=\"font-family: Verdana; color: #ffffff;\"><strong><br \/>\n<\/strong><\/span><\/td>\n<\/tr>\n<\/tbody>\n<\/table>\n<table style=\"border-collapse: collapse; width: 462px; height: 250px;\" border=\"0\" cellspacing=\"0\" cellpadding=\"0\">\n<tbody>\n<tr>\n<td align=\"center\" valign=\"top\" width=\"58%\">\n<table style=\"border-collapse: collapse; width: 315px; height: 248px;\" border=\"0\" cellspacing=\"2\">\n<tbody>\n<tr>\n<td align=\"right\" width=\"100%\">\n<table style=\"width: 310px; height: 88px;\" border=\"0\" cellspacing=\"0\">\n<tbody>\n<tr bgcolor=\"#d1c4a5\">\n<td width=\"39%\"><strong>Yazar<\/strong><\/td>\n<td width=\"3%\">:<\/td>\n<td width=\"51%\"><span style=\"color: #993300;\"><strong><span style=\"color: #993300;\">Isaac Marion<\/span><\/strong><\/span><span style=\"color: #181512;\"><br \/>\n<\/span><\/td>\n<\/tr>\n<tr bgcolor=\"#e4ddcb\">\n<td><strong>\u00c7eviri<\/strong><\/td>\n<td width=\"3%\">:<\/td>\n<td width=\"51%\">Dost K\u00f6rpe<\/td>\n<\/tr>\n<tr bgcolor=\"#d1c4a5\">\n<td width=\"39%\"><strong>\u00d6zg\u00fcn Ad\u0131<\/strong><\/td>\n<td width=\"3%\">:<\/td>\n<td width=\"51%\">Warm Bodies<\/td>\n<\/tr>\n<tr bgcolor=\"#e4ddcb\">\n<td width=\"39%\"><strong>T\u00fcr<\/strong><\/td>\n<td width=\"3%\">:<\/td>\n<td width=\"51%\">Ciltsiz | 14 x 23 cm<\/td>\n<\/tr>\n<\/tbody>\n<\/table>\n<\/td>\n<\/tr>\n<tr>\n<td style=\"border-style: solid ridge ridge; border-width: 1px; padding-left: 4px; padding-right: 4px;\" bgcolor=\"#c0b18d\" width=\"100%\"><strong><span style=\"font-size: 9pt; font-family: Tahoma;\"><span style=\"color: #000000;\">Do\u011fan Kitap<\/span><br \/>\n<\/span><\/strong><\/td>\n<\/tr>\n<tr>\n<td align=\"right\" width=\"100%\">\n<table style=\"width: 310px; height: 88px;\" border=\"0\" cellspacing=\"0\">\n<tbody>\n<tr bgcolor=\"#e4ddcb\">\n<td width=\"39%\"><strong>\u00c7\u0131k\u0131\u015f Tarihi<\/strong><strong><br \/>\n<\/strong><\/td>\n<td width=\"3%\">:<\/td>\n<td width=\"51%\">Mart, 2011<span style=\"color: #181512;\"><br \/>\n<\/span><\/td>\n<\/tr>\n<tr bgcolor=\"#d1c4a5\">\n<td><strong>Sayfa Say\u0131s\u0131<\/strong><\/td>\n<td width=\"3%\">:<\/td>\n<td width=\"51%\">216<\/td>\n<\/tr>\n<tr bgcolor=\"#e4ddcb\">\n<td width=\"39%\"><strong>Fiyat\u0131<\/strong><\/td>\n<td width=\"3%\">:<\/td>\n<td width=\"51%\">14,00 TL<\/td>\n<\/tr>\n<tr bgcolor=\"#d1c4a5\">\n<td width=\"39%\"><strong>ISBN No<\/strong><\/td>\n<td width=\"3%\">:<\/td>\n<td width=\"51%\">978-605-09-0020-0<\/td>\n<\/tr>\n<\/tbody>\n<\/table>\n<\/td>\n<\/tr>\n<\/tbody>\n<\/table>\n<\/td>\n<td align=\"left\" valign=\"top\" width=\"39%\"><\/td>\n<\/tr>\n<\/tbody>\n<\/table>\n<table id=\"table19\" style=\"border-collapse: collapse; width: 47%;\" border=\"0\" cellpadding=\"0\">\n<tbody>\n<tr>\n<td width=\"54%\">\n<table style=\"border-collapse: collapse; height: 147px; width: 470px;\" border=\"0\" cellspacing=\"0\" cellpadding=\"2\">\n<tbody>\n<tr>\n<td style=\"border-style: solid ridge ridge; border-width: 1px; padding-left: 4px; padding-right: 4px;\" bgcolor=\"#c0b18d\" width=\"98%\"><strong><span style=\"font-size: 9pt; font-family: Tahoma;\">Tan\u0131t\u0131m Yaz\u0131s\u0131<br \/>\n<\/span><\/strong><\/td>\n<\/tr>\n<tr>\n<td align=\"left\" width=\"99%\">\n<table style=\"width: 465px;\" border=\"0\">\n<tbody>\n<tr>\n<td style=\"border-style: outset; border-width: 1px;\" bgcolor=\"#d1c4a5\" width=\"96%\">\n<table style=\"border-collapse: collapse; width: 452px; height: 199px;\" border=\"0\" cellspacing=\"0\" cellpadding=\"5\" bgcolor=\"#d1c4a5\">\n<tbody>\n<tr>\n<td bgcolor=\"#d1c4a5\" width=\"96%\">\u201cD\u00fcnyan\u0131n sonu geldi\u011finde seni sadece a\u015fk kurtarabilir\u2026\u201d\u201cBir zombiyi bu kadar tutkuyla sevebilece\u011fimi hi\u00e7 d\u00fc\u015f\u00fcnmemi\u015ftim.\u201d<br \/>\nStephenie Meyer<\/p>\n<p>\u00d6l\u00fcy\u00fcm, ama bu \u00e7ok k\u00f6t\u00fc de\u011fil.<\/p>\n<p>Al\u0131\u015fmay\u0131 \u00f6\u011frendim. Kendimi do\u011fru d\u00fczg\u00fcn tan\u0131mad\u0131\u011f\u0131m i\u00e7in \u00fczg\u00fcn\u00fcm, ama art\u0131k ismim yok. Benimkinin ba\u015f harfi \u201cR\u201d idi, ama art\u0131k sadece bunu hat\u0131rl\u0131yorum. Komik, \u00e7\u00fcnk\u00fc sa\u011fl\u0131\u011f\u0131mda hep ba\u015fka insanlar\u0131n isimlerini unuturdum. Arkada\u015f\u0131m \u201cM\u201dnin dedi\u011fine g\u00f6re zombi olman\u0131n ironik taraf\u0131 \u015fu ki, her \u015fey komik geliyor ama dudaklar\u0131n \u00e7\u00fcr\u00fcy\u00fcp d\u00f6k\u00fcld\u00fc\u011f\u00fc i\u00e7in g\u00fcl\u00fcmseyemiyorsun\u2026<\/p>\n<p>Romeo\u2019nun bir \u00f6l\u00fc, Juliet\u2019in ise d\u00fcnyan\u0131n sonunda hayatta kalm\u0131\u015f bir avu\u00e7 insandan biri oldu\u011fu bir a\u015fk hik\u00e2yesi hayal edin\u2026 Ve insanl\u0131\u011f\u0131 kurtaracak, bir zombiye yeniden hayat verecek kadar ger\u00e7ek ve tutkulu bir a\u015fk\u2026<\/td>\n<\/tr>\n<\/tbody>\n<\/table>\n<\/td>\n<\/tr>\n<\/tbody>\n<\/table>\n<\/td>\n<\/tr>\n<\/tbody>\n<\/table>\n<\/td>\n<\/tr>\n<\/tbody>\n<\/table>\n","protected":false},"excerpt":{"rendered":"<p>SICAK BEDENLER Yazar : Isaac Marion \u00c7eviri : Dost K\u00f6rpe \u00d6zg\u00fcn Ad\u0131 : Warm Bodies T\u00fcr : Ciltsiz | 14 x 23 cm Do\u011fan Kitap \u00c7\u0131k\u0131\u015f Tarihi : Mart, 2011 Sayfa Say\u0131s\u0131 : 216 Fiyat\u0131 : 14,00 TL ISBN No : 978-605-09-0020-0 Tan\u0131t\u0131m Yaz\u0131s\u0131 \u201cD\u00fcnyan\u0131n sonu geldi\u011finde seni sadece a\u015fk kurtarabilir\u2026\u201d\u201cBir zombiyi bu kadar tutkuyla [&hellip;]<\/p>\n","protected":false},"author":1,"featured_media":0,"parent":57,"menu_order":0,"comment_status":"open","ping_status":"closed","template":"","meta":{"_acf_changed":false,"footnotes":""},"class_list":["post-7683","page","type-page","status-publish"],"acf":[],"_links":{"self":[{"href":"https:\/\/www.kayiprihtim.org\/portal\/wp-json\/wp\/v2\/pages\/7683","targetHints":{"allow":["GET"]}}],"collection":[{"href":"https:\/\/www.kayiprihtim.org\/portal\/wp-json\/wp\/v2\/pages"}],"about":[{"href":"https:\/\/www.kayiprihtim.org\/portal\/wp-json\/wp\/v2\/types\/page"}],"author":[{"embeddable":true,"href":"https:\/\/www.kayiprihtim.org\/portal\/wp-json\/wp\/v2\/users\/1"}],"replies":[{"embeddable":true,"href":"https:\/\/www.kayiprihtim.org\/portal\/wp-json\/wp\/v2\/comments?post=7683"}],"version-history":[{"count":4,"href":"https:\/\/www.kayiprihtim.org\/portal\/wp-json\/wp\/v2\/pages\/7683\/revisions"}],"predecessor-version":[{"id":59762,"href":"https:\/\/www.kayiprihtim.org\/portal\/wp-json\/wp\/v2\/pages\/7683\/revisions\/59762"}],"up":[{"embeddable":true,"href":"https:\/\/www.kayiprihtim.org\/portal\/wp-json\/wp\/v2\/pages\/57"}],"wp:attachment":[{"href":"https:\/\/www.kayiprihtim.org\/portal\/wp-json\/wp\/v2\/media?parent=7683"}],"curies":[{"name":"wp","href":"https:\/\/api.w.org\/{rel}","templated":true}]}}