{"id":772,"date":"2009-02-10T05:26:40","date_gmt":"2009-02-10T02:26:40","guid":{"rendered":"http:\/\/www.kayiprihtim.org\/portal\/?page_id=772"},"modified":"2019-10-17T23:48:31","modified_gmt":"2019-10-17T20:48:31","slug":"yuzuklerin-efendisi-okuma-rehberi","status":"publish","type":"page","link":"https:\/\/www.kayiprihtim.org\/portal\/okuma-rehberleri\/yuzuklerin-efendisi-okuma-rehberi\/","title":{"rendered":"Y\u00fcz\u00fcklerin Efendisi Okuma Rehberi"},"content":{"rendered":"<ul>\n<li><span style=\"color: #000000;\"><strong>Hobbit<\/strong>*<\/span><\/li>\n<li><span style=\"color: #000000;\"><strong>Y\u00fcz\u00fcklerin Efendisi \u00dc\u00e7lemesi<\/strong><\/span><span style=\"color: #000000;\"><em><br \/>\n&#8211; Y\u00fcz\u00fck Karde\u015fli\u011fi<\/em><br \/>\n<em>&#8211; \u0130ki Kule<\/em><\/span> <span style=\"color: #000000;\"><br \/>\n<em>&#8211; Kral\u0131n D\u00f6n\u00fc\u015f\u00fc<\/em><\/span><\/li>\n<\/ul>\n<ul>\n<li><span style=\"color: #000000;\"><strong>Hurin&#8217;in \u00c7ocuklar\u0131**<\/strong><\/span><\/li>\n<\/ul>\n<ul>\n<li><span style=\"color: #000000;\"><strong>Silmarillion<\/strong><\/span><\/li>\n<\/ul>\n<ul>\n<li><span style=\"color: #000000;\"><strong>Kay\u0131p \u00d6yk\u00fcler Kitab\u0131 1-2<\/strong><\/span><\/li>\n<\/ul>\n<ul>\n<li><span style=\"color: #000000;\"><strong>Tom Bombadil&#8217;in Maceralar\u0131<\/strong><\/span><\/li>\n<\/ul>\n<ul>\n<li><span style=\"color: #000000;\"><strong>Noel Baba&#8217;dan Mektuplar<\/strong><\/span><\/li>\n<\/ul>\n<ul>\n<li><span style=\"color: #ff6600;\"><strong>The History of Middle Earth***<\/strong><\/span><\/li>\n<\/ul>\n<p style=\"text-indent: 0.4cm; text-align: justify;\"><em>* Tercihen, Y\u00fcz\u00fcklerin Efendisi serisiyle ba\u015flamak da m\u00fcmk\u00fcn. Daha hafif bir ge\u00e7i\u015f olmas\u0131 bak\u0131m\u0131ndan, ve Tolkien&#8217;in de bunu tercih etti\u011fini varsayarak Hobbit diyoruz.<\/em><\/p>\n<p style=\"text-indent: 0.4cm; text-align: justify;\"><em>** Hurin&#8217;in \u00c7ocuklar\u0131, Silmarillion&#8217;da bahsedilen b\u00fcy\u00fck hikayelerden birisidir. Bu y\u00fczden \u00f6ncelikle Silmarillion da tercih edilebilir hem b\u00f6ylece kurgunun b\u00fcy\u00fckl\u00fc\u011f\u00fc daha iyi anla\u015f\u0131labilir. Biz daha okunakl\u0131 olan Hurin&#8217;in \u00c7ocuklar\u0131&#8217;n\u0131 ilk s\u0131raya yerle\u015ftirdik, Silmarillion bir tarih kitab\u0131 niteli\u011finde bunlara dayanak sa\u011flayabilir.<\/em><\/p>\n<p style=\"text-indent: 0.4cm; text-align: justify;\"><span style=\"color: #ffcc00;\"><em><span style=\"color: #ff6600;\">***<\/span> <span style=\"color: #000000;\">T\u00fcrk\u00e7eye \u00e7evrilmemi\u015f History of Middle Earth bir seridir. Orta D\u00fcnya \u00fczerine bilinen bilgilerin topland\u0131\u011f\u0131 ve a\u00e7\u0131k\u00e7a bir tarih kitab\u0131 dizisidir. Ansiklopedi niyetine de\u011ferlendirilebilir. Ancak olay bazl\u0131 oldu\u011fundan ele al\u0131n\u0131p okunabilir. Di\u011ferleri seriyi tamamlad\u0131klar\u0131 i\u00e7in bunu sona ald\u0131k.Asl\u0131nda Kay\u0131p \u00d6yk\u00fcler kitab\u0131 bunun ilk iki kitab\u0131d\u0131r. T\u00fcrk\u00e7eye \u00e7evrildikleri i\u00e7in Silmarillionla birlikte de\u011ferlendirilmelerini uygun g\u00f6rd\u00fck.<br \/>\n<\/span><\/em><\/span><\/p>\n","protected":false},"excerpt":{"rendered":"<p>Hobbit* Y\u00fcz\u00fcklerin Efendisi \u00dc\u00e7lemesi &#8211; Y\u00fcz\u00fck Karde\u015fli\u011fi &#8211; \u0130ki Kule &#8211; Kral\u0131n D\u00f6n\u00fc\u015f\u00fc Hurin&#8217;in \u00c7ocuklar\u0131** Silmarillion Kay\u0131p \u00d6yk\u00fcler Kitab\u0131 1-2 Tom Bombadil&#8217;in Maceralar\u0131 Noel Baba&#8217;dan Mektuplar The History of Middle Earth*** * Tercihen, Y\u00fcz\u00fcklerin Efendisi serisiyle ba\u015flamak da m\u00fcmk\u00fcn. Daha hafif bir ge\u00e7i\u015f olmas\u0131 bak\u0131m\u0131ndan, ve Tolkien&#8217;in de bunu tercih etti\u011fini varsayarak Hobbit diyoruz. ** [&hellip;]<\/p>\n","protected":false},"author":3,"featured_media":0,"parent":726,"menu_order":0,"comment_status":"open","ping_status":"closed","template":"","meta":{"_acf_changed":false,"footnotes":""},"class_list":["post-772","page","type-page","status-publish"],"acf":[],"_links":{"self":[{"href":"https:\/\/www.kayiprihtim.org\/portal\/wp-json\/wp\/v2\/pages\/772","targetHints":{"allow":["GET"]}}],"collection":[{"href":"https:\/\/www.kayiprihtim.org\/portal\/wp-json\/wp\/v2\/pages"}],"about":[{"href":"https:\/\/www.kayiprihtim.org\/portal\/wp-json\/wp\/v2\/types\/page"}],"author":[{"embeddable":true,"href":"https:\/\/www.kayiprihtim.org\/portal\/wp-json\/wp\/v2\/users\/3"}],"replies":[{"embeddable":true,"href":"https:\/\/www.kayiprihtim.org\/portal\/wp-json\/wp\/v2\/comments?post=772"}],"version-history":[{"count":1,"href":"https:\/\/www.kayiprihtim.org\/portal\/wp-json\/wp\/v2\/pages\/772\/revisions"}],"predecessor-version":[{"id":59043,"href":"https:\/\/www.kayiprihtim.org\/portal\/wp-json\/wp\/v2\/pages\/772\/revisions\/59043"}],"up":[{"embeddable":true,"href":"https:\/\/www.kayiprihtim.org\/portal\/wp-json\/wp\/v2\/pages\/726"}],"wp:attachment":[{"href":"https:\/\/www.kayiprihtim.org\/portal\/wp-json\/wp\/v2\/media?parent=772"}],"curies":[{"name":"wp","href":"https:\/\/api.w.org\/{rel}","templated":true}]}}