{"id":7799,"date":"2011-03-04T17:52:16","date_gmt":"2011-03-04T15:52:16","guid":{"rendered":"http:\/\/www.kayiprihtim.org\/portal\/"},"modified":"2012-01-31T11:16:14","modified_gmt":"2012-01-31T09:16:14","slug":"sardinya-efsaneleri","status":"publish","type":"page","link":"https:\/\/www.kayiprihtim.org\/portal\/kitaplar\/sardinya-efsaneleri\/","title":{"rendered":"Sardinya Efsaneleri"},"content":{"rendered":"<table style=\"border: thin outset; border-collapse: collapse; height: 30px; width: 467px;\" border=\"0\" cellpadding=\"2\">\n<tbody>\n<tr>\n<td width=\"30%\" bgcolor=\"#330000\"><span style=\"color: #ffffff;\"><span style=\"font-family: Verdana;\"><strong>SARD\u0130NYA EFSANELER\u0130<\/strong><\/span><\/span><span style=\"font-family: Verdana; color: #ffffff;\"><strong><br \/>\n<\/strong><\/span><\/td>\n<\/tr>\n<\/tbody>\n<\/table>\n<table style=\"border-collapse: collapse; width: 462px; height: 250px;\" border=\"0\" cellspacing=\"0\" cellpadding=\"0\" bordercolor=\"#111111\">\n<tbody>\n<tr>\n<td width=\"58%\" align=\"center\" valign=\"top\">\n<table style=\"border-collapse: collapse; width: 315px; height: 248px;\" border=\"0\" cellspacing=\"2\">\n<tbody>\n<tr>\n<td width=\"100%\" align=\"right\">\n<table style=\"width: 310px; height: 88px;\" border=\"0\" cellspacing=\"0\">\n<tbody>\n<tr bgcolor=\"#D1C4A5\">\n<td width=\"39%\"><strong>Yazar<\/strong><\/td>\n<td width=\"3%\">:<\/td>\n<td width=\"51%\">Grazia Deledda<span style=\"color: #181512;\"> <\/span><\/td>\n<\/tr>\n<tr bgcolor=\"#E4DDCB\">\n<td><strong>\u00c7eviri<\/strong><\/td>\n<td width=\"3%\">:<\/td>\n<td width=\"51%\">Kemal Atakay<\/td>\n<\/tr>\n<tr bgcolor=\"#D1C4A5\">\n<td width=\"39%\"><strong>\u00d6zg\u00fcn Ad\u0131<\/strong><\/td>\n<td width=\"3%\">:<\/td>\n<td width=\"51%\">Fior di Sardegna<\/td>\n<\/tr>\n<tr bgcolor=\"#E4DDCB\">\n<td width=\"39%\"><strong>T\u00fcr<\/strong><\/td>\n<td width=\"3%\">:<\/td>\n<td width=\"51%\">Ciltsiz | 14 x 20 cm<\/td>\n<\/tr>\n<\/tbody>\n<\/table>\n<\/td>\n<\/tr>\n<tr>\n<td style=\"border-style: solid ridge ridge; border-width: 1px; padding-left: 4px; padding-right: 4px;\" width=\"100%\" bgcolor=\"#C0B18D\"><strong><span style=\"font-size: 9pt; font-family: Tahoma;\">Can Yay\u0131nlar\u0131<br \/>\n<\/span><\/strong><\/td>\n<\/tr>\n<tr>\n<td width=\"100%\" align=\"right\">\n<table style=\"width: 310px; height: 88px;\" border=\"0\" cellspacing=\"0\">\n<tbody>\n<tr bgcolor=\"#E4DDCB\">\n<td width=\"39%\"><strong>\u00c7\u0131k\u0131\u015f Tarihi<\/strong><strong><br \/>\n<\/strong><\/td>\n<td width=\"3%\">:<\/td>\n<td width=\"51%\">Mart, 2011<span style=\"color: #181512;\"><br \/>\n<\/span><\/td>\n<\/tr>\n<tr bgcolor=\"#D1C4A5\">\n<td><strong>Sayfa Say\u0131s\u0131<\/strong><\/td>\n<td width=\"3%\">:<\/td>\n<td width=\"51%\">104<\/td>\n<\/tr>\n<tr bgcolor=\"#E4DDCB\">\n<td width=\"39%\"><strong>Fiyat\u0131<\/strong><\/td>\n<td width=\"3%\">:<\/td>\n<td width=\"51%\">8,50 TL<\/td>\n<\/tr>\n<tr bgcolor=\"#D1C4A5\">\n<td width=\"39%\"><strong>ISBN No<\/strong><\/td>\n<td width=\"3%\">:<\/td>\n<td width=\"51%\">9789750712906<\/td>\n<\/tr>\n<\/tbody>\n<\/table>\n<\/td>\n<\/tr>\n<\/tbody>\n<\/table>\n<\/td>\n<td width=\"39%\" align=\"left\" valign=\"top\">\n<p style=\"text-align: center;\">\n<p><a href=\"https:\/\/www.kayiprihtim.org\/portal\/gorsel\/sardinya-efsaneleri.jpg\" target=\"_blank\"><img decoding=\"async\" src=\"https:\/\/www.kayiprihtim.org\/portal\/gorsel\/sardinya-efsaneleri.jpg\" border=\"0\" alt=\"\" hspace=\"1\" width=\"140\" height=\"219\" class=\"aligncenter\"><\/a><\/td>\n<\/tr>\n<\/tbody>\n<\/table>\n<table id=\"table19\" style=\"border-collapse: collapse; width: 47%;\" border=\"0\" cellpadding=\"0\">\n<tbody>\n<tr>\n<td width=\"54%\">\n<table style=\"border-collapse: collapse; height: 147px; width: 470px;\" border=\"0\" cellspacing=\"0\" cellpadding=\"2\">\n<tbody>\n<tr>\n<td style=\"border-style: solid ridge ridge; border-width: 1px; padding-left: 4px; padding-right: 4px;\" width=\"98%\" bgcolor=\"#C0B18D\"><strong><span style=\"font-size: 9pt; font-family: Tahoma;\">Tan\u0131t\u0131m Yaz\u0131s\u0131<br \/>\n<\/span><\/strong><\/td>\n<\/tr>\n<tr>\n<td width=\"99%\" align=\"left\">\n<table style=\"width: 465px;\" border=\"0\">\n<tbody>\n<tr>\n<td style=\"border-style: outset; border-width: 1px;\" width=\"96%\" bgcolor=\"#D1C4A5\">\n<table style=\"border-collapse: collapse; width: 452px; height: 199px;\" border=\"0\" cellspacing=\"0\" cellpadding=\"5\" bgcolor=\"#D1C4A5\" bordercolor=\"#D1C4A5\">\n<tbody>\n<tr>\n<td width=\"96%\" bgcolor=\"#D1C4A5\">Her hazinenin kap\u0131s\u0131nda bir lanet bekler sizi&#8230;<\/p>\n<p>\u0130talyan edebiyat\u0131n\u0131n b\u00fcy\u00fck ozan\u0131 Deledda&#8217;n\u0131n kaleminde canlanan Sardinya Efsaneleri, kaderlerinde ac\u0131 ve \u00f6l\u00fcm olan s\u0131radan insanlar\u0131n s\u0131ra d\u0131\u015f\u0131 \u00f6yk\u00fclerini bir araya getiriyor. Bu \u00f6yk\u00fclerde insan, \u00f6l\u00fcm\u00fcn kar\u015f\u0131s\u0131nda merak\u0131na yenik d\u00fc\u015ferken, lanete a\u00e7\u0131lan hazine kap\u0131lar\u0131nda n\u00f6bet tutanlar\u0131n g\u00f6sterdi\u011fi sonsuz karanl\u0131kla tan\u0131\u015f\u0131yor.<\/p>\n<p>Sardinya Efsaneleri, ad\u0131ndan da anla\u015f\u0131laca\u011f\u0131 gibi, bir derleme. Sardinya&#8217;n\u0131n ge\u00e7it vermez da\u011flar\u0131 aras\u0131nda ya\u015fayan halk\u0131n aktard\u0131\u011f\u0131 korkun\u00e7 \u00f6yk\u00fcleri derlemi\u015f Grazia Deledda. Bu \u00f6yk\u00fcler, ya\u015famlar\u0131 t\u00fcrl\u00fc korku ve hurafelerle dolu yoksul halk\u0131n geni\u015f hayal g\u00fcc\u00fcyle beslenen tekinsiz, tehlikelerle dolu d\u00fcnyalar\u0131 anlat\u0131yor. Her biri birbirinden u\u011fursuz bu on \u00fc\u00e7 \u00f6yk\u00fc, Sardinya topraklar\u0131nda g\u00f6m\u00fcl\u00fc e\u015fsiz hazinelere a\u00e7\u0131l\u0131yor. Ne var ki toprak, hazinelerin yata\u011f\u0131 da olsa, yeralt\u0131 d\u00fcnyas\u0131nda onlar\u0131 bekleyen ba\u015fkalar\u0131 var: iblisler, c\u00fcceler, cinler, b\u00fcy\u00fcc\u00fcler&#8230;<\/p>\n<p>Sardinya Efsaneleri k\u00fc\u00e7\u00fck bir kitap. Deledda&#8217;n\u0131n, do\u011fup b\u00fcy\u00fcd\u00fc\u011f\u00fc g\u00f6rkemli Sardinya i\u00e7in kaleme ald\u0131\u011f\u0131 bir korku odas\u0131&#8230;<\/td>\n<\/tr>\n<\/tbody>\n<\/table>\n<\/td>\n<\/tr>\n<\/tbody>\n<\/table>\n<\/td>\n<\/tr>\n<\/tbody>\n<\/table>\n<\/td>\n<\/tr>\n<\/tbody>\n<\/table>\n","protected":false},"excerpt":{"rendered":"<p>SARD\u0130NYA EFSANELER\u0130 Yazar : Grazia Deledda \u00c7eviri : Kemal Atakay \u00d6zg\u00fcn Ad\u0131 : Fior di Sardegna T\u00fcr : Ciltsiz | 14 x 20 cm Can Yay\u0131nlar\u0131 \u00c7\u0131k\u0131\u015f Tarihi : Mart, 2011 Sayfa Say\u0131s\u0131 : 104 Fiyat\u0131 : 8,50 TL ISBN No : 9789750712906 Tan\u0131t\u0131m Yaz\u0131s\u0131 Her hazinenin kap\u0131s\u0131nda bir lanet bekler sizi&#8230; \u0130talyan edebiyat\u0131n\u0131n b\u00fcy\u00fck [&hellip;]<\/p>\n","protected":false},"author":1,"featured_media":0,"parent":57,"menu_order":0,"comment_status":"open","ping_status":"closed","template":"","meta":{"_acf_changed":false,"footnotes":""},"class_list":["post-7799","page","type-page","status-publish"],"acf":[],"_links":{"self":[{"href":"https:\/\/www.kayiprihtim.org\/portal\/wp-json\/wp\/v2\/pages\/7799","targetHints":{"allow":["GET"]}}],"collection":[{"href":"https:\/\/www.kayiprihtim.org\/portal\/wp-json\/wp\/v2\/pages"}],"about":[{"href":"https:\/\/www.kayiprihtim.org\/portal\/wp-json\/wp\/v2\/types\/page"}],"author":[{"embeddable":true,"href":"https:\/\/www.kayiprihtim.org\/portal\/wp-json\/wp\/v2\/users\/1"}],"replies":[{"embeddable":true,"href":"https:\/\/www.kayiprihtim.org\/portal\/wp-json\/wp\/v2\/comments?post=7799"}],"version-history":[{"count":0,"href":"https:\/\/www.kayiprihtim.org\/portal\/wp-json\/wp\/v2\/pages\/7799\/revisions"}],"up":[{"embeddable":true,"href":"https:\/\/www.kayiprihtim.org\/portal\/wp-json\/wp\/v2\/pages\/57"}],"wp:attachment":[{"href":"https:\/\/www.kayiprihtim.org\/portal\/wp-json\/wp\/v2\/media?parent=7799"}],"curies":[{"name":"wp","href":"https:\/\/api.w.org\/{rel}","templated":true}]}}