{"id":7947,"date":"2011-03-11T14:55:29","date_gmt":"2011-03-11T12:55:29","guid":{"rendered":"http:\/\/www.kayiprihtim.org\/portal\/"},"modified":"2012-01-31T11:11:15","modified_gmt":"2012-01-31T09:11:15","slug":"kubbenin-altinda","status":"publish","type":"page","link":"https:\/\/www.kayiprihtim.org\/portal\/kitaplar\/kubbenin-altinda\/","title":{"rendered":"Kubbenin Alt\u0131nda"},"content":{"rendered":"<table style=\"border: thin outset; border-collapse: collapse; height: 30px; width: 467px;\" border=\"0\" cellpadding=\"2\">\n<tbody>\n<tr>\n<td width=\"30%\" bgcolor=\"#330000\"><span style=\"font-family: Verdana; color: #ffffff;\"><strong>KUBBEN\u0130N ALTINDA<br \/>\n<\/strong><\/span><\/td>\n<\/tr>\n<\/tbody>\n<\/table>\n<table style=\"border-collapse: collapse; width: 462px; height: 250px;\" border=\"0\" cellspacing=\"0\" cellpadding=\"0\" bordercolor=\"#111111\">\n<tbody>\n<tr>\n<td width=\"58%\" align=\"center\" valign=\"top\">\n<table style=\"border-collapse: collapse; width: 315px; height: 248px;\" border=\"0\" cellspacing=\"2\">\n<tbody>\n<tr>\n<td width=\"100%\" align=\"right\">\n<table style=\"width: 310px; height: 88px;\" border=\"0\" cellspacing=\"0\">\n<tbody>\n<tr bgcolor=\"#D1C4A5\">\n<td width=\"39%\"><strong>Yazar<\/strong><\/td>\n<td width=\"3%\">:<\/td>\n<td width=\"51%\"><a href=\"https:\/\/www.kayiprihtim.org\/portal\/stephen-king\/\"><span style=\"color: #000000;\">Stephen King<\/span><\/a><\/td>\n<\/tr>\n<tr bgcolor=\"#E4DDCB\">\n<td><strong>\u00c7eviren<\/strong><\/td>\n<td width=\"3%\">:<\/td>\n<td width=\"51%\">P\u0131nar \u00d6cal<\/td>\n<\/tr>\n<tr bgcolor=\"#D1C4A5\">\n<td width=\"39%\"><strong>\u00d6zg\u00fcn Ad\u0131<\/strong><strong> <\/strong><\/td>\n<td width=\"3%\">:<\/td>\n<td width=\"51%\">Under the Dome<\/td>\n<\/tr>\n<tr bgcolor=\"#E4DDCB\">\n<td width=\"39%\"><strong>Ebat<\/strong><\/td>\n<td width=\"3%\">:<\/td>\n<td width=\"51%\">Ciltsiz | 14 x 22 cm<\/td>\n<\/tr>\n<\/tbody>\n<\/table>\n<\/td>\n<\/tr>\n<tr>\n<td style=\"border-style: solid ridge ridge; border-width: 1px; padding-left: 4px; padding-right: 4px;\" width=\"100%\" bgcolor=\"#C0B18D\"><strong><span style=\"font-size: 9pt; font-family: Tahoma;\"><a title=\"Yay\u0131nevi hakk\u0131nda daha fazla bilgiye ula\u015fmak i\u00e7in t\u0131klay\u0131n\u0131z.\" href=\"https:\/\/www.kayiprihtim.org\/portal\/altin-kitaplar\/\"><span style=\"color: #000000;\">Alt\u0131n Kitaplar<\/span><\/a><br \/>\n<\/span><\/strong><\/td>\n<\/tr>\n<tr>\n<td width=\"100%\" align=\"right\">\n<table style=\"width: 310px; height: 88px;\" border=\"0\" cellspacing=\"0\">\n<tbody>\n<tr bgcolor=\"#D1C4A5\">\n<td width=\"39%\"><strong>\u00c7\u0131k\u0131\u015f Tarihi<br \/>\n<\/strong><\/td>\n<td width=\"3%\">:<\/td>\n<td width=\"51%\">Mart, 2011<\/td>\n<\/tr>\n<tr bgcolor=\"#E4DDCB\">\n<td><strong>Sayfa Say\u0131s\u0131<\/strong><\/td>\n<td width=\"3%\">:<\/td>\n<td width=\"51%\">1024<\/td>\n<\/tr>\n<tr bgcolor=\"#D1C4A5\">\n<td width=\"39%\"><strong>Fiyat\u0131<\/strong><\/td>\n<td width=\"3%\">:<\/td>\n<td width=\"51%\">38,00 TL<\/td>\n<\/tr>\n<tr bgcolor=\"#E4DDCB\">\n<td width=\"39%\"><strong>ISBN No<\/strong><\/td>\n<td width=\"3%\">:<\/td>\n<td width=\"51%\">9789752113244<\/td>\n<\/tr>\n<\/tbody>\n<\/table>\n<\/td>\n<\/tr>\n<\/tbody>\n<\/table>\n<\/td>\n<td width=\"39%\" align=\"left\" valign=\"top\">\n<p style=\"text-align: center;\">\n<p><a href=\"https:\/\/www.kayiprihtim.org\/portal\/gorsel\/kubbenin-altinda.jpg\" target=\"_blank\"><img decoding=\"async\" src=\"https:\/\/www.kayiprihtim.org\/portal\/gorsel\/kubbenin-altinda.jpg\" border=\"0\" alt=\"\" hspace=\"1\" width=\"140\" height=\"219\" class=\"aligncenter\"><\/a><\/td>\n<\/tr>\n<\/tbody>\n<\/table>\n<table id=\"table19\" style=\"border-collapse: collapse; width: 47%;\" border=\"0\" cellpadding=\"0\">\n<tbody>\n<tr>\n<td width=\"54%\">\n<table style=\"border-collapse: collapse; height: 147px; width: 470px;\" border=\"0\" cellspacing=\"0\" cellpadding=\"2\">\n<tbody>\n<tr>\n<td style=\"border-style: solid ridge ridge; border-width: 1px; padding-left: 4px; padding-right: 4px;\" width=\"98%\" bgcolor=\"#C0B18D\"><strong><span style=\"font-size: 9pt; font-family: Tahoma;\">Tan\u0131t\u0131m Yaz\u0131s\u0131<br \/>\n<\/span><\/strong><\/td>\n<\/tr>\n<tr>\n<td width=\"99%\" align=\"left\">\n<table style=\"width: 465px;\" border=\"0\">\n<tbody>\n<tr>\n<td style=\"border-style: outset; border-width: 1px;\" width=\"96%\" bgcolor=\"#D1C4A5\">\n<table style=\"border-collapse: collapse; width: 452px; height: 199px;\" border=\"0\" cellspacing=\"0\" cellpadding=\"5\" bgcolor=\"#D1C4A5\" bordercolor=\"#D1C4A5\">\n<tbody>\n<tr>\n<td width=\"96%\" bgcolor=\"#D1C4A5\">119 Karayolu&#8217;nun a\u015fa\u011f\u0131s\u0131nda, Chester&#8217;s Mill&#8217;de k\u0131yamet kopmak \u00fczere&#8230;<\/p>\n<p>G\u00fczel, g\u00fcne\u015fli bir g\u00fcnde k\u00fc\u00e7\u00fck kasaban\u0131n d\u00fcnyayla olan b\u00fct\u00fcn ba\u011flant\u0131s\u0131 g\u00f6r\u00fcnmez bir g\u00fc\u00e7 taraf\u0131ndan kesilir. U\u00e7aklar g\u00f6r\u00fcnmez bir kalkana \u00e7arpar, \u015fiddetli bir ya\u011fmur \u00f6n\u00fcne geleni y\u0131k\u0131p yerle bir eder. Kubbe yava\u015f yava\u015f al\u00e7al\u0131rken bah\u00e7evan\u0131n eli kopar. Arabalar infilak eder. Aileler birbirinden ka\u00e7ar, herkes panik i\u00e7indedir. Hi\u00e7 kimse bu kalkan\u0131n nedenini, neden, ne zaman geldi\u011fini ve ne zaman ortadan kalkaca\u011f\u0131n\u0131 bilemez. Bir Irak sava\u015f\u0131 gazisi ve ac\u0131mas\u0131z bir politikac\u0131 Kubbe&#8217;nin alt\u0131ndaki g\u00fcc\u00fc ele ge\u00e7irmeye kararl\u0131d\u0131r, ama onlar\u0131n as\u0131l d\u00fc\u015fman\u0131 Kubbe&#8217; dir, \u00e7\u00fcnk\u00fc zaman gittik\u00e7e azalmaktad\u0131r.<\/td>\n<\/tr>\n<\/tbody>\n<\/table>\n<\/td>\n<\/tr>\n<\/tbody>\n<\/table>\n<\/td>\n<\/tr>\n<\/tbody>\n<\/table>\n<\/td>\n<\/tr>\n<\/tbody>\n<\/table>\n<p><a href=\"https:\/\/www.kayiprihtim.org\/portal\/2009\/10\/20\/under-the-dome-kubbenin-altinda\/\"><img fetchpriority=\"high\" decoding=\"async\" src=\"https:\/\/www.kayiprihtim.org\/portal\/gorsel\/stephen_king\/kubbeninaltnda-top.jpg\" alt=\"\" width=\"490\" height=\"113\"><\/a><br \/>\n<span style=\"color: #E4DDCB;\">&#8211;<\/span><\/p>\n<table id=\"table20\" style=\"border-collapse: collapse; height: 21px; width: 467px;\" border=\"0\" cellspacing=\"0\" cellpadding=\"2\">\n<tbody>\n<tr>\n<td style=\"border-style: solid ridge ridge; border-width: 1px; padding-left: 4px; padding-right: 4px;\" width=\"98%\" bgcolor=\"#C0B18D\"><strong><span style=\"font-size: 9pt; font-family: Tahoma;\">Yapm\u0131\u015f oldu\u011fumuz \u00d6N OKUMAya ula\u015fmak i\u00e7in <a href=\"https:\/\/www.kayiprihtim.org\/portal\/2009\/10\/20\/under-the-dome-kubbenin-altinda\/\"><span style=\"color: #800000;\">BURAYA<\/span><\/a> t\u0131klay\u0131n!<\/span><br \/>\n<\/strong><\/td>\n<\/tr>\n<\/tbody>\n<\/table>\n","protected":false},"excerpt":{"rendered":"<p>KUBBEN\u0130N ALTINDA Yazar : Stephen King \u00c7eviren : P\u0131nar \u00d6cal \u00d6zg\u00fcn Ad\u0131 : Under the Dome Ebat : Ciltsiz | 14 x 22 cm Alt\u0131n Kitaplar \u00c7\u0131k\u0131\u015f Tarihi : Mart, 2011 Sayfa Say\u0131s\u0131 : 1024 Fiyat\u0131 : 38,00 TL ISBN No : 9789752113244 Tan\u0131t\u0131m Yaz\u0131s\u0131 119 Karayolu&#8217;nun a\u015fa\u011f\u0131s\u0131nda, Chester&#8217;s Mill&#8217;de k\u0131yamet kopmak \u00fczere&#8230; G\u00fczel, g\u00fcne\u015fli [&hellip;]<\/p>\n","protected":false},"author":1,"featured_media":0,"parent":57,"menu_order":0,"comment_status":"open","ping_status":"closed","template":"","meta":{"_acf_changed":false,"footnotes":""},"class_list":["post-7947","page","type-page","status-publish"],"acf":[],"_links":{"self":[{"href":"https:\/\/www.kayiprihtim.org\/portal\/wp-json\/wp\/v2\/pages\/7947","targetHints":{"allow":["GET"]}}],"collection":[{"href":"https:\/\/www.kayiprihtim.org\/portal\/wp-json\/wp\/v2\/pages"}],"about":[{"href":"https:\/\/www.kayiprihtim.org\/portal\/wp-json\/wp\/v2\/types\/page"}],"author":[{"embeddable":true,"href":"https:\/\/www.kayiprihtim.org\/portal\/wp-json\/wp\/v2\/users\/1"}],"replies":[{"embeddable":true,"href":"https:\/\/www.kayiprihtim.org\/portal\/wp-json\/wp\/v2\/comments?post=7947"}],"version-history":[{"count":0,"href":"https:\/\/www.kayiprihtim.org\/portal\/wp-json\/wp\/v2\/pages\/7947\/revisions"}],"up":[{"embeddable":true,"href":"https:\/\/www.kayiprihtim.org\/portal\/wp-json\/wp\/v2\/pages\/57"}],"wp:attachment":[{"href":"https:\/\/www.kayiprihtim.org\/portal\/wp-json\/wp\/v2\/media?parent=7947"}],"curies":[{"name":"wp","href":"https:\/\/api.w.org\/{rel}","templated":true}]}}