{"id":8470,"date":"2011-04-07T15:49:52","date_gmt":"2011-04-07T12:49:52","guid":{"rendered":"http:\/\/www.kayiprihtim.org\/portal\/"},"modified":"2011-08-22T23:25:58","modified_gmt":"2011-08-22T20:25:58","slug":"kartal-rosemary-sutcliff","status":"publish","type":"page","link":"https:\/\/www.kayiprihtim.org\/portal\/kitaplar\/kartal-rosemary-sutcliff\/","title":{"rendered":"Kartal"},"content":{"rendered":"<table style=\"border: thin outset; border-collapse: collapse; height: 30px; width: 470px;\" border=\"0\" cellpadding=\"2\">\n<tbody>\n<tr>\n<td width=\"30%\" bgcolor=\"#330000\"><span style=\"font-family: Verdana; color: #ffffff;\"><strong>KARTAL<br \/>\n<\/strong><\/span><\/td>\n<\/tr>\n<\/tbody>\n<\/table>\n<table style=\"border-collapse: collapse; width: 462px; height: 250px;\" border=\"0\" cellspacing=\"0\" cellpadding=\"0\" bordercolor=\"#111111\">\n<tbody>\n<tr>\n<td width=\"58%\" align=\"center\" valign=\"top\">\n<table style=\"border-collapse: collapse; width: 315px; height: 248px;\" border=\"0\" cellspacing=\"2\">\n<tbody>\n<tr>\n<td width=\"100%\" align=\"right\">\n<table style=\"width: 310px; height: 88px;\" border=\"0\" cellspacing=\"0\">\n<tbody>\n<tr bgcolor=\"#D1C4A5\">\n<td width=\"39%\"><strong>Yazar<\/strong><\/td>\n<td width=\"3%\">:<\/td>\n<td width=\"51%\"><span style=\"color: #993300;\"><strong>Rosemary Sutcliff<\/strong><\/span><\/td>\n<\/tr>\n<tr bgcolor=\"#E4DDCB\">\n<td><strong>\u00c7eviri<\/strong><\/td>\n<td width=\"3%\">:<\/td>\n<td width=\"51%\">\u00d6zlem S\u0131\u011f\u0131rtma\u00e7<\/td>\n<\/tr>\n<tr bgcolor=\"#D1C4A5\">\n<td width=\"39%\"><strong>Yay\u0131na Haz\u0131rlayan<\/strong><\/td>\n<td width=\"3%\">:<\/td>\n<td width=\"51%\">Sel\u00e7uk Aylar<\/td>\n<\/tr>\n<tr bgcolor=\"#E4DDCB\">\n<td width=\"39%\"><strong>\u00d6zg\u00fcn Ad\u0131<\/strong><\/td>\n<td width=\"3%\">:<\/td>\n<td width=\"51%\">The Eagle of the Ninth<\/td>\n<\/tr>\n<\/tbody>\n<\/table>\n<\/td>\n<\/tr>\n<tr>\n<td style=\"border-style: solid ridge ridge; border-width: 1px; padding-left: 4px; padding-right: 4px;\" width=\"100%\" bgcolor=\"#C0B18D\"><strong><span style=\"font-size: 9pt; font-family: Tahoma;\"><a href=\"https:\/\/www.kayiprihtim.org\/portal\/ithaki-yayinlari\"><span style=\"color: #000000;\">\u0130thaki Yay\u0131nlar\u0131<\/span><\/a><br \/>\n<\/span><\/strong><\/td>\n<\/tr>\n<tr>\n<td width=\"100%\" align=\"right\">\n<table style=\"width: 310px; height: 88px;\" border=\"0\" cellspacing=\"0\">\n<tbody>\n<tr bgcolor=\"#E4DDCB\">\n<td width=\"39%\"><strong>\u00c7\u0131k\u0131\u015f Tarihi<\/strong><strong><br \/>\n<\/strong><\/td>\n<td width=\"3%\">:<\/td>\n<td width=\"51%\">Nisan, 2011<span style=\"color: #181512;\"><br \/>\n<\/span><\/td>\n<\/tr>\n<tr bgcolor=\"#D1C4A5\">\n<td><strong>Sayfa Say\u0131s\u0131<\/strong><\/td>\n<td width=\"3%\">:<\/td>\n<td width=\"51%\">308<\/td>\n<\/tr>\n<tr bgcolor=\"#E4DDCB\">\n<td width=\"39%\"><strong>Fiyat\u0131<\/strong><\/td>\n<td width=\"3%\">:<\/td>\n<td width=\"51%\">18,00 TL<\/td>\n<\/tr>\n<tr bgcolor=\"#D1C4A5\">\n<td width=\"39%\"><strong>ISBN No<\/strong><\/td>\n<td width=\"3%\">:<\/td>\n<td width=\"51%\">978-605-375-109-0<\/td>\n<\/tr>\n<\/tbody>\n<\/table>\n<\/td>\n<\/tr>\n<\/tbody>\n<\/table>\n<\/td>\n<td width=\"39%\" align=\"left\" valign=\"top\">\n<p style=\"text-align: center;\">\n<p><a href=\"https:\/\/www.kayiprihtim.org\/portal\/gorsel\/kartal-RosemarySutcliff.jpg\" target=\"_blank\"><img decoding=\"async\" class=\"aligncenter\" src=\"https:\/\/www.kayiprihtim.org\/portal\/gorsel\/kartal-RosemarySutcliff.jpg\" border=\"0\" alt=\"\" hspace=\"1\" width=\"140\" height=\"219\"><\/a><\/td>\n<\/tr>\n<\/tbody>\n<\/table>\n<table style=\"border-collapse: collapse; width: 47%;\" border=\"0\" cellpadding=\"0\">\n<tbody>\n<tr>\n<td width=\"54%\">\n<table style=\"border-collapse: collapse; height: 147px; width: 470px;\" border=\"0\" cellspacing=\"0\" cellpadding=\"2\">\n<tbody>\n<tr>\n<td style=\"border-style: solid ridge ridge; border-width: 1px; padding-left: 4px; padding-right: 4px;\" width=\"98%\" bgcolor=\"#C0B18D\"><strong><span style=\"font-size: 9pt; font-family: Tahoma;\">Tan\u0131t\u0131m Yaz\u0131s\u0131<br \/>\n<\/span><\/strong><\/td>\n<\/tr>\n<tr>\n<td width=\"99%\" align=\"left\">\n<table style=\"width: 465px;\" border=\"0\">\n<tbody>\n<tr>\n<td style=\"border-style: outset; border-width: 1px;\" width=\"96%\" bgcolor=\"#D1C4A5\">\n<table style=\"border-collapse: collapse; width: 452px; height: 199px;\" border=\"0\" cellspacing=\"0\" cellpadding=\"5\" bgcolor=\"#D1C4A5\" bordercolor=\"#D1C4A5\">\n<tbody>\n<tr>\n<td width=\"96%\" bgcolor=\"#D1C4A5\">Roma tarihinin en gizemli olaylar\u0131ndan biri\u2026<\/p>\n<p>Sisli Kuzey Britanya topraklar\u0131nda kaybolan ve bir daha haber al\u0131namayan Dokuzuncu Lejyon\u2019un s\u0131rr\u0131\u2026<\/p>\n<p>Ve bu s\u0131rr\u0131 \u00e7\u00f6zmek i\u00e7in yola \u00e7\u0131kan iki adam\u0131n s\u0131ms\u0131cak dostluk \u00f6yk\u00fcs\u00fc\u2026<\/p>\n<p>\u201cKartal\u201d, bir zamanlar Dokuzuncu Lejyon\u2019un sembol\u00fc ve onuruydu. \u015eimdiyse yaln\u0131zca a\u011f\u0131zdan a\u011f\u0131za dola\u015fan bir s\u00f6ylentiden ibaretti.<\/p>\n<p>Marcus, idealist bir Romal\u0131 olarak Kartal\u2019\u0131 bulmak istiyordu. Ama bir sebebi daha vard\u0131..Son yolculu\u011funda Dokuzuncu Lejyon\u2019a, babas\u0131 komite etmi\u015fti\u2026<\/p>\n<p>Kartal, t\u00fcm d\u00fcnyada,yakla\u015f\u0131k elli y\u0131ldan beri, hem gen\u00e7ler hem de yeti\u015fkinler taraf\u0131ndan, merak ve be\u011feniyle okunuyor.<\/p>\n<p><em>Sinema filmi May\u0131s ay\u0131nda vizyonda&#8230;<\/em><\/td>\n<\/tr>\n<\/tbody>\n<\/table>\n<\/td>\n<\/tr>\n<\/tbody>\n<\/table>\n<\/td>\n<\/tr>\n<\/tbody>\n<\/table>\n<\/td>\n<\/tr>\n<\/tbody>\n<\/table>\n","protected":false},"excerpt":{"rendered":"<p>KARTAL Yazar : Rosemary Sutcliff \u00c7eviri : \u00d6zlem S\u0131\u011f\u0131rtma\u00e7 Yay\u0131na Haz\u0131rlayan : Sel\u00e7uk Aylar \u00d6zg\u00fcn Ad\u0131 : The Eagle of the Ninth \u0130thaki Yay\u0131nlar\u0131 \u00c7\u0131k\u0131\u015f Tarihi : Nisan, 2011 Sayfa Say\u0131s\u0131 : 308 Fiyat\u0131 : 18,00 TL ISBN No : 978-605-375-109-0 Tan\u0131t\u0131m Yaz\u0131s\u0131 Roma tarihinin en gizemli olaylar\u0131ndan biri\u2026 Sisli Kuzey Britanya topraklar\u0131nda kaybolan ve [&hellip;]<\/p>\n","protected":false},"author":1,"featured_media":0,"parent":57,"menu_order":0,"comment_status":"open","ping_status":"closed","template":"","meta":{"_acf_changed":false,"footnotes":""},"class_list":["post-8470","page","type-page","status-publish"],"acf":[],"_links":{"self":[{"href":"https:\/\/www.kayiprihtim.org\/portal\/wp-json\/wp\/v2\/pages\/8470","targetHints":{"allow":["GET"]}}],"collection":[{"href":"https:\/\/www.kayiprihtim.org\/portal\/wp-json\/wp\/v2\/pages"}],"about":[{"href":"https:\/\/www.kayiprihtim.org\/portal\/wp-json\/wp\/v2\/types\/page"}],"author":[{"embeddable":true,"href":"https:\/\/www.kayiprihtim.org\/portal\/wp-json\/wp\/v2\/users\/1"}],"replies":[{"embeddable":true,"href":"https:\/\/www.kayiprihtim.org\/portal\/wp-json\/wp\/v2\/comments?post=8470"}],"version-history":[{"count":0,"href":"https:\/\/www.kayiprihtim.org\/portal\/wp-json\/wp\/v2\/pages\/8470\/revisions"}],"up":[{"embeddable":true,"href":"https:\/\/www.kayiprihtim.org\/portal\/wp-json\/wp\/v2\/pages\/57"}],"wp:attachment":[{"href":"https:\/\/www.kayiprihtim.org\/portal\/wp-json\/wp\/v2\/media?parent=8470"}],"curies":[{"name":"wp","href":"https:\/\/api.w.org\/{rel}","templated":true}]}}