{"id":86,"date":"2008-06-19T05:11:21","date_gmt":"2008-06-19T02:11:21","guid":{"rendered":"http:\/\/www.hayalcini.net\/blog\/elenium-serisi\/"},"modified":"2012-01-29T23:47:06","modified_gmt":"2012-01-29T21:47:06","slug":"elenium-serisi","status":"publish","type":"page","link":"https:\/\/www.kayiprihtim.org\/portal\/kitaplar\/elenium-serisi\/","title":{"rendered":"Elenium Serisi"},"content":{"rendered":"<table style=\"border: thin outset; border-collapse: collapse; height: 30px; width: 470px;\" border=\"0\" cellpadding=\"2\">\n<tbody>\n<tr>\n<td width=\"30%\" bgcolor=\"#330000\"><span style=\"font-family: Verdana; color: #ffffff;\"><strong>ELMAS TAHT<br \/>\n<\/strong><\/span><\/td>\n<\/tr>\n<\/tbody>\n<\/table>\n<table style=\"border-collapse: collapse; width: 462px; height: 250px;\" border=\"0\" cellspacing=\"0\" cellpadding=\"0\" bordercolor=\"#111111\">\n<tbody>\n<tr>\n<td width=\"58%\" align=\"center\" valign=\"top\">\n<table style=\"border-collapse: collapse; width: 315px; height: 248px;\" border=\"0\" cellspacing=\"2\">\n<tbody>\n<tr>\n<td width=\"100%\" align=\"right\">\n<table style=\"width: 310px; height: 88px;\" border=\"0\" cellspacing=\"0\">\n<tbody>\n<tr bgcolor=\"#D1C4A5\">\n<td width=\"39%\"><strong>Yazar<\/strong><\/td>\n<td width=\"3%\">:<\/td>\n<td width=\"51%\">David Eddings<\/td>\n<\/tr>\n<tr bgcolor=\"#E4DDCB\">\n<td><strong>\u00c7eviren<\/strong><\/td>\n<td width=\"3%\">:<\/td>\n<td width=\"51%\"><span style=\"color: #181512;\">Ferhan Ert\u00fcrk<\/span><span style=\"color: #181512;\"><br \/>\n<\/span><span style=\"color: #181512;\"> <\/span><\/td>\n<\/tr>\n<tr bgcolor=\"#D1C4A5\">\n<td width=\"39%\"><strong>Orijinal Ad\u0131<br \/>\n<\/strong><\/td>\n<td width=\"3%\">:<\/td>\n<td width=\"51%\">The Diamond Throne<\/td>\n<\/tr>\n<tr bgcolor=\"#E4DDCB\">\n<td width=\"39%\"><strong>Seri<\/strong><\/td>\n<td width=\"3%\">:<\/td>\n<td width=\"51%\">Elenium Serisi<\/td>\n<\/tr>\n<\/tbody>\n<\/table>\n<\/td>\n<\/tr>\n<tr>\n<td style=\"border-style: solid ridge ridge; border-width: 1px; padding-left: 4px; padding-right: 4px;\" width=\"100%\" bgcolor=\"#C0B18D\"><strong><span style=\"font-size: 9pt; font-family: Tahoma;\">Alt\u0131k\u0131rkbe\u015f Yay\u0131nlar\u0131<br \/>\n<\/span><\/strong><\/td>\n<\/tr>\n<tr>\n<td width=\"100%\" align=\"right\">\n<table style=\"width: 310px; height: 88px;\" border=\"0\" cellspacing=\"0\">\n<tbody>\n<tr bgcolor=\"#D1C4A5\">\n<td width=\"39%\"><strong>\u00c7\u0131k\u0131\u015f Tarihi<\/strong><\/td>\n<td width=\"3%\">:<\/td>\n<td width=\"51%\">Ocak, 1998<\/td>\n<\/tr>\n<tr bgcolor=\"#E4DDCB\">\n<td><strong>Sayfa Say\u0131s\u0131<\/strong><\/td>\n<td width=\"3%\">:<\/td>\n<td width=\"51%\">383<\/td>\n<\/tr>\n<tr bgcolor=\"#D1C4A5\">\n<td width=\"39%\"><strong>Fiyat\u0131<\/strong><\/td>\n<td width=\"3%\">:<\/td>\n<td width=\"51%\">16,50 TL<\/td>\n<\/tr>\n<tr bgcolor=\"#E4DDCB\">\n<td width=\"39%\"><strong>ISBN No<\/strong><\/td>\n<td width=\"3%\">:<\/td>\n<td width=\"51%\">975981013<\/td>\n<\/tr>\n<\/tbody>\n<\/table>\n<\/td>\n<\/tr>\n<\/tbody>\n<\/table>\n<\/td>\n<td width=\"39%\" align=\"left\" valign=\"top\">\n<p style=\"text-align: center;\">\n<p><a href=\"https:\/\/www.kayiprihtim.org\/portal\/gorsel\/elenium\/elmas-taht.jpg\" target=\"_blank\"><img decoding=\"async\" src=\"https:\/\/www.kayiprihtim.org\/portal\/gorsel\/elenium\/elmas-taht.jpg\" border=\"0\" alt=\"\" hspace=\"1\" width=\"140\" height=\"219\" class=\"aligncenter\"><\/a><\/td>\n<\/tr>\n<\/tbody>\n<\/table>\n<table style=\"border-collapse: collapse; width: 47%;\" border=\"0\" cellpadding=\"0\">\n<tbody>\n<tr>\n<td width=\"54%\">\n<table style=\"border-collapse: collapse; height: 147px; width: 470px;\" border=\"0\" cellspacing=\"0\" cellpadding=\"2\">\n<tbody>\n<tr>\n<td style=\"border-style: solid ridge ridge; border-width: 1px; padding-left: 4px; padding-right: 4px;\" width=\"98%\" bgcolor=\"#C0B18D\"><strong><span style=\"font-size: 9pt; font-family: Tahoma;\">Tan\u0131t\u0131m Yaz\u0131s\u0131<br \/>\n<\/span><\/strong><\/td>\n<\/tr>\n<tr>\n<td width=\"99%\" align=\"left\">\n<table style=\"width: 465px;\" border=\"0\">\n<tbody>\n<tr>\n<td style=\"border-style: outset; border-width: 1px;\" width=\"96%\" bgcolor=\"#D1C4A5\">\n<table style=\"border-collapse: collapse; width: 452px; height: 199px;\" border=\"0\" cellspacing=\"0\" cellpadding=\"5\" bgcolor=\"#D1C4A5\" bordercolor=\"#D1C4A5\">\n<tbody>\n<tr>\n<td width=\"96%\" bgcolor=\"#D1C4A5\">Fantastik kurgunun en \u00f6nemli yazarlar\u0131ndan biri kabul edilen David Eddings`in, en az kendi kadar \u00fcnl\u00fc kahraman\u0131 Sparhawk`\u0131n maceras\u0131 bu kitapla ba\u015fl\u0131yor\u2026<br \/>\nUnutmay\u0131n hikayeler ikiye ayr\u0131l\u0131r, ger\u00e7ek olanlar ve ger\u00e7ek olmas\u0131 gerekenler.<\/p>\n<p>Karar sizin.<\/td>\n<\/tr>\n<\/tbody>\n<\/table>\n<\/td>\n<\/tr>\n<\/tbody>\n<\/table>\n<\/td>\n<\/tr>\n<\/tbody>\n<\/table>\n<\/td>\n<\/tr>\n<\/tbody>\n<\/table>\n<p><span style=\"color: #E4DDCB;\">&#8211;<\/span><\/p>\n<table style=\"border: thin outset; border-collapse: collapse; height: 30px; width: 470px;\" border=\"0\" cellpadding=\"2\">\n<tbody>\n<tr>\n<td width=\"30%\" bgcolor=\"#330000\"><span style=\"font-family: Verdana; color: #ffffff;\"><strong>YAKUT \u015e\u00d6VALYE<\/strong><\/span><span style=\"font-family: Verdana; color: #333333;\"><strong> <\/strong><\/span><\/td>\n<\/tr>\n<\/tbody>\n<\/table>\n<table style=\"border-collapse: collapse; width: 462px; height: 250px;\" border=\"0\" cellspacing=\"0\" cellpadding=\"0\" bordercolor=\"#111111\">\n<tbody>\n<tr>\n<td width=\"58%\" align=\"center\" valign=\"top\">\n<table style=\"border-collapse: collapse; width: 315px; height: 248px;\" border=\"0\" cellspacing=\"2\">\n<tbody>\n<tr>\n<td width=\"100%\" align=\"right\">\n<table style=\"width: 310px; height: 88px;\" border=\"0\" cellspacing=\"0\">\n<tbody>\n<tr bgcolor=\"#D1C4A5\">\n<td width=\"39%\"><strong>Yazar<\/strong><\/td>\n<td width=\"3%\">:<\/td>\n<td width=\"51%\">David Eddings<\/td>\n<\/tr>\n<tr bgcolor=\"#E4DDCB\">\n<td><strong>\u00c7eviren<\/strong><\/td>\n<td width=\"3%\">:<\/td>\n<td width=\"51%\"><span style=\"color: #181512;\">Ferhan Ert\u00fcrk<\/span><span style=\"color: #181512;\"><br \/>\n<\/span><\/td>\n<\/tr>\n<tr bgcolor=\"#D1C4A5\">\n<td width=\"39%\"><strong>\u00d6zg\u00fcn Ad\u0131<\/strong><strong> <\/strong><\/td>\n<td width=\"3%\">:<\/td>\n<td width=\"51%\">The Ruby Knight<\/td>\n<\/tr>\n<tr bgcolor=\"#E4DDCB\">\n<td width=\"39%\"><strong>Seri<\/strong><\/td>\n<td width=\"3%\">:<\/td>\n<td width=\"51%\">Elenium Serisi<\/td>\n<\/tr>\n<\/tbody>\n<\/table>\n<\/td>\n<\/tr>\n<tr>\n<td style=\"border-style: solid ridge ridge; border-width: 1px; padding-left: 4px; padding-right: 4px;\" width=\"100%\" bgcolor=\"#C0B18D\"><strong><span style=\"font-size: 9pt; font-family: Tahoma;\">Alt\u0131k\u0131rkbe\u015f Yay\u0131nlar\u0131<\/span><\/strong><\/td>\n<\/tr>\n<tr>\n<td width=\"100%\" align=\"right\">\n<table style=\"width: 310px; height: 88px;\" border=\"0\" cellspacing=\"0\">\n<tbody>\n<tr bgcolor=\"#D1C4A5\">\n<td width=\"39%\"><strong>\u00c7\u0131k\u0131\u015f Tarihi<\/strong><\/td>\n<td width=\"3%\">:<\/td>\n<td width=\"51%\">Ocak, 1999<\/td>\n<\/tr>\n<tr bgcolor=\"#E4DDCB\">\n<td><strong>Sayfa Say\u0131s\u0131<\/strong><\/td>\n<td width=\"3%\">:<\/td>\n<td width=\"51%\">349<\/td>\n<\/tr>\n<tr bgcolor=\"#D1C4A5\">\n<td width=\"39%\"><strong>Fiyat\u0131<\/strong><\/td>\n<td width=\"3%\">:<\/td>\n<td width=\"51%\">15,00 TL<\/td>\n<\/tr>\n<tr bgcolor=\"#E4DDCB\">\n<td width=\"39%\"><strong>ISBN No<\/strong><\/td>\n<td width=\"3%\">:<\/td>\n<td width=\"51%\">2780071144701<\/td>\n<\/tr>\n<\/tbody>\n<\/table>\n<\/td>\n<\/tr>\n<\/tbody>\n<\/table>\n<\/td>\n<td width=\"39%\" align=\"left\" valign=\"top\">\n<p style=\"text-align: center;\">\n<p><a href=\"https:\/\/www.kayiprihtim.org\/portal\/gorsel\/elenium\/yakut-sovalye.jpg\" target=\"_blank\"><img decoding=\"async\" src=\"https:\/\/www.kayiprihtim.org\/portal\/gorsel\/elenium\/yakut-sovalye.jpg\" border=\"0\" alt=\"\" hspace=\"1\" width=\"140\" height=\"219\" class=\"aligncenter\"><\/a><\/td>\n<\/tr>\n<\/tbody>\n<\/table>\n<table style=\"border-collapse: collapse; width: 47%;\" border=\"0\" cellpadding=\"0\">\n<tbody>\n<tr>\n<td width=\"54%\">\n<table style=\"border-collapse: collapse; height: 147px; width: 470px;\" border=\"0\" cellspacing=\"0\" cellpadding=\"2\">\n<tbody>\n<tr>\n<td style=\"border-style: solid ridge ridge; border-width: 1px; padding-left: 4px; padding-right: 4px;\" width=\"98%\" bgcolor=\"#C0B18D\"><strong><span style=\"font-size: 9pt; font-family: Tahoma;\">Tan\u0131t\u0131m Yaz\u0131s\u0131<br \/>\n<\/span><\/strong><\/td>\n<\/tr>\n<tr>\n<td width=\"99%\" align=\"left\">\n<table style=\"width: 465px;\" border=\"0\">\n<tbody>\n<tr>\n<td style=\"border-style: outset; border-width: 1px;\" width=\"96%\" bgcolor=\"#D1C4A5\">\n<table style=\"border-collapse: collapse; width: 452px; height: 199px;\" border=\"0\" cellspacing=\"0\" cellpadding=\"5\" bgcolor=\"#D1C4A5\" bordercolor=\"#D1C4A5\">\n<tbody>\n<tr>\n<td width=\"96%\" bgcolor=\"#D1C4A5\">Elenia Krali\u00e7esi Ehlana zehirlenmi\u015fti ve her ay bir \u015f\u00f6valyenin \u00f6l\u00fcm\u00fcyle ayakta duran b\u00fcy\u00fcl\u00fc kristal onu ya\u015famda tutuyordu. Ve krali\u00e7enin \u015fampiyonu S\u00f6r Sparhawk, onun tamamen iyile\u015fmesi i\u00e7in gereken \u015feyin, be\u015f y\u00fczy\u0131l \u00f6nce kaybolan Bhelliom adl\u0131 sihirli g\u00fc\u00e7leri olan bir m\u00fccevher oldu\u011funu \u00f6\u011frendi.<\/p>\n<p>Sparhawk ve dostlar\u0131, kay\u0131p m\u00fccevheri bulmak i\u00e7in unutulmu\u015f bir sava\u015f\u0131n izini s\u00fcrmeye ba\u015flad\u0131lar.<\/p>\n<p>H\u0131rs\u0131zlar, dilenciler, krallar, b\u00fcy\u00fcc\u00fcler, tanr\u0131\u00e7alar, sava\u015f\u00e7\u0131lar, \u015feytani yarat\u0131klar, k\u00f6t\u00fc tanr\u0131larla dolu bir labirentin i\u00e7inde uzay\u0131p giden \u00f6l\u00fcmc\u00fcl bir yolculuk.<\/td>\n<\/tr>\n<\/tbody>\n<\/table>\n<\/td>\n<\/tr>\n<\/tbody>\n<\/table>\n<\/td>\n<\/tr>\n<\/tbody>\n<\/table>\n<\/td>\n<\/tr>\n<\/tbody>\n<\/table>\n<p><span style=\"color: #E4DDCB;\">&#8211;<\/span><\/p>\n<table style=\"border: thin outset; border-collapse: collapse; height: 30px; width: 470px;\" border=\"0\" cellpadding=\"2\">\n<tbody>\n<tr>\n<td width=\"30%\" bgcolor=\"#330000\"><span style=\"font-family: Verdana; color: #ffffff;\"><strong>SAF\u0130R G\u00dcL<\/strong><\/span><span style=\"font-family: Verdana; color: #333333;\"><strong> <\/strong><\/span><\/td>\n<\/tr>\n<\/tbody>\n<\/table>\n<table style=\"border-collapse: collapse; width: 462px; height: 250px;\" border=\"0\" cellspacing=\"0\" cellpadding=\"0\" bordercolor=\"#111111\">\n<tbody>\n<tr>\n<td width=\"58%\" align=\"center\" valign=\"top\">\n<table style=\"border-collapse: collapse; width: 315px; height: 248px;\" border=\"0\" cellspacing=\"2\">\n<tbody>\n<tr>\n<td width=\"100%\" align=\"right\">\n<table style=\"width: 310px; height: 88px;\" border=\"0\" cellspacing=\"0\">\n<tbody>\n<tr bgcolor=\"#D1C4A5\">\n<td width=\"39%\"><strong>Yazar<\/strong><\/td>\n<td width=\"3%\">:<\/td>\n<td width=\"51%\">David Eddings<\/td>\n<\/tr>\n<tr bgcolor=\"#E4DDCB\">\n<td><strong>\u00c7eviren<\/strong><\/td>\n<td width=\"3%\">:<\/td>\n<td width=\"51%\"><span style=\"color: #181512;\">Ferhan Ert\u00fcrk<\/span><span style=\"color: #181512;\"><br \/>\n<\/span><span style=\"color: #181512;\"> <\/span><\/td>\n<\/tr>\n<tr bgcolor=\"#D1C4A5\">\n<td width=\"39%\"><strong>\u00d6zg\u00fcn Ad\u0131<\/strong><strong> <\/strong><\/td>\n<td width=\"3%\">:<\/td>\n<td width=\"51%\">The Sapphire Rose<\/td>\n<\/tr>\n<tr bgcolor=\"#E4DDCB\">\n<td width=\"39%\"><strong>Seri<\/strong><\/td>\n<td width=\"3%\">:<\/td>\n<td width=\"51%\">Elenium Serisi<\/td>\n<\/tr>\n<\/tbody>\n<\/table>\n<\/td>\n<\/tr>\n<tr>\n<td style=\"border-style: solid ridge ridge; border-width: 1px; padding-left: 4px; padding-right: 4px;\" width=\"100%\" bgcolor=\"#C0B18D\"><strong><span style=\"font-size: 9pt; font-family: Tahoma;\">Alt\u0131k\u0131rkbe\u015f Yay\u0131nlar\u0131<\/span><\/strong><\/td>\n<\/tr>\n<tr>\n<td width=\"100%\" align=\"right\">\n<table style=\"width: 310px; height: 88px;\" border=\"0\" cellspacing=\"0\">\n<tbody>\n<tr bgcolor=\"#D1C4A5\">\n<td width=\"39%\"><strong>\u00c7\u0131k\u0131\u015f Tarihi<\/strong><\/td>\n<td width=\"3%\">:<\/td>\n<td width=\"51%\">Ocak, 1999<\/td>\n<\/tr>\n<tr bgcolor=\"#E4DDCB\">\n<td><strong>Sayfa Say\u0131s\u0131<\/strong><\/td>\n<td width=\"3%\">:<\/td>\n<td width=\"51%\">505<\/td>\n<\/tr>\n<tr bgcolor=\"#D1C4A5\">\n<td width=\"39%\"><strong>Fiyat\u0131<\/strong><\/td>\n<td width=\"3%\">:<\/td>\n<td width=\"51%\">16,00 TL<\/td>\n<\/tr>\n<tr bgcolor=\"#E4DDCB\">\n<td width=\"39%\"><strong>ISBN No<\/strong><\/td>\n<td width=\"3%\">:<\/td>\n<td width=\"51%\">9799758467807<\/td>\n<\/tr>\n<\/tbody>\n<\/table>\n<\/td>\n<\/tr>\n<\/tbody>\n<\/table>\n<\/td>\n<td width=\"39%\" align=\"left\" valign=\"top\">\n<p style=\"text-align: center;\">\n<p><a href=\"https:\/\/www.kayiprihtim.org\/portal\/gorsel\/elenium\/safir-gul.jpg\" target=\"_blank\"><img decoding=\"async\" src=\"https:\/\/www.kayiprihtim.org\/portal\/gorsel\/elenium\/safir-gul.jpg\" border=\"0\" alt=\"\" hspace=\"1\" width=\"140\" height=\"219\" class=\"aligncenter\"><\/a><\/td>\n<\/tr>\n<\/tbody>\n<\/table>\n<table style=\"border-collapse: collapse; width: 47%;\" border=\"0\" cellpadding=\"0\">\n<tbody>\n<tr>\n<td width=\"54%\">\n<table style=\"border-collapse: collapse; height: 147px; width: 470px;\" border=\"0\" cellspacing=\"0\" cellpadding=\"2\">\n<tbody>\n<tr>\n<td style=\"border-style: solid ridge ridge; border-width: 1px; padding-left: 4px; padding-right: 4px;\" width=\"98%\" bgcolor=\"#C0B18D\"><strong><span style=\"font-size: 9pt; font-family: Tahoma;\">Tan\u0131t\u0131m Yaz\u0131s\u0131<br \/>\n<\/span><\/strong><\/td>\n<\/tr>\n<tr>\n<td width=\"99%\" align=\"left\">\n<table style=\"width: 465px;\" border=\"0\">\n<tbody>\n<tr>\n<td style=\"border-style: outset; border-width: 1px;\" width=\"96%\" bgcolor=\"#D1C4A5\">\n<table style=\"border-collapse: collapse; width: 452px; height: 199px;\" border=\"0\" cellspacing=\"0\" cellpadding=\"5\" bgcolor=\"#d1c4a5\" bordercolor=\"#d1c4a5\">\n<tbody>\n<tr>\n<td width=\"96%\" bgcolor=\"#D1C4A5\">Sonunda \u015f\u00f6valye Sparhawk, krali\u00e7esi Ehlana\u2019y\u0131 hayata d\u00f6nd\u00fcrecek tek \u015feyi, b\u00fcy\u00fcl\u00fc m\u00fccevher Bhelliom\u2019u ele ge\u00e7irmeyi ba\u015far\u0131r. Efsanevi ta\u015f, g\u00f6r\u00fcnd\u00fc\u011f\u00fcnden daha b\u00fcy\u00fck gizler i\u00e7ermekte ve akl\u0131n alamayaca\u011f\u0131 bir tehlikeyi yan\u0131nda ta\u015f\u0131maktad\u0131r. Di\u011fer yandan, d\u00fcnyan\u0131n kaderini de\u011fi\u015ftirecek bir g\u00fc\u00e7 yar\u0131\u015f\u0131 s\u00fcrmektedir. Durmaks\u0131z\u0131n uzayan karanl\u0131k bir k\u0131\u015f\u0131n ortas\u0131nda, yarat\u0131lm\u0131\u015f her \u015feyi i\u00e7ine al\u0131p s\u00fcr\u00fckleyecek bir sava\u015f.<\/td>\n<\/tr>\n<\/tbody>\n<\/table>\n<\/td>\n<\/tr>\n<\/tbody>\n<\/table>\n<\/td>\n<\/tr>\n<\/tbody>\n<\/table>\n<\/td>\n<\/tr>\n<\/tbody>\n<\/table>\n","protected":false},"excerpt":{"rendered":"<p>ELMAS TAHT Yazar : David Eddings \u00c7eviren : Ferhan Ert\u00fcrk Orijinal Ad\u0131 : The Diamond Throne Seri : Elenium Serisi Alt\u0131k\u0131rkbe\u015f Yay\u0131nlar\u0131 \u00c7\u0131k\u0131\u015f Tarihi : Ocak, 1998 Sayfa Say\u0131s\u0131 : 383 Fiyat\u0131 : 16,50 TL ISBN No : 975981013 Tan\u0131t\u0131m Yaz\u0131s\u0131 Fantastik kurgunun en \u00f6nemli yazarlar\u0131ndan biri kabul edilen David Eddings`in, en az kendi kadar [&hellip;]<\/p>\n","protected":false},"author":1,"featured_media":0,"parent":57,"menu_order":0,"comment_status":"open","ping_status":"closed","template":"","meta":{"_acf_changed":false,"footnotes":""},"class_list":["post-86","page","type-page","status-publish"],"acf":[],"_links":{"self":[{"href":"https:\/\/www.kayiprihtim.org\/portal\/wp-json\/wp\/v2\/pages\/86","targetHints":{"allow":["GET"]}}],"collection":[{"href":"https:\/\/www.kayiprihtim.org\/portal\/wp-json\/wp\/v2\/pages"}],"about":[{"href":"https:\/\/www.kayiprihtim.org\/portal\/wp-json\/wp\/v2\/types\/page"}],"author":[{"embeddable":true,"href":"https:\/\/www.kayiprihtim.org\/portal\/wp-json\/wp\/v2\/users\/1"}],"replies":[{"embeddable":true,"href":"https:\/\/www.kayiprihtim.org\/portal\/wp-json\/wp\/v2\/comments?post=86"}],"version-history":[{"count":0,"href":"https:\/\/www.kayiprihtim.org\/portal\/wp-json\/wp\/v2\/pages\/86\/revisions"}],"up":[{"embeddable":true,"href":"https:\/\/www.kayiprihtim.org\/portal\/wp-json\/wp\/v2\/pages\/57"}],"wp:attachment":[{"href":"https:\/\/www.kayiprihtim.org\/portal\/wp-json\/wp\/v2\/media?parent=86"}],"curies":[{"name":"wp","href":"https:\/\/api.w.org\/{rel}","templated":true}]}}