{"id":895,"date":"2009-03-01T19:07:00","date_gmt":"2009-03-01T17:07:00","guid":{"rendered":"http:\/\/www.kayiprihtim.org\/portal\/?page_id=895"},"modified":"2012-01-31T10:07:34","modified_gmt":"2012-01-31T08:07:34","slug":"lloth-orumcek-kralice","status":"publish","type":"page","link":"https:\/\/www.kayiprihtim.org\/portal\/kitaplar\/unutulmus-diyarlar\/lloth-orumcek-kralice\/","title":{"rendered":"Lloth; \u00d6r\u00fcmcek Krali\u00e7e"},"content":{"rendered":"<p><img fetchpriority=\"high\" decoding=\"async\" class=\"alignnone\" src=\"https:\/\/www.kayiprihtim.org\/portal\/gorsel\/lloth1.jpg\" alt=\"\" width=\"490\" height=\"282\"><\/p>\n<p>Lloth, drowlar taraf\u0131ndan tap\u0131nan bir tanr\u0131\u00e7a, ayr\u0131ca iblistir; \u00f6r\u00fcmcekgillerin \u00fczerinde \u00e7ok b\u00fcy\u00fck bir g\u00fcce sahiptir ve onlara zalimlik derecesinde d\u00fc\u015fk\u00fcnd\u00fcr. Karanl\u0131\u011f\u0131n, drowlar\u0131n, \u015feytani i\u015flerin, \u00f6r\u00fcmceklerin, suikast\u00e7ilerin ve kaousun tanr\u0131\u00e7as\u0131 olan Lloth d\u00fczenbazl\u0131k ve hakimiyetle kara elflerin be\u011fenisini kazand\u0131 ve rahibelerin en g\u00fc\u00e7l\u00fc oldu\u011fu, sadece g\u00fc\u00e7l\u00fclerin ya\u015fayabilece\u011fi, kendi parma\u011f\u0131yla oynatabilece\u011fi bir toplum olu\u015fturarak kendisini onlar\u0131n tek tanr\u0131s\u0131 olarak belirledi. Onu hayalk\u0131r\u0131kl\u0131\u011f\u0131nna u\u011fratan bir \u00e7ok hizmetkar (kaprisli Tanr\u0131\u00e7ay\u0131 hayalk\u0131r\u0131kl\u0131\u011f\u0131na u\u011fratman\u0131n yollar\u0131 saymakla bitmez) ya katledildiler ya da driderlara (at adamlara benzeyen ama yar\u0131 drow yar\u0131 \u00f6r\u00fcmcek olan yarat\u0131klar) d\u00f6n\u00fc\u015ft\u00fcr\u00fcld\u00fcler. Lloth&#8217;a ayn\u0131 zamanda \u015fekilde\u011fi\u015ftirici bir tanar\u2019ri \u0131rk\u0131 olan yochlollar da tapar.<\/p>\n<p>Lolth \u2018chaotic evil\u2019 olan bir orta d\u00fczey tanr\u0131\u00e7as\u0131d\u0131r. Sembol\u00fc, \u00f6r\u00fcmcek a\u011f\u0131ndan sallanan di\u015fi kafal\u0131 siyah bir \u00f6r\u00fcmcektir. \u0130kamet etti\u011fi yer ise devasa bir \u00f6r\u00fcmcek a\u011f\u0131ndan olu\u015fan ve komutas\u0131nda bir s\u00fcr\u00fc mistik yarat\u0131\u011f\u0131n bulundu\u011fu \u0130blisa\u011f\u0131 oyu\u011fu\u2019dur. Lloth\u2019un bu diyardaki konutu hareket edebilen \u00f6r\u00fcmcek \u015fekilli demirden bir kaledir. Dungeons &amp; Dragons evrenine g\u00f6re \u0130blisa\u011f\u0131 oyu\u011fu bir d\u0131\u015f alem olan abyss\u2019in 66 kat\u0131ndaki yerdir. Forgotten realms\u2019in \u2018campaign setting\u2019ine g\u00f6re ise \u0130blisa\u011f\u0131 oyu\u011fu ba\u015fl\u0131 ba\u015f\u0131na bir alemdir.<\/p>\n<p><img decoding=\"async\" class=\"alignnone\" src=\"https:\/\/www.kayiprihtim.org\/portal\/gorsel\/lloth2.jpg\" alt=\"\" width=\"490\" height=\"306\"><\/p>\n<p><strong>Lloth\u2019un tarihteki yeri<\/strong><\/p>\n<p>Lloth, Faerun varolmadan \u00e7ok \u00f6nce seldarin\u2019de (elf tanr\u0131 ve tanr\u0131\u00e7alar\u0131n\u0131n olu\u015fturdu\u011fu birlik) alt d\u00fczeyde bir elf tanr\u0131\u00e7as\u0131yd\u0131. O zamanlarda ismi Araushnee olan Lloth, kader\u2019in \u00f6r\u00fcc\u00fcs\u00fc olarak da bilinirdi. Araushnee bu k\u00fc\u00e7\u00fck rolle zamanla elflerin ba\u015f tanr\u0131s\u0131 olan Corellon Larethian\u2019\u0131n g\u00f6nl\u00fcn\u00fc kazand\u0131. \u0130li\u015fkileri sonucunda her ikisi de tanr\u0131\u00e7a ve tanr\u0131 olan Ellistraee ile Vhaeraun d\u00fcnyaya geldi. Fakat Arushnee k\u0131skan\u00e7 bir d\u00fczenbazd\u0131 ve Corellon \u00fczerindeki etkisi fazla s\u00fcrmedi. Corellon\u2019un e\u015fini ortadan kald\u0131r\u0131p, tanr\u0131lar\u0131n ikamet etti\u011fi yer olan Arvandor\u2019u kontrol\u00fc alt\u0131na almak i\u00e7in Corellon\u2019un ba\u015f d\u00fc\u015fman\u0131 orklar\u0131n tanr\u0131s\u0131 Gruumsh ile birlik oldu ve Corellon\u2019un a\u015f\u0131\u011f\u0131 pozisyonunu kullanarak ona suikast giri\u015fiminde bulundu. Seldarine\u2019in \u0130lk \u00fcyesi\u2019ne yap\u0131lan bu suikast giri\u015fimi ba\u015far\u0131s\u0131zl\u0131kla sonu\u00e7land\u0131, ve daha da k\u00f6t\u00fcs\u00fc, Araushnee\u2019den uzun s\u00fcreden beri \u015f\u00fcphelenen ve Seldarine\u2019in en g\u00fc\u00e7l\u00fc tanr\u0131\u00e7as\u0131 olan Sehanine Moonbow bu suikasti anlad\u0131 ve Araushnee\u2019ye kar\u015f\u0131 koydu. Araushnee o tanr\u0131\u00e7ay\u0131 da hapsetme giri\u015fiminde bulundu. Bir\u00e7ok \u00fcst d\u00fczey ve alt d\u00fczey orc, goblin, kobold, dev, ogre ve benzeri yarat\u0131klar\u0131n tanr\u0131lar\u0131yla Araushnee, Gruumsh ile o\u011flu Vhaeraun birle\u015fti. Zalim Tanr\u0131 Malar, Buz Krali\u00e7esi Auril ve ilk iblis Ghaunadaur\u2019un da aralar\u0131nda bulundu\u011fu bu tanr\u0131lar ordusu, Corellon ve aralar\u0131nda Araushnee\u2019nin k\u0131z\u0131 Ellistraee de bulunan Seldarine\u2019in geri kalan\u0131yla y\u00fczle\u015fmek i\u00e7in Arvandor\u2019a y\u00fcr\u00fcy\u00fc\u015fe ge\u00e7tiler.<\/p>\n<p>Araushnee ve Vhaeraun, Corellon\u2019a Seldarine i\u00e7in bu orduyla sava\u015facaklar\u0131na dair yalanlar s\u00f6yleyerek d\u00fc\u015fmana el alt\u0131ndan yard\u0131m ettiler, ama Sehanine Moonbow hapsedildi\u011fi yerden ka\u00e7may\u0131 ba\u015farabildi ve a\u015f\u0131\u011f\u0131n\u0131n ihanetini Corellon\u2019a birbir anlatt\u0131. D\u00fc\u015fman tanr\u0131lar Seldarine\u2019in g\u00fcc\u00fcyle ve Arvandor\u2019un peri tanr\u0131lar\u0131n\u0131n yard\u0131m\u0131yla geri s\u00fcr\u00fcld\u00fcler, Corellon ise Araushnee ile y\u00fczle\u015fti. Araushnee tanr\u0131y\u0131 \u00f6ld\u00fcrmeye \u00e7al\u0131\u015ft\u0131, ama bu sefer Sehanine, Hanali Celanil ve Aerdrie Faenya da bu sava\u015f kat\u0131larak t\u00fcm g\u00fc\u00e7lerini birle\u015ftirdiler ve Corellon\u2019un yeni e\u015fi olan Angharradh\u2019\u0131 olu\u015fturdular. Angharradh Araushnee\u2019yi kolayl\u0131kla defetti. Kalbi k\u0131r\u0131lm\u0131\u015f Corellon, Araushnee\u2019yi \u00f6r\u00fcmcek bedenli i\u011fren\u00e7 bir iblise d\u00f6n\u00fc\u015ft\u00fcrerek Lloth ismini verdi ve Lloth\u2019u Abyss\u2019e s\u00fcrd\u00fc. Ayr\u0131ca Vhaeraun\u2019u ve her ne kadar masumlu\u011fundan haberi olsa da Ellistraee\u2019yi de Lloth\u2019un pe\u015finde Abyss\u2019e s\u00fcrd\u00fc.<\/p>\n<p>Lloth, Abyss\u2019te bir\u00e7ok plan\u0131n\u0131n ba\u015far\u0131s\u0131zl\u0131\u011fa u\u011frad\u0131 binlerce y\u0131l\u0131n ard\u0131ndan ilk iblis Ghaunadaur\u2019u k\u0131\u015fk\u0131rt\u0131p \u00f6fkesini artt\u0131rarak iblisin bir\u00e7ok kulunun sezgisinin yok olmas\u0131na neden oldu. Fakat, Lloth, Corellon ve Seldarine birli\u011fine duydu\u011fu intikam iste\u011fini ger\u00e7ekle\u015ftirme planlar\u0131 i\u00e7indeyken iblisin \u00f6l\u00fcml\u00fcler \u00fczerinde g\u00fcc\u00fcn\u00fc g\u00f6rerek iblis gibi kendisine \u00f6l\u00fcml\u00fc kullar aramaya ba\u015flad\u0131 ve en sonunda \u00e7e\u015fitli d\u00fcnyalarda ama \u00f6zellikle Abeir Toril\u2019de ikamet eden kara elfleri buldu. Lloth kara elf kullar\u0131 ile di\u011fer elflerin aras\u0131n\u0131 a\u00e7t\u0131 ve kara elfleri t\u00fcm elf tarihindeki en kanl\u0131 sava\u015flar olan ta\u00e7 sava\u015flar\u0131\u2019na s\u00fcr\u00fckledi, ard\u0131ndan kara elfler bu sava\u015f y\u00fcz\u00fcnden cezaland\u0131r\u0131larak corellon taraf\u0131ndan karanl\u0131kalt\u0131\u2019na s\u00fcr\u00fcld\u00fc, Corellon\u2019un kalbi tekrar k\u0131r\u0131lm\u0131\u015f, Lloth ise intikam\u0131n\u0131n bir k\u0131sm\u0131n\u0131 almay\u0131 ba\u015farm\u0131\u015ft\u0131. \u00c7\u00fcnk\u00fc bu sava\u015flarda elflerin ormanlar\u0131 yanm\u0131\u015f, onbinlerce elf \u00f6lm\u00fc\u015f ve daha da \u00f6nemlisi Corellon\u2019un kullar\u0131 olan kara elfleri kendisine \u00e7ekmi\u015fti. Lloth\u2019un liderli\u011finde drowlar yer alt\u0131nda \u015fehirler buldular. Bunlar\u0131n en \u00f6nemlilerinden biri Lloth rahibesi olan soysuz menzoberra taraf\u0131ndan bulunan menzoberranzan\u2019d\u0131r. \u00d6r\u00fcmcek Kralice i\u00e7lerinde annesinden nefret eden Vhaeraun, isteksiz bir \u015fekilde kat\u0131lan Ghaunadaur, sonradan babas\u0131 Corellon\u2019un yan\u0131na d\u00f6n\u00fcp iyi drowlar\u0131n tanr\u0131\u00e7as\u0131 olan Ellistrae, ba\u015fka bir d\u00fcnyan\u0131n drowu olup sonradan bir ya\u015fayan \u00f6l\u00fc tanr\u0131s\u0131 olan ve Faerun\u2019a gelip tanr\u0131 Orcus\u2019u yerinden eden Kiaransalee ve Lloth\u2019un ilahi hizmetkar\u0131 olan Vhaeraun\u2019un o\u011flu Selvetarm\u2019\u0131n da bulundu\u011fu Kara Seldarine\u2019in lideri oldu.<\/p>\n<p><span style=\"color: #ff0000;\"><strong>Asl\u0131ndan \u00e7eviri: <span style=\"color: #339966;\">FaLLeN<\/span><\/strong><\/span><\/p>\n","protected":false},"excerpt":{"rendered":"<p>Lloth, drowlar taraf\u0131ndan tap\u0131nan bir tanr\u0131\u00e7a, ayr\u0131ca iblistir; \u00f6r\u00fcmcekgillerin \u00fczerinde \u00e7ok b\u00fcy\u00fck bir g\u00fcce sahiptir ve onlara zalimlik derecesinde d\u00fc\u015fk\u00fcnd\u00fcr. Karanl\u0131\u011f\u0131n, drowlar\u0131n, \u015feytani i\u015flerin, \u00f6r\u00fcmceklerin, suikast\u00e7ilerin ve kaousun tanr\u0131\u00e7as\u0131 olan Lloth d\u00fczenbazl\u0131k ve hakimiyetle kara elflerin be\u011fenisini kazand\u0131 ve rahibelerin en g\u00fc\u00e7l\u00fc oldu\u011fu, sadece g\u00fc\u00e7l\u00fclerin ya\u015fayabilece\u011fi, kendi parma\u011f\u0131yla oynatabilece\u011fi bir toplum olu\u015fturarak kendisini onlar\u0131n tek [&hellip;]<\/p>\n","protected":false},"author":1,"featured_media":0,"parent":22,"menu_order":0,"comment_status":"open","ping_status":"closed","template":"","meta":{"_acf_changed":false,"footnotes":""},"class_list":["post-895","page","type-page","status-publish"],"acf":[],"_links":{"self":[{"href":"https:\/\/www.kayiprihtim.org\/portal\/wp-json\/wp\/v2\/pages\/895","targetHints":{"allow":["GET"]}}],"collection":[{"href":"https:\/\/www.kayiprihtim.org\/portal\/wp-json\/wp\/v2\/pages"}],"about":[{"href":"https:\/\/www.kayiprihtim.org\/portal\/wp-json\/wp\/v2\/types\/page"}],"author":[{"embeddable":true,"href":"https:\/\/www.kayiprihtim.org\/portal\/wp-json\/wp\/v2\/users\/1"}],"replies":[{"embeddable":true,"href":"https:\/\/www.kayiprihtim.org\/portal\/wp-json\/wp\/v2\/comments?post=895"}],"version-history":[{"count":0,"href":"https:\/\/www.kayiprihtim.org\/portal\/wp-json\/wp\/v2\/pages\/895\/revisions"}],"up":[{"embeddable":true,"href":"https:\/\/www.kayiprihtim.org\/portal\/wp-json\/wp\/v2\/pages\/22"}],"wp:attachment":[{"href":"https:\/\/www.kayiprihtim.org\/portal\/wp-json\/wp\/v2\/media?parent=895"}],"curies":[{"name":"wp","href":"https:\/\/api.w.org\/{rel}","templated":true}]}}