{"id":8989,"date":"2011-04-25T15:38:16","date_gmt":"2011-04-25T12:38:16","guid":{"rendered":"http:\/\/www.kayiprihtim.org\/portal\/"},"modified":"2011-04-28T19:30:07","modified_gmt":"2011-04-28T16:30:07","slug":"dunya-evi","status":"publish","type":"page","link":"https:\/\/www.kayiprihtim.org\/portal\/kitaplar\/dunya-evi\/","title":{"rendered":"D\u00fcnya Evi"},"content":{"rendered":"<table style=\"border: thin outset; border-collapse: collapse; height: 30px; width: 470px;\" border=\"0\" cellpadding=\"2\">\n<tbody>\n<tr>\n<td width=\"30%\" bgcolor=\"#330000\"><span style=\"color: #ffffff;\"><span style=\"font-family: Verdana;\"><strong>D\u00dcNYA EV\u0130 &#8211; TUZAK<br \/>\n<\/strong><\/span><\/span><\/td>\n<\/tr>\n<\/tbody>\n<\/table>\n<table style=\"border-collapse: collapse; width: 462px; height: 250px;\" border=\"0\" cellspacing=\"0\" cellpadding=\"0\" bordercolor=\"#111111\">\n<tbody>\n<tr>\n<td width=\"58%\" align=\"center\" valign=\"top\">\n<table style=\"border-collapse: collapse; width: 315px; height: 248px;\" border=\"0\" cellspacing=\"2\">\n<tbody>\n<tr>\n<td width=\"100%\" align=\"right\">\n<table style=\"width: 310px; height: 88px;\" border=\"0\" cellspacing=\"0\">\n<tbody>\n<tr bgcolor=\"#d1c4a5\">\n<td width=\"39%\"><strong>Yazar<\/strong><\/td>\n<td width=\"3%\">:<\/td>\n<td width=\"51%\">Guy Adams<\/td>\n<\/tr>\n<tr bgcolor=\"#e4ddcb\">\n<td><strong>\u00c7eviri<\/strong><\/td>\n<td width=\"3%\">:<\/td>\n<td width=\"51%\">Dilek Kodal<\/td>\n<\/tr>\n<tr bgcolor=\"#d1c4a5\">\n<td width=\"39%\"><strong>\u00d6zg\u00fcn Ad\u0131<\/strong><\/td>\n<td width=\"3%\">:<\/td>\n<td width=\"51%\">The World House<\/td>\n<\/tr>\n<tr bgcolor=\"#e4ddcb\">\n<td width=\"39%\"><strong>Ebat<\/strong><\/td>\n<td width=\"3%\">:<\/td>\n<td width=\"51%\">Ciltsiz | 14 x 21 cm<\/td>\n<\/tr>\n<\/tbody>\n<\/table>\n<\/td>\n<\/tr>\n<tr>\n<td style=\"border-style: solid ridge ridge; border-width: 1px; padding-left: 4px; padding-right: 4px;\" width=\"100%\" bgcolor=\"#c0b18d\"><strong><span style=\"font-size: 9pt; font-family: Tahoma;\">Aky Yay\u0131nlar\u0131<br \/>\n<\/span><\/strong><\/td>\n<\/tr>\n<tr>\n<td width=\"100%\" align=\"right\">\n<table style=\"width: 310px; height: 88px;\" border=\"0\" cellspacing=\"0\">\n<tbody>\n<tr bgcolor=\"#e4ddcb\">\n<td width=\"39%\"><strong>\u00c7\u0131k\u0131\u015f Tarihi<\/strong><\/td>\n<td width=\"3%\">:<\/td>\n<td width=\"51%\"><span style=\"font-size: small;\">Nisan, 2011<\/span><\/td>\n<\/tr>\n<tr bgcolor=\"#d1c4a5\">\n<td><strong>Sayfa Say\u0131s\u0131<\/strong><\/td>\n<td width=\"3%\">:<\/td>\n<td width=\"51%\">440<\/td>\n<\/tr>\n<tr bgcolor=\"#e4ddcb\">\n<td width=\"39%\"><strong>Fiyat\u0131<\/strong><\/td>\n<td width=\"3%\">:<\/td>\n<td width=\"51%\"><span style=\"font-size: small;\">18,00 TL<\/span><\/td>\n<\/tr>\n<tr bgcolor=\"#d1c4a5\">\n<td width=\"39%\"><strong>ISBN No<\/strong><\/td>\n<td width=\"3%\">:<\/td>\n<td width=\"51%\">9786056157035<\/td>\n<\/tr>\n<\/tbody>\n<\/table>\n<\/td>\n<\/tr>\n<\/tbody>\n<\/table>\n<\/td>\n<td width=\"39%\" align=\"left\" valign=\"top\">\n<p style=\"text-align: center;\">\n<p style=\"text-align: center;\"><a href=\"https:\/\/www.kayiprihtim.org\/portal\/gorsel\/dunya-evi-tuzak.jpg\" target=\"_blank\"><img decoding=\"async\" class=\"aligncenter\" src=\"https:\/\/www.kayiprihtim.org\/portal\/gorsel\/dunya-evi-tuzak.jpg\" border=\"0\" alt=\"\" hspace=\"1\" width=\"140\" height=\"219\"><\/a><\/p>\n<\/td>\n<\/tr>\n<\/tbody>\n<\/table>\n<table style=\"border-collapse: collapse; width: 47%;\" border=\"0\" cellpadding=\"0\">\n<tbody>\n<tr>\n<td width=\"54%\">\n<table style=\"border-collapse: collapse; height: 147px; width: 470px;\" border=\"0\" cellspacing=\"0\" cellpadding=\"2\">\n<tbody>\n<tr>\n<td style=\"border-style: solid ridge ridge; border-width: 1px; padding-left: 4px; padding-right: 4px;\" width=\"98%\" bgcolor=\"#c0b18d\"><strong><span style=\"font-size: 9pt; font-family: Tahoma;\">Tan\u0131t\u0131m Yaz\u0131s\u0131<\/span><\/strong><\/td>\n<\/tr>\n<tr>\n<td width=\"99%\" align=\"left\">\n<table style=\"width: 465px;\" border=\"0\">\n<tbody>\n<tr>\n<td style=\"border-style: outset; border-width: 1px;\" width=\"96%\" bgcolor=\"#d1c4a5\">\n<table style=\"border-collapse: collapse; width: 452px; height: 199px;\" border=\"0\" cellspacing=\"0\" cellpadding=\"5\" bgcolor=\"#d1c4a5\" bordercolor=\"#d1c4a5\">\n<tbody>\n<tr>\n<td width=\"96%\" bgcolor=\"#d1c4a5\">&#8220;Tuhaf ama Muhte\u015fem&#8221;<br \/>\n<strong>-Garry Kilworth-<\/strong><\/p>\n<p>&#8220;Bu kitap, Bestseller listesine girmek i\u00e7in yaz\u0131lm\u0131\u015f. On \u00fczerinden 9,75&#8230;&#8221;<br \/>\n<strong>-Graeme&#8217;s Fantasy-<\/strong><\/p>\n<p>&#8220;Tuhaf ama ilgin\u00e7 hikayelerden ho\u015flan\u0131yorsan\u0131z, kendinize bu kitaptan bir tane mutlaka al\u0131n.&#8221;<br \/>\n<strong>-Christopher Fowler-<\/strong><\/p>\n<p>&#8220;Guy Adams ya delinin teki ya da bir dahi. Ben karar veremedim. Bu ilk fantastik roman\u0131nda, kendinizi katil palya\u00e7o pe\u015finizde ve arkan\u0131z\u0131 d\u00f6nd\u00fc\u011f\u00fcn\u00fcz anda keskin bir b\u0131\u00e7akla kar\u015f\u0131la\u015facakm\u0131\u015f gibi hissediyorsunuz.&#8221;<br \/>\n<strong>-Mark Chadbourn-<\/strong><\/p>\n<p>Kumar bor\u00e7lar\u0131yla ba\u015f\u0131 dertte olan, \u0130ngiliz bir antikac\u0131&#8230; \u0130\u00e7kinin yasak oldu\u011fu d\u00f6nemlerde ya\u015fayan Amerikal\u0131 bir sosyete&#8230; Franco iktidar\u0131 zaman\u0131ndan gen\u00e7 bir \u0130spanyol&#8230; Yetmi\u015fli y\u0131llar\u0131n sonlar\u0131nda ya\u015fayan bir bar \u015fark\u0131c\u0131s\u0131 ve striptizci&#8230; Otistik bir gen\u00e7 k\u0131z&#8230;<\/p>\n<p>Tamamen farkl\u0131 yerlerde ve zamanlarda ya\u015fam\u0131\u015f, birbirleriyle hi\u00e7bir ba\u011f\u0131 olmayan t\u00fcm bu insanlar ve daha nicesi gizemli bir kutunun i\u00e7ine hapsolarak bir araya geliyor, kendilerini bir anda bitmek bilmeyen koridorlar\u0131 ve merdivenleri olan \u00e7ok b\u00fcy\u00fck bir eve transfer edilmi\u015f olarak buluyorlar. Evin bir odas\u0131nda koca bir orman, bir odas\u0131nda okyanus ve dahas\u0131&#8230;<\/p>\n<p>Hikaye, antika sat\u0131c\u0131s\u0131 Miles&#8217;\u0131n kumar bor\u00e7lar\u0131 ile ba\u015fl\u0131yor, aralara serpi\u015ftirilmi\u015f ipu\u00e7lar\u0131 ile devam ediyor. Hemen her b\u00f6l\u00fcmde yeni bir karakter ortaya \u00e7\u0131kt\u0131k\u00e7a ve bu karakterlerin evin birbirinden ba\u011f\u0131ms\u0131z tuhaf odalar\u0131nda hayatta kalma \u00e7abalar\u0131 anlat\u0131ld\u0131k\u00e7a, birbiriyle ba\u011flant\u0131s\u0131 olmayan bir seri hikaye okudu\u011funuzu san\u0131yorsunuz oysaki sonunda her \u015feyin birbiriyle ba\u011flant\u0131l\u0131 oldu\u011fu anla\u015f\u0131l\u0131yor. \u00d6zellikle de kendini bu gizemli kutuyu bulmaya adam\u0131\u015f tarih profes\u00f6r\u00fc Alan&#8217;la&#8230;<\/td>\n<\/tr>\n<\/tbody>\n<\/table>\n<\/td>\n<\/tr>\n<\/tbody>\n<\/table>\n<\/td>\n<\/tr>\n<\/tbody>\n<\/table>\n<\/td>\n<\/tr>\n<\/tbody>\n<\/table>\n","protected":false},"excerpt":{"rendered":"<p>D\u00dcNYA EV\u0130 &#8211; TUZAK Yazar : Guy Adams \u00c7eviri : Dilek Kodal \u00d6zg\u00fcn Ad\u0131 : The World House Ebat : Ciltsiz | 14 x 21 cm Aky Yay\u0131nlar\u0131 \u00c7\u0131k\u0131\u015f Tarihi : Nisan, 2011 Sayfa Say\u0131s\u0131 : 440 Fiyat\u0131 : 18,00 TL ISBN No : 9786056157035 Tan\u0131t\u0131m Yaz\u0131s\u0131 &#8220;Tuhaf ama Muhte\u015fem&#8221; -Garry Kilworth- &#8220;Bu kitap, Bestseller [&hellip;]<\/p>\n","protected":false},"author":1,"featured_media":0,"parent":57,"menu_order":0,"comment_status":"open","ping_status":"closed","template":"","meta":{"_acf_changed":false,"footnotes":""},"class_list":["post-8989","page","type-page","status-publish"],"acf":[],"_links":{"self":[{"href":"https:\/\/www.kayiprihtim.org\/portal\/wp-json\/wp\/v2\/pages\/8989","targetHints":{"allow":["GET"]}}],"collection":[{"href":"https:\/\/www.kayiprihtim.org\/portal\/wp-json\/wp\/v2\/pages"}],"about":[{"href":"https:\/\/www.kayiprihtim.org\/portal\/wp-json\/wp\/v2\/types\/page"}],"author":[{"embeddable":true,"href":"https:\/\/www.kayiprihtim.org\/portal\/wp-json\/wp\/v2\/users\/1"}],"replies":[{"embeddable":true,"href":"https:\/\/www.kayiprihtim.org\/portal\/wp-json\/wp\/v2\/comments?post=8989"}],"version-history":[{"count":0,"href":"https:\/\/www.kayiprihtim.org\/portal\/wp-json\/wp\/v2\/pages\/8989\/revisions"}],"up":[{"embeddable":true,"href":"https:\/\/www.kayiprihtim.org\/portal\/wp-json\/wp\/v2\/pages\/57"}],"wp:attachment":[{"href":"https:\/\/www.kayiprihtim.org\/portal\/wp-json\/wp\/v2\/media?parent=8989"}],"curies":[{"name":"wp","href":"https:\/\/api.w.org\/{rel}","templated":true}]}}