{"id":939,"date":"2009-03-09T12:54:07","date_gmt":"2009-03-09T10:54:07","guid":{"rendered":"http:\/\/www.kayiprihtim.org\/portal\/?page_id=939"},"modified":"2020-01-09T20:22:22","modified_gmt":"2020-01-09T17:22:22","slug":"percy-jackson-ve-olimposlular","status":"publish","type":"page","link":"https:\/\/www.kayiprihtim.org\/portal\/kitaplar\/percy-jackson-ve-olimposlular\/","title":{"rendered":"Percy Jackson ve Olimposlular"},"content":{"rendered":"<p><strong>Rick Riordan<\/strong>&#8216;\u0131n kaleme ald\u0131\u011f\u0131, Yunan mitolojisini ele alan ve d\u00fcnya \u00e7ap\u0131nda \u00fcne kavu\u015fmu\u015f seridir. Percy Jackson&#8217;un asl\u0131nda bir Tanr\u0131n\u0131n o\u011flu oldu\u011funu \u00f6\u011frenmesi ve sonras\u0131nda geli\u015fen maceralar\u0131 anlat\u0131r.<\/p>\n<div class=\"seperator\">#<\/div>\n<h3 style=\"text-align: center;\"><a href=\"https:\/\/kayiprihtim.com\/haberler\/dizi\/percy-jackson-ve-olimposlular-disney-plus-dizi\/\" rel=\"nofollow noopener\" target=\"_blank\">Percy Jackson Diziye Uyarlan\u0131yor<\/a><\/h3>\n<div class=\"seperator\">#<\/div>\n","protected":false},"excerpt":{"rendered":"<p>Rick Riordan&#8216;\u0131n kaleme ald\u0131\u011f\u0131, Yunan mitolojisini ele alan ve d\u00fcnya \u00e7ap\u0131nda \u00fcne kavu\u015fmu\u015f seridir. Percy Jackson&#8217;un asl\u0131nda bir Tanr\u0131n\u0131n o\u011flu oldu\u011funu \u00f6\u011frenmesi ve sonras\u0131nda geli\u015fen maceralar\u0131 anlat\u0131r. # Percy Jackson Diziye Uyarlan\u0131yor #<\/p>\n","protected":false},"author":1,"featured_media":0,"parent":57,"menu_order":0,"comment_status":"open","ping_status":"closed","template":"","meta":{"_acf_changed":false,"footnotes":""},"class_list":["post-939","page","type-page","status-publish"],"acf":[],"_links":{"self":[{"href":"https:\/\/www.kayiprihtim.org\/portal\/wp-json\/wp\/v2\/pages\/939","targetHints":{"allow":["GET"]}}],"collection":[{"href":"https:\/\/www.kayiprihtim.org\/portal\/wp-json\/wp\/v2\/pages"}],"about":[{"href":"https:\/\/www.kayiprihtim.org\/portal\/wp-json\/wp\/v2\/types\/page"}],"author":[{"embeddable":true,"href":"https:\/\/www.kayiprihtim.org\/portal\/wp-json\/wp\/v2\/users\/1"}],"replies":[{"embeddable":true,"href":"https:\/\/www.kayiprihtim.org\/portal\/wp-json\/wp\/v2\/comments?post=939"}],"version-history":[{"count":2,"href":"https:\/\/www.kayiprihtim.org\/portal\/wp-json\/wp\/v2\/pages\/939\/revisions"}],"predecessor-version":[{"id":59048,"href":"https:\/\/www.kayiprihtim.org\/portal\/wp-json\/wp\/v2\/pages\/939\/revisions\/59048"}],"up":[{"embeddable":true,"href":"https:\/\/www.kayiprihtim.org\/portal\/wp-json\/wp\/v2\/pages\/57"}],"wp:attachment":[{"href":"https:\/\/www.kayiprihtim.org\/portal\/wp-json\/wp\/v2\/media?parent=939"}],"curies":[{"name":"wp","href":"https:\/\/api.w.org\/{rel}","templated":true}]}}