{"id":9625,"date":"2011-05-16T18:31:47","date_gmt":"2011-05-16T15:31:47","guid":{"rendered":"http:\/\/www.kayiprihtim.org\/portal\/"},"modified":"2011-05-16T18:31:47","modified_gmt":"2011-05-16T15:31:47","slug":"meraklilar","status":"publish","type":"page","link":"https:\/\/www.kayiprihtim.org\/portal\/kitaplar\/meraklilar\/","title":{"rendered":"Merakl\u0131lar"},"content":{"rendered":"<table style=\"border: thin outset; border-collapse: collapse; height: 30px; width: 470px;\" border=\"0\" cellpadding=\"2\">\n<tbody>\n<tr>\n<td width=\"30%\" bgcolor=\"#330000\"><span style=\"color: #ffffff;\"><span style=\"font-family: Verdana;\"><strong>MERAKLILAR<\/strong><\/span><\/span><\/td>\n<\/tr>\n<\/tbody>\n<\/table>\n<table style=\"border-collapse: collapse; width: 462px; height: 250px;\" border=\"0\" cellspacing=\"0\" cellpadding=\"0\" bordercolor=\"#111111\">\n<tbody>\n<tr>\n<td width=\"58%\" align=\"center\" valign=\"top\">\n<table style=\"border-collapse: collapse; width: 315px; height: 248px;\" border=\"0\" cellspacing=\"2\">\n<tbody>\n<tr>\n<td width=\"100%\" align=\"right\">\n<table style=\"width: 310px; height: 88px;\" border=\"0\" cellspacing=\"0\">\n<tbody>\n<tr bgcolor=\"#D1C4A5\">\n<td width=\"39%\"><strong>Yazar<\/strong><\/td>\n<td width=\"3%\">:<\/td>\n<td width=\"51%\">Richard Bach<\/td>\n<\/tr>\n<tr bgcolor=\"#E4DDCB\">\n<td><strong>\u00c7eviri<\/strong><\/td>\n<td width=\"3%\">:<\/td>\n<td width=\"51%\">Asl\u0131 Esen Arslan<\/td>\n<\/tr>\n<tr bgcolor=\"#D1C4A5\">\n<td width=\"39%\"><strong>\u00d6zg\u00fcn Ad\u0131<\/strong><\/td>\n<td width=\"3%\">:<\/td>\n<td width=\"51%\">Curious Lives<\/td>\n<\/tr>\n<tr bgcolor=\"#E4DDCB\">\n<td width=\"39%\"><strong>Edit\u00f6r<\/strong><\/td>\n<td width=\"3%\">:<\/td>\n<td width=\"51%\">Nazl\u0131 Berivan Ak<\/td>\n<\/tr>\n<\/tbody>\n<\/table>\n<\/td>\n<\/tr>\n<tr>\n<td style=\"border-style: solid ridge ridge; border-width: 1px; padding-left: 4px; padding-right: 4px;\" width=\"100%\" bgcolor=\"#C0B18D\"><strong><span style=\"font-size: 9pt; font-family: Tahoma;\">April Yay\u0131nc\u0131l\u0131k<br \/>\n<\/span><\/strong><\/td>\n<\/tr>\n<tr>\n<td width=\"100%\" align=\"right\">\n<table style=\"width: 310px; height: 88px;\" border=\"0\" cellspacing=\"0\">\n<tbody>\n<tr bgcolor=\"#E4DDCB\">\n<td width=\"39%\"><strong>\u00c7\u0131k\u0131\u015f Tarihi<\/strong><\/td>\n<td width=\"3%\">:<\/td>\n<td width=\"51%\">May\u0131s, 2011<\/td>\n<\/tr>\n<tr bgcolor=\"#D1C4A5\">\n<td><strong>Sayfa Say\u0131s\u0131<\/strong><\/td>\n<td width=\"3%\">:<\/td>\n<td width=\"51%\">472<\/td>\n<\/tr>\n<tr bgcolor=\"#E4DDCB\">\n<td width=\"39%\"><strong>Fiyat\u0131<\/strong><\/td>\n<td width=\"3%\">:<\/td>\n<td width=\"51%\">22,00 TL<\/td>\n<\/tr>\n<tr bgcolor=\"#D1C4A5\">\n<td width=\"39%\"><strong>ISBN No<\/strong><\/td>\n<td width=\"3%\">:<\/td>\n<td width=\"51%\">9789756006764<\/td>\n<\/tr>\n<\/tbody>\n<\/table>\n<\/td>\n<\/tr>\n<\/tbody>\n<\/table>\n<\/td>\n<td width=\"39%\" align=\"left\" valign=\"top\">\n<p style=\"text-align: center;\">\n<p style=\"text-align: center;\"><a href=\"https:\/\/www.kayiprihtim.org\/portal\/gorsel\/meraklilar.png\" target=\"_blank\"><img decoding=\"async\" class=\"aligncenter\" src=\"https:\/\/www.kayiprihtim.org\/portal\/gorsel\/meraklilar.png\" border=\"0\" alt=\"\" hspace=\"1\" width=\"140\" height=\"219\"><\/a><\/p>\n<\/td>\n<\/tr>\n<\/tbody>\n<\/table>\n<table style=\"border-collapse: collapse; width: 47%;\" border=\"0\" cellpadding=\"0\">\n<tbody>\n<tr>\n<td width=\"54%\">\n<table style=\"border-collapse: collapse; height: 147px; width: 470px;\" border=\"0\" cellspacing=\"0\" cellpadding=\"2\">\n<tbody>\n<tr>\n<td style=\"border-style: solid ridge ridge; border-width: 1px; padding-left: 4px; padding-right: 4px;\" width=\"98%\" bgcolor=\"#C0B18D\"><strong><span style=\"font-size: 9pt; font-family: Tahoma;\">Tan\u0131t\u0131m Yaz\u0131s\u0131<\/span><\/strong><\/td>\n<\/tr>\n<tr>\n<td width=\"99%\" align=\"left\">\n<table style=\"width: 465px;\" border=\"0\">\n<tbody>\n<tr>\n<td style=\"border-style: outset; border-width: 1px;\" width=\"96%\" bgcolor=\"#D1C4A5\">\n<table style=\"border-collapse: collapse; width: 452px; height: 199px;\" border=\"0\" cellspacing=\"0\" cellpadding=\"5\" bgcolor=\"#D1C4A5\" bordercolor=\"#D1C4A5\">\n<tbody>\n<tr>\n<td width=\"96%\" bgcolor=\"#D1C4A5\">Mart\u0131 ve Hipnozcu&#8217;nun yazar\u0131ndan T\u00fcrk\u00e7e&#8217;de daha \u00f6nce yay\u0131nlanmam\u0131\u015f  bir ba\u015fyap\u0131t&#8230;<\/p>\n<p>Oz Krall\u0131\u011f\u0131&#8217;n\u0131 \u00e7ocukken gezdim, on d\u00f6rt kitab\u0131n hepsini okudum. Karakterlere ve maceralar\u0131n ge\u00e7ti\u011fi efsunlu \u00fclkelere \u00e2\u015f\u0131k oldum.<br \/>\n&#8220;Ger\u00e7ek mi anne? Oz ger\u00e7ek mi?&#8221;<\/p>\n<p>B\u00fct\u00fcn anneler gibi yan\u0131tlard\u0131, bazen o tek c\u00fcmle bir \u00f6m\u00fcr s\u00fcrerdi: &#8220;Yazar\u0131n zihninde ger\u00e7ekti, \u015fimdi de senin zihninde ger\u00e7ek.&#8221;<\/p>\n<p>O zamanlar zihnimdekileri nas\u0131l soraca\u011f\u0131m\u0131 bilemedi\u011fimden, sonraki yar\u0131m y\u00fczy\u0131l\u0131 sorular\u0131m\u0131 netle\u015ftirmeye \u00e7al\u0131\u015farak ge\u00e7irdim: E\u011fer Oz zihnimdeyse, ona zarar verebilirler mi?<br \/>\nD\u00fcnya da m\u0131 zihnimizde?<\/p>\n<p>Ya kendimizle ilgili g\u00f6rd\u00fcklerimiz, sadece d\u00fc\u015f\u00fcncelerimizin bir yans\u0131mas\u0131ysa?<\/p>\n<p>D\u00fc\u015f\u00fcncemizi de\u011fi\u015ftirmeye karar verdi\u011fimizde d\u0131\u015far\u0131ya ne yans\u0131r?<\/p>\n<p>\u0130\u00e7inde k\u00f6t\u00fcl\u00fck, sava\u015f ve su\u00e7 bar\u0131nd\u0131rmayan yeni bir k\u00fclt\u00fcr filizlenirse diye d\u00fc\u015f\u00fcnd\u00fcm bulundu\u011fum yerden ayr\u0131l\u0131rken, ne olur?<\/p>\n<p>Y\u0131kmak i\u00e7in bo\u015fa harcad\u0131\u011f\u0131m\u0131z bunca enerjiyle neler yap\u0131l\u0131rd\u0131?<\/p>\n<p>En karanl\u0131k yanl\u0131\u015flar\u0131 de\u011fil de en y\u00fcce do\u011frular\u0131 se\u00e7ti\u011fimiz bir d\u00fcnyada ya\u015famak nas\u0131l bir his olurdu, s\u00fcrekli birbirimizi a\u015fa\u011f\u0131 \u00e7ekmek yerine y\u00fcceltmeye \u00e7al\u0131\u015fsayd\u0131k?<\/p>\n<p>B\u00f6yle bir uygarl\u0131k nas\u0131l ba\u015flar, nereye gider?<\/p>\n<p>B\u00f6ylece Merakl\u0131lar do\u011fdu, tek bir ki\u015finin bir hareketiyle y\u00f6n de\u011fi\u015ftiren lanetli bir uygarl\u0131\u011f\u0131n hik\u00e2yesi.<br \/>\n<strong>-Richard Bach-<\/strong><\/td>\n<\/tr>\n<\/tbody>\n<\/table>\n<\/td>\n<\/tr>\n<\/tbody>\n<\/table>\n<\/td>\n<\/tr>\n<\/tbody>\n<\/table>\n<\/td>\n<\/tr>\n<\/tbody>\n<\/table>\n","protected":false},"excerpt":{"rendered":"<p>MERAKLILAR Yazar : Richard Bach \u00c7eviri : Asl\u0131 Esen Arslan \u00d6zg\u00fcn Ad\u0131 : Curious Lives Edit\u00f6r : Nazl\u0131 Berivan Ak April Yay\u0131nc\u0131l\u0131k \u00c7\u0131k\u0131\u015f Tarihi : May\u0131s, 2011 Sayfa Say\u0131s\u0131 : 472 Fiyat\u0131 : 22,00 TL ISBN No : 9789756006764 Tan\u0131t\u0131m Yaz\u0131s\u0131 Mart\u0131 ve Hipnozcu&#8217;nun yazar\u0131ndan T\u00fcrk\u00e7e&#8217;de daha \u00f6nce yay\u0131nlanmam\u0131\u015f bir ba\u015fyap\u0131t&#8230; Oz Krall\u0131\u011f\u0131&#8217;n\u0131 \u00e7ocukken gezdim, [&hellip;]<\/p>\n","protected":false},"author":1,"featured_media":0,"parent":57,"menu_order":0,"comment_status":"open","ping_status":"closed","template":"","meta":{"_acf_changed":false,"footnotes":""},"class_list":["post-9625","page","type-page","status-publish"],"acf":[],"_links":{"self":[{"href":"https:\/\/www.kayiprihtim.org\/portal\/wp-json\/wp\/v2\/pages\/9625","targetHints":{"allow":["GET"]}}],"collection":[{"href":"https:\/\/www.kayiprihtim.org\/portal\/wp-json\/wp\/v2\/pages"}],"about":[{"href":"https:\/\/www.kayiprihtim.org\/portal\/wp-json\/wp\/v2\/types\/page"}],"author":[{"embeddable":true,"href":"https:\/\/www.kayiprihtim.org\/portal\/wp-json\/wp\/v2\/users\/1"}],"replies":[{"embeddable":true,"href":"https:\/\/www.kayiprihtim.org\/portal\/wp-json\/wp\/v2\/comments?post=9625"}],"version-history":[{"count":0,"href":"https:\/\/www.kayiprihtim.org\/portal\/wp-json\/wp\/v2\/pages\/9625\/revisions"}],"up":[{"embeddable":true,"href":"https:\/\/www.kayiprihtim.org\/portal\/wp-json\/wp\/v2\/pages\/57"}],"wp:attachment":[{"href":"https:\/\/www.kayiprihtim.org\/portal\/wp-json\/wp\/v2\/media?parent=9625"}],"curies":[{"name":"wp","href":"https:\/\/api.w.org\/{rel}","templated":true}]}}